{"id":70,"date":"2024-08-12T12:55:00","date_gmt":"2024-08-12T12:55:00","guid":{"rendered":"https:\/\/aiviouvapes.com\/?page_id=70"},"modified":"2026-03-12T10:34:37","modified_gmt":"2026-03-12T02:34:37","slug":"about","status":"publish","type":"page","link":"https:\/\/aiviouvapes.com\/lt\/about\/","title":{"rendered":"Apie"},"content":{"rendered":"<div class=\"row\"  id=\"row-447128098\">\n\n\t<div id=\"col-204109212\" class=\"col medium-6 small-12 large-6\"  >\n\t\t\t\t<div class=\"col-inner\"  >\n\t\t\t\n\t\t\t\n\t<div class=\"img has-hover x md-x lg-x y md-y lg-y\" id=\"image_1851723522\">\n\t\t\t\t\t\t\t\t<div class=\"img-inner dark\" >\n\t\t\t<img data-recalc-dims=\"1\" loading=\"lazy\" decoding=\"async\" width=\"1020\" height=\"1360\" src=\"https:\/\/i0.wp.com\/aiviouvapes.com\/wp-content\/uploads\/2025\/04\/waspe-60k4.jpg?resize=1020%2C1360&#038;ssl=1\" class=\"attachment-original size-original\" alt=\"60 t\u016bkst. eur\u0173\" srcset=\"https:\/\/i0.wp.com\/aiviouvapes.com\/wp-content\/uploads\/2025\/04\/waspe-60k4.jpg?w=1440&amp;ssl=1 1440w, https:\/\/i0.wp.com\/aiviouvapes.com\/wp-content\/uploads\/2025\/04\/waspe-60k4.jpg?resize=225%2C300&amp;ssl=1 225w, https:\/\/i0.wp.com\/aiviouvapes.com\/wp-content\/uploads\/2025\/04\/waspe-60k4.jpg?resize=768%2C1024&amp;ssl=1 768w, https:\/\/i0.wp.com\/aiviouvapes.com\/wp-content\/uploads\/2025\/04\/waspe-60k4.jpg?resize=1152%2C1536&amp;ssl=1 1152w, https:\/\/i0.wp.com\/aiviouvapes.com\/wp-content\/uploads\/2025\/04\/waspe-60k4.jpg?resize=9%2C12&amp;ssl=1 9w, https:\/\/i0.wp.com\/aiviouvapes.com\/wp-content\/uploads\/2025\/04\/waspe-60k4.jpg?resize=1320%2C1760&amp;ssl=1 1320w, https:\/\/i0.wp.com\/aiviouvapes.com\/wp-content\/uploads\/2025\/04\/waspe-60k4.jpg?resize=800%2C1067&amp;ssl=1 800w\" sizes=\"auto, (max-width: 1020px) 100vw, 1020px\" title=\"\">\t\t\t\t\t\t\n\t\t\t\t\t<\/div>\n\t\t\t\t\t\t\t\t\n<style>\n#image_1851723522 {\n  width: 100%;\n}\n<\/style>\n\t<\/div>\n\t\n<p>CC Toyar Trade Co., Limited<br \/>Adresas: D18, 3\/F WONG KING IND<br \/>BLDG NO.2-4 TAI YAU ST SAN PO KONG<br \/>HONKONGAS<\/p>\n\t\t<\/div>\n\t\t\t\t\t<\/div>\n\n\t\n\n\t<div id=\"col-1049435642\" class=\"col medium-6 small-12 large-6\"  >\n\t\t\t\t<div class=\"col-inner\"  >\n\t\t\t\n\t\t\t\n<div class=\"container section-title-container\" ><h3 class=\"section-title section-title-normal\"><b aria-hidden=\"true\"><\/b><span class=\"section-title-main\" >Pirkite masi\u0161kai vienkartinius Vapes internetu i\u0161 AIVIOU VAPES<\/span><b aria-hidden=\"true\"><\/b><\/h3><\/div>\n<p dir=\"auto\">Sveiki atvyk\u0119 \u012f\u00a0<a href=\"https:\/\/aiviouvapes.com\/lt\/\">Aiviouvapes<\/a>, j\u016bs\u0173 svarbiausia internetin\u0117 paskirties vieta\u00a0<a href=\"https:\/\/aiviouvapes.com\/lt\/\">vienkartiniai vapes<\/a>. Tur\u0117dami turting\u0105, daugiau nei penkeri\u0173 met\u0173 istorij\u0105 \u0161ioje pramon\u0117s \u0161akoje, did\u017eiuojam\u0117s gal\u0117dami pasi\u016blyti \u012fvairi\u0173 auk\u0161\u010diausio lygio prek\u0117s \u017eenkl\u0173, toki\u0173 kaip \"Bang King\", \"Al Fakher Vape\", \"Vapeme\", \"Waspe\", \"RandM Tornado\", \"Bang Box\" ir kt., asortiment\u0105.<\/p>\n<p dir=\"auto\">\"Aiviouvapes\" yra elektroninio garinimo pasaulio meistri\u0161kumo \u0161vyturius. M\u016bs\u0173 gaminiai pasiek\u0117 daugyb\u0119 pasaulio \u0161ali\u0173, o tai liudija m\u016bs\u0173 \u012fsipareigojim\u0105 siekti kokyb\u0117s ir klient\u0173 pasitenkinimo. B\u016bdami patyr\u0119 elektronini\u0173 cigare\u010di\u0173 platinimo profesionalai, tenkiname tiek ma\u017emenin\u0117s, tiek didmenin\u0117s prekybos poreikius, u\u017etikrindami, kad m\u016bs\u0173 klientai gaut\u0173 geriausius rinkoje gaminius ir paslaugas.<\/p>\n<p dir=\"auto\">M\u016bs\u0173 svetain\u0117 aiviouvapes.com yra centras tiek entuziastams, tiek naujokams, nes joje galima skland\u017eiai apsipirkti ir rasti daugyb\u0119\u00a0<a href=\"https:\/\/aiviouvapes.com\/lt\/produkto-kategorija\/waspe\/\">vienkartin\u0117 e. cigaret\u0117<\/a>\u00a0galimyb\u0117s. Nesvarbu, ar ie\u0161kote naujausi\u0173 inovacij\u0173, ar nesenstan\u010dios klasikos, \"Aiviouvapes\" yra j\u016bs\u0173 patikimas partneris garinimo pasaulyje.<\/p>\n<p dir=\"auto\">Prisijunkite prie m\u016bs\u0173 \u0161ioje kelion\u0117je, nes mes ir toliau i\u0161 naujo apibr\u0117\u017eiame kompetencijos standartus\u00a0<a href=\"https:\/\/aiviouvapes.com\/lt\/shop\/\">vienkartiniai vape<\/a>\u00a0pramon\u0117. Patirkite skirtum\u0105 su \"Aiviouvapes\", kur kokyb\u0117, \u012fvairov\u0117 ir klient\u0173 pasitenkinimas susilieja \u012f vientis\u0105 visum\u0105.<\/p>\n<p><strong>El. pa\u0161tas:<\/strong>\u00a0<a href=\"mailto:support@aiviouvapes.com\">support@aiviouvapes.com<\/a><\/p>\n<p style=\"display: none;\"><strong>WhatsApp:<\/strong>\u00a0<a href=\"https:\/\/api.whatsapp.com\/send?phone=8618241953968\" rel=\"noopener\">+8618241953968<\/a><\/p>\n<p><strong>Aiviou Vape Technology Co., Ltd (Aivio Vapes Technology Co., Ltd, Aiviou Vapes Technology Co., Ltd)<\/strong><\/p>\n\t<div class=\"img has-hover x md-x lg-x y md-y lg-y\" id=\"image_976136453\">\n\t\t\t\t\t\t\t\t<div class=\"img-inner dark\" >\n\t\t\t<img data-recalc-dims=\"1\" loading=\"lazy\" decoding=\"async\" width=\"1020\" height=\"765\" src=\"https:\/\/i0.wp.com\/aiviouvapes.com\/wp-content\/uploads\/2026\/03\/aiviouvapes-warehouse.jpg?resize=1020%2C765&#038;ssl=1\" class=\"attachment-original size-original\" alt=\"aiviouvapes sand\u0117lis\" srcset=\"https:\/\/i0.wp.com\/aiviouvapes.com\/wp-content\/uploads\/2026\/03\/aiviouvapes-warehouse.jpg?w=1706&amp;ssl=1 1706w, https:\/\/i0.wp.com\/aiviouvapes.com\/wp-content\/uploads\/2026\/03\/aiviouvapes-warehouse.jpg?resize=300%2C225&amp;ssl=1 300w, https:\/\/i0.wp.com\/aiviouvapes.com\/wp-content\/uploads\/2026\/03\/aiviouvapes-warehouse.jpg?resize=1024%2C768&amp;ssl=1 1024w, https:\/\/i0.wp.com\/aiviouvapes.com\/wp-content\/uploads\/2026\/03\/aiviouvapes-warehouse.jpg?resize=768%2C576&amp;ssl=1 768w, https:\/\/i0.wp.com\/aiviouvapes.com\/wp-content\/uploads\/2026\/03\/aiviouvapes-warehouse.jpg?resize=1536%2C1152&amp;ssl=1 1536w, https:\/\/i0.wp.com\/aiviouvapes.com\/wp-content\/uploads\/2026\/03\/aiviouvapes-warehouse.jpg?resize=16%2C12&amp;ssl=1 16w, https:\/\/i0.wp.com\/aiviouvapes.com\/wp-content\/uploads\/2026\/03\/aiviouvapes-warehouse.jpg?resize=800%2C600&amp;ssl=1 800w\" sizes=\"auto, (max-width: 1020px) 100vw, 1020px\" title=\"\">\t\t\t\t\t\t\n\t\t\t\t\t<\/div>\n\t\t\t\t\t\t\t\t\n<style>\n#image_976136453 {\n  width: 100%;\n}\n<\/style>\n\t<\/div>\n\t\n<a href=\"https:\/\/aiviouvapes.com\/lt\/shop\/\" class=\"button primary is-outline is-larger\">\n\t\t<span>Apsilankykite parduotuv\u0117je!<\/span>\n\t<\/a>\n\n\t\t<\/div>\n\t\t\t\t\t<\/div>\n\n\t\n<\/div>","protected":false},"excerpt":{"rendered":"","protected":false},"author":1,"featured_media":0,"parent":0,"menu_order":0,"comment_status":"closed","ping_status":"closed","template":"","meta":{"footnotes":""},"class_list":["post-70","page","type-page","status-publish","hentry"],"jetpack_sharing_enabled":true,"_links":{"self":[{"href":"https:\/\/aiviouvapes.com\/lt\/wp-json\/wp\/v2\/pages\/70","targetHints":{"allow":["GET"]}}],"collection":[{"href":"https:\/\/aiviouvapes.com\/lt\/wp-json\/wp\/v2\/pages"}],"about":[{"href":"https:\/\/aiviouvapes.com\/lt\/wp-json\/wp\/v2\/types\/page"}],"author":[{"embeddable":true,"href":"https:\/\/aiviouvapes.com\/lt\/wp-json\/wp\/v2\/users\/1"}],"replies":[{"embeddable":true,"href":"https:\/\/aiviouvapes.com\/lt\/wp-json\/wp\/v2\/comments?post=70"}],"version-history":[{"count":8,"href":"https:\/\/aiviouvapes.com\/lt\/wp-json\/wp\/v2\/pages\/70\/revisions"}],"predecessor-version":[{"id":114619,"href":"https:\/\/aiviouvapes.com\/lt\/wp-json\/wp\/v2\/pages\/70\/revisions\/114619"}],"wp:attachment":[{"href":"https:\/\/aiviouvapes.com\/lt\/wp-json\/wp\/v2\/media?parent=70"}],"curies":[{"name":"wp","href":"https:\/\/api.w.org\/{rel}","templated":true}]}}