{"id":5173,"date":"2024-08-21T10:42:43","date_gmt":"2024-08-21T10:42:43","guid":{"rendered":"https:\/\/aiviouvapes.com\/?page_id=5173"},"modified":"2026-02-02T10:25:50","modified_gmt":"2026-02-02T02:25:50","slug":"coupons-offer","status":"publish","type":"page","link":"https:\/\/aiviouvapes.com\/lt\/coupons-offer\/","title":{"rendered":"Kuponai ir pasi\u016blymas"},"content":{"rendered":"<div class=\"row\"  id=\"row-2009997701\">\n\n\t<div id=\"col-55419877\" class=\"col medium-6 small-12 large-6\"  >\n\t\t\t\t<div class=\"col-inner text-center\"  >\n\t\t\t\n\t\t\t\n\t<div id=\"text-3695240444\" class=\"text\">\n\t\t\n<h2>2026 I\u0161skirtinis kupono kodas prieinamas!<\/h2>\n<p>Prisijunkite prie savo paskyros ir eikite \u012f kupono kodo puslap\u012f, kad atrakintum\u0117te asmenin\u0119 nuolaid\u0105 ir prad\u0117tum\u0117te taupyti \u0161iandien.<\/p>\n\t\t\n<style>\n#text-3695240444 {\n  text-align: center;\n}\n<\/style>\n\t<\/div>\n\t\n<a href=\"https:\/\/aiviouvapes.com\/lt\/my-account\/smart-coupons\/\" class=\"button primary box-shadow-3 box-shadow-1-hover\" >\n\t\t<span>Per\u017ei\u016br\u0117ti kuponus<\/span>\n\t<\/a>\n\n\t\t<\/div>\n\t\t\t\t\t<\/div>\n\n\t\n\n\t<div id=\"col-1489333501\" class=\"col medium-6 small-12 large-6\"  >\n\t\t\t\t<div class=\"col-inner text-center\"  >\n\t\t\t\n\t\t\t\n<div id=\"text-3360396666\" class=\"text\">\n<h2 style=\"text-align: left;\">Vienkartiniai Vape kuponai ir pasi\u016blymai AIVIOU VAPES<\/h2>\n<\/div>\n<p style=\"text-align: left;\">Sveiki atvyk\u0119 \u012f aiviouvapes.com, j\u016bs\u0173 galutin\u0119 internetin\u0119 auk\u0161\u010diausios kokyb\u0117s vienkartini\u0173 vape produkt\u0173 paie\u0161k\u0105. Atraskite m\u016bs\u0173 pla\u010di\u0105 \u017einom\u0173 prek\u0117s \u017eenkl\u0173 kolekcij\u0105, \u012fskaitant \"Doloda\", \"Elf Box\", \"Bang King\", \"Al Fakher Vape\", \"Vapeme\", \"Waspe\", \"RandM Tornado\", \"Bang Box\" ir kt. B\u016btinai da\u017enai tikrinkite m\u016bs\u0173 svetain\u0119, kad gautum\u0117te i\u0161skirtini\u0173 pasi\u016blym\u0173 ir speciali\u0173 pasi\u016blym\u0173, taip u\u017etikrindami, kad m\u016bs\u0173 i\u0161skirtiniai vape produktai i\u0161likt\u0173 prieinami visiems.<\/p>\n<p style=\"text-align: left;\">Esame profesional\u016bs didmeniniai vienkartini\u0173 garintuv\u0173 platintojai. M\u016bs\u0173 pelno mar\u017ea yra minimali, tod\u0117l nuo\u0161ird\u017eiai stengiam\u0117s si\u016blyti nuolaid\u0173 kuponus, siekdami ilgalaik\u0117s ir stabilios partneryst\u0117s su savo klientais.<\/p>\n<a href=\"https:\/\/aiviouvapes.com\/lt\/shop\/\" class=\"button primary box-shadow-3 box-shadow-1-hover\" >\n\t\t<span>U\u017esisakykite dabar<\/span>\n\t<\/a>\n\n\t\t<\/div>\n\t\t\t\t\t<\/div>\n\n\t\n<\/div>\n\t<div id=\"gap-1754339545\" class=\"gap-element clearfix\" style=\"display:block; height:auto;\">\n\t\t\n<style>\n#gap-1754339545 {\n  padding-top: 30px;\n}\n<\/style>\n\t<\/div>\n\t\n<div class=\"container section-title-container\" ><h3 class=\"section-title section-title-normal\"><b aria-hidden=\"true\"><\/b><span class=\"section-title-main\" >Partneri\u0173 kupon\u0173 biblioteka (vie\u0161as naudojimas)<\/span><b aria-hidden=\"true\"><\/b><\/h3><\/div>\n<table style=\"width:100%; border-collapse:collapse; font-family:Arial, sans-serif; text-align:left; border:1px solid #ddd;\">\n<thead style=\"background:#f7f7f7;\">\n<tr>\n<th style=\"padding:10px; border:1px solid #ddd;\">\ud83c\udf9f\ufe0f Kupono kodas<\/th>\n<th style=\"padding:10px; border:1px solid #ddd;\">\ud83d\udcb0 Nuolaida<\/th>\n<th style=\"padding:10px; border:1px solid #ddd;\">\ud83d\uded2 Minimalus u\u017esakymas<\/th>\n<th style=\"padding:10px; border:1px solid #ddd;\">\ud83d\udcc5 Galioja iki<\/th>\n<th style=\"padding:10px; border:1px solid #ddd;\">\ud83e\udded Apra\u0161ymas<\/th>\n<th style=\"padding:10px; border:1px solid #ddd;\">\ud83d\udce2 Si\u016bloma skelbimo eilut\u0117<\/th>\n<\/tr>\n<\/thead>\n<tbody>\n<tr>\n<td style=\"padding:10px; border:1px solid #ddd;\"><b>BULKSAVE300<\/b><\/td>\n<td style=\"padding:10px; border:1px solid #ddd;\">2% OFF<\/td>\n<td style=\"padding:10px; border:1px solid #ddd;\">\u20ac300+<\/td>\n<td style=\"padding:10px; border:1px solid #ddd;\">2026 m. gruod\u017eio 31 d.<\/td>\n<td style=\"padding:10px; border:1px solid #ddd;\">Sutaupykite daug, kai u\u017esakote daugiau nei 300 \u20ac!<\/td>\n<td style=\"padding:10px; border:1px solid #ddd;\">\ud83d\udcb8 I\u0161leiskite protingai, sutaupykite daugiau! Gaukite <b>2% OFF<\/b> u\u017esakymai, vir\u0161ijantys 300 eur\u0173.<\/td>\n<\/tr>\n<tr>\n<td style=\"padding:10px; border:1px solid #ddd;\"><b>BULKSAVE<\/b><\/td>\n<td style=\"padding:10px; border:1px solid #ddd;\">3% OFF<\/td>\n<td style=\"padding:10px; border:1px solid #ddd;\">\u20ac500+<\/td>\n<td style=\"padding:10px; border:1px solid #ddd;\">2026 m. gruod\u017eio 31 d.<\/td>\n<td style=\"padding:10px; border:1px solid #ddd;\">M\u0117gaukit\u0117s didesn\u0117mis santaupomis u\u017esakymams, vir\u0161ijantiems 500 \u20ac!<\/td>\n<td style=\"padding:10px; border:1px solid #ddd;\">\ud83d\ude9b Dideli u\u017esakymai = didelis atlygis! <b>3% OFF<\/b> daugiau nei 500 eur\u0173.<\/td>\n<\/tr>\n<tr>\n<td style=\"padding:10px; border:1px solid #ddd;\"><b>BULKSAVE1500<\/b><\/td>\n<td style=\"padding:10px; border:1px solid #ddd;\">3.01% OFF<\/td>\n<td style=\"padding:10px; border:1px solid #ddd;\">\u20ac1500+<\/td>\n<td style=\"padding:10px; border:1px solid #ddd;\">2026 m. gruod\u017eio 31 d.<\/td>\n<td style=\"padding:10px; border:1px solid #ddd;\">Speciali nuolaida didel\u0117s apimties pirk\u0117jams.<\/td>\n<td style=\"padding:10px; border:1px solid #ddd;\">\ud83c\udff7\ufe0f Mega Saver! Praleiskite daugiau nei 1500 \u20ac ir gaukite <b>3.01% OFF<\/b>.<\/td>\n<\/tr>\n<tr>\n<td style=\"padding:10px; border:1px solid #ddd;\"><b>NOV2026<\/b><\/td>\n<td style=\"padding:10px; border:1px solid #ddd;\">\u20ac5 OFF<\/td>\n<td style=\"padding:10px; border:1px solid #ddd;\">\u20ac90+<\/td>\n<td style=\"padding:10px; border:1px solid #ddd;\">2026 m. lapkri\u010dio 30 d.<\/td>\n<td style=\"padding:10px; border:1px solid #ddd;\">\ud83c\udf41 Lapkri\u010dio m\u0117nesio specialus pasi\u016blymas - 5 \u20ac nuo krep\u0161elio!<\/td>\n<td style=\"padding:10px; border:1px solid #ddd;\">\ud83c\udf42 Sutaupykite 5 \u20ac i\u0161 karto su <b>NOV2026<\/b> vis\u0105 lapkrit\u012f!<\/td>\n<\/tr>\n<tr>\n<td style=\"padding:10px; border:1px solid #ddd;\"><b>BlackFriday<\/b><\/td>\n<td style=\"padding:10px; border:1px solid #ddd;\">10 \u20ac OFF<\/td>\n<td style=\"padding:10px; border:1px solid #ddd;\">\u20ac90+<\/td>\n<td style=\"padding:10px; border:1px solid #ddd;\">2026 m. lapkri\u010dio 27 d.<\/td>\n<td style=\"padding:10px; border:1px solid #ddd;\">Juodojo penktadienio specialios santaupos, skirtos reikalavimus atitinkantiems u\u017esakymams.<\/td>\n<td style=\"padding:10px; border:1px solid #ddd;\">\ud83d\udda4 Juodojo penktadienio vagyst\u0117: Gaukite <b>10 \u20ac OFF<\/b> kai i\u0161leid\u017eiate daugiau nei 90 \u20ac!<\/td>\n<\/tr>\n<tr>\n<td style=\"padding:10px; border:1px solid #ddd;\"><b>CyberMonday<\/b><\/td>\n<td style=\"padding:10px; border:1px solid #ddd;\">10 \u20ac OFF<\/td>\n<td style=\"padding:10px; border:1px solid #ddd;\">\u20ac90+<\/td>\n<td style=\"padding:10px; border:1px solid #ddd;\">2026 m. lapkri\u010dio 30 d.<\/td>\n<td style=\"padding:10px; border:1px solid #ddd;\">Kibernetinio pirmadienio prat\u0119simas - papildomas laikas sutaupyti!<\/td>\n<td style=\"padding:10px; border:1px solid #ddd;\">\ud83d\udcbb Spustel\u0117kite, Krep\u0161elis, I\u0161saugoti: <b>10 \u20ac OFF<\/b> u\u017esakymai u\u017e 90 \u20ac+!<\/td>\n<\/tr>\n<tr>\n<td style=\"padding:10px; border:1px solid #ddd;\"><b>ChristmasDay<\/b><\/td>\n<td style=\"padding:10px; border:1px solid #ddd;\">10 \u20ac OFF<\/td>\n<td style=\"padding:10px; border:1px solid #ddd;\">\u20ac90+<\/td>\n<td style=\"padding:10px; border:1px solid #ddd;\">2026 m. gruod\u017eio 26 d.<\/td>\n<td style=\"padding:10px; border:1px solid #ddd;\">\u0160ventinis taupymas Kal\u0117d\u0173 pirk\u0117jams.<\/td>\n<td style=\"padding:10px; border:1px solid #ddd;\">\ud83c\udf84 I\u0161vynioti <b>10 \u20ac OFF<\/b> per \u0161ias Kal\u0117das u\u017e daugiau nei 90 \u20ac!<\/td>\n<\/tr>\n<tr>\n<td style=\"padding:10px; border:1px solid #ddd;\"><b>BoxingDay<\/b><\/td>\n<td style=\"padding:10px; border:1px solid #ddd;\">10 \u20ac OFF<\/td>\n<td style=\"padding:10px; border:1px solid #ddd;\">\u20ac90+<\/td>\n<td style=\"padding:10px; border:1px solid #ddd;\">2026 m. gruod\u017eio 27 d.<\/td>\n<td style=\"padding:10px; border:1px solid #ddd;\">\"Boxing Day\" sandoris d\u0117l tinkam\u0173 krep\u0161eli\u0173.<\/td>\n<td style=\"padding:10px; border:1px solid #ddd;\">\ud83c\udf81 Diena po sandorio: <b>10 \u20ac OFF<\/b> kai i\u0161leid\u017eiate daugiau nei 90 \u20ac.<\/td>\n<\/tr>\n<tr>\n<td style=\"padding:10px; border:1px solid #ddd;\"><b>NewYearDay<\/b><\/td>\n<td style=\"padding:10px; border:1px solid #ddd;\">10 \u20ac OFF<\/td>\n<td style=\"padding:10px; border:1px solid #ddd;\">\u20ac90+<\/td>\n<td style=\"padding:10px; border:1px solid #ddd;\">2027 m. sausio 2 d.<\/td>\n<td style=\"padding:10px; border:1px solid #ddd;\">Pasitikite naujuosius metus i\u0161 karto sutaupydami.<\/td>\n<td style=\"padding:10px; border:1px solid #ddd;\">\ud83c\udf86 Nauji metai, naujos santaupos: <b>10 \u20ac OFF<\/b> \u20ac90+!<\/td>\n<\/tr>\n<p><!-- 2026 Monthly Coupons --><\/p>\n<tr>\n<td style=\"padding:10px; border:1px solid #ddd;\"><b>FEB2026<\/b><\/td>\n<td style=\"padding:10px; border:1px solid #ddd;\">\u20ac5 OFF<\/td>\n<td style=\"padding:10px; border:1px solid #ddd;\">\u20ac90+<\/td>\n<td style=\"padding:10px; border:1px solid #ddd;\">2026 m. vasario 28 d.<\/td>\n<td style=\"padding:10px; border:1px solid #ddd;\">Vasario sandoris - lengva sutaupyti.<\/td>\n<td style=\"padding:10px; border:1px solid #ddd;\">\u2764\ufe0f Patinka kaina! <b>\u20ac5 OFF<\/b> su FEB2026.<\/td>\n<\/tr>\n<tr>\n<td style=\"padding:10px; border:1px solid #ddd;\"><b>MAR2026<\/b><\/td>\n<td style=\"padding:10px; border:1px solid #ddd;\">\u20ac5 OFF<\/td>\n<td style=\"padding:10px; border:1px solid #ddd;\">\u20ac90+<\/td>\n<td style=\"padding:10px; border:1px solid #ddd;\">2026 m. kovo 31 d.<\/td>\n<td style=\"padding:10px; border:1px solid #ddd;\">Paprastas kovo taupymas.<\/td>\n<td style=\"padding:10px; border:1px solid #ddd;\">\ud83c\udf31 Pavasario prad\u017eia: <b>\u20ac5 OFF<\/b> su MAR2026.<\/td>\n<\/tr>\n<tr>\n<td style=\"padding:10px; border:1px solid #ddd;\"><b>APR2026<\/b><\/td>\n<td style=\"padding:10px; border:1px solid #ddd;\">\u20ac5 OFF<\/td>\n<td style=\"padding:10px; border:1px solid #ddd;\">\u20ac90+<\/td>\n<td style=\"padding:10px; border:1px solid #ddd;\">2026 m. baland\u017eio 30 d.<\/td>\n<td style=\"padding:10px; border:1px solid #ddd;\">Baland\u017eio m\u0117n. krep\u0161elio premija.<\/td>\n<td style=\"padding:10px; border:1px solid #ddd;\">\ud83c\udf38 \u0160vie\u017ei pasi\u016blymai: <b>\u20ac5 OFF<\/b> APR2026.<\/td>\n<\/tr>\n<tr>\n<td style=\"padding:10px; border:1px solid #ddd;\"><b>MAY2026<\/b><\/td>\n<td style=\"padding:10px; border:1px solid #ddd;\">\u20ac5 OFF<\/td>\n<td style=\"padding:10px; border:1px solid #ddd;\">\u20ac90+<\/td>\n<td style=\"padding:10px; border:1px solid #ddd;\">2026 m. gegu\u017e\u0117s 31 d.<\/td>\n<td style=\"padding:10px; border:1px solid #ddd;\">Gegu\u017e\u0117s m\u0117n. ypatingos santaupos.<\/td>\n<td style=\"padding:10px; border:1px solid #ddd;\">\ud83c\udf3c Ry\u0161kios santaupos su <b>MAY2026<\/b>.<\/td>\n<\/tr>\n<tr>\n<td style=\"padding:10px; border:1px solid #ddd;\"><b>JUN2026<\/b><\/td>\n<td style=\"padding:10px; border:1px solid #ddd;\">\u20ac5 OFF<\/td>\n<td style=\"padding:10px; border:1px solid #ddd;\">\u20ac90+<\/td>\n<td style=\"padding:10px; border:1px solid #ddd;\">2026 m. bir\u017eelio 30 d.<\/td>\n<td style=\"padding:10px; border:1px solid #ddd;\">Bir\u017eelio m\u0117nesio kasos premija.<\/td>\n<td style=\"padding:10px; border:1px solid #ddd;\">\u2600\ufe0f Vasara sutaupyti: <b>\u20ac5 OFF<\/b> JUN2026.<\/td>\n<\/tr>\n<tr>\n<td style=\"padding:10px; border:1px solid #ddd;\"><b>JUL2026<\/b><\/td>\n<td style=\"padding:10px; border:1px solid #ddd;\">\u20ac5 OFF<\/td>\n<td style=\"padding:10px; border:1px solid #ddd;\">\u20ac90+<\/td>\n<td style=\"padding:10px; border:1px solid #ddd;\">2026 m. liepos 31 d.<\/td>\n<td style=\"padding:10px; border:1px solid #ddd;\">Liepos m\u0117nesio kar\u0161tas pasi\u016blymas.<\/td>\n<td style=\"padding:10px; border:1px solid #ddd;\">\ud83d\udd25 Sutaupykite \u0161ilumos su JUL2026.<\/td>\n<\/tr>\n<tr>\n<td style=\"padding:10px; border:1px solid #ddd;\"><b>AUG2026<\/b><\/td>\n<td style=\"padding:10px; border:1px solid #ddd;\">\u20ac5 OFF<\/td>\n<td style=\"padding:10px; border:1px solid #ddd;\">\u20ac90+<\/td>\n<td style=\"padding:10px; border:1px solid #ddd;\">2026 m. rugpj\u016b\u010dio 31 d.<\/td>\n<td style=\"padding:10px; border:1px solid #ddd;\">Rugpj\u016btis lengva nuolaida.<\/td>\n<td style=\"padding:10px; border:1px solid #ddd;\">\ud83c\udf1e I\u0161saugoti vienu paspaudimu: AUG2026.<\/td>\n<\/tr>\n<tr>\n<td style=\"padding:10px; border:1px solid #ddd;\"><b>SEP2026<\/b><\/td>\n<td style=\"padding:10px; border:1px solid #ddd;\">\u20ac5 OFF<\/td>\n<td style=\"padding:10px; border:1px solid #ddd;\">\u20ac90+<\/td>\n<td style=\"padding:10px; border:1px solid #ddd;\">2026 m. rugs\u0117jo 30 d.<\/td>\n<td style=\"padding:10px; border:1px solid #ddd;\">Rugs\u0117jo m\u0117nesio premija.<\/td>\n<td style=\"padding:10px; border:1px solid #ddd;\">\ud83c\udf41 Taupykite ruden\u012f su SEP2026.<\/td>\n<\/tr>\n<tr>\n<td style=\"padding:10px; border:1px solid #ddd;\"><b>OCT2026<\/b><\/td>\n<td style=\"padding:10px; border:1px solid #ddd;\">\u20ac5 OFF<\/td>\n<td style=\"padding:10px; border:1px solid #ddd;\">\u20ac90+<\/td>\n<td style=\"padding:10px; border:1px solid #ddd;\">2026 m. spalio 31 d.<\/td>\n<td style=\"padding:10px; border:1px solid #ddd;\">Spalio m\u0117nesio skan\u0117stas.<\/td>\n<td style=\"padding:10px; border:1px solid #ddd;\">\ud83c\udf83 Baisiai geras pasi\u016blymas: OCT2026.<\/td>\n<\/tr>\n<tr>\n<td style=\"padding:10px; border:1px solid #ddd;\"><b>DEC2026<\/b><\/td>\n<td style=\"padding:10px; border:1px solid #ddd;\">\u20ac5 OFF<\/td>\n<td style=\"padding:10px; border:1px solid #ddd;\">\u20ac90+<\/td>\n<td style=\"padding:10px; border:1px solid #ddd;\">2026 m. gruod\u017eio 31 d.<\/td>\n<td style=\"padding:10px; border:1px solid #ddd;\">Gruod\u017eio m\u0117nesio pabaigos premija.<\/td>\n<td style=\"padding:10px; border:1px solid #ddd;\">\ud83c\udf84 Baigti tvirtai: <b>\u20ac5 OFF<\/b> DEC2026.<\/td>\n<\/tr>\n<\/tbody>\n<\/table>\n\t<div id=\"gap-2140037466\" class=\"gap-element clearfix\" style=\"display:block; height:auto;\">\n\t\t\n<style>\n#gap-2140037466 {\n  padding-top: 30px;\n}\n<\/style>\n\t<\/div>\n\t\n<div class=\"container section-title-container\" ><h3 class=\"section-title section-title-normal\"><b aria-hidden=\"true\"><\/b><span class=\"section-title-main\" >U\u017edirbkite su AIVIOU Vapes<\/span><b aria-hidden=\"true\"><\/b><\/h3><\/div>\n<p>Prisijunkite prie vieno spar\u010diausiai augan\u010di\u0173 vape prek\u0117s \u017eenkl\u0173 ir prad\u0117kite u\u017edirbti <strong>15%<\/strong> komisiniai nuo kiekvieno pardavimo! \"AIVIOU Vapes\" si\u016blo auk\u0161\u010diausios kokyb\u0117s geriausiai parduodam\u0173 vienkartini\u0173 garintuv\u0173, elektronini\u0173 skys\u010di\u0173 ir pried\u0173 asortiment\u0105, kur\u012f m\u0117gsta klientai, tod\u0117l filialams labai lengva laim\u0117ti komisinius. Kar\u0161tai parduodami produktai, auk\u0161ti konversijos rodikliai ir kiekvien\u0105 m\u0117nes\u012f vykstan\u010dios naujos akcijos - bendradarbiaudami su \"AIVIOU Vapes\" gal\u0117site greitai u\u017edirbti. \ud83d\udca8<\/p>\n<p><strong>\ud83d\udc49 Prisijunkite \u0161iandien ir prad\u0117kite u\u017edirbti su AIVIOU Vapes - kur skonis atitinka peln\u0105!<\/strong><\/p>\n<a href=\"https:\/\/ui.awin.com\/express-signup\/us\/awin\/121568\/d01af3da-9031-45f4-bc25-92d66ffdc756?t=VVP9UbjOfvjddyNyvkNBB71Pni2G_dqZqpIZPRdRWII\" target=\"_blank\" class=\"button primary\" rel=\"noopener\">\n\t\t<span>Prisijunkite prie \"Aiviou Vapes\" filialo<\/span>\n\t<\/a>","protected":false},"excerpt":{"rendered":"<p>\ud83c\udf9f\ufe0f Coupon Code \ud83d\udcb0 Discount \ud83d\uded2 Minimum Order \ud83d\udcc5 Valid Until \ud83e\udded Description \ud83d\udce2 Suggested Ad Line BULKSAVE300 2% OFF \u20ac300+ Dec 31, 2026 Save big when you order over \u20ac300! \ud83d\udcb8 Spend Smart, Save More! Get 2% OFF orders above \u20ac300. BULKSAVE 3% OFF \u20ac500+ Dec 31, 2026 Enjoy bigger savings for orders over [&#8230;]\n","protected":false},"author":1,"featured_media":0,"parent":0,"menu_order":0,"comment_status":"closed","ping_status":"closed","template":"page-blank-title-center.php","meta":{"footnotes":""},"class_list":["post-5173","page","type-page","status-publish","hentry"],"jetpack_sharing_enabled":true,"_links":{"self":[{"href":"https:\/\/aiviouvapes.com\/lt\/wp-json\/wp\/v2\/pages\/5173","targetHints":{"allow":["GET"]}}],"collection":[{"href":"https:\/\/aiviouvapes.com\/lt\/wp-json\/wp\/v2\/pages"}],"about":[{"href":"https:\/\/aiviouvapes.com\/lt\/wp-json\/wp\/v2\/types\/page"}],"author":[{"embeddable":true,"href":"https:\/\/aiviouvapes.com\/lt\/wp-json\/wp\/v2\/users\/1"}],"replies":[{"embeddable":true,"href":"https:\/\/aiviouvapes.com\/lt\/wp-json\/wp\/v2\/comments?post=5173"}],"version-history":[{"count":8,"href":"https:\/\/aiviouvapes.com\/lt\/wp-json\/wp\/v2\/pages\/5173\/revisions"}],"predecessor-version":[{"id":105685,"href":"https:\/\/aiviouvapes.com\/lt\/wp-json\/wp\/v2\/pages\/5173\/revisions\/105685"}],"wp:attachment":[{"href":"https:\/\/aiviouvapes.com\/lt\/wp-json\/wp\/v2\/media?parent=5173"}],"curies":[{"name":"wp","href":"https:\/\/api.w.org\/{rel}","templated":true}]}}