{"id":4558,"date":"2024-08-21T10:35:58","date_gmt":"2024-08-21T10:35:58","guid":{"rendered":"https:\/\/aiviouvapes.com\/?page_id=4558"},"modified":"2024-11-29T02:58:48","modified_gmt":"2024-11-28T18:58:48","slug":"payment-method","status":"publish","type":"page","link":"https:\/\/aiviouvapes.com\/lt\/payment-method\/","title":{"rendered":"Mok\u0117jimo b\u016bdas"},"content":{"rendered":"<div class=\"row\"  id=\"row-1849824426\">\n\n\t<div id=\"col-639824237\" class=\"col medium-6 small-12 large-6\"  >\n\t\t\t\t<div class=\"col-inner\"  >\n\t\t\t\n\t\t\t\n<p>Sveiki atvyk\u0119 \u012f <strong>AiviouVape<\/strong> \u2013 j\u016bs\u0173 patikima pasaulin\u0117 vieta, kur rasite auk\u0161\u010diausios kokyb\u0117s vienkartinius vape gaminius. Siun\u010diame visame pasaulyje, esame \u012fsipareigoj\u0119 aptarnauti klientus visame pasaulyje.<\/p>\n<p><strong>\u201eAiviouVape\u201c teikia pirmenyb\u0119 patogumui ir saugumui, kad pagerintume j\u016bs\u0173 apsipirkimo kelion\u0119. Si\u016blome \u012fvairius mok\u0117jimo b\u016bdus, kad atitiktume j\u016bs\u0173 poreikius:<\/strong><\/p>\n<p>1. **PayPal**: m\u0117gaukit\u0117s saugiais ir paprastais mok\u0117jimais naudodami PayPal m\u016bs\u0173 platformoje. <strong>(20% PVM)<\/strong><\/p>\n<p>2. **Kredito kortel\u0117**: priimame visas pagrindines kredito korteles, tod\u0117l u\u017etikriname paprast\u0105 ir patikim\u0105 mok\u0117jimo patirt\u012f. <strong>(20% PVM)<\/strong><\/p>\n<p>3. **Banko pavedimas**: tiems, kurie nori tradicini\u0173 metod\u0173, palaikome banko pavedimus kaip saugi\u0105 parinkt\u012f. <strong>(BE PVM)<\/strong><\/p>\n<p>4. **Kriptovaliuta**: pasinaudokite \u0161iuolaiki\u0161kais finansais su m\u016bs\u0173 mok\u0117jimo kriptovaliuta parinktimi. <strong>(BE PVM)<\/strong><\/p>\n<p>5. **\u201eWise Transfer\u201c**: pasinaudokite ekonomi\u0161kai efektyviais ir efektyviais mok\u0117jimais naudodami \u201eWise Transfer\u201c. <strong>(BE PVM)<\/strong><\/p>\n<p>Jei turite klausim\u0173 ar konkre\u010di\u0173 mok\u0117jimo pra\u0161ym\u0173, susisiekite su m\u016bs\u0173 klient\u0173 aptarnavimo komanda. Esame \u010dia nor\u0117dami u\u017etikrinti j\u016bs\u0173 patirt\u012f su <strong>AiviouVape<\/strong> yra sklandus, saugus ir patenkinamas.<\/p>\n<p><strong>D\u0117kojame, kad pasitikite AiviouVape kaip kokybi\u0161k\u0173 vienkartini\u0173 vape gamini\u0173 \u0161altiniu.<\/strong><\/p>\n\t\t<\/div>\n\t\t\t\t\t<\/div>\n\n\t\n\n\t<div id=\"col-1986303763\" class=\"col medium-6 small-12 large-6\"  >\n\t\t\t\t<div class=\"col-inner\"  >\n\t\t\t\n\t\t\t\n\t<div class=\"img has-hover x md-x lg-x y md-y lg-y\" id=\"image_1832922988\">\n\t\t\t\t\t\t\t\t<div class=\"img-inner dark\" >\n\t\t\t<img loading=\"lazy\" decoding=\"async\" width=\"1020\" height=\"797\" src=\"https:\/\/i0.wp.com\/aiviouvapes.com\/wp-content\/uploads\/2024\/08\/%E5%AE%A3%E4%BC%A0%E5%9B%BE2-2.jpg?fit=1020%2C797&amp;ssl=1\" class=\"attachment-large size-large\" alt=\"Mok\u0117jimo b\u016bdas\" title=\"\">\t\t\t\t\t\t\n\t\t\t\t\t<\/div>\n\t\t\t\t\t\t\t\t\n<style>\n#image_1832922988 {\n  width: 100%;\n}\n<\/style>\n\t<\/div>\n\t\n\t\t<\/div>\n\t\t\t\t\t<\/div>\n\n\t\n<\/div>\n<div class=\"row align-middle\"  id=\"row-1542703354\">\n\n\t<div id=\"col-1994822240\" class=\"col small-12 large-12\"  >\n\t\t\t\t<div class=\"col-inner text-center\"  >\n\t\t\t\n\t\t\t\n<a href=\"https:\/\/aiviouvapes.com\/lt\/shop\/\" class=\"button primary is-shade is-larger box-shadow-4 box-shadow-5-hover\" style=\"border-radius:10px;\">\n\t\t<span>Apsipirkite dabar<\/span>\n\t<\/a>\n\n\t\t<\/div>\n\t\t\t\t\n<style>\n#col-1994822240 > .col-inner {\n  padding: 20px 0px 0px 0px;\n}\n<\/style>\n\t<\/div>\n\n\t\n<\/div>","protected":false},"excerpt":{"rendered":"","protected":false},"author":1,"featured_media":0,"parent":0,"menu_order":0,"comment_status":"closed","ping_status":"closed","template":"page-blank-title-center.php","meta":{"footnotes":""},"class_list":["post-4558","page","type-page","status-publish","hentry"],"jetpack_sharing_enabled":true,"_links":{"self":[{"href":"https:\/\/aiviouvapes.com\/lt\/wp-json\/wp\/v2\/pages\/4558","targetHints":{"allow":["GET"]}}],"collection":[{"href":"https:\/\/aiviouvapes.com\/lt\/wp-json\/wp\/v2\/pages"}],"about":[{"href":"https:\/\/aiviouvapes.com\/lt\/wp-json\/wp\/v2\/types\/page"}],"author":[{"embeddable":true,"href":"https:\/\/aiviouvapes.com\/lt\/wp-json\/wp\/v2\/users\/1"}],"replies":[{"embeddable":true,"href":"https:\/\/aiviouvapes.com\/lt\/wp-json\/wp\/v2\/comments?post=4558"}],"version-history":[{"count":0,"href":"https:\/\/aiviouvapes.com\/lt\/wp-json\/wp\/v2\/pages\/4558\/revisions"}],"wp:attachment":[{"href":"https:\/\/aiviouvapes.com\/lt\/wp-json\/wp\/v2\/media?parent=4558"}],"curies":[{"name":"wp","href":"https:\/\/api.w.org\/{rel}","templated":true}]}}