{"id":3,"date":"2024-08-08T04:38:08","date_gmt":"2024-08-08T04:38:08","guid":{"rendered":"https:\/\/aiviouvapes.com\/?page_id=3"},"modified":"2024-11-19T21:37:05","modified_gmt":"2024-11-19T13:37:05","slug":"privacy-policy","status":"publish","type":"page","link":"https:\/\/aiviouvapes.com\/lt\/privacy-policy\/","title":{"rendered":"Privatumo politika"},"content":{"rendered":"<p>\"AiviouVape\" teikiame pirmenyb\u0119 j\u016bs\u0173 asmenin\u0117s informacijos apsaugai ir konfidencialumui. \u0160ioje privatumo politikoje apra\u0161oma, kaip renkame, naudojame ir saugome informacij\u0105, kuri\u0105 pateikiate naudodamiesi m\u016bs\u0173 svetaine.<\/p>\n<p><strong>Informacijos rinkimas<\/strong><\/p>\n<p>Kai lankot\u0117s m\u016bs\u0173 svetain\u0117je, galime rinkti tokio pob\u016bd\u017eio informacij\u0105: - Asmenin\u0119 informacij\u0105, pavyzd\u017eiui, j\u016bs\u0173 vard\u0105 ir pavard\u0119, el. pa\u0161to adres\u0105 ir kontaktin\u0119 informacij\u0105, kuri\u0105 pateikiate pirkdami arba susisiekdami su mumis. - informacij\u0105 apie j\u016bs\u0173 nar\u0161ymo elgsen\u0105 ir \u012frengin\u012f, renkam\u0105 naudojant slapukus ir pana\u0161ias technologijas. - Bet kokia kita informacija, kuria nusprend\u0117te pasidalyti su mumis.<\/p>\n<p><strong>Informacijos naudojimas<\/strong><\/p>\n<p>Surinkt\u0105 informacij\u0105 naudojame \u0161iais tikslais: - Tvarkydami ir vykdydami u\u017esakymus, kuriuos pateikiate m\u016bs\u0173 svetain\u0117je. - Bendravimas su jumis d\u0117l j\u016bs\u0173 u\u017esakym\u0173, u\u017eklaus\u0173 ir akcij\u0173. - Tobulindami savo svetain\u0119 ir paslaugas, remdamiesi j\u016bs\u0173 bendravimu ir atsiliepimais. - Saugoti m\u016bs\u0173 svetain\u0119 ir u\u017ekirsti keli\u0105 suk\u010diavimui.<\/p>\n<p><strong>Dalijimasis informacija<\/strong><\/p>\n<p>Be j\u016bs\u0173 sutikimo neparduodame ir neatskleid\u017eiame j\u016bs\u0173 asmenin\u0117s informacijos tre\u010diosioms \u0161alims, i\u0161skyrus atvejus, kai tai b\u016btina j\u016bs\u0173 u\u017eklausoms \u012fvykdyti, pavyzd\u017eiui, siuntimo partneriams arba kai to reikalauja \u012fstatymai.<\/p>\n<p><strong>Duomen\u0173 saugumas<\/strong><\/p>\n<p>J\u016bs\u0173 informacijai apsaugoti taikome \u012fvairias saugumo priemones, \u012fskaitant \u0161ifravim\u0105, saugaus lizdo sluoksnio technologij\u0105 (SSL) ir \u012fprastus saugumo vertinimus.<\/p>\n<p><strong>J\u016bs\u0173 teis\u0117s<\/strong><\/p>\n<p>Turite teis\u0119 bet kuriuo metu pasiekti, atnaujinti arba i\u0161trinti savo asmenin\u0119 informacij\u0105. Taip pat galite atsisakyti i\u0161 m\u016bs\u0173 gauti rinkodaros prane\u0161imus.<\/p>\n<p><strong>Politikos atnaujinimai<\/strong><\/p>\n<p>\u0160i\u0105 privatumo politik\u0105 galime periodi\u0161kai per\u017ei\u016br\u0117ti, kad ji atspind\u0117t\u0173 m\u016bs\u0173 praktikos ar teisini\u0173 reikalavim\u0173 poky\u010dius. Rekomenduojame reguliariai per\u017ei\u016br\u0117ti \u0161i\u0105 politik\u0105. Naudodamiesi m\u016bs\u0173 svetaine, j\u016bs sutinkate su \u0161ioje privatumo politikoje i\u0161d\u0117stytomis s\u0105lygomis. Jei turite klausim\u0173 ar nuog\u0105stavim\u0173 d\u0117l m\u016bs\u0173 privatumo praktikos, susisiekite su mumis adresu support@aiviouvape.com. D\u0117kojame, kad pasirinkote \"AiviouVape \"savo vienkartini\u0173 elektronini\u0173 cigare\u010di\u0173 (Vape) poreikiams tenkinti.<\/p>\n<div class=\"row align-middle\"  id=\"row-1691790222\"> \n\t<div id=\"col-1820357547\" class=\"col small-12 large-12\"  >\n\t\t\t\t<div class=\"col-inner text-center\"  >\n\t\t\t\n\t\t\t <a href=\"https:\/\/aiviouvapes.com\/lt\/shop\/\" class=\"button primary is-shade is-larger box-shadow-4 box-shadow-5-hover\" style=\"border-radius:10px;\">\n\t\t<span>Apsipirkite dabar<\/span>\n\t<\/a>\n \t\t<\/div>\n\t\t\t\t\n<style>\n#col-1820357547 > .col-inner {\n  padding: 20px 0px 0px 0px;\n}\n<\/style>\n\t<\/div>\n\n\t <\/div>","protected":false},"excerpt":{"rendered":"<p>At\u00a0AiviouVape, we prioritize the protection and confidentiality of your personal information. This Privacy Policy describes how we collect, use, and safeguard the information you provide while using our website. Information Collection When you visit our website, we may collect the following types of information: \u2013 Personal information such as your name, email address, and contact [&#8230;]\n","protected":false},"author":1,"featured_media":0,"parent":0,"menu_order":0,"comment_status":"closed","ping_status":"closed","template":"page-blank-title-center.php","meta":{"footnotes":""},"class_list":["post-3","page","type-page","status-publish","hentry"],"jetpack_sharing_enabled":true,"_links":{"self":[{"href":"https:\/\/aiviouvapes.com\/lt\/wp-json\/wp\/v2\/pages\/3","targetHints":{"allow":["GET"]}}],"collection":[{"href":"https:\/\/aiviouvapes.com\/lt\/wp-json\/wp\/v2\/pages"}],"about":[{"href":"https:\/\/aiviouvapes.com\/lt\/wp-json\/wp\/v2\/types\/page"}],"author":[{"embeddable":true,"href":"https:\/\/aiviouvapes.com\/lt\/wp-json\/wp\/v2\/users\/1"}],"replies":[{"embeddable":true,"href":"https:\/\/aiviouvapes.com\/lt\/wp-json\/wp\/v2\/comments?post=3"}],"version-history":[{"count":0,"href":"https:\/\/aiviouvapes.com\/lt\/wp-json\/wp\/v2\/pages\/3\/revisions"}],"wp:attachment":[{"href":"https:\/\/aiviouvapes.com\/lt\/wp-json\/wp\/v2\/media?parent=3"}],"curies":[{"name":"wp","href":"https:\/\/api.w.org\/{rel}","templated":true}]}}