{"id":10,"date":"2024-08-12T12:49:21","date_gmt":"2024-08-12T12:49:21","guid":{"rendered":"https:\/\/aiviouvapes.com\/?page_id=10"},"modified":"2024-12-26T09:53:11","modified_gmt":"2024-12-26T01:53:11","slug":"refund_returns","status":"publish","type":"page","link":"https:\/\/aiviouvapes.com\/lt\/refund_returns\/","title":{"rendered":"Gr\u0105\u017einimo ir gr\u0105\u017einimo politika"},"content":{"rendered":"<h2 class=\"wp-block-heading\">\"AiviouVape\" gr\u0105\u017einimo politika<\/h2>\r\n<p><strong>7 dien\u0173 gr\u0105\u017einimo politika<\/strong><\/p>\r\n<p>Mes, AiviouVape, d\u017eiaugiam\u0117s gal\u0117dami pasi\u016blyti 7 dien\u0173 gr\u0105\u017einimo politik\u0105. Tai rei\u0161kia, kad nuo tos dienos, kai gaunate prek\u0119, turite septynias dienas pateikti gr\u0105\u017einimo u\u017eklaus\u0105, jei nesate patenkinti pirkiniu.<\/p>\r\n<p><strong>Tinkamumas gr\u0105\u017einti<\/strong><\/p>\r\n<p>Kad b\u016bt\u0173 galima gr\u0105\u017einti prek\u0119, ji turi i\u0161likti tokios b\u016bkl\u0117s, kokia buvo gauta \u2013 nenaudota, su pritvirtintomis etiket\u0117mis ir originalioje pakuot\u0117je. \u012esitikinkite, kad turite pirkimo kvit\u0105 arba pirkimo \u012frodym\u0105, kad b\u016bt\u0173 lengviau gr\u0105\u017einti.<\/p>\r\n<p><strong>Kaip prad\u0117ti gr\u012f\u017eim\u0105<\/strong><\/p>\r\n<p>Jei norite prad\u0117ti gr\u0105\u017einim\u0105, susisiekite su mumis adresu support@aiviouvape.com. Kai j\u016bs\u0173 gr\u0105\u017einimas bus patvirtintas, pateiksime i\u0161 anksto apmok\u0117t\u0105 gr\u0105\u017einimo siuntimo etiket\u0119 ir nurodymus, kaip i\u0161si\u0173sti pakuot\u0119. Gr\u0105\u017einimai, siun\u010diami be i\u0161ankstinio leidimo, nebus priimami, tod\u0117l pirmiausia susisiekite su mumis.<\/p>\r\n<p><strong>Prane\u0161imas apie \u017eal\u0105 ir problemas<\/strong><\/p>\r\n<p>Rekomenduojame ap\u017ei\u016br\u0117ti u\u017esakym\u0105, kai tik jis atvyksta. Jei pasteb\u0117site, kad j\u016bs\u0173 prek\u0117 yra sugadinta, brokuota ar netinkama, nedelsdami susisiekite su mumis, kad gal\u0117tume greitai i\u0161spr\u0119sti problem\u0105.<\/p>\r\n<p><strong>Prek\u0117s, kuri\u0173 negalima gr\u0105\u017einti<\/strong><\/p>\r\n<p>Tam tikri produktai negali b\u016bti gr\u0105\u017einami, \u012fskaitant greitai gendan\u010dias prekes, pagal u\u017esakym\u0105 pagamintus daiktus, asmens prie\u017ei\u016bros priemones, pavojingas med\u017eiagas ir degius skys\u010dius ar dujas. Jei nesate tikri d\u0117l konkre\u010dios prek\u0117s tinkamumo, susisiekite su mumis d\u0117l paai\u0161kinimo.<\/p>\r\n<p><strong>Keitimosi procesas<\/strong><\/p>\r\n<p>Kei\u010diant, rekomenduojame pirmiausia gr\u0105\u017einti originali\u0105 prek\u0119. Kai gr\u0105\u017einimas bus patvirtintas, galite pateikti atskir\u0105 naujos prek\u0117s u\u017esakym\u0105, kad b\u016bt\u0173 u\u017etikrintas greitas apdorojimas.<\/p>\r\n<p><strong>14 dien\u0173 pertraukos laikotarpis ES klientams<\/strong><\/p>\r\n<p>Europos S\u0105jungos klientams suteikiame 14 dien\u0173 apsisprendimo laikotarp\u012f. Tai rei\u0161kia, kad galite at\u0161aukti arba gr\u0105\u017einti u\u017esakym\u0105 per 14 dien\u0173 nuo jo gavimo, nenurodydami prie\u017easties. Prek\u0117s turi b\u016bti originalios b\u016bkl\u0117s, nenaudotos, su etiket\u0117mis ir originalioje pakuot\u0117je. Taip pat reik\u0117s pirkimo kvito arba dokumento.<\/p>\r\n<p><strong>Gr\u0105\u017einimo procesas<\/strong><\/p>\r\n<p>Gav\u0119 ir patikrin\u0119 j\u016bs\u0173 gr\u0105\u017einim\u0105, informuosime apie gr\u0105\u017einimo patvirtinimo b\u016bsen\u0105. Jei bus patvirtinta, gr\u0105\u017einsime l\u0117\u0161as pagal pradin\u012f mok\u0117jimo metod\u0105 per 10 darbo dien\u0173. Atminkite, kad j\u016bs\u0173 bankui arba kredito kortel\u0117s teik\u0117jui gali prireikti daugiau laiko, kad b\u016bt\u0173 galima gr\u0105\u017einti l\u0117\u0161as. Jei negavote pinig\u0173 per 15 darbo dien\u0173 nuo patvirtinimo, susisiekite su mumis adresu support@aiviouvape.com.<\/p>\r\n<p><strong>D\u0117kojame, kad pasirinkote \u201eAiviouVape\u201c. J\u016bs\u0173 pasitenkinimas i\u0161lieka m\u016bs\u0173 prioritetu.<\/strong><\/p>\r\n\r\n<div class=\"row align-middle\"  id=\"row-415891662\"> \n\t<div id=\"col-1680666863\" class=\"col small-12 large-12\"  >\n\t\t\t\t<div class=\"col-inner text-center\"  >\n\t\t\t\n\t\t\t <a href=\"https:\/\/aiviouvapes.com\/lt\/shop\/\" class=\"button primary is-shade is-larger box-shadow-4 box-shadow-5-hover\" style=\"border-radius:10px;\">\n\t\t<span>Apsipirkite dabar<\/span>\n\t<\/a>\n \t\t<\/div>\n\t\t\t\t\n<style>\n#col-1680666863 > .col-inner {\n  padding: 20px 0px 0px 0px;\n}\n<\/style>\n\t<\/div>\n\n\t <\/div>","protected":false},"excerpt":{"rendered":"<p>AiviouVape Refund Policy 7-Day Return Policy We at AiviouVape are pleased to offer a 7-day return policy. This means that from the day you receive your item, you have seven days to initiate a return request if you are unsatisfied with your purchase. Return Eligibility To qualify for a return, your item must remain in [&#8230;]\n","protected":false},"author":1,"featured_media":0,"parent":0,"menu_order":0,"comment_status":"closed","ping_status":"closed","template":"page-blank-title-center.php","meta":{"footnotes":""},"class_list":["post-10","page","type-page","status-publish","hentry"],"jetpack_sharing_enabled":true,"_links":{"self":[{"href":"https:\/\/aiviouvapes.com\/lt\/wp-json\/wp\/v2\/pages\/10","targetHints":{"allow":["GET"]}}],"collection":[{"href":"https:\/\/aiviouvapes.com\/lt\/wp-json\/wp\/v2\/pages"}],"about":[{"href":"https:\/\/aiviouvapes.com\/lt\/wp-json\/wp\/v2\/types\/page"}],"author":[{"embeddable":true,"href":"https:\/\/aiviouvapes.com\/lt\/wp-json\/wp\/v2\/users\/1"}],"replies":[{"embeddable":true,"href":"https:\/\/aiviouvapes.com\/lt\/wp-json\/wp\/v2\/comments?post=10"}],"version-history":[{"count":0,"href":"https:\/\/aiviouvapes.com\/lt\/wp-json\/wp\/v2\/pages\/10\/revisions"}],"wp:attachment":[{"href":"https:\/\/aiviouvapes.com\/lt\/wp-json\/wp\/v2\/media?parent=10"}],"curies":[{"name":"wp","href":"https:\/\/api.w.org\/{rel}","templated":true}]}}