{"id":96688,"date":"2025-12-30T15:15:03","date_gmt":"2025-12-30T07:15:03","guid":{"rendered":"https:\/\/aiviouvapes.com\/?post_type=product&#038;p=96688"},"modified":"2026-03-04T12:06:05","modified_gmt":"2026-03-04T04:06:05","slug":"bang-legend-geek-60k","status":"publish","type":"product","link":"https:\/\/aiviouvapes.com\/it\/product\/bang-legend-geek-60k\/","title":{"rendered":"Bang Legend Geek 60K | flusso d'aria regolabile e modalit\u00e0 turbo, 60000 puff, alta capacit\u00e0, vape monouso"},"content":{"rendered":"<h2>Bang Legend Geek 60000 60K puffs vaporizzatore usa e getta \u2013 potenza, controllo e resistenza<\/h2>\n<p>La sigaretta elettronica usa e getta Legend Geek 60000 Bang \u00e8 progettata per i vapers che desiderano <strong>numero massimo di boccate<\/strong> con <strong>personalizzazione intelligente<\/strong>. Con fino a 60.000 boccate, flusso d'aria regolabile e un'esclusiva modalit\u00e0 Turbo, questo dispositivo offre un'esperienza di svapo potente ma fluida dalla prima all'ultima boccata \ud83d\udca8.<\/p>\n<p>Dotato di una grande capacit\u00e0 di 19 ml di e-liquid e di una bobina mesh avanzata da 1,0 \u03a9, garantisce un sapore ricco, un vapore denso e prestazioni costanti. La batteria ricaricabile da 850 mAh con ricarica rapida Type-C ti consente di svapare pi\u00f9 a lungo con meno tempi di inattivit\u00e0 \ud83d\udd0b.<\/p>\n<h3>Perch\u00e9 scegliere Bang Legend Geek 60000?<\/h3>\n<ul>\n<li>\ud83d\udd25 Fino a 60.000 boccate per un utilizzo ultra-lungo<\/li>\n<li>\ud83c\udf9b Flusso d'aria regolabile per boccate intense o leggere<\/li>\n<li>\u26a1 Modalit\u00e0 Turbo per colpi pi\u00f9 potenti e nuvole pi\u00f9 grandi<\/li>\n<li>\ud83e\uddea La grande capacit\u00e0 di 19 ml di liquido elettronico riduce la frequenza delle sostituzioni<\/li>\n<li>\ud83c\udf08 12 gusti popolari per soddisfare i diversi palati<\/li>\n<li>\ud83d\udc40 Finestra trasparente per controllare facilmente il livello del liquido<\/li>\n<li>\ud83d\udce6 10 pezzi per confezione, perfetti per la vendita al dettaglio e all'ingrosso<\/li>\n<\/ul>\n<h3>Bang Legend Geek 60K Specifiche tecniche<\/h3>\n<table>\n<tbody>\n<tr>\n<td>Conteggio dei soffi<\/td>\n<td>Fino a 60.000 soffi<\/td>\n<\/tr>\n<tr>\n<td>Forza della nicotina<\/td>\n<td>2% \/ 3% \/ 5%<\/td>\n<\/tr>\n<tr>\n<td>Capacit\u00e0 del liquido elettronico<\/td>\n<td>19 ml<\/td>\n<\/tr>\n<tr>\n<td>Tipo di bobina<\/td>\n<td>Bobina a maglie da 1,0\u03a9<\/td>\n<\/tr>\n<tr>\n<td>Batteria<\/td>\n<td>850mAh Ricaricabile<\/td>\n<\/tr>\n<tr>\n<td>Porta di ricarica<\/td>\n<td>Ricarica rapida di tipo C<\/td>\n<\/tr>\n<tr>\n<td>Flusso d'aria<\/td>\n<td>Regolabile<\/td>\n<\/tr>\n<tr>\n<td>Modalit\u00e0 speciale<\/td>\n<td>Modalit\u00e0 Turbo<\/td>\n<\/tr>\n<tr>\n<td>Misurare<\/td>\n<td>48,5 \u00d7 27 \u00d7 100 mm<\/td>\n<\/tr>\n<tr>\n<td>Imballaggio<\/td>\n<td>10 pezzi \/ confezione<\/td>\n<\/tr>\n<\/tbody>\n<\/table>\n<h3>Bang Legend Geek 60K Gusti disponibili \ud83c\udf53\ud83c\udf47\ud83c\udf51<\/h3>\n<ul>\n<li><strong>Anguria alla fragola<\/strong> \u2013 Dolci fragole frullate con succosa anguria<\/li>\n<li><strong>Ghiaccio al mirtillo<\/strong> \u2013 Mirtilli freschi con un finale fresco e ghiacciato<\/li>\n<li><strong>Mirtillo Lampone<\/strong> \u2013 Miscela equilibrata di bacche dolci e aspre<\/li>\n<li><strong>Fragola Kiwi Frutta<\/strong> \u2013 Combinazione tropicale fruttata e rinfrescante<\/li>\n<li><strong>Fragola e banana<\/strong> \u2013 Crema di banana con note di fragola matura<\/li>\n<li><strong>Ghiaccio d'uva<\/strong> \u2013 Intenso sapore di uva con mentolo rinfrescante<\/li>\n<li><strong>Mango alla fragola<\/strong> \u2013 Fragola morbida incontra mango succoso<\/li>\n<li><strong>Kiwi Frutto della passione Guava<\/strong> \u2013 Esplosione di frutta tropicale esotica<\/li>\n<li><strong>Mamba<\/strong> \u2013 Dolcezza fruttata simile a quella delle caramelle<\/li>\n<li><strong>Amore 66<\/strong> \u2013 Miscela fruttata classica ispirata alla shisha<\/li>\n<li><strong>Bacche miste<\/strong> \u2013 Ricco mix di sapori di frutti di bosco<\/li>\n<li><strong>Ghiaccio alla pesca<\/strong> \u2013 Pesca succosa con un tocco ghiacciato rinfrescante<\/li>\n<\/ul>\n<h3>Perfetto per utenti e aziende<\/h3>\n<p>Il Bang Legend Geek 60K \u00e8 ideale per <strong>utenti assidui<\/strong> che desiderano prestazioni durature, <strong>cacciatori di sapori<\/strong> che amano il gusto forte e il vapore denso, e <strong>negozi o distributori di sigarette elettroniche<\/strong> Alla ricerca di un prodotto monouso molto richiesto \ud83d\udcbc. Le sue caratteristiche premium e l'elevato numero di boccate lo rendono un prodotto molto venduto sia nel mercato al dettaglio che in quello all'ingrosso.<\/p>\n<h3>Bang Legend Geek 60K Domande frequenti<\/h3>\n<p><strong>Cosa rende il Bang Legend Geek 60K diverso dai normali vaporizzatori usa e getta?<\/strong><br \/>\nIl Bang Legend Geek 60K offre fino a 60.000 boccate, flusso d'aria regolabile e modalit\u00e0 Turbo, consentendo agli utenti il pieno controllo dell'intensit\u00e0 del tiro, della produzione di vapore e dell'intensit\u00e0 del sapore, caratteristiche raramente presenti nei dispositivi usa e getta standard.<\/p>\n<p><strong>Come funziona il flusso d'aria regolabile?<\/strong><br \/>\nIl controllo del flusso d'aria consente agli utenti di passare da un tiro stretto, simile a quello di una sigaretta, a un'inalazione pi\u00f9 ampia e ariosa. Ci\u00f2 rende il dispositivo adatto sia allo stile di svapo MTL che DTL.<\/p>\n<p><strong>Che cos'\u00e8 la modalit\u00e0 Turbo e quando dovrebbe essere utilizzata?<\/strong><br \/>\nLa modalit\u00e0 Turbo aumenta la potenza per colpi pi\u00f9 forti e nuvole pi\u00f9 grandi \u26a1. \u00c8 ideale per utenti esperti, grandi consumatori o chiunque desideri un'esperienza di gusto pi\u00f9 intensa.<\/p>\n<p><strong>Il sapore rimarr\u00e0 invariato con un numero cos\u00ec elevato di boccate?<\/strong><br \/>\nS\u00ec \u2705. La bobina mesh da 1,0 \u03a9 e la grande capacit\u00e0 di e-liquid da 19 ml sono progettate per mantenere un vapore fluido e un sapore ricco dal primo all'ultimo tiro.<\/p>\n<p><strong>Quanto dura la batteria e pu\u00f2 essere ricaricata?<\/strong><br \/>\nLa batteria integrata da 850 mAh \u00e8 completamente ricaricabile tramite ricarica Type-C, garantendo la possibilit\u00e0 di utilizzare tutti i 60.000 tiri senza problemi di alimentazione \ud83d\udd0b.<\/p>\n<p><strong>Posso vedere quanto e-liquido \u00e8 rimasto?<\/strong><br \/>\nS\u00ec. La finestrella trasparente per il liquido consente agli utenti di controllare facilmente il livello del liquido, aiutando a prevenire i colpi a secco e migliorando l'affidabilit\u00e0 complessiva.<\/p>\n<p><strong>Questo dispositivo \u00e8 adatto per negozi al dettaglio e grossisti?<\/strong><br \/>\nAssolutamente s\u00ec \ud83d\udcbc. Con caratteristiche molto richieste, 12 gusti popolari e confezioni da 10 pezzi per scatola, il Bang Legend Geek 60K \u00e8 una scelta eccellente per negozi di sigarette elettroniche, distributori e acquirenti all'ingrosso.<\/p>","protected":false},"excerpt":{"rendered":"<p>Prova prestazioni eccezionali con la sigaretta elettronica usa e getta Bang Legend Geek 60000 \ud83d\ude80. Dotata di flusso d'aria regolabile, modalit\u00e0 Turbo e fino a 60.000 boccate, \u00e8 progettata per garantire un gusto duraturo, nuvole morbide e acquisti all'ingrosso.<\/p>","protected":false},"featured_media":96729,"comment_status":"open","ping_status":"closed","template":"","meta":[],"product_brand":[239],"product_cat":[37],"product_tag":[473,463,471,472,474],"class_list":{"0":"post-96688","1":"product","2":"type-product","3":"status-publish","4":"has-post-thumbnail","6":"product_brand-bang","7":"product_cat-bang","8":"product_tag-adjustable-airflow-vape","9":"product_tag-bulk-disposable-vape-wholesale","10":"product_tag-disposable-vape-60000-puffs","11":"product_tag-high-capacity-disposable-vape","12":"product_tag-turbo-mode-disposable-vape","14":"first","15":"instock","16":"shipping-taxable","17":"purchasable","18":"product-type-variable","19":"has-default-attributes"},"jetpack_sharing_enabled":true,"tiered_pricing_type":"fixed","tiered_pricing_fixed_rules":{"30":9.07000000000000028421709430404007434844970703125,"50":7.519999999999999573674358543939888477325439453125,"100":7,"200":6.61000000000000031974423109204508364200592041015625,"400":5.8300000000000000710542735760100185871124267578125},"tiered_pricing_product_settings":{"layout":"default","base_unit_name":{"singular":null,"plural":null},"default_variation":null},"tiered_pricing_minimum_quantity":10,"tiered_pricing_roles_data":[],"tiered_pricing_percentage_rules":[],"tiered_pricing_maximum_quantity":null,"tiered_pricing_quantity_step":"10","_links":{"self":[{"href":"https:\/\/aiviouvapes.com\/it\/wp-json\/wp\/v2\/product\/96688","targetHints":{"allow":["GET"]}}],"collection":[{"href":"https:\/\/aiviouvapes.com\/it\/wp-json\/wp\/v2\/product"}],"about":[{"href":"https:\/\/aiviouvapes.com\/it\/wp-json\/wp\/v2\/types\/product"}],"replies":[{"embeddable":true,"href":"https:\/\/aiviouvapes.com\/it\/wp-json\/wp\/v2\/comments?post=96688"}],"wp:featuredmedia":[{"embeddable":true,"href":"https:\/\/aiviouvapes.com\/it\/wp-json\/wp\/v2\/media\/96729"}],"wp:attachment":[{"href":"https:\/\/aiviouvapes.com\/it\/wp-json\/wp\/v2\/media?parent=96688"}],"wp:term":[{"taxonomy":"product_brand","embeddable":true,"href":"https:\/\/aiviouvapes.com\/it\/wp-json\/wp\/v2\/product_brand?post=96688"},{"taxonomy":"product_cat","embeddable":true,"href":"https:\/\/aiviouvapes.com\/it\/wp-json\/wp\/v2\/product_cat?post=96688"},{"taxonomy":"product_tag","embeddable":true,"href":"https:\/\/aiviouvapes.com\/it\/wp-json\/wp\/v2\/product_tag?post=96688"}],"curies":[{"name":"wp","href":"https:\/\/api.w.org\/{rel}","templated":true}]}}