{"id":96,"date":"2024-08-13T13:19:43","date_gmt":"2024-08-13T05:19:43","guid":{"rendered":"https:\/\/aiviouvapes.com\/?post_type=product&#038;p=96"},"modified":"2026-04-17T13:02:44","modified_gmt":"2026-04-17T05:02:44","slug":"waspe-8000-puffs","status":"publish","type":"product","link":"https:\/\/aiviouvapes.com\/it\/product\/waspe-8000-puffs\/","title":{"rendered":"WASPE 8000 boccate | 0%-5% nicotina, vape sfuso monouso"},"content":{"rendered":"<h2>WASPE 8000 tiri | 0% 2% 3% 5% nicotina ricaricabile acquisto all&#039;ingrosso monouso vape all&#039;ingrosso<\/h2>\n<h3>Panoramica dei WASPE 8000 Puffs<\/h3>\n<ul>\n<li><strong>Elevata capacit\u00e0 di soffio<\/strong>: Goditi fino a 8.000 boccate, per una soddisfazione di svapo prolungata.<\/li>\n<li><strong>Grande serbatoio per liquidi elettronici<\/strong>: La capacit\u00e0 di 16 ml riduce al minimo la necessit\u00e0 di ricariche, aumentando la praticit\u00e0.<\/li>\n<li><strong>Batteria affidabile<\/strong>: Batteria ricaricabile da 650 mAh per prestazioni affidabili e durature.<\/li>\n<li><strong>Opzioni di nicotina<\/strong>: Disponibile nelle versioni 0%, 2%, 3% e 5% per soddisfare le diverse preferenze.<\/li>\n<li><strong>Produzione di vapore omogenea<\/strong>: La bobina a maglie da 0,8\u03a9 offre un sapore e un vapore ricchi e costanti.<\/li>\n<\/ul>\n<h3>Caratteristiche dei boccali WASPE 8000<\/h3>\n<ul>\n<li><strong>Longevit\u00e0 eccezionale<\/strong>: 8.000 boccate per dispositivo, per un ottimo rapporto qualit\u00e0-prezzo e un piacere duraturo.<\/li>\n<li><strong>Design portatile<\/strong>: Compatto, elegante e facile da trasportare per l&#039;uso in movimento.<\/li>\n<li><strong>Facile da usare<\/strong>: Ricaricabili e monouso, garantiscono un&#039;esperienza senza problemi e senza manutenzione.<\/li>\n<li><strong>Ricarica rapida<\/strong>: Dotato di porta Type-C per una ricarica rapida ed efficiente, riducendo al minimo i tempi di inattivit\u00e0.<\/li>\n<\/ul>\n<h3>Selezione di sapori WASPE 8000 Puffs<\/h3>\n<p>Ghiaccio all&#039;anguria, ghiaccio all&#039;uva, ghiaccio alla fragola, ghiaccio alla cola, ghiaccio al litchi, ghiaccio al mirtillo, ghiaccio alla fragola, frutti di bosco misti, mango alla fragola, menta fresca<\/p>\n<h3>Perch\u00e9 scegliere WASPE 8000 Puffs?<\/h3>\n<p>WASPE 8000 Puffs offre la perfetta combinazione di longevit\u00e0, sapore e praticit\u00e0 in un dispositivo elegante e compatto. Con fino a 8.000 tiri, una gamma di deliziosi aromi e una rapida ricarica Type-C, questo vaporizzatore \u00e8 ideale per gli utenti che cercano un&#039;esperienza premium e senza problemi. Disponibile all&#039;ingrosso, WASPE 8000 Puffs si distingue come un&#039;opzione di alta qualit\u00e0 per rivenditori e vapers, offrendo un&#039;esperienza di svapo soddisfacente e affidabile ogni volta.<\/p>\n<h3>Perch\u00e9 scegliere AiviouVapes<\/h3>\n<p>Benvenuti a <a href=\"https:\/\/aiviouvapes.com\/it\/\">AiviouVapes<\/a> - la vostra fonte di fiducia per prodotti premium e convenienti <a href=\"https:\/\/aiviouvapes.com\/it\/shop\/\">vapes monouso all'ingrosso<\/a> a prezzi veramente bassi. Con oltre cinque anni di esperienza nel settore del vape, siamo orgogliosi di offrire una selezione selezionata di marchi leader, tra cui <a href=\"https:\/\/aiviouvapes.com\/it\/categoria-prodotto\/waspe\/\">WASPE<\/a>, <a href=\"https:\/\/aiviouvapes.com\/it\/categoria-prodotto\/bang\/\">Bang Vape<\/a>, <a href=\"https:\/\/aiviouvapes.com\/it\/categoria-prodotto\/vapme-vapes\/\">Vapme<\/a>, e <a href=\"https:\/\/aiviouvapes.com\/it\/categoria-prodotto\/mrvi\/\">MRVI<\/a>.<\/p>\n<p>Dai dispositivi ad alta pressione come il <a href=\"https:\/\/aiviouvapes.com\/it\/prodotto\/waspe-4-in-1-100000-puffs\/\">WASPE 100K gusto 4 in 1<\/a> ai preferiti in grassetto come il <a href=\"https:\/\/aiviouvapes.com\/it\/prodotto\/bang-king-triple-flavors-85000\/\">Bang 85.000 Triplo soffio<\/a>e anche l'emozionante <a class=\"woocommerce-LoopProduct-link woocommerce-loop-product__link\" href=\"https:\/\/aiviouvapes.com\/it\/prodotto\/mystery-vape-blind-box\/\">Mystery Vape Box usa e getta<\/a>Ogni prodotto \u00e8 scelto per la massima qualit\u00e0 e il valore imbattibile. AiviouVapes offre un servizio eccellente, risparmi all'ingrosso e una collezione progettata per soddisfare le vostre esigenze di vaping.<\/p>\n<div class=\"row row-large row-full-width align-middle\"  id=\"row-1205864268\">\n\n\n\t<div id=\"col-424228262\" class=\"col medium-3 small-6 large-3\"  >\n\t\t\t\t<div class=\"col-inner text-center\"  >\n\t\t\t\n\t\t\t\n\n\n\t\t<div class=\"icon-box featured-box icon-box-top text-left\"  >\n\t\t\t\t\t<div class=\"icon-box-img\" style=\"width: 90px\">\n\t\t\t\t<div class=\"icon\">\n\t\t\t\t\t<div class=\"icon-inner\" >\n\t\t\t\t\t\t<img loading=\"lazy\" decoding=\"async\" width=\"200\" height=\"200\" src=\"https:\/\/i0.wp.com\/aiviouvapes.com\/wp-content\/uploads\/2024\/08\/vape-1-1.png?fit=200%2C200&amp;ssl=1\" class=\"attachment-medium size-medium\" alt=\"Perch\u00e9 scegliere AIVIOUVAPES\" srcset=\"https:\/\/i0.wp.com\/aiviouvapes.com\/wp-content\/uploads\/2024\/08\/vape-1-1.png?w=200&amp;ssl=1 200w, https:\/\/i0.wp.com\/aiviouvapes.com\/wp-content\/uploads\/2024\/08\/vape-1-1.png?resize=150%2C150&amp;ssl=1 150w, https:\/\/i0.wp.com\/aiviouvapes.com\/wp-content\/uploads\/2024\/08\/vape-1-1.png?resize=12%2C12&amp;ssl=1 12w, https:\/\/i0.wp.com\/aiviouvapes.com\/wp-content\/uploads\/2024\/08\/vape-1-1.png?resize=100%2C100&amp;ssl=1 100w\" sizes=\"auto, (max-width: 200px) 100vw, 200px\" title=\"\">\t\t\t\t\t<\/div>\n\t\t\t\t<\/div>\n\t\t\t<\/div>\n\t\t\t\t<div class=\"icon-box-text last-reset\">\n\t\t\t\t\t\t\t\t\t\n\n\t<div id=\"text-949931821\" class=\"text\">\n\t\t\n\n<h3 style=\"text-align: center;\">Ampia variet\u00e0 di vaporizzatori<\/h3>\n<p style=\"text-align: center;\">Scopri la nostra vasta gamma di prodotti, realizzati per soddisfare ogni preferenza.<\/p>\n\t\t\n<style>\n#text-949931821 {\n  font-size: 0.9rem;\n}\n<\/style>\n\t<\/div>\n\t\n\n\t\t<\/div>\n\t<\/div>\n\t\n\t\n\n\t\t<\/div>\n\t\t\t\t\t<\/div>\n\n\t\n\n\t<div id=\"col-275737475\" class=\"col medium-3 small-6 large-3\"  >\n\t\t\t\t<div class=\"col-inner text-center\"  >\n\t\t\t\n\t\t\t\n\n\n\t\t<div class=\"icon-box featured-box icon-box-top text-left\"  >\n\t\t\t\t\t<div class=\"icon-box-img\" style=\"width: 90px\">\n\t\t\t\t<div class=\"icon\">\n\t\t\t\t\t<div class=\"icon-inner\" >\n\t\t\t\t\t\t<img loading=\"lazy\" decoding=\"async\" width=\"200\" height=\"200\" src=\"https:\/\/i0.wp.com\/aiviouvapes.com\/wp-content\/uploads\/2024\/08\/save-money-1-1-1.png?fit=200%2C200&amp;ssl=1\" class=\"attachment-medium size-medium\" alt=\"Perch\u00e9 scegliere AIVIOUVAPES\" srcset=\"https:\/\/i0.wp.com\/aiviouvapes.com\/wp-content\/uploads\/2024\/08\/save-money-1-1-1.png?w=200&amp;ssl=1 200w, https:\/\/i0.wp.com\/aiviouvapes.com\/wp-content\/uploads\/2024\/08\/save-money-1-1-1.png?resize=150%2C150&amp;ssl=1 150w, https:\/\/i0.wp.com\/aiviouvapes.com\/wp-content\/uploads\/2024\/08\/save-money-1-1-1.png?resize=12%2C12&amp;ssl=1 12w, https:\/\/i0.wp.com\/aiviouvapes.com\/wp-content\/uploads\/2024\/08\/save-money-1-1-1.png?resize=100%2C100&amp;ssl=1 100w\" sizes=\"auto, (max-width: 200px) 100vw, 200px\" title=\"\">\t\t\t\t\t<\/div>\n\t\t\t\t<\/div>\n\t\t\t<\/div>\n\t\t\t\t<div class=\"icon-box-text last-reset\">\n\t\t\t\t\t\t\t\t\t\n\n\t<div id=\"text-2201812966\" class=\"text\">\n\t\t\n\n<h3 style=\"text-align: center;\">Valore imbattibile<\/h3>\n<p style=\"text-align: center;\">Approfitta di prodotti di alta qualit\u00e0 a prezzi adatti al tuo budget.<\/p>\n\t\t\n<style>\n#text-2201812966 {\n  font-size: 0.9rem;\n}\n<\/style>\n\t<\/div>\n\t\n\n\t\t<\/div>\n\t<\/div>\n\t\n\t\n\n\t\t<\/div>\n\t\t\t\t\t<\/div>\n\n\t\n\n\t<div id=\"col-645754382\" class=\"col medium-3 small-6 large-3\"  >\n\t\t\t\t<div class=\"col-inner text-center\"  >\n\t\t\t\n\t\t\t\n\n\n\t\t<div class=\"icon-box featured-box icon-box-top text-left\"  >\n\t\t\t\t\t<div class=\"icon-box-img\" style=\"width: 90px\">\n\t\t\t\t<div class=\"icon\">\n\t\t\t\t\t<div class=\"icon-inner\" >\n\t\t\t\t\t\t<img loading=\"lazy\" decoding=\"async\" width=\"200\" height=\"200\" src=\"https:\/\/i0.wp.com\/aiviouvapes.com\/wp-content\/uploads\/2024\/08\/delivery-truck-1-1.png?fit=200%2C200&amp;ssl=1\" class=\"attachment-medium size-medium\" alt=\"Perch\u00e9 scegliere AIVIOUVAPES\" srcset=\"https:\/\/i0.wp.com\/aiviouvapes.com\/wp-content\/uploads\/2024\/08\/delivery-truck-1-1.png?w=200&amp;ssl=1 200w, https:\/\/i0.wp.com\/aiviouvapes.com\/wp-content\/uploads\/2024\/08\/delivery-truck-1-1.png?resize=150%2C150&amp;ssl=1 150w, https:\/\/i0.wp.com\/aiviouvapes.com\/wp-content\/uploads\/2024\/08\/delivery-truck-1-1.png?resize=12%2C12&amp;ssl=1 12w, https:\/\/i0.wp.com\/aiviouvapes.com\/wp-content\/uploads\/2024\/08\/delivery-truck-1-1.png?resize=100%2C100&amp;ssl=1 100w\" sizes=\"auto, (max-width: 200px) 100vw, 200px\" title=\"\">\t\t\t\t\t<\/div>\n\t\t\t\t<\/div>\n\t\t\t<\/div>\n\t\t\t\t<div class=\"icon-box-text last-reset\">\n\t\t\t\t\t\t\t\t\t\n\n\t<div id=\"text-1073318685\" class=\"text\">\n\t\t\n\n<h3 style=\"text-align: center;\">Spedizione globale rapida<\/h3>\n<p style=\"text-align: center;\">Effettuiamo consegne in tutto il mondo con sdoganamento garantito per un&#039;esperienza senza intoppi.<\/p>\n\t\t\n<style>\n#text-1073318685 {\n  font-size: 0.9rem;\n}\n<\/style>\n\t<\/div>\n\t\n\n\t\t<\/div>\n\t<\/div>\n\t\n\t\n\n\t\t<\/div>\n\t\t\t\t\t<\/div>\n\n\t\n\n\t<div id=\"col-1437470474\" class=\"col medium-3 small-6 large-3\"  >\n\t\t\t\t<div class=\"col-inner text-center\"  >\n\t\t\t\n\t\t\t\n\n\n\t\t<div class=\"icon-box featured-box icon-box-top text-left\"  >\n\t\t\t\t\t<div class=\"icon-box-img\" style=\"width: 90px\">\n\t\t\t\t<div class=\"icon\">\n\t\t\t\t\t<div class=\"icon-inner\" >\n\t\t\t\t\t\t<img loading=\"lazy\" decoding=\"async\" width=\"200\" height=\"200\" src=\"https:\/\/i0.wp.com\/aiviouvapes.com\/wp-content\/uploads\/2024\/08\/support-1-1.png?fit=200%2C200&amp;ssl=1\" class=\"attachment-medium size-medium\" alt=\"Perch\u00e9 scegliere AIVIOUVAPES\" srcset=\"https:\/\/i0.wp.com\/aiviouvapes.com\/wp-content\/uploads\/2024\/08\/support-1-1.png?w=200&amp;ssl=1 200w, https:\/\/i0.wp.com\/aiviouvapes.com\/wp-content\/uploads\/2024\/08\/support-1-1.png?resize=150%2C150&amp;ssl=1 150w, https:\/\/i0.wp.com\/aiviouvapes.com\/wp-content\/uploads\/2024\/08\/support-1-1.png?resize=12%2C12&amp;ssl=1 12w, https:\/\/i0.wp.com\/aiviouvapes.com\/wp-content\/uploads\/2024\/08\/support-1-1.png?resize=100%2C100&amp;ssl=1 100w\" sizes=\"auto, (max-width: 200px) 100vw, 200px\" title=\"\">\t\t\t\t\t<\/div>\n\t\t\t\t<\/div>\n\t\t\t<\/div>\n\t\t\t\t<div class=\"icon-box-text last-reset\">\n\t\t\t\t\t\t\t\t\t\n\n\t<div id=\"text-2069913169\" class=\"text\">\n\t\t\n\n<h3 style=\"text-align: center;\">Assistenza 24 ore su 24<\/h3>\n<p style=\"text-align: center;\">Puoi contattare il nostro team di supporto in qualsiasi momento, 24 ore su 24, 7 giorni su 7, tramite WhatsApp o e-mail.<\/p>\n\t\t\n<style>\n#text-2069913169 {\n  font-size: 0.9rem;\n}\n<\/style>\n\t<\/div>\n\t\n\n\t\t<\/div>\n\t<\/div>\n\t\n\t\n\n\t\t<\/div>\n\t\t\t\t\t<\/div>\n\n\t\n\n<\/div>\n<div class=\"row row-full-width align-middle\"  id=\"row-1189359711\">\n\n\n\t<div id=\"col-833915713\" class=\"col medium-6 small-12 large-6\"  >\n\t\t\t\t<div class=\"col-inner\"  >\n\t\t\t\n\t\t\t\n\n\t<div class=\"img has-hover x md-x lg-x y md-y lg-y\" id=\"image_1251633742\">\n\t\t\t\t\t\t\t\t<div class=\"img-inner dark\" >\n\t\t\t<img loading=\"lazy\" decoding=\"async\" width=\"930\" height=\"1024\" src=\"https:\/\/i0.wp.com\/aiviouvapes.com\/wp-content\/uploads\/2024\/08\/%E6%8B%BC%E5%9B%BE.jpg?fit=930%2C1024&amp;ssl=1\" class=\"attachment-large size-large\" alt=\"Perch\u00e9 scegliere AIVIOUVAPES\" title=\"\">\t\t\t\t\t\t\n\t\t\t\t\t<\/div>\n\t\t\t\t\t\t\t\t\n<style>\n#image_1251633742 {\n  width: 100%;\n}\n<\/style>\n\t<\/div>\n\t\n\n\n\t\t<\/div>\n\t\t\t\t\t<\/div>\n\n\t\n\n\t<div id=\"col-55697794\" class=\"col medium-6 small-12 large-6\"  >\n\t\t\t\t<div class=\"col-inner\"  >\n\t\t\t\n\t\t\t\n\n<div class=\"container section-title-container\" ><h4 class=\"section-title section-title-normal\"><b aria-hidden=\"true\"><\/b><span class=\"section-title-main\" style=\"font-size:91%;\">I nostri vantaggi<\/span><b aria-hidden=\"true\"><\/b><\/h4><\/div>\n\n<div class=\"accordion\">\n\n\t<div id=\"accordion-3177754568\" class=\"accordion-item\">\n\t\t<a id=\"accordion-3177754568-label\" class=\"accordion-title plain\" href=\"#accordion-item-commitment-to-quality\" aria-expanded=\"false\" aria-controls=\"accordion-3177754568-content\">\n\t\t\t<button class=\"toggle\" aria-label=\"Attiva\/Disattiva\"><i class=\"icon-angle-down\" aria-hidden=\"true\"><\/i><\/button>\n\t\t\t<span>Impegno per la qualit\u00e0<\/span>\n\t\t<\/a>\n\t\t<div id=\"accordion-3177754568-content\" class=\"accordion-inner\" aria-labelledby=\"accordion-3177754568-label\">\n\t\t\t\n\n<p>A <a href=\"https:\/\/aiviouvapes.com\/it\/\">AiviouVape<\/a>, la qualit\u00e0 guida tutto ci\u00f2 che facciamo. I nostri vaporizzatori monouso sono realizzati meticolosamente e rigorosamente testati per soddisfare gli standard pi\u00f9 elevati, garantendo un&#039;esperienza di svapo fluida e affidabile ogni volta. Con il nostro impegno per zero difetti e zero reclami, puoi essere certo di ottenere il meglio.<\/p>\n\n\t\t<\/div>\n\t<\/div>\n\t\n\t<div id=\"accordion-980829020\" class=\"accordion-item\">\n\t\t<a id=\"accordion-980829020-label\" class=\"accordion-title plain\" href=\"#accordion-item-diverse-range-of-products\" aria-expanded=\"false\" aria-controls=\"accordion-980829020-content\">\n\t\t\t<button class=\"toggle\" aria-label=\"Attiva\/Disattiva\"><i class=\"icon-angle-down\" aria-hidden=\"true\"><\/i><\/button>\n\t\t\t<span>Una vasta gamma di prodotti<\/span>\n\t\t<\/a>\n\t\t<div id=\"accordion-980829020-content\" class=\"accordion-inner\" aria-labelledby=\"accordion-980829020-label\">\n\t\t\t\n\n<p>Siamo orgogliosi di offrire un'ampia gamma di vapers monouso di alta qualit\u00e0 per soddisfare ogni preferenza. Dalle ultime innovazioni ai preferiti dai fan di lunga data, la nostra selezione comprende marchi affidabili come Waspe, Vapme, RandM Tornado, Bang Box, ELF Box e Bang King. Che siate alla ricerca dei sapori audaci di Vapme o del design elegante di RandM Tornado, la nostra collezione \u00e8 stata creata per aiutarvi a scoprire la svapata perfetta per i vostri gusti e il vostro stile di vita.<\/p>\n\n\n\t\t<\/div>\n\t<\/div>\n\t\n\t<div id=\"accordion-3758830694\" class=\"accordion-item\">\n\t\t<a id=\"accordion-3758830694-label\" class=\"accordion-title plain\" href=\"#accordion-item-wholesale-and-retail-solutions\" aria-expanded=\"false\" aria-controls=\"accordion-3758830694-content\">\n\t\t\t<button class=\"toggle\" aria-label=\"Attiva\/Disattiva\"><i class=\"icon-angle-down\" aria-hidden=\"true\"><\/i><\/button>\n\t\t\t<span>Soluzioni per la vendita all'ingrosso e al dettaglio<\/span>\n\t\t<\/a>\n\t\t<div id=\"accordion-3758830694-content\" class=\"accordion-inner\" aria-labelledby=\"accordion-3758830694-label\">\n\t\t\t\n\n<p>AiviouVape soddisfa le esigenze sia dei clienti al dettaglio che di quelli all&#039;ingrosso, offrendo prodotti e servizi eccezionali ogni volta. Se sei nuovo con noi, ti consigliamo di iniziare con un piccolo lotto per sperimentare la nostra qualit\u00e0 in prima persona. Con prezzi competitivi e standard premium, siamo la scelta di fiducia nel settore dello svapo monouso.\u00a0<\/p>\n\n\t\t<\/div>\n\t<\/div>\n\t\n\t<div id=\"accordion-1835402141\" class=\"accordion-item\">\n\t\t<a id=\"accordion-1835402141-label\" class=\"accordion-title plain\" href=\"#accordion-item-continuous-improvement\" aria-expanded=\"false\" aria-controls=\"accordion-1835402141-content\">\n\t\t\t<button class=\"toggle\" aria-label=\"Attiva\/Disattiva\"><i class=\"icon-angle-down\" aria-hidden=\"true\"><\/i><\/button>\n\t\t\t<span>Miglioramento continuo<\/span>\n\t\t<\/a>\n\t\t<div id=\"accordion-1835402141-content\" class=\"accordion-inner\" aria-labelledby=\"accordion-1835402141-label\">\n\t\t\t\n\n<p>Ci\u00f2 che distingue AiviouVape \u00e8 la nostra dedizione a un servizio clienti eccezionale. Che tu abbia bisogno di consigli prima dell&#039;acquisto o di assistenza con un ordine, il nostro team \u00e8 sempre disponibile tramite WhatsApp o e-mail. Ci impegniamo a costruire relazioni durature con i nostri clienti, assicurando la tua soddisfazione in ogni fase del percorso.<\/p>\n\n\t\t<\/div>\n\t<\/div>\n\t\n\t<div id=\"accordion-3448774587\" class=\"accordion-item\">\n\t\t<a id=\"accordion-3448774587-label\" class=\"accordion-title plain\" href=\"#accordion-item-quality-assurance\" aria-expanded=\"false\" aria-controls=\"accordion-3448774587-content\">\n\t\t\t<button class=\"toggle\" aria-label=\"Attiva\/Disattiva\"><i class=\"icon-angle-down\" aria-hidden=\"true\"><\/i><\/button>\n\t\t\t<span>Garanzia di qualit\u00e0<\/span>\n\t\t<\/a>\n\t\t<div id=\"accordion-3448774587-content\" class=\"accordion-inner\" aria-labelledby=\"accordion-3448774587-label\">\n\t\t\t\n\n<p>In ogni fase, sviluppo del prodotto, produzione, marketing e distribuzione, il nostro impegno per la qualit\u00e0 non vacilla mai. I nostri vaporizzatori monouso vengono sottoposti a rigorosi test per garantire che siano atossici, puri e offrano un sapore eccezionale. Questa dedizione all&#039;eccellenza costituisce la spina dorsale della nostra cultura aziendale.<\/p>\n\n\t\t<\/div>\n\t<\/div>\n\t\n\t<div id=\"accordion-1628806140\" class=\"accordion-item\">\n\t\t<a id=\"accordion-1628806140-label\" class=\"accordion-title plain\" href=\"#accordion-item-efficient-logistics-and-delivery\" aria-expanded=\"false\" aria-controls=\"accordion-1628806140-content\">\n\t\t\t<button class=\"toggle\" aria-label=\"Attiva\/Disattiva\"><i class=\"icon-angle-down\" aria-hidden=\"true\"><\/i><\/button>\n\t\t\t<span>Logistica e consegna efficienti<\/span>\n\t\t<\/a>\n\t\t<div id=\"accordion-1628806140-content\" class=\"accordion-inner\" aria-labelledby=\"accordion-1628806140-label\">\n\t\t\t\n\n<p>AiviouVape fornisce logistica e consegna efficienti, inclusi i servizi DDP (Delivered Duty Paid), assicurando uno sdoganamento senza intoppi senza commissioni o tasse. Con una consegna rapida e un&#039;assistenza clienti eccezionale, offriamo un&#039;esperienza fluida e affidabile, rendendoci un partner di fiducia nel settore.<\/p>\n\n\t\t<\/div>\n\t<\/div>\n\t\n\t<div id=\"accordion-3526281384\" class=\"accordion-item\">\n\t\t<a id=\"accordion-3526281384-label\" class=\"accordion-title plain\" href=\"#accordion-item-odm-and-oem-services\" aria-expanded=\"false\" aria-controls=\"accordion-3526281384-content\">\n\t\t\t<button class=\"toggle\" aria-label=\"Attiva\/Disattiva\"><i class=\"icon-angle-down\" aria-hidden=\"true\"><\/i><\/button>\n\t\t\t<span>Servizi ODM e OEM<\/span>\n\t\t<\/a>\n\t\t<div id=\"accordion-3526281384-content\" class=\"accordion-inner\" aria-labelledby=\"accordion-3526281384-label\">\n\t\t\t\n\n<p>AiviouVapes offre servizi completi ODM (Original Design Manufacturing) e OEM (Original Equipment Manufacturing). Con due grandi strutture, aiutiamo i clienti a progettare prodotti unici e loghi accattivanti per il packaging. Forniamo inoltre una guida gratuita alla progettazione del packaging e supportiamo i clienti che confezionano i propri prodotti, assicurando che il loro marchio brilli sul mercato.<\/p>\n\n\t\t<\/div>\n\t<\/div>\n\t\n\n<\/div>\n\n\t\t<\/div>\n\t\t\t\t\t<\/div>\n\n\t\n\n<\/div>\n<style>\n.tier-pricing-summary-table--hidden {display:none !important}<br \/><\/style>","protected":false},"excerpt":{"rendered":"<p>WASPE 8K eroga fino a 8.000 boccate con una capacit\u00e0 di 16 ml di e-liquido e una batteria ricaricabile da 650 mAh. Dotata di ricarica rapida Type-C, di diverse gradazioni di nicotina e di 10 deliziosi aromi, offre un'esperienza di vaping di qualit\u00e0 e di facile utilizzo per uso personale o all'ingrosso.<\/p>","protected":false},"featured_media":362,"comment_status":"open","ping_status":"closed","template":"","meta":[],"product_brand":[227],"product_cat":[19,120,90,117,76,134,135,133,136,137,146,138,139,140,141,142,143,144,145,573,572,132],"product_tag":[],"class_list":{"0":"post-96","1":"product","2":"type-product","3":"status-publish","4":"has-post-thumbnail","6":"product_brand-waspe","7":"product_cat-waspe","8":"product_cat-8000-puffs-disposable-vape","9":"product_cat-big-puffs-vapes","10":"product_cat-different-puffs-of-diposable-vapes","11":"product_cat-disposable-vape-types","12":"product_cat-disposable-vapes-in-austria","13":"product_cat-disposable-vapes-in-belgium","14":"product_cat-disposable-vapes-in-europe","15":"product_cat-disposable-vapes-in-france","16":"product_cat-disposable-vapes-in-germany","17":"product_cat-disposable-vapes-in-hungary","18":"product_cat-disposable-vapes-in-ltaly","19":"product_cat-disposable-vapes-in-netherlands","20":"product_cat-disposable-vapes-in-norway","21":"product_cat-disposable-vapes-in-poland","22":"product_cat-disposable-vapes-in-portugal","23":"product_cat-disposable-vapes-in-spain","24":"product_cat-disposable-vapes-in-sweden","25":"product_cat-disposable-vapes-in-switzerland","26":"product_cat-new-3","27":"product_cat-new-2","28":"product_cat-rechargeable-vapes","30":"first","31":"instock","32":"shipping-taxable","33":"purchasable","34":"product-type-variable","35":"has-default-attributes"},"jetpack_sharing_enabled":true,"tiered_pricing_type":"fixed","tiered_pricing_fixed_rules":{"2000":5.5},"tiered_pricing_product_settings":{"layout":"default","base_unit_name":{"singular":null,"plural":null},"default_variation":null},"tiered_pricing_minimum_quantity":1000,"tiered_pricing_roles_data":[],"tiered_pricing_percentage_rules":[],"tiered_pricing_maximum_quantity":null,"tiered_pricing_quantity_step":"10","_links":{"self":[{"href":"https:\/\/aiviouvapes.com\/it\/wp-json\/wp\/v2\/product\/96","targetHints":{"allow":["GET"]}}],"collection":[{"href":"https:\/\/aiviouvapes.com\/it\/wp-json\/wp\/v2\/product"}],"about":[{"href":"https:\/\/aiviouvapes.com\/it\/wp-json\/wp\/v2\/types\/product"}],"replies":[{"embeddable":true,"href":"https:\/\/aiviouvapes.com\/it\/wp-json\/wp\/v2\/comments?post=96"}],"wp:featuredmedia":[{"embeddable":true,"href":"https:\/\/aiviouvapes.com\/it\/wp-json\/wp\/v2\/media\/362"}],"wp:attachment":[{"href":"https:\/\/aiviouvapes.com\/it\/wp-json\/wp\/v2\/media?parent=96"}],"wp:term":[{"taxonomy":"product_brand","embeddable":true,"href":"https:\/\/aiviouvapes.com\/it\/wp-json\/wp\/v2\/product_brand?post=96"},{"taxonomy":"product_cat","embeddable":true,"href":"https:\/\/aiviouvapes.com\/it\/wp-json\/wp\/v2\/product_cat?post=96"},{"taxonomy":"product_tag","embeddable":true,"href":"https:\/\/aiviouvapes.com\/it\/wp-json\/wp\/v2\/product_tag?post=96"}],"curies":[{"name":"wp","href":"https:\/\/api.w.org\/{rel}","templated":true}]}}