{"id":9306,"date":"2024-08-25T08:25:37","date_gmt":"2024-08-25T00:25:37","guid":{"rendered":"https:\/\/aiviouvapes.com\/?post_type=product&#038;p=9306"},"modified":"2026-04-17T13:01:07","modified_gmt":"2026-04-17T05:01:07","slug":"vapme-shisha-pro-max-20000-puffs-disposable","status":"publish","type":"product","link":"https:\/\/aiviouvapes.com\/it\/product\/vapme-shisha-pro-max-20000-puffs-disposable\/","title":{"rendered":"Vapme Shisha Pro Max 20000 boccate | 0%-5% nicotina, 28mL, 24 gusti, vape monouso sfuso"},"content":{"rendered":"<h2>Vapme Shisha Pro Max 20000 tiri | 0% 2% 3% 5% nicotina, e-liquid da 28 ml, batteria ricaricabile da 650 mAh, 24 gusti, acquisto all&#039;ingrosso di sigarette elettroniche usa e getta<\/h2>\n<ul>\n<li><strong>Capacit\u00e0 di soffio estesa<\/strong>: Godetevi fino a 20.000 boccate, offrendo una soddisfazione e un divertimento prolungati.<\/li>\n<li><strong>Grande capacit\u00e0 di liquido elettronico<\/strong>Il serbatoio da 28 ml riduce al minimo la necessit\u00e0 di ricariche frequenti, aggiungendo praticit\u00e0.<\/li>\n<li><strong>Batteria affidabile<\/strong>La batteria ricaricabile da 650 mAh garantisce un'alimentazione costante per sessioni prolungate.<\/li>\n<li><strong>Gamma di sapori variegata<\/strong>: Scegliete tra 24 gusti unici per soddisfare ogni gusto e preferenza.<\/li>\n<\/ul>\n<h3>VAPME SHISHA PRO MAX 20000 PUFF Caratteristiche<\/h3>\n<ul>\n<li><strong>Longevit\u00e0 eccezionale<\/strong>: Con 20.000 soffi, il modello VAPME SHISHA PRO MAX offre un uso prolungato e un valore eccellente.<\/li>\n<li><strong>Design portatile<\/strong>: Compatto ed elegante, perfetto per il vaping in movimento senza compromessi.<\/li>\n<li><strong>Esperienza senza problemi<\/strong>: La batteria ricaricabile e la grande capacit\u00e0 di e-liquid eliminano le ricariche frequenti e la sostituzione della batteria.<\/li>\n<\/ul>\n<h3>VAPME SHISHA PRO MAX 20000 PUFF Selezione di sapori<\/h3>\n<p>Mirtillo con ghiaccio, kiwi e frutto della passione, guava, limonata Blue Razz, kiwi alla fragola, frutti di bosco misti, anguria alla fragola, punch all&#039;uva, ghiaccio all&#039;anguria, ananas alla pesca e mango, ghiaccio alla fragola, pesca succosa, Lady Killa, ciliegia e bacche, mirtillo e lampone, Love 66, Watermelon Bull, uva alla fragola, caramelle alla fragola e lampone, White Mamba, ciliegia all&#039;anguria, mela congelata, menta al limone, ghiaccio al ribes nero, frullato all&#039;ananas<\/p>\n<h3>Perch\u00e9 scegliere il modello VAPME SHISHA PRO MAX?<\/h3>\n<p>Il dispositivo VAPME SHISHA PRO MAX 20000 Puffs \u00e8 la scelta definitiva per i vapers che cercano prestazioni ad alta capacit\u00e0 e variet\u00e0 di aromi. Con una capacit\u00e0 massima di 20.000 puff, una batteria robusta e una vasta scelta di aromi, questo dispositivo \u00e8 stato progettato per un'esperienza di vaping eccellente e senza problemi. Disponibile all'ingrosso, il modello VAPME SHISHA PRO MAX \u00e8 ideale per i rivenditori che desiderano fornire una soluzione di svapo di alta qualit\u00e0 e di lunga durata. Portate il vostro vaping a un livello superiore con VAPME SHISHA PRO MAX, un dispositivo creato per soddisfare e stupire.<\/p>\n<h3>Perch\u00e9 scegliere AiviouVapes<\/h3>\n<p>Benvenuti a <a href=\"https:\/\/aiviouvapes.com\/it\/\">AiviouVapes<\/a> - la vostra fonte di fiducia per prodotti premium e convenienti <a href=\"https:\/\/aiviouvapes.com\/it\/shop\/\">vapes monouso all'ingrosso<\/a> a prezzi veramente bassi. Con oltre cinque anni di esperienza nel settore del vape, siamo orgogliosi di offrire una selezione selezionata di marchi leader, tra cui <a href=\"https:\/\/aiviouvapes.com\/it\/categoria-prodotto\/waspe\/\">WASPE<\/a>, <a href=\"https:\/\/aiviouvapes.com\/it\/categoria-prodotto\/bang\/\">Bang Vape<\/a>, <a href=\"https:\/\/aiviouvapes.com\/it\/categoria-prodotto\/vapme-vapes\/\">Vapme<\/a>, e <a href=\"https:\/\/aiviouvapes.com\/it\/categoria-prodotto\/mrvi\/\">MRVI<\/a>.<\/p>\n<p>Dai dispositivi ad alta pressione come il <a href=\"https:\/\/aiviouvapes.com\/it\/prodotto\/waspe-4-in-1-100000-puffs\/\">WASPE 100K gusto 4 in 1<\/a> ai preferiti in grassetto come il <a href=\"https:\/\/aiviouvapes.com\/it\/prodotto\/bang-king-triple-flavors-85000\/\">Bang 85.000 Triplo soffio<\/a>e anche l'emozionante <a class=\"woocommerce-LoopProduct-link woocommerce-loop-product__link\" href=\"https:\/\/aiviouvapes.com\/it\/prodotto\/mystery-vape-blind-box\/\">Mystery Vape Box usa e getta<\/a>Ogni prodotto \u00e8 scelto per la massima qualit\u00e0 e il valore imbattibile. AiviouVapes offre un servizio eccellente, risparmi all'ingrosso e una collezione progettata per soddisfare le vostre esigenze di vaping.<\/p>\n<div class=\"row row-large row-full-width align-middle\"  id=\"row-503354893\">\n\n\n\t<div id=\"col-1458263834\" class=\"col medium-3 small-6 large-3\"  >\n\t\t\t\t<div class=\"col-inner text-center\"  >\n\t\t\t\n\t\t\t\n\n\n\t\t<div class=\"icon-box featured-box icon-box-top text-left\"  >\n\t\t\t\t\t<div class=\"icon-box-img\" style=\"width: 90px\">\n\t\t\t\t<div class=\"icon\">\n\t\t\t\t\t<div class=\"icon-inner\" >\n\t\t\t\t\t\t<img loading=\"lazy\" decoding=\"async\" width=\"200\" height=\"200\" src=\"https:\/\/i0.wp.com\/aiviouvapes.com\/wp-content\/uploads\/2024\/08\/vape-1-1.png?fit=200%2C200&amp;ssl=1\" class=\"attachment-medium size-medium\" alt=\"Perch\u00e9 scegliere AIVIOUVAPES\" srcset=\"https:\/\/i0.wp.com\/aiviouvapes.com\/wp-content\/uploads\/2024\/08\/vape-1-1.png?w=200&amp;ssl=1 200w, https:\/\/i0.wp.com\/aiviouvapes.com\/wp-content\/uploads\/2024\/08\/vape-1-1.png?resize=150%2C150&amp;ssl=1 150w, https:\/\/i0.wp.com\/aiviouvapes.com\/wp-content\/uploads\/2024\/08\/vape-1-1.png?resize=12%2C12&amp;ssl=1 12w, https:\/\/i0.wp.com\/aiviouvapes.com\/wp-content\/uploads\/2024\/08\/vape-1-1.png?resize=100%2C100&amp;ssl=1 100w\" sizes=\"auto, (max-width: 200px) 100vw, 200px\" title=\"\">\t\t\t\t\t<\/div>\n\t\t\t\t<\/div>\n\t\t\t<\/div>\n\t\t\t\t<div class=\"icon-box-text last-reset\">\n\t\t\t\t\t\t\t\t\t\n\n\t<div id=\"text-2876798241\" class=\"text\">\n\t\t\n\n<h3 style=\"text-align: center;\">Ampia variet\u00e0 di vaporizzatori<\/h3>\n<p style=\"text-align: center;\">Scopri la nostra vasta gamma di prodotti, realizzati per soddisfare ogni preferenza.<\/p>\n\t\t\n<style>\n#text-2876798241 {\n  font-size: 0.9rem;\n}\n<\/style>\n\t<\/div>\n\t\n\n\t\t<\/div>\n\t<\/div>\n\t\n\t\n\n\t\t<\/div>\n\t\t\t\t\t<\/div>\n\n\t\n\n\t<div id=\"col-424114131\" class=\"col medium-3 small-6 large-3\"  >\n\t\t\t\t<div class=\"col-inner text-center\"  >\n\t\t\t\n\t\t\t\n\n\n\t\t<div class=\"icon-box featured-box icon-box-top text-left\"  >\n\t\t\t\t\t<div class=\"icon-box-img\" style=\"width: 90px\">\n\t\t\t\t<div class=\"icon\">\n\t\t\t\t\t<div class=\"icon-inner\" >\n\t\t\t\t\t\t<img loading=\"lazy\" decoding=\"async\" width=\"200\" height=\"200\" src=\"https:\/\/i0.wp.com\/aiviouvapes.com\/wp-content\/uploads\/2024\/08\/save-money-1-1-1.png?fit=200%2C200&amp;ssl=1\" class=\"attachment-medium size-medium\" alt=\"Perch\u00e9 scegliere AIVIOUVAPES\" srcset=\"https:\/\/i0.wp.com\/aiviouvapes.com\/wp-content\/uploads\/2024\/08\/save-money-1-1-1.png?w=200&amp;ssl=1 200w, https:\/\/i0.wp.com\/aiviouvapes.com\/wp-content\/uploads\/2024\/08\/save-money-1-1-1.png?resize=150%2C150&amp;ssl=1 150w, https:\/\/i0.wp.com\/aiviouvapes.com\/wp-content\/uploads\/2024\/08\/save-money-1-1-1.png?resize=12%2C12&amp;ssl=1 12w, https:\/\/i0.wp.com\/aiviouvapes.com\/wp-content\/uploads\/2024\/08\/save-money-1-1-1.png?resize=100%2C100&amp;ssl=1 100w\" sizes=\"auto, (max-width: 200px) 100vw, 200px\" title=\"\">\t\t\t\t\t<\/div>\n\t\t\t\t<\/div>\n\t\t\t<\/div>\n\t\t\t\t<div class=\"icon-box-text last-reset\">\n\t\t\t\t\t\t\t\t\t\n\n\t<div id=\"text-3170887746\" class=\"text\">\n\t\t\n\n<h3 style=\"text-align: center;\">Valore imbattibile<\/h3>\n<p style=\"text-align: center;\">Approfitta di prodotti di alta qualit\u00e0 a prezzi adatti al tuo budget.<\/p>\n\t\t\n<style>\n#text-3170887746 {\n  font-size: 0.9rem;\n}\n<\/style>\n\t<\/div>\n\t\n\n\t\t<\/div>\n\t<\/div>\n\t\n\t\n\n\t\t<\/div>\n\t\t\t\t\t<\/div>\n\n\t\n\n\t<div id=\"col-927419577\" class=\"col medium-3 small-6 large-3\"  >\n\t\t\t\t<div class=\"col-inner text-center\"  >\n\t\t\t\n\t\t\t\n\n\n\t\t<div class=\"icon-box featured-box icon-box-top text-left\"  >\n\t\t\t\t\t<div class=\"icon-box-img\" style=\"width: 90px\">\n\t\t\t\t<div class=\"icon\">\n\t\t\t\t\t<div class=\"icon-inner\" >\n\t\t\t\t\t\t<img loading=\"lazy\" decoding=\"async\" width=\"200\" height=\"200\" src=\"https:\/\/i0.wp.com\/aiviouvapes.com\/wp-content\/uploads\/2024\/08\/delivery-truck-1-1.png?fit=200%2C200&amp;ssl=1\" class=\"attachment-medium size-medium\" alt=\"Perch\u00e9 scegliere AIVIOUVAPES\" srcset=\"https:\/\/i0.wp.com\/aiviouvapes.com\/wp-content\/uploads\/2024\/08\/delivery-truck-1-1.png?w=200&amp;ssl=1 200w, https:\/\/i0.wp.com\/aiviouvapes.com\/wp-content\/uploads\/2024\/08\/delivery-truck-1-1.png?resize=150%2C150&amp;ssl=1 150w, https:\/\/i0.wp.com\/aiviouvapes.com\/wp-content\/uploads\/2024\/08\/delivery-truck-1-1.png?resize=12%2C12&amp;ssl=1 12w, https:\/\/i0.wp.com\/aiviouvapes.com\/wp-content\/uploads\/2024\/08\/delivery-truck-1-1.png?resize=100%2C100&amp;ssl=1 100w\" sizes=\"auto, (max-width: 200px) 100vw, 200px\" title=\"\">\t\t\t\t\t<\/div>\n\t\t\t\t<\/div>\n\t\t\t<\/div>\n\t\t\t\t<div class=\"icon-box-text last-reset\">\n\t\t\t\t\t\t\t\t\t\n\n\t<div id=\"text-1210558326\" class=\"text\">\n\t\t\n\n<h3 style=\"text-align: center;\">Spedizione globale rapida<\/h3>\n<p style=\"text-align: center;\">Effettuiamo consegne in tutto il mondo con sdoganamento garantito per un&#039;esperienza senza intoppi.<\/p>\n\t\t\n<style>\n#text-1210558326 {\n  font-size: 0.9rem;\n}\n<\/style>\n\t<\/div>\n\t\n\n\t\t<\/div>\n\t<\/div>\n\t\n\t\n\n\t\t<\/div>\n\t\t\t\t\t<\/div>\n\n\t\n\n\t<div id=\"col-1264122993\" class=\"col medium-3 small-6 large-3\"  >\n\t\t\t\t<div class=\"col-inner text-center\"  >\n\t\t\t\n\t\t\t\n\n\n\t\t<div class=\"icon-box featured-box icon-box-top text-left\"  >\n\t\t\t\t\t<div class=\"icon-box-img\" style=\"width: 90px\">\n\t\t\t\t<div class=\"icon\">\n\t\t\t\t\t<div class=\"icon-inner\" >\n\t\t\t\t\t\t<img loading=\"lazy\" decoding=\"async\" width=\"200\" height=\"200\" src=\"https:\/\/i0.wp.com\/aiviouvapes.com\/wp-content\/uploads\/2024\/08\/support-1-1.png?fit=200%2C200&amp;ssl=1\" class=\"attachment-medium size-medium\" alt=\"Perch\u00e9 scegliere AIVIOUVAPES\" srcset=\"https:\/\/i0.wp.com\/aiviouvapes.com\/wp-content\/uploads\/2024\/08\/support-1-1.png?w=200&amp;ssl=1 200w, https:\/\/i0.wp.com\/aiviouvapes.com\/wp-content\/uploads\/2024\/08\/support-1-1.png?resize=150%2C150&amp;ssl=1 150w, https:\/\/i0.wp.com\/aiviouvapes.com\/wp-content\/uploads\/2024\/08\/support-1-1.png?resize=12%2C12&amp;ssl=1 12w, https:\/\/i0.wp.com\/aiviouvapes.com\/wp-content\/uploads\/2024\/08\/support-1-1.png?resize=100%2C100&amp;ssl=1 100w\" sizes=\"auto, (max-width: 200px) 100vw, 200px\" title=\"\">\t\t\t\t\t<\/div>\n\t\t\t\t<\/div>\n\t\t\t<\/div>\n\t\t\t\t<div class=\"icon-box-text last-reset\">\n\t\t\t\t\t\t\t\t\t\n\n\t<div id=\"text-755918544\" class=\"text\">\n\t\t\n\n<h3 style=\"text-align: center;\">Assistenza 24 ore su 24<\/h3>\n<p style=\"text-align: center;\">Puoi contattare il nostro team di supporto in qualsiasi momento, 24 ore su 24, 7 giorni su 7, tramite WhatsApp o e-mail.<\/p>\n\t\t\n<style>\n#text-755918544 {\n  font-size: 0.9rem;\n}\n<\/style>\n\t<\/div>\n\t\n\n\t\t<\/div>\n\t<\/div>\n\t\n\t\n\n\t\t<\/div>\n\t\t\t\t\t<\/div>\n\n\t\n\n<\/div>\n<div class=\"row row-full-width align-middle\"  id=\"row-243915939\">\n\n\n\t<div id=\"col-92111012\" class=\"col medium-6 small-12 large-6\"  >\n\t\t\t\t<div class=\"col-inner\"  >\n\t\t\t\n\t\t\t\n\n\t<div class=\"img has-hover x md-x lg-x y md-y lg-y\" id=\"image_204070064\">\n\t\t\t\t\t\t\t\t<div class=\"img-inner dark\" >\n\t\t\t<img loading=\"lazy\" decoding=\"async\" width=\"930\" height=\"1024\" src=\"https:\/\/i0.wp.com\/aiviouvapes.com\/wp-content\/uploads\/2024\/08\/%E6%8B%BC%E5%9B%BE.jpg?fit=930%2C1024&amp;ssl=1\" class=\"attachment-large size-large\" alt=\"Perch\u00e9 scegliere AIVIOUVAPES\" title=\"\">\t\t\t\t\t\t\n\t\t\t\t\t<\/div>\n\t\t\t\t\t\t\t\t\n<style>\n#image_204070064 {\n  width: 100%;\n}\n<\/style>\n\t<\/div>\n\t\n\n\n\t\t<\/div>\n\t\t\t\t\t<\/div>\n\n\t\n\n\t<div id=\"col-2131647126\" class=\"col medium-6 small-12 large-6\"  >\n\t\t\t\t<div class=\"col-inner\"  >\n\t\t\t\n\t\t\t\n\n<div class=\"container section-title-container\" ><h4 class=\"section-title section-title-normal\"><b aria-hidden=\"true\"><\/b><span class=\"section-title-main\" style=\"font-size:91%;\">I nostri vantaggi<\/span><b aria-hidden=\"true\"><\/b><\/h4><\/div>\n\n<div class=\"accordion\">\n\n\t<div id=\"accordion-2183433587\" class=\"accordion-item\">\n\t\t<a id=\"accordion-2183433587-label\" class=\"accordion-title plain\" href=\"#accordion-item-commitment-to-quality\" aria-expanded=\"false\" aria-controls=\"accordion-2183433587-content\">\n\t\t\t<button class=\"toggle\" aria-label=\"Attiva\/Disattiva\"><i class=\"icon-angle-down\" aria-hidden=\"true\"><\/i><\/button>\n\t\t\t<span>Impegno per la qualit\u00e0<\/span>\n\t\t<\/a>\n\t\t<div id=\"accordion-2183433587-content\" class=\"accordion-inner\" aria-labelledby=\"accordion-2183433587-label\">\n\t\t\t\n\n<p>A <a href=\"https:\/\/aiviouvapes.com\/it\/\">AiviouVape<\/a>, la qualit\u00e0 guida tutto ci\u00f2 che facciamo. I nostri vaporizzatori monouso sono realizzati meticolosamente e rigorosamente testati per soddisfare gli standard pi\u00f9 elevati, garantendo un&#039;esperienza di svapo fluida e affidabile ogni volta. Con il nostro impegno per zero difetti e zero reclami, puoi essere certo di ottenere il meglio.<\/p>\n\n\t\t<\/div>\n\t<\/div>\n\t\n\t<div id=\"accordion-2357876498\" class=\"accordion-item\">\n\t\t<a id=\"accordion-2357876498-label\" class=\"accordion-title plain\" href=\"#accordion-item-diverse-range-of-products\" aria-expanded=\"false\" aria-controls=\"accordion-2357876498-content\">\n\t\t\t<button class=\"toggle\" aria-label=\"Attiva\/Disattiva\"><i class=\"icon-angle-down\" aria-hidden=\"true\"><\/i><\/button>\n\t\t\t<span>Una vasta gamma di prodotti<\/span>\n\t\t<\/a>\n\t\t<div id=\"accordion-2357876498-content\" class=\"accordion-inner\" aria-labelledby=\"accordion-2357876498-label\">\n\t\t\t\n\n<p>Siamo orgogliosi di offrire un'ampia gamma di vapers monouso di alta qualit\u00e0 per soddisfare ogni preferenza. Dalle ultime innovazioni ai preferiti dai fan di lunga data, la nostra selezione comprende marchi affidabili come Waspe, Vapme, RandM Tornado, Bang Box, ELF Box e Bang King. Che siate alla ricerca dei sapori audaci di Vapme o del design elegante di RandM Tornado, la nostra collezione \u00e8 stata creata per aiutarvi a scoprire la svapata perfetta per i vostri gusti e il vostro stile di vita.<\/p>\n\n\n\t\t<\/div>\n\t<\/div>\n\t\n\t<div id=\"accordion-3941241382\" class=\"accordion-item\">\n\t\t<a id=\"accordion-3941241382-label\" class=\"accordion-title plain\" href=\"#accordion-item-wholesale-and-retail-solutions\" aria-expanded=\"false\" aria-controls=\"accordion-3941241382-content\">\n\t\t\t<button class=\"toggle\" aria-label=\"Attiva\/Disattiva\"><i class=\"icon-angle-down\" aria-hidden=\"true\"><\/i><\/button>\n\t\t\t<span>Soluzioni per la vendita all'ingrosso e al dettaglio<\/span>\n\t\t<\/a>\n\t\t<div id=\"accordion-3941241382-content\" class=\"accordion-inner\" aria-labelledby=\"accordion-3941241382-label\">\n\t\t\t\n\n<p>AiviouVape soddisfa le esigenze sia dei clienti al dettaglio che di quelli all&#039;ingrosso, offrendo prodotti e servizi eccezionali ogni volta. Se sei nuovo con noi, ti consigliamo di iniziare con un piccolo lotto per sperimentare la nostra qualit\u00e0 in prima persona. Con prezzi competitivi e standard premium, siamo la scelta di fiducia nel settore dello svapo monouso.\u00a0<\/p>\n\n\t\t<\/div>\n\t<\/div>\n\t\n\t<div id=\"accordion-2061212919\" class=\"accordion-item\">\n\t\t<a id=\"accordion-2061212919-label\" class=\"accordion-title plain\" href=\"#accordion-item-continuous-improvement\" aria-expanded=\"false\" aria-controls=\"accordion-2061212919-content\">\n\t\t\t<button class=\"toggle\" aria-label=\"Attiva\/Disattiva\"><i class=\"icon-angle-down\" aria-hidden=\"true\"><\/i><\/button>\n\t\t\t<span>Miglioramento continuo<\/span>\n\t\t<\/a>\n\t\t<div id=\"accordion-2061212919-content\" class=\"accordion-inner\" aria-labelledby=\"accordion-2061212919-label\">\n\t\t\t\n\n<p>Ci\u00f2 che distingue AiviouVape \u00e8 la nostra dedizione a un servizio clienti eccezionale. Che tu abbia bisogno di consigli prima dell&#039;acquisto o di assistenza con un ordine, il nostro team \u00e8 sempre disponibile tramite WhatsApp o e-mail. Ci impegniamo a costruire relazioni durature con i nostri clienti, assicurando la tua soddisfazione in ogni fase del percorso.<\/p>\n\n\t\t<\/div>\n\t<\/div>\n\t\n\t<div id=\"accordion-2491421615\" class=\"accordion-item\">\n\t\t<a id=\"accordion-2491421615-label\" class=\"accordion-title plain\" href=\"#accordion-item-quality-assurance\" aria-expanded=\"false\" aria-controls=\"accordion-2491421615-content\">\n\t\t\t<button class=\"toggle\" aria-label=\"Attiva\/Disattiva\"><i class=\"icon-angle-down\" aria-hidden=\"true\"><\/i><\/button>\n\t\t\t<span>Garanzia di qualit\u00e0<\/span>\n\t\t<\/a>\n\t\t<div id=\"accordion-2491421615-content\" class=\"accordion-inner\" aria-labelledby=\"accordion-2491421615-label\">\n\t\t\t\n\n<p>In ogni fase, sviluppo del prodotto, produzione, marketing e distribuzione, il nostro impegno per la qualit\u00e0 non vacilla mai. I nostri vaporizzatori monouso vengono sottoposti a rigorosi test per garantire che siano atossici, puri e offrano un sapore eccezionale. Questa dedizione all&#039;eccellenza costituisce la spina dorsale della nostra cultura aziendale.<\/p>\n\n\t\t<\/div>\n\t<\/div>\n\t\n\t<div id=\"accordion-1478968859\" class=\"accordion-item\">\n\t\t<a id=\"accordion-1478968859-label\" class=\"accordion-title plain\" href=\"#accordion-item-efficient-logistics-and-delivery\" aria-expanded=\"false\" aria-controls=\"accordion-1478968859-content\">\n\t\t\t<button class=\"toggle\" aria-label=\"Attiva\/Disattiva\"><i class=\"icon-angle-down\" aria-hidden=\"true\"><\/i><\/button>\n\t\t\t<span>Logistica e consegna efficienti<\/span>\n\t\t<\/a>\n\t\t<div id=\"accordion-1478968859-content\" class=\"accordion-inner\" aria-labelledby=\"accordion-1478968859-label\">\n\t\t\t\n\n<p>AiviouVape fornisce logistica e consegna efficienti, inclusi i servizi DDP (Delivered Duty Paid), assicurando uno sdoganamento senza intoppi senza commissioni o tasse. Con una consegna rapida e un&#039;assistenza clienti eccezionale, offriamo un&#039;esperienza fluida e affidabile, rendendoci un partner di fiducia nel settore.<\/p>\n\n\t\t<\/div>\n\t<\/div>\n\t\n\t<div id=\"accordion-3435013574\" class=\"accordion-item\">\n\t\t<a id=\"accordion-3435013574-label\" class=\"accordion-title plain\" href=\"#accordion-item-odm-and-oem-services\" aria-expanded=\"false\" aria-controls=\"accordion-3435013574-content\">\n\t\t\t<button class=\"toggle\" aria-label=\"Attiva\/Disattiva\"><i class=\"icon-angle-down\" aria-hidden=\"true\"><\/i><\/button>\n\t\t\t<span>Servizi ODM e OEM<\/span>\n\t\t<\/a>\n\t\t<div id=\"accordion-3435013574-content\" class=\"accordion-inner\" aria-labelledby=\"accordion-3435013574-label\">\n\t\t\t\n\n<p>AiviouVapes offre servizi completi ODM (Original Design Manufacturing) e OEM (Original Equipment Manufacturing). Con due grandi strutture, aiutiamo i clienti a progettare prodotti unici e loghi accattivanti per il packaging. Forniamo inoltre una guida gratuita alla progettazione del packaging e supportiamo i clienti che confezionano i propri prodotti, assicurando che il loro marchio brilli sul mercato.<\/p>\n\n\t\t<\/div>\n\t<\/div>\n\t\n\n<\/div>\n\n\t\t<\/div>\n\t\t\t\t\t<\/div>\n\n\t\n\n<\/div>","protected":false},"excerpt":{"rendered":"<p>VAPME SHISHA PRO MAX offre fino a 20.000 soffi, un serbatoio di e-liquid da 28 ml e una batteria ricaricabile da 650 mAh. Scegliete tra 24 sapori vivaci per un'esperienza di svapo senza problemi e di lunga durata, perfetta sia per il piacere personale che per la vendita all'ingrosso.<\/p>","protected":false},"featured_media":9307,"comment_status":"open","ping_status":"closed","template":"","meta":[],"product_brand":[233],"product_cat":[20,129,90,117,76,134,135,133,136,137,146,138,139,140,141,142,143,144,145,573,572,132,77,82],"product_tag":[],"class_list":{"0":"post-9306","1":"product","2":"type-product","3":"status-publish","4":"has-post-thumbnail","6":"product_brand-vapme","7":"product_cat-vapme-vapes","8":"product_cat-20000-puffs-disposable-vape","9":"product_cat-big-puffs-vapes","10":"product_cat-different-puffs-of-diposable-vapes","11":"product_cat-disposable-vape-types","12":"product_cat-disposable-vapes-in-austria","13":"product_cat-disposable-vapes-in-belgium","14":"product_cat-disposable-vapes-in-europe","15":"product_cat-disposable-vapes-in-france","16":"product_cat-disposable-vapes-in-germany","17":"product_cat-disposable-vapes-in-hungary","18":"product_cat-disposable-vapes-in-ltaly","19":"product_cat-disposable-vapes-in-netherlands","20":"product_cat-disposable-vapes-in-norway","21":"product_cat-disposable-vapes-in-poland","22":"product_cat-disposable-vapes-in-portugal","23":"product_cat-disposable-vapes-in-spain","24":"product_cat-disposable-vapes-in-sweden","25":"product_cat-disposable-vapes-in-switzerland","26":"product_cat-new-3","27":"product_cat-new-2","28":"product_cat-rechargeable-vapes","29":"product_cat-shisha-hookah-vapes","30":"product_cat-smart-screen-vapes","32":"first","33":"instock","34":"shipping-taxable","35":"purchasable","36":"product-type-variable","37":"has-default-attributes"},"jetpack_sharing_enabled":true,"tiered_pricing_type":"fixed","tiered_pricing_fixed_rules":{"2000":5.88999999999999968025576890795491635799407958984375},"tiered_pricing_product_settings":{"layout":"default","base_unit_name":{"singular":null,"plural":null},"default_variation":null},"tiered_pricing_minimum_quantity":1000,"tiered_pricing_roles_data":[],"tiered_pricing_percentage_rules":[],"tiered_pricing_maximum_quantity":null,"tiered_pricing_quantity_step":"10","_links":{"self":[{"href":"https:\/\/aiviouvapes.com\/it\/wp-json\/wp\/v2\/product\/9306","targetHints":{"allow":["GET"]}}],"collection":[{"href":"https:\/\/aiviouvapes.com\/it\/wp-json\/wp\/v2\/product"}],"about":[{"href":"https:\/\/aiviouvapes.com\/it\/wp-json\/wp\/v2\/types\/product"}],"replies":[{"embeddable":true,"href":"https:\/\/aiviouvapes.com\/it\/wp-json\/wp\/v2\/comments?post=9306"}],"wp:featuredmedia":[{"embeddable":true,"href":"https:\/\/aiviouvapes.com\/it\/wp-json\/wp\/v2\/media\/9307"}],"wp:attachment":[{"href":"https:\/\/aiviouvapes.com\/it\/wp-json\/wp\/v2\/media?parent=9306"}],"wp:term":[{"taxonomy":"product_brand","embeddable":true,"href":"https:\/\/aiviouvapes.com\/it\/wp-json\/wp\/v2\/product_brand?post=9306"},{"taxonomy":"product_cat","embeddable":true,"href":"https:\/\/aiviouvapes.com\/it\/wp-json\/wp\/v2\/product_cat?post=9306"},{"taxonomy":"product_tag","embeddable":true,"href":"https:\/\/aiviouvapes.com\/it\/wp-json\/wp\/v2\/product_tag?post=9306"}],"curies":[{"name":"wp","href":"https:\/\/api.w.org\/{rel}","templated":true}]}}