{"id":91105,"date":"2025-12-08T23:17:17","date_gmt":"2025-12-08T15:17:17","guid":{"rendered":"https:\/\/aiviouvapes.com\/?post_type=product&#038;p=91105"},"modified":"2026-03-17T11:24:22","modified_gmt":"2026-03-17T03:24:22","slug":"bang-leader-85k","status":"publish","type":"product","link":"https:\/\/aiviouvapes.com\/it\/product\/bang-leader-85k\/","title":{"rendered":"Bang Leader 85K | 3-in-1 triplo sapore, 85000 boccate, 70ml, vape monouso sfuso"},"content":{"rendered":"<p>Presentazione del <strong>Bang Leader 85000 boccate<\/strong>, una rivoluzionaria sigaretta elettronica usa e getta progettata per chi vuole di pi\u00f9. Non si tratta di una sigaretta elettronica standard, ma di un dispositivo potente e di grande capacit\u00e0, costruito per garantire longevit\u00e0 e soddisfazione. Con un incredibile <strong>Serbatoio e-liquid da 70 ml<\/strong> e un robusto <strong>Batteria ricaricabile da 850 mAh<\/strong>, Questo dispositivo ti permette di dedicare pi\u00f9 tempo allo svapo e meno tempo a preoccuparti che si esaurisca. \ud83d\udd0b\u2728<\/p>\n<p>La caratteristica distintiva \u00e8 l'innovativo <strong>Sistema aromatico 3 in 1<\/strong>. Stanco dello stesso gusto? Basta cambiare le impostazioni per goderti tre diversi gusti premium in un unico dispositivo! Progettato con un <strong>Bobina a maglie da 1,0\u03a9<\/strong>, offre un vapore costante, morbido e ricco dal primo all'ultimo tiro. Perfetto per <strong>proprietari di negozi di sigarette elettroniche<\/strong> alla ricerca di un articolo molto venduto o di grandi consumatori di sigarette elettroniche che cercano un buon rapporto qualit\u00e0-prezzo. \ud83c\udfc6\ud83d\udce6<\/p>\n<h3>\ud83c\udf1f Perch\u00e9 scegliere Bang Leader 85000?<\/h3>\n<ul>\n<li><strong>\ud83d\udd04 Tecnologia del gusto 3 in 1:<\/strong> Goditi tre gusti distinti in un unico dispositivo compatto. Cambia istantaneamente in base al tuo umore!<\/li>\n<li><strong>\ud83d\udca7 Capacit\u00e0 enorme di 70 ml:<\/strong> Una delle capacit\u00e0 pi\u00f9 elevate sul mercato, con ben 85.000 boccate.<\/li>\n<li><strong>\u26a1 Ricaricabile Type-C:<\/strong> La ricarica rapida tramite la porta Type-C assicura che la batteria da 850 mAh sia sempre pronta all'uso.<\/li>\n<li><strong>\u2601\ufe0f Bobina a maglia avanzata:<\/strong> La resistenza mesh da 1,0 \u03a9 garantisce una maggiore purezza del sapore e una produzione di vapore denso.<\/li>\n<li><strong>\ud83c\udf9a\ufe0f Opzioni flessibili di nicotina:<\/strong> Disponibile nei modelli 0%, 2%, 3% e 5% per soddisfare le preferenze di ogni cliente.<\/li>\n<\/ul>\n<h3>\ud83d\udcca Specifiche Bang Leader 85K<\/h3>\n<table>\n<thead>\n<tr>\n<th align=\"left\">Caratteristica<\/th>\n<th align=\"left\">Dettagli<\/th>\n<\/tr>\n<\/thead>\n<tbody>\n<tr>\n<td><strong>Conteggio dei soffi<\/strong><\/td>\n<td>Fino a 85.000 boccate<\/td>\n<\/tr>\n<tr>\n<td><strong>Capacit\u00e0 del liquido elettronico<\/strong><\/td>\n<td>70 ml<\/td>\n<\/tr>\n<tr>\n<td><strong>Sistema di aromatizzazione<\/strong><\/td>\n<td>Interruttore triplo 3 in 1<\/td>\n<\/tr>\n<tr>\n<td><strong>Batteria<\/strong><\/td>\n<td>850 mAh (ricaricabile)<\/td>\n<\/tr>\n<tr>\n<td><strong>Ricarica<\/strong><\/td>\n<td>Porta Type-C<\/td>\n<\/tr>\n<tr>\n<td><strong>Bobina<\/strong><\/td>\n<td>Bobina a maglie da 1,0\u03a9<\/td>\n<\/tr>\n<tr>\n<td><strong>Forza della nicotina<\/strong><\/td>\n<td>0% (0 mg), 2% (20 mg), 3% (30 mg), 5% (50 mg)<\/td>\n<\/tr>\n<\/tbody>\n<\/table>\n<h3>\ud83c\udf6d Bang Leader 85K combinazioni di gusti (3 gusti per dispositivo)<\/h3>\n<p>Ogni dispositivo Leader Bang \u00e8 ricco di tre gusti appetitosi. Scegliete il vostro mix preferito:<\/p>\n<ul>\n<li>\ud83c\udf4c <strong>Miscela 1:<\/strong> Banana ghiacciata \/ Fragola e anguria \/ Orsetti gommosi<\/li>\n<li>\ud83d\udc09 <strong>Miscela 2:<\/strong> Ghiaccio del Drago Nero \/ Marshmallow \/ Sogno d'estate<\/li>\n<li>\ud83e\uded0 <strong>Miscela 3:<\/strong> Mirtillo ghiacciato \/ Lampone blu \/ Pera profumata<\/li>\n<li>\ud83c\udf4d <strong>Miscela 4:<\/strong> Ciliegia e mirtillo rosso \/ Pesca e mango \/ Ananas<\/li>\n<li>\ud83e\udd64 <strong>Miscela 5:<\/strong> Coca Cola Ice \/ Mela e Pesca \/ Limonata Rosa<\/li>\n<li>\ud83e\udd5d <strong>Mix 6:<\/strong> Uva ghiacciata \/ Fragola e kiwi \/ Guava e frutto della passione<\/li>\n<li>\ud83d\udc9c <strong>Mix 7:<\/strong> Amore 666 \/ Mirtillo Lampone \/ Vimto<\/li>\n<li>\ud83c\udf79 <strong>Mix 8:<\/strong> Frutta mista \/ Mojito Pesca \/ Mirtillo Lampone<\/li>\n<li>\ud83c\udf53 <strong>Mix 9:<\/strong> Ananas ghiacciato \/ Red Bull alla fragola \/ Frutti di bosco misti<\/li>\n<li>\ud83c\udf4e <strong>Mix 10:<\/strong> Mela rossa ghiacciata \/ Lampone e anguria \/ Aloe e uva<\/li>\n<li>\ud83c\udf66 <strong>Mix 11:<\/strong> Red Bull \/ Acqua di mirtillo e anguria \/ Gelato alla fragola<\/li>\n<li>\ud83c\udf4a <strong>Mix 12:<\/strong> Gelato alla fragola \/ Limone e arancia \/ Gomma da masticare al gusto anguria<\/li>\n<li>\ud83c\udf4c <strong>Mix 13:<\/strong> Fragola Lampone \/ Ribes Nero \/ Fragola Banana<\/li>\n<li>\ud83c\udf52 <strong>Mix 14:<\/strong> Anguria alla fragola \/ Coca-Cola alla ciliegia \/ Crema alla fragola<\/li>\n<li>\ud83e\udd6d <strong>Mix 15:<\/strong> Acqua ghiacciata all'anguria \/ Mango e pesca \/ Aranciata<\/li>\n<\/ul>\n<p><strong>Bang Leader 85000 boccate<\/strong> stabilisce un nuovo standard per le sigarette elettroniche usa e getta. \u00c8 perfettamente adatto per <strong>utenti assidui<\/strong> che desiderano la praticit\u00e0 senza compromessi, e <strong>cacciatori di sapori<\/strong> che amano la variet\u00e0. Per <strong>rivenditori e grossisti<\/strong>, Questo dispositivo multi-gusto ad alte prestazioni \u00e8 un articolo indispensabile che attira i clienti alla ricerca del miglior rapporto qualit\u00e0-prezzo e delle tecnologie pi\u00f9 avanzate. Aggiorna oggi stesso il tuo inventario! \ud83d\ude80\ud83d\uded2<\/p>\n<h3>\u2753 Domande frequenti (FAQ)<\/h3>\n<p><strong>D: Come posso cambiare i gusti sul modello Bang Leader 85K?<\/strong><br \/>\nR: Il dispositivo \u00e8 dotato di un semplice meccanismo a interruttore che consente di passare da un serbatoio all'altro tra i tre serbatoi separati presenti all'interno. \ud83d\udd00<\/p>\n<p><strong>D: La batteria \u00e8 ricaricabile?<\/strong><br \/>\nR: S\u00ec! \u00c8 dotato di una batteria da 850 mAh che pu\u00f2 essere facilmente ricaricata utilizzando un cavo di ricarica standard di tipo C. \ud83d\udd0c<\/p>\n<p><strong>D: Questo prodotto \u00e8 adatto alla distribuzione all'ingrosso?<\/strong><br \/>\nR: Assolutamente s\u00ec. L'esclusivo punto di forza 3 in 1 e l'elevato numero di boccate lo rendono un prodotto molto interessante per gli acquirenti B2B e i negozi di sigarette elettroniche. \ud83c\udfed<\/p>\n<p><strong>D: Quanto durano 85.000 boccate?<\/strong><br \/>\nR: Con 70 ml di liquido, questo dispositivo pu\u00f2 durare diverse settimane a seconda delle abitudini di utilizzo, rendendolo estremamente conveniente. \ud83d\uddd3\ufe0f<\/p>","protected":false},"excerpt":{"rendered":"<p>85.000 boccate, cambio di gusto 3 in 1 e capacit\u00e0 di 70 ml! Il Bang Leader 85K \u00e8 il vaporizzatore ricaricabile a lunga durata definitivo per grossisti e amanti dei gusti. \ud83c\udf2c\ufe0f\ud83d\udca8<\/p>","protected":false},"featured_media":91116,"comment_status":"open","ping_status":"closed","template":"","meta":[],"product_brand":[239],"product_cat":[336,242,37],"product_tag":[443,444,442,445,433],"class_list":{"0":"post-91105","1":"product","2":"type-product","3":"status-publish","4":"has-post-thumbnail","6":"product_brand-bang","7":"product_cat-100k-puffs-disposable-vape","8":"product_cat-60000-puffs-disposable-vape","9":"product_cat-bang","10":"product_tag-3-in-1-flavor-vape","11":"product_tag-85000-puffs-disposable","12":"product_tag-bang-leader-85000-puffs","13":"product_tag-bang-vape-wholesale","14":"product_tag-rechargeable-vape","16":"first","17":"instock","18":"shipping-taxable","19":"purchasable","20":"product-type-variable","21":"has-default-attributes"},"jetpack_sharing_enabled":true,"tiered_pricing_type":"fixed","tiered_pricing_fixed_rules":{"30":9.07000000000000028421709430404007434844970703125,"50":7.519999999999999573674358543939888477325439453125,"100":7,"200":6.61000000000000031974423109204508364200592041015625,"400":5.8300000000000000710542735760100185871124267578125},"tiered_pricing_product_settings":{"layout":"default","base_unit_name":{"singular":null,"plural":null},"default_variation":null},"tiered_pricing_minimum_quantity":10,"tiered_pricing_roles_data":[],"tiered_pricing_percentage_rules":[],"tiered_pricing_maximum_quantity":null,"tiered_pricing_quantity_step":"10","_links":{"self":[{"href":"https:\/\/aiviouvapes.com\/it\/wp-json\/wp\/v2\/product\/91105","targetHints":{"allow":["GET"]}}],"collection":[{"href":"https:\/\/aiviouvapes.com\/it\/wp-json\/wp\/v2\/product"}],"about":[{"href":"https:\/\/aiviouvapes.com\/it\/wp-json\/wp\/v2\/types\/product"}],"replies":[{"embeddable":true,"href":"https:\/\/aiviouvapes.com\/it\/wp-json\/wp\/v2\/comments?post=91105"}],"wp:featuredmedia":[{"embeddable":true,"href":"https:\/\/aiviouvapes.com\/it\/wp-json\/wp\/v2\/media\/91116"}],"wp:attachment":[{"href":"https:\/\/aiviouvapes.com\/it\/wp-json\/wp\/v2\/media?parent=91105"}],"wp:term":[{"taxonomy":"product_brand","embeddable":true,"href":"https:\/\/aiviouvapes.com\/it\/wp-json\/wp\/v2\/product_brand?post=91105"},{"taxonomy":"product_cat","embeddable":true,"href":"https:\/\/aiviouvapes.com\/it\/wp-json\/wp\/v2\/product_cat?post=91105"},{"taxonomy":"product_tag","embeddable":true,"href":"https:\/\/aiviouvapes.com\/it\/wp-json\/wp\/v2\/product_tag?post=91105"}],"curies":[{"name":"wp","href":"https:\/\/api.w.org\/{rel}","templated":true}]}}