{"id":75192,"date":"2025-10-20T15:11:38","date_gmt":"2025-10-20T07:11:38","guid":{"rendered":"https:\/\/aiviouvapes.com\/?post_type=product&#038;p=75192"},"modified":"2026-04-17T13:00:36","modified_gmt":"2026-04-17T05:00:36","slug":"vopk-four-flavors-80k-puffs-4-in-1-adjustable-flavor-bulk-disposable-vape","status":"publish","type":"product","link":"https:\/\/aiviouvapes.com\/it\/product\/vopk-four-flavors-80k-puffs-4-in-1-adjustable-flavor-bulk-disposable-vape\/","title":{"rendered":"Vopk Quattro Aromi 80K Puffs | 4-in-1 sapore regolabile vape sfuso monouso"},"content":{"rendered":"<h2>Vopk Quattro Aromi 80K Puffs | 4-in-1 sapore regolabile vape sfuso monouso<\/h2>\n<p><!-- Long-Form Product Description --><\/p>\n<p><strong>Vopk Quattro Gusti 80K Bign\u00e8<\/strong> La svapata monouso \u00e8 stata progettata per gli amanti dei sapori e per i forti consumatori. Con quattro aromi regolabili in un unico dispositivo, una batteria ricaricabile da 650 mAh e un'impressionante capacit\u00e0 di 80.000 puff, \u00e8 ideale per i vape shop, i grossisti e gli appassionati che cercano esperienze di svapo di alta qualit\u00e0.<\/p>\n<p><!-- Why Choose Section --><\/p>\n<h3>Perch\u00e9 scegliere Vopk Four Flavors 80K Puffs? \ud83e\udd29<\/h3>\n<ul>\n<li>\ud83d\udca8 Fino a 80.000 boccate - di lunga durata e perfetto per i consumatori pi\u00f9 esigenti<\/li>\n<li>\ud83c\udfa8 4 gusti regolabili: passate da un gusto all'altro in qualsiasi momento per una variet\u00e0 assoluta<\/li>\n<li>\ud83d\udd0b Batteria ricaricabile da 650 mAh con ricarica USB Type-C per la massima comodit\u00e0<\/li>\n<li>\ud83c\udf00 0.9\u03a9 mesh coil - offre nuvole uniformi e un sapore intenso<\/li>\n<li>\ud83d\udcf1 Display a LED: facile monitoraggio della batteria e del numero di soffi<\/li>\n<li>\ud83d\udce6 Confezione sfusa - 10 pezzi per confezione, ideale per la vendita all'ingrosso o al dettaglio<\/li>\n<li>\ud83c\udf08 10 combinazioni di sapori unici per soddisfare ogni preferenza di gusto<\/li>\n<\/ul>\n<p><!-- Specifications Table --><\/p>\n<h3>Specifiche \u2699\ufe0f<\/h3>\n<table>\n<tbody>\n<tr>\n<th>Caratteristica<\/th>\n<th>Dettagli<\/th>\n<\/tr>\n<tr>\n<td>Conteggio dei soffi<\/td>\n<td>Fino a 80.000 soffi<\/td>\n<\/tr>\n<tr>\n<td>Forza della nicotina<\/td>\n<td>2% \/ 5%<\/td>\n<\/tr>\n<tr>\n<td>Modalit\u00e0 di sapore<\/td>\n<td>4 gusti regolabili<\/td>\n<\/tr>\n<tr>\n<td>Batteria<\/td>\n<td>650mAh ricaricabile<\/td>\n<\/tr>\n<tr>\n<td>Bobina<\/td>\n<td>Bobina con maglia da 0,9\u03a9<\/td>\n<\/tr>\n<tr>\n<td>Display a LED<\/td>\n<td>S\u00ec<\/td>\n<\/tr>\n<tr>\n<td>Porta di ricarica<\/td>\n<td>USB di tipo C<\/td>\n<\/tr>\n<tr>\n<td>Imballaggio<\/td>\n<td>10 pezzi\/confezione<\/td>\n<\/tr>\n<\/tbody>\n<\/table>\n<p><!-- Flavors Section --><\/p>\n<h3>Aromi \ud83c\udf53\ud83c\udf79<\/h3>\n<p>Esplora 10 deliziose combinazioni di sapori, ognuna delle quali offre 4 sapori in un unico dispositivo:<\/p>\n<ul>\n<li>Ghiaccio all'anguria \/ Ghiaccio al triplo melone \/ Ghiaccio al razz blu \/ Gelato alla fragola<\/li>\n<li>Mirtillo lampone \/ Fuji Ice \/ Bacca mista \/ Caramella al cocco e mirtillo<\/li>\n<li>Anguria alla fragola \/ Mirtillo rosso d'uva \/ Ghiaccio al mango \/ Caramella alla fragola e lampone<\/li>\n<li>Red Bull Ice \/ Passion Fruit Kiwi Lime \/ Sour Apple Raspberry \/ Strawberry Watermelon Bubblegum<\/li>\n<li>Ghiaccio al mirtillo \/ Anguria alla pesca e al mango \/ Mela al melone \/ Ghiaccio alla ciliegia Fizzy<\/li>\n<li>Mango alla fragola \/ Kiwi alla fragola \/ Frutto del drago all'anguria \/ Orso gommoso<\/li>\n<li>Love 66 \/ Anguria al lampone \/ Fragola lampone ciliegia \/ Ciliegia Candy Ice<\/li>\n<li>Fragola Banana \/ Ananas Cocco Ghiaccio \/ Mango Pesca Albicocca \/ Aloe Mango Melone<\/li>\n<li>Caramelle arcobaleno \/ Pesca ghiacciata \/ Arancia acida al limone \/ Mirtillo rosso al limone<\/li>\n<li>Kiwi Frutto della Passione Guava \/ Fragola Ciliegia \/ Uva Ghiaccio \/ Fragola Candy<\/li>\n<\/ul>\n<p><!-- Conclusion --><\/p>\n<p>Perfetta per gli utilizzatori pi\u00f9 assidui, gli amanti dei sapori, i vape shop e la distribuzione all'ingrosso, la <strong>Vopk Quattro Gusti 80K Bign\u00e8<\/strong> offre convenienza, variet\u00e0 e prestazioni di vaping ineguagliabili. \ud83d\udca5\ud83c\udf79<\/p>\n<p><!-- FAQ Section --><\/p>\n<h3>FAQ \u2753<\/h3>\n<ul>\n<li><strong>Q:<\/strong> Posso cambiare aroma durante l'uso?<br \/>\n<strong>A:<\/strong> S\u00ec! Il sistema di regolazione del gusto 4 in 1 permette di gustare sapori diversi in qualsiasi momento. \ud83c\udfa8<\/li>\n<li><strong>Q:<\/strong> Quante boccate supporta la batteria?<br \/>\n<strong>A:<\/strong> Con una batteria ricaricabile da 650 mAh, potrete godere di un vaping prolungato e di una facile ricarica tramite USB Type-C. \ud83d\udd0b<\/li>\n<li><strong>Q:<\/strong> Questo dispositivo \u00e8 ricaricabile?<br \/>\n<strong>A:<\/strong> No, \u00e8 monouso ma ricaricabile per un uso prolungato. \u267b\ufe0f<\/li>\n<li><strong>Q:<\/strong> Quanti pezzi ci sono in una confezione?<br \/>\n<strong>A:<\/strong> Ogni confezione contiene 10 pezzi, perfetti per la vendita all'ingrosso e al dettaglio. \ud83d\udce6<\/li>\n<li><strong>Q:<\/strong> A chi \u00e8 destinata questa svapata?<br \/>\n<strong>A:<\/strong> Ideale per i forti consumatori, gli amanti dei sapori, i vape shop e i distributori. \ud83c\udf08<\/li>\n<\/ul>","protected":false},"excerpt":{"rendered":"<p>\ud83d\udca8 Godetevi fino a 80.000 boccate con la svapata monouso Vopk Four Flavors! 4 aromi regolabili, ricaricabili e perfetti per i forti consumatori o per i distributori di vape all'ingrosso. \ud83c\udf49\ud83c\udf53<\/p>","protected":false},"featured_media":75260,"comment_status":"open","ping_status":"closed","template":"","meta":[],"product_brand":[245],"product_cat":[39,137,146,138,141,143],"product_tag":[351,349,352,331,350],"class_list":{"0":"post-75192","1":"product","2":"type-product","3":"status-publish","4":"has-post-thumbnail","6":"product_brand-vopk","7":"product_cat-vopk","8":"product_cat-disposable-vapes-in-germany","9":"product_cat-disposable-vapes-in-hungary","10":"product_cat-disposable-vapes-in-ltaly","11":"product_cat-disposable-vapes-in-poland","12":"product_cat-disposable-vapes-in-spain","13":"product_tag-4-in-1-flavor-vape","14":"product_tag-bulk-disposable-vape","15":"product_tag-heavy-user-vape-device","16":"product_tag-rechargeable-disposable-vape","17":"product_tag-vopk-80k-puffs","19":"first","20":"instock","21":"shipping-taxable","22":"purchasable","23":"product-type-variable","24":"has-default-attributes"},"jetpack_sharing_enabled":true,"tiered_pricing_type":"fixed","tiered_pricing_fixed_rules":[],"tiered_pricing_product_settings":{"layout":"default","base_unit_name":{"singular":null,"plural":null},"default_variation":null},"tiered_pricing_minimum_quantity":1000,"tiered_pricing_roles_data":[],"tiered_pricing_percentage_rules":[],"tiered_pricing_maximum_quantity":null,"tiered_pricing_quantity_step":"10","_links":{"self":[{"href":"https:\/\/aiviouvapes.com\/it\/wp-json\/wp\/v2\/product\/75192","targetHints":{"allow":["GET"]}}],"collection":[{"href":"https:\/\/aiviouvapes.com\/it\/wp-json\/wp\/v2\/product"}],"about":[{"href":"https:\/\/aiviouvapes.com\/it\/wp-json\/wp\/v2\/types\/product"}],"replies":[{"embeddable":true,"href":"https:\/\/aiviouvapes.com\/it\/wp-json\/wp\/v2\/comments?post=75192"}],"wp:featuredmedia":[{"embeddable":true,"href":"https:\/\/aiviouvapes.com\/it\/wp-json\/wp\/v2\/media\/75260"}],"wp:attachment":[{"href":"https:\/\/aiviouvapes.com\/it\/wp-json\/wp\/v2\/media?parent=75192"}],"wp:term":[{"taxonomy":"product_brand","embeddable":true,"href":"https:\/\/aiviouvapes.com\/it\/wp-json\/wp\/v2\/product_brand?post=75192"},{"taxonomy":"product_cat","embeddable":true,"href":"https:\/\/aiviouvapes.com\/it\/wp-json\/wp\/v2\/product_cat?post=75192"},{"taxonomy":"product_tag","embeddable":true,"href":"https:\/\/aiviouvapes.com\/it\/wp-json\/wp\/v2\/product_tag?post=75192"}],"curies":[{"name":"wp","href":"https:\/\/api.w.org\/{rel}","templated":true}]}}