{"id":75135,"date":"2025-10-20T15:04:33","date_gmt":"2025-10-20T07:04:33","guid":{"rendered":"https:\/\/aiviouvapes.com\/?post_type=product&#038;p=75135"},"modified":"2026-03-17T13:57:23","modified_gmt":"2026-03-17T05:57:23","slug":"uwin-tornado-triple-60k-puffs-3-in-1-adjustable-flavor-disposable-vape-for-wholesalers","status":"publish","type":"product","link":"https:\/\/aiviouvapes.com\/it\/product\/uwin-tornado-triple-60k-puffs-3-in-1-adjustable-flavor-disposable-vape-for-wholesalers\/","title":{"rendered":"Uwin Tornado Triple 60K Puffs | 3-in-1 sapore regolabile vape usa e getta per grossisti"},"content":{"rendered":"<h2>Uwin Tornado Triple 60K Puffs | 3-in-1 sapore regolabile vape usa e getta per grossisti<\/h2>\n<p><!-- Long-Form Product Description --><\/p>\n<p><strong>Uwin Tornado Triplo 60K Soffi<\/strong> \u00e8 la svapata monouso di ultima generazione, progettata per gli amanti dei sapori e per i consumatori pi\u00f9 esigenti. Con tre aromi regolabili in un unico dispositivo, una batteria ricaricabile e un'enorme capacit\u00e0 di svapo, \u00e8 perfetta per i vape shop, i grossisti e gli appassionati che cercano un vaping ad alte prestazioni.<\/p>\n<p><!-- Why Choose Section --><\/p>\n<h3>Perch\u00e9 scegliere Uwin Tornado Triple 60K Puffs? \ud83e\udd29<\/h3>\n<ul>\n<li>\ud83d\udca8 Fino a 60.000 boccate: costruito per un uso intensivo e un divertimento duraturo<\/li>\n<li>\ud83c\udfa8 Triplo gusto regolabile: passa da un gusto all'altro in qualsiasi momento<\/li>\n<li>\ud83d\udd0b Batteria ricaricabile da 650 mAh con ricarica Type-C per un vaping continuo<\/li>\n<li>\ud83c\udf00 Bobina a tripla maglia - offre un sapore ricco e nuvole dense ad ogni boccata<\/li>\n<li>\ud83d\udcf1 Schermo a LED: facile monitoraggio della batteria e del numero di respiri<\/li>\n<li>\ud83d\udce6 Confezione sfusa - 10 pezzi\/confezione, perfetta per la vendita all'ingrosso e al dettaglio<\/li>\n<li>\ud83c\udf08 12 combinazioni di sapori unici per soddisfare ogni preferenza di gusto<\/li>\n<\/ul>\n<p><!-- Specifications Table --><\/p>\n<h3>Specifiche \u2699\ufe0f<\/h3>\n<table>\n<tbody>\n<tr>\n<th>Caratteristica<\/th>\n<th>Dettagli<\/th>\n<\/tr>\n<tr>\n<td>Forza della nicotina<\/td>\n<td>2% \/ 3% \/ 5%<\/td>\n<\/tr>\n<tr>\n<td>Conteggio dei soffi<\/td>\n<td>Fino a 60.000 soffi<\/td>\n<\/tr>\n<tr>\n<td>Modalit\u00e0 di sapore<\/td>\n<td>3 gusti regolabili<\/td>\n<\/tr>\n<tr>\n<td>Serbatoio dell'olio<\/td>\n<td>3 serbatoi<\/td>\n<\/tr>\n<tr>\n<td>Batteria<\/td>\n<td>650mAh ricaricabile<\/td>\n<\/tr>\n<tr>\n<td>Bobina<\/td>\n<td>Bobina a tripla maglia<\/td>\n<\/tr>\n<tr>\n<td>Schermo LED<\/td>\n<td>S\u00ec<\/td>\n<\/tr>\n<tr>\n<td>Porta di ricarica<\/td>\n<td>Tipo-C<\/td>\n<\/tr>\n<tr>\n<td>Imballaggio<\/td>\n<td>10 pezzi\/confezione<\/td>\n<\/tr>\n<\/tbody>\n<\/table>\n<p><!-- Flavors Section --><\/p>\n<h3>Aromi \ud83c\udf53\ud83c\udf79<\/h3>\n<p>Scegliete tra 12 appetitose combinazioni a triplo gusto:<\/p>\n<ul>\n<li>Ghiaccio alla ciliegia e fragola Red Bull e lampone al mirtillo<\/li>\n<li>Ghiaccio al mirtillo e anguria alla fragola e ghiaccio al lampone e ciliegia alla fragola<\/li>\n<li>Limonata rosa e ghiaccio alla vaniglia e caramelle alla fragola e lampone<\/li>\n<li>Fragola Kiwi e Amore 66 (Melone frutto della passione) e Ghiaccio Blu Razz<\/li>\n<li>Limone, lime e fragola Banana e frutta mista<\/li>\n<li>Ghiaccio all'anguria &amp; Ghiaccio alla cola &amp; Mr Blue<\/li>\n<li>Ghiaccio alla pesca estiva, lampone e fragola Red Bull<\/li>\n<li>Kiwi Frutto della passione Guava e pesca Mango e lampone Anguria<\/li>\n<li>Red Bull &amp; Cherry Ice &amp; Lemon Lime<\/li>\n<li>Ghiaccio alla fragola, ghiaccio alla pesca estiva e ghiaccio all'uva<\/li>\n<li>Ghiaccio misto ai frutti di bosco e al frutto del drago e Gomma da masticare all'anguria e alla fragola<\/li>\n<li>Ciliegia Cola e Fragola Vaniglia Cola e Uva Bacca<\/li>\n<\/ul>\n<p><!-- Conclusion --><\/p>\n<p>Perfetto per gli utilizzatori intensivi, gli appassionati di aromi, i vape shop e la distribuzione all'ingrosso, il <strong>Uwin Tornado Triplo 60K Soffi<\/strong> garantisce un'esperienza di vaping indimenticabile con convenienza, variet\u00e0 e affidabilit\u00e0. \ud83d\udca5\ud83c\udf79<\/p>\n<p><!-- FAQ Section --><\/p>\n<h3>FAQ \u2753<\/h3>\n<ul>\n<li><strong>Q:<\/strong> Quanto dura la batteria?<br \/>\n<strong>A:<\/strong> Con una batteria ricaricabile da 650 mAh, godetevi il vaping continuo e la facile ricarica Type-C. \ud83d\udd0b<\/li>\n<li><strong>Q:<\/strong> Posso cambiare aroma durante l'uso?<br \/>\n<strong>A:<\/strong> S\u00ec! Il sistema di regolazione dell'aroma 3 in 1 consente di cambiare aroma all'istante. \ud83c\udfa8<\/li>\n<li><strong>Q:<\/strong> Questo dispositivo \u00e8 ricaricabile?<br \/>\n<strong>A:<\/strong> No, \u00e8 un dispositivo monouso ma ricaricabile per un uso prolungato. \u267b\ufe0f<\/li>\n<li><strong>Q:<\/strong> Quanti pezzi per confezione?<br \/>\n<strong>A:<\/strong> Ogni confezione contiene 10 pezzi, ideali per la vendita all'ingrosso o al dettaglio. \ud83d\udce6<\/li>\n<li><strong>Q:<\/strong> A chi \u00e8 destinato questo prodotto?<br \/>\n<strong>A:<\/strong> Utenti forti, cacciatori di aromi, vape shop e distributori alla ricerca di vapes monouso di alta qualit\u00e0. \ud83c\udf08<\/li>\n<\/ul>","protected":false},"excerpt":{"rendered":"<p>\ud83d\udd25 Provate fino a 60.000 boccate con il Tornado Triple Uwin! Sistema regolabile a 3 gusti, ricaricabile e perfetto per gli utenti pi\u00f9 esigenti o per i distributori di vape. \ud83c\udf53\ud83c\udf52<\/p>","protected":false},"featured_media":75144,"comment_status":"open","ping_status":"closed","template":"","meta":[],"product_brand":[247],"product_cat":[224,137,146,138,141,143],"product_tag":[354,353,356,357,355],"class_list":{"0":"post-75135","1":"product","2":"type-product","3":"status-publish","4":"has-post-thumbnail","6":"product_brand-uwin","7":"product_cat-uwin","8":"product_cat-disposable-vapes-in-germany","9":"product_cat-disposable-vapes-in-hungary","10":"product_cat-disposable-vapes-in-ltaly","11":"product_cat-disposable-vapes-in-poland","12":"product_cat-disposable-vapes-in-spain","13":"product_tag-3-in-1-flavor-vaping-device","14":"product_tag-60-k-puff-disposable-vape","15":"product_tag-rechargeable-650mah-disposable-vape","16":"product_tag-triple-mesh-coil-60k-puffs","17":"product_tag-uwin-tornado-triple-vape-wholesale","19":"first","20":"instock","21":"shipping-taxable","22":"purchasable","23":"product-type-variable","24":"has-default-attributes"},"jetpack_sharing_enabled":true,"tiered_pricing_type":"fixed","tiered_pricing_fixed_rules":{"30":9.589999999999999857891452847979962825775146484375,"50":7.78000000000000024868995751603506505489349365234375,"100":7.12999999999999989341858963598497211933135986328125,"200":6.61000000000000031974423109204508364200592041015625,"400":6.160000000000000142108547152020037174224853515625},"tiered_pricing_product_settings":{"layout":"default","base_unit_name":{"singular":null,"plural":null},"default_variation":null},"tiered_pricing_minimum_quantity":10,"tiered_pricing_roles_data":[],"tiered_pricing_percentage_rules":[],"tiered_pricing_maximum_quantity":null,"tiered_pricing_quantity_step":"10","_links":{"self":[{"href":"https:\/\/aiviouvapes.com\/it\/wp-json\/wp\/v2\/product\/75135","targetHints":{"allow":["GET"]}}],"collection":[{"href":"https:\/\/aiviouvapes.com\/it\/wp-json\/wp\/v2\/product"}],"about":[{"href":"https:\/\/aiviouvapes.com\/it\/wp-json\/wp\/v2\/types\/product"}],"replies":[{"embeddable":true,"href":"https:\/\/aiviouvapes.com\/it\/wp-json\/wp\/v2\/comments?post=75135"}],"wp:featuredmedia":[{"embeddable":true,"href":"https:\/\/aiviouvapes.com\/it\/wp-json\/wp\/v2\/media\/75144"}],"wp:attachment":[{"href":"https:\/\/aiviouvapes.com\/it\/wp-json\/wp\/v2\/media?parent=75135"}],"wp:term":[{"taxonomy":"product_brand","embeddable":true,"href":"https:\/\/aiviouvapes.com\/it\/wp-json\/wp\/v2\/product_brand?post=75135"},{"taxonomy":"product_cat","embeddable":true,"href":"https:\/\/aiviouvapes.com\/it\/wp-json\/wp\/v2\/product_cat?post=75135"},{"taxonomy":"product_tag","embeddable":true,"href":"https:\/\/aiviouvapes.com\/it\/wp-json\/wp\/v2\/product_tag?post=75135"}],"curies":[{"name":"wp","href":"https:\/\/api.w.org\/{rel}","templated":true}]}}