{"id":74990,"date":"2025-10-18T14:41:39","date_gmt":"2025-10-18T06:41:39","guid":{"rendered":"https:\/\/aiviouvapes.com\/?post_type=product&#038;p=74990"},"modified":"2026-04-17T13:00:36","modified_gmt":"2026-04-17T05:00:36","slug":"waspe-40k-double-flavor-twins-40000-puffs-dual-flavor-disposable-vape-%f0%9f%92%a8-1-piece-trial-pack","status":"publish","type":"product","link":"https:\/\/aiviouvapes.com\/it\/product\/waspe-40k-double-flavor-twins-40000-puffs-dual-flavor-disposable-vape-%f0%9f%92%a8-1-piece-trial-pack\/","title":{"rendered":"WASPE 40K Double Flavor Twins 40000 Puffs | vape monouso a doppio sapore \ud83d\udca8 (confezione di prova da 1 pezzo)"},"content":{"rendered":"<p><img data-recalc-dims=\"1\" decoding=\"async\" style=\"max-width: 100%; height: auto; display: block; margin: 0 auto;\" src=\"https:\/\/i0.wp.com\/aiviouvapes.com\/wp-content\/uploads\/2025\/10\/%E5%9C%BA%E6%99%AF030150.jpg?w=1020&#038;ssl=1\" alt=\"WASPE 40K Doppio sapore\" title=\"\"><\/p>\n<h1>WASPE 40K Double Flavor Twins 40000 Puffs | vape monouso a doppio sapore \ud83d\udca8 (confezione di prova da 1 pezzo)<\/h1>\n<h2>Panoramica del prodotto<\/h2>\n<p>Il <strong>WASPE 40K Doppio sapore Gemelli<\/strong> \u00e8 stato progettato per i vapers che amano la variet\u00e0, le nuvole morbide e la qualit\u00e0 del sapore. Ogni dispositivo include <strong>due sapori distinti<\/strong> che si possono alternare facilmente, raddoppiando il divertimento senza dover portare con s\u00e9 pi\u00f9 vapori.<br \/>\nCon un generoso <strong>Capacit\u00e0 e-liquid da 36 ml<\/strong> e di una lunga durata <strong>Batteria da 850 mAh<\/strong>Il sapore \u00e8 costante per tutto il giorno. Il suo <strong>design della bobina a doppia maglia<\/strong> migliora la scorrevolezza del vapore e la ricchezza del sapore, mentre <strong>Ricarica di tipo C<\/strong> garantisce una ricarica rapida ed efficiente per un piacere di svapo non-stop.<\/p>\n<h3>Caratteristiche principali<\/h3>\n<ul>\n<li>\ud83d\udca8 <strong>Fino a 40.000 soffi<\/strong> - godere di una soddisfazione duratura.<\/li>\n<li>\ud83c\udf53 <strong>Sistema a doppio aroma<\/strong> - passare da un gusto all'altro in qualsiasi momento.<\/li>\n<li>\ud83d\udd25 <strong>Bobine a doppia maglia<\/strong> - sapore pi\u00f9 forte, vapore pi\u00f9 fluido.<\/li>\n<li>\ud83e\uddc3 <strong>36 ml di e-liquido<\/strong> - uso prolungato senza ricarica.<\/li>\n<li>\ud83d\udd0b <strong>Batteria ricaricabile da 850 mAh<\/strong> - potenza costante e affidabile.<\/li>\n<li>\u26a1 <strong>Ricarica rapida di tipo C<\/strong> - ricaricare in modo efficiente con tempi di inattivit\u00e0 minimi.<\/li>\n<li>\ud83d\udc4c <strong>Design compatto e portatile<\/strong> - ideale per il trasporto quotidiano.<\/li>\n<li>\ud83d\udecd\ufe0f <strong>Opzione di vendita al dettaglio di 1 pezzo<\/strong> - perfetto per i test o per uso personale.<\/li>\n<\/ul>\n<h3>Specifiche tecniche<\/h3>\n<table>\n<tbody>\n<tr>\n<th>Caratteristica<\/th>\n<th>Specifiche<\/th>\n<\/tr>\n<tr>\n<td>Capacit\u00e0 di soffio<\/td>\n<td>Fino a 40.000 soffi<\/td>\n<\/tr>\n<tr>\n<td>Capacit\u00e0 del liquido elettronico<\/td>\n<td>36 mL<\/td>\n<\/tr>\n<tr>\n<td>Batteria<\/td>\n<td>850mAh (ricaricabile)<\/td>\n<\/tr>\n<tr>\n<td>Opzioni di nicotina<\/td>\n<td>0%, 2% o 5%<\/td>\n<\/tr>\n<tr>\n<td>Tipo di bobina<\/td>\n<td>Bobine a doppia maglia<\/td>\n<\/tr>\n<tr>\n<td>Sistema di aromatizzazione<\/td>\n<td>2 gusti per dispositivo (interruttore a doppio gusto)<\/td>\n<\/tr>\n<tr>\n<td>Ricarica<\/td>\n<td>Ricarica rapida di tipo C<\/td>\n<\/tr>\n<tr>\n<td>Design<\/td>\n<td>Portatile, pronto all'uso, senza manutenzione<\/td>\n<\/tr>\n<\/tbody>\n<\/table>\n<h3>Combinazioni di sapori \ud83c\udf47\ud83c\udf49\ud83c\udf4b\ud83c\udf4b<\/h3>\n<ol>\n<li>Ghiaccio all'anguria e limone al lime<\/li>\n<li>Ghiaccio alla ciliegia e zucchero filato al mirtillo<\/li>\n<li>Anguria alla fragola e lampone al mirtillo<\/li>\n<li>Red Bull Ghiacciato e Fragola Mango<\/li>\n<li>Ghiaccio alla pesca e ananas Mango alla pesca<\/li>\n<li>Ghiaccio all'uva e Kiwi alla fragola<\/li>\n<li>Misto di frutti di bosco e doppio ghiaccio alla mela<\/li>\n<li>Limonata Lampone Blu e Gomma da masticare all'anguria<\/li>\n<li>Fragola, lampone, ciliegia e amore 666<\/li>\n<li>Ghiaccio alla fragola, alla banana e all'ananas e cocco<\/li>\n<li>Fragola, anguria, gomma da masticare e frutta mista<\/li>\n<li>Ghiaccio alla ciliegia e caramelle alla fragola e lampone<\/li>\n<li>Mela acida Lampone e Fragola Grande Bang<\/li>\n<li>Pesca e anguria Mango e pesca<\/li>\n<li>Ghiaccio al mirtillo e ghiaccio al drago nero<\/li>\n<li>Fragola, ciliegia e kiwi al frutto della passione<\/li>\n<li>Orso gommoso e Cola alla fragola<\/li>\n<li>Ghiaccio alla banana e ananas e Red Bull Ghiacciato<\/li>\n<li>Red Bull Fragola e Ribes Nero Ghiacciato<\/li>\n<li>Triplo Melone Ghiacciato e Anguria al Lampone<\/li>\n<\/ol>\n<h3>Perfetto per<\/h3>\n<p>\u2714\ufe0f Gli acquirenti al dettaglio alla ricerca di un prodotto premium e facile da usare.<br \/>\n\u2714\ufe0f Clienti che amano passare da un gusto all'altro.<br \/>\n\u2714\ufe0f Distributori che servono i mercati dell'UE come Germania, Francia, Spagna e Paesi Bassi.<br \/>\n\u2714\ufe0f I vapers alle prime armi cercano dispositivi ricaricabili e ad alta capacit\u00e0.<\/p>\n<h3>FAQ<\/h3>\n<ul>\n<li><strong>Q:<\/strong> Quanti gusti sono inclusi?<br \/>\n<strong>A:<\/strong> Due: ogni dispositivo contiene due aromi pre-riempiti per un'esperienza gemellare.<\/li>\n<li><strong>Q:<\/strong> Quanto dura?<br \/>\n<strong>A:<\/strong> Fino a 40.000 soffi per dispositivo.<\/li>\n<li><strong>Q:<\/strong> Quali sono i livelli di nicotina disponibili?<br \/>\n<strong>A:<\/strong> 0%, 2% o 5%: scegliete la resistenza che preferite.<\/li>\n<li><strong>Q:<\/strong> \u00c8 ricaricabile?<br \/>\n<strong>A:<\/strong> S\u00ec, con una porta di ricarica Type-C.<\/li>\n<li><strong>Q:<\/strong> Ho bisogno di ricaricarlo o di fare manutenzione?<br \/>\n<strong>A:<\/strong> No, \u00e8 completamente monouso e non richiede manutenzione.<\/li>\n<\/ul>\n<p><strong>Conclusione:<\/strong> Il <strong>WASPE 40K Doppio sapore Gemelli<\/strong> offre una praticit\u00e0 e una flessibilit\u00e0 di sapore senza pari in una forma compatta.<br \/>\nGodetevi la libert\u00e0 di passare da un aroma all'altro, con il supporto di bobine a doppia maglia e una potenza di lunga durata. <strong>Confezione di prova da 1 pezzo<\/strong> per gli acquirenti al dettaglio in tutta Europa. \ud83d\udca8\u2728<\/p>\n<p>&nbsp;<\/p>","protected":false},"excerpt":{"rendered":"<p><em>La quantit\u00e0 minima ordinabile per questo prodotto \u00e8 di un pezzo.<\/em><br \/>\nScoprire il <strong>WASPE 40K Doppio sapore Gemelli<\/strong> - un potente vape monouso che combina <strong>due gusti unici<\/strong> e fino a <strong>40.000 boccate<\/strong> di soddisfazione. Con <strong>36 ml di e-liquid<\/strong>, <strong>bobine a doppia maglia<\/strong>, e <strong>Ricarica di tipo-C<\/strong>\u00c8 l'equilibrio perfetto tra sapore e praticit\u00e0. Disponibile ora per <strong>Acquisto di prova di 1 pezzo<\/strong> in Europa. \ud83c\udf08<\/p>\n<style>\n#moqsection1 {display:none}<br \/>\n<\/style>\n<script>window.addEventListener(\"load\", function () {\r\n    setTimeout(function () {\r\n        var restricted = document.querySelector(\"p.restricted_country\");\r\n        if (!restricted) return;\r\n\r\n        var url = new URL(window.location.href);\r\n\r\n        \/\/ If \"new\" param is already present, do nothing\r\n        if (url.searchParams.has(\"new\")) return;\r\n\r\n        \/\/ Add ?new (or &new) once\r\n        url.searchParams.append(\"new\", \"\");\r\n\r\n        window.location.href = url.toString();\r\n    }, 5000); \/\/ 5 seconds\r\n});<\/script>","protected":false},"featured_media":74919,"comment_status":"open","ping_status":"closed","template":"","meta":[],"product_brand":[227],"product_cat":[19,137,146,138,141,143],"product_tag":[338],"class_list":{"0":"post-74990","1":"product","2":"type-product","3":"status-publish","4":"has-post-thumbnail","6":"product_brand-waspe","7":"product_cat-waspe","8":"product_cat-disposable-vapes-in-germany","9":"product_cat-disposable-vapes-in-hungary","10":"product_cat-disposable-vapes-in-ltaly","11":"product_cat-disposable-vapes-in-poland","12":"product_cat-disposable-vapes-in-spain","13":"product_tag-samples","15":"first","16":"instock","17":"shipping-taxable","18":"product-type-variable","19":"has-default-attributes"},"jetpack_sharing_enabled":true,"tiered_pricing_type":"fixed","tiered_pricing_fixed_rules":{"3":19.89999999999999857891452847979962825775146484375,"5":15.9000000000000003552713678800500929355621337890625},"tiered_pricing_product_settings":{"layout":"default","base_unit_name":{"singular":null,"plural":null},"default_variation":null},"tiered_pricing_minimum_quantity":null,"tiered_pricing_roles_data":[],"tiered_pricing_percentage_rules":[],"tiered_pricing_maximum_quantity":null,"tiered_pricing_quantity_step":null,"_links":{"self":[{"href":"https:\/\/aiviouvapes.com\/it\/wp-json\/wp\/v2\/product\/74990","targetHints":{"allow":["GET"]}}],"collection":[{"href":"https:\/\/aiviouvapes.com\/it\/wp-json\/wp\/v2\/product"}],"about":[{"href":"https:\/\/aiviouvapes.com\/it\/wp-json\/wp\/v2\/types\/product"}],"replies":[{"embeddable":true,"href":"https:\/\/aiviouvapes.com\/it\/wp-json\/wp\/v2\/comments?post=74990"}],"wp:featuredmedia":[{"embeddable":true,"href":"https:\/\/aiviouvapes.com\/it\/wp-json\/wp\/v2\/media\/74919"}],"wp:attachment":[{"href":"https:\/\/aiviouvapes.com\/it\/wp-json\/wp\/v2\/media?parent=74990"}],"wp:term":[{"taxonomy":"product_brand","embeddable":true,"href":"https:\/\/aiviouvapes.com\/it\/wp-json\/wp\/v2\/product_brand?post=74990"},{"taxonomy":"product_cat","embeddable":true,"href":"https:\/\/aiviouvapes.com\/it\/wp-json\/wp\/v2\/product_cat?post=74990"},{"taxonomy":"product_tag","embeddable":true,"href":"https:\/\/aiviouvapes.com\/it\/wp-json\/wp\/v2\/product_tag?post=74990"}],"curies":[{"name":"wp","href":"https:\/\/api.w.org\/{rel}","templated":true}]}}