{"id":74961,"date":"2025-10-18T14:40:26","date_gmt":"2025-10-18T06:40:26","guid":{"rendered":"https:\/\/aiviouvapes.com\/?post_type=product&#038;p=74961"},"modified":"2026-03-30T07:12:47","modified_gmt":"2026-03-29T23:12:47","slug":"waspe-60k-3-in-1-60000-puffs-triple-flavor-disposable-vape-%f0%9f%92%a8-1-piece-trial-pack-available","status":"publish","type":"product","link":"https:\/\/aiviouvapes.com\/it\/product\/waspe-60k-3-in-1-60000-puffs-triple-flavor-disposable-vape-%f0%9f%92%a8-1-piece-trial-pack-available\/","title":{"rendered":"WASPE 60K 3-in-1 60000 Puffs | vape monouso a triplo gusto \ud83d\udca8 (confezione di prova da 1 pezzo disponibile)"},"content":{"rendered":"<p><img data-recalc-dims=\"1\" decoding=\"async\" style=\"max-width: 100%; height: auto; display: block; margin: 0 auto;\" src=\"https:\/\/i0.wp.com\/aiviouvapes.com\/wp-content\/uploads\/2025\/10\/%E5%9C%BA%E6%99%AF050000.jpg?w=1020&#038;ssl=1\" alt=\"WASPE 60K 3-in-1\" title=\"\"><\/p>\n<h1>WASPE 60K 3-in-1 60000 Puffs | vape monouso a triplo gusto \ud83d\udca8 (confezione di prova da 1 pezzo disponibile)<\/h1>\n<h2>Panoramica del prodotto<\/h2>\n<p>Il <strong>WASPE 60K Vape monouso 3 in 1<\/strong> \u00e8 stata costruita per gli utenti di tutti i giorni che amano il sapore morbido, le prestazioni elevate e la convenienza. Con <strong>tre gusti<\/strong> in un unico dispositivo elegante, \u00e8 perfetto per chi desidera una variet\u00e0 senza dover portare con s\u00e9 pi\u00f9 vapori.<br \/>\nIl grande <strong>54 ml<\/strong> La capacit\u00e0 dell'e-liquido offre fino a <strong>60.000 soffi<\/strong>alimentato da un <strong>Batteria ricaricabile Type-C<\/strong>. Il suo <strong>Display a LED<\/strong> tiene aggiornati sui livelli della batteria e dell'e-liquid, mentre <strong>bobine a tripla maglia<\/strong> assicurano un sapore profondo e soddisfacente in ogni boccata. Compatta e facile da trasportare, \u00e8 perfetta per l'uso personale o per la vendita al dettaglio in tutta Europa. \ud83c\udf0d<\/p>\n<h3>Perch\u00e9 scegliere WASPE 60K 3-in-1 60000 Puffs?<\/h3>\n<ul>\n<li>\ud83d\udd0b <strong>Batteria ricaricabile<\/strong> - ricarica rapida di Tipo-C per la comodit\u00e0 di tutti i giorni.<\/li>\n<li>\ud83d\udcfa <strong>Schermo LED<\/strong> - mostra chiaramente il livello della batteria e dell'e-liquid.<\/li>\n<li>\ud83d\udd25 <strong>Bobine a tripla maglia<\/strong> - vapore pi\u00f9 fluido, sapore pi\u00f9 intenso.<\/li>\n<li>\ud83e\uddc3 <strong>54 ml di capacit\u00e0 dell'e-liquid<\/strong> - sufficiente per sessioni prolungate.<\/li>\n<li>\ud83d\udc4c <strong>Compatto e portatile:<\/strong> 47 mm \u00d7 47 mm \u00d7 116 mm - si ripone facilmente in tasca o in borsa.<\/li>\n<li>\ud83d\udca8 <strong>Fino a 60.000 soffi<\/strong> - perfetto per un uso duraturo.<\/li>\n<li>\ud83c\udf6d <strong>Sistema di aromi 3 in 1<\/strong> - passare da un gusto all'altro in qualsiasi momento.<\/li>\n<li>\ud83d\udecd\ufe0f <strong>Adatto alla vendita al dettaglio:<\/strong> Disponibile a partire da un solo pezzo, ideale per essere testato o regalato.<\/li>\n<\/ul>\n<h3>Specifiche tecniche<\/h3>\n<table>\n<tbody>\n<tr>\n<th>Caratteristica<\/th>\n<th>Specifiche<\/th>\n<\/tr>\n<tr>\n<td>Totale soffi<\/td>\n<td>Fino a 60.000 soffi<\/td>\n<\/tr>\n<tr>\n<td>Opzioni di gusto<\/td>\n<td>3-in-1: per scegliere tra tre gusti incorporati<\/td>\n<\/tr>\n<tr>\n<td>Intensit\u00e0 della nicotina<\/td>\n<td>0%, 2% o 5% nicotina<\/td>\n<\/tr>\n<tr>\n<td>Capacit\u00e0 del liquido elettronico<\/td>\n<td>54 ml<\/td>\n<\/tr>\n<tr>\n<td>Display<\/td>\n<td>Lo schermo a LED mostra lo stato della batteria e dell'e-liquido<\/td>\n<\/tr>\n<tr>\n<td>Bobine<\/td>\n<td>Bobine a tripla maglia<\/td>\n<\/tr>\n<tr>\n<td>Ricarica<\/td>\n<td>Ricaricabile di tipo C<\/td>\n<\/tr>\n<tr>\n<td>Portabilit\u00e0<\/td>\n<td>47 mm \u00d7 47 mm \u00d7 116 mm<\/td>\n<\/tr>\n<tr>\n<td>Ideale per<\/td>\n<td>Rivenditori e clienti nei Paesi Bassi, Germania, Belgio e Spagna<\/td>\n<\/tr>\n<\/tbody>\n<\/table>\n<h3>Combinazioni di sapori \ud83c\udf53\ud83c\udf47\ud83e\udd6d<\/h3>\n<ol>\n<li><strong>Combo 1:<\/strong> Ghiaccio all'anguria, Kiwi alla fragola, Limone al lime<\/li>\n<li><strong>Combo 2:<\/strong> Anguria alla fragola, caramella alla fragola e lampone, ghiaccio all'uva<\/li>\n<li><strong>Combo 3:<\/strong> Ghiaccio al mirtillo, Ghiaccio al drago nero, Ghiaccio alla ciliegia Fizzy<\/li>\n<li><strong>Combo 4:<\/strong> Fragola, lampone, ciliegia, amore 666, caramella alla ciliegia.<\/li>\n<li><strong>Combo 5:<\/strong> Ghiaccio alla pesca, pesca ananas e mango, mirtillo rosso al limone<\/li>\n<li><strong>Combo 6:<\/strong> Red Bull Ice, Mango alla fragola, Bubblegum all'anguria alla fragola<\/li>\n<li><strong>Combo 7:<\/strong> Bacche miste, orsetto gommoso, frutta mista<\/li>\n<li><strong>Combo 8:<\/strong> Triplo melone ghiacciato, caramella arcobaleno, caramella al mirtillo<\/li>\n<li><strong>Combo 9:<\/strong> Ghiaccio all'uva, Caramella alla fragola, Ciliegia alla fragola e lampone<\/li>\n<li><strong>Combo 10:<\/strong> Fragola e banana, ananas e cocco, mango e ghiaccio<\/li>\n<li><strong>Combo 11:<\/strong> Ghiaccio alla Ciliegia, Cola alla Fragola, Ghiaccio alla Cola<\/li>\n<li><strong>Combo 12:<\/strong> Lampone al mirtillo, zucchero filato al mirtillo, doppia mela ghiacciata<\/li>\n<\/ol>\n<h3>Perfetto per<\/h3>\n<p>\u2714\ufe0f Clienti al dettaglio alla ricerca di uno svapo compatto e di qualit\u00e0.<br \/>\n\u2714\ufe0f Gli amanti dei sapori che amano passare da un gusto all'altro.<br \/>\n\u2714\ufe0f Principianti e appassionati di svapo che desiderano un controllo LED e prestazioni affidabili.<br \/>\n\u2714\ufe0f Ideale per i negozi di vape e i distributori europei che cercano modelli pronti per la vendita al dettaglio.<\/p>\n<h3>FAQ<\/h3>\n<ul>\n<li><strong>Q:<\/strong> Quanti gusti ci sono all'interno?<br \/>\n<strong>A:<\/strong> Tre: \u00e8 possibile passare da una all'altra con facilit\u00e0 tramite il selettore.<\/li>\n<li><strong>Q:<\/strong> Quanto dura?<br \/>\n<strong>A:<\/strong> Fino a 60.000 soffi con una carica completa e 54 ml di e-liquid.<\/li>\n<li><strong>Q:<\/strong> Quali sono i livelli di nicotina disponibili?<br \/>\n<strong>A:<\/strong> Scegliere tra 0%, 2% o 5% di nicotina.<\/li>\n<li><strong>Q:<\/strong> \u00c8 ricaricabile?<br \/>\n<strong>A:<\/strong> S\u00ec, tramite USB Type-C.<\/li>\n<li><strong>Q:<\/strong> Mostra i livelli di batteria e di e-liquid?<br \/>\n<strong>A:<\/strong> S\u00ec, lo schermo a LED li visualizza entrambi in modo chiaro.<\/li>\n<\/ul>\n<p><strong>Conclusione:<\/strong> Il <strong>WASPE 60K 3-in-1 60000 Bign\u00e8<\/strong> unisce praticit\u00e0, variet\u00e0 di sapori e prestazioni. Che siate utenti occasionali o fumatori quotidiani, questa svapata ricaricabile con display a LED \u00e8 la vostra scelta ideale - disponibile ora per <strong>Acquisto di prova di 1 pezzo<\/strong>. \ud83d\udd0b\ud83c\udf08<\/p>\n<p>&nbsp;<\/p>","protected":false},"excerpt":{"rendered":"<p><em>La quantit\u00e0 minima ordinabile per questo prodotto \u00e8 di un pezzo.<\/em><br \/>\nScoprire il <strong>WASPE 60K 3-in-1<\/strong> - un'offerta di vape compatta <strong>60.000 soffi<\/strong> e <strong>3 gusti incorporati<\/strong> in un unico dispositivo ricaricabile! Display a LED, bobine a tripla maglia e ricarica Type-C - ora disponibile per <strong>acquisto al dettaglio di un singolo pezzo<\/strong>. \u26a1\ud83c\udf47<\/p>\n<style>\n#moqsection1 {display:none}<br \/><\/style>\n<script>window.addEventListener(\"load\", function () {\r\n    setTimeout(function () {\r\n        var restricted = document.querySelector(\"p.restricted_country\");\r\n        if (!restricted) return;\r\n\r\n        var url = new URL(window.location.href);\r\n\r\n        \/\/ If \"new\" param is already present, do nothing\r\n        if (url.searchParams.has(\"new\")) return;\r\n\r\n        \/\/ Add ?new (or &new) once\r\n        url.searchParams.append(\"new\", \"\");\r\n\r\n        window.location.href = url.toString();\r\n    }, 5000); \/\/ 5 seconds\r\n});<\/script>","protected":false},"featured_media":74920,"comment_status":"open","ping_status":"closed","template":"","meta":[],"product_brand":[227],"product_cat":[19,137,146,138,141,143],"product_tag":[338],"class_list":{"0":"post-74961","1":"product","2":"type-product","3":"status-publish","4":"has-post-thumbnail","6":"product_brand-waspe","7":"product_cat-waspe","8":"product_cat-disposable-vapes-in-germany","9":"product_cat-disposable-vapes-in-hungary","10":"product_cat-disposable-vapes-in-ltaly","11":"product_cat-disposable-vapes-in-poland","12":"product_cat-disposable-vapes-in-spain","13":"product_tag-samples","15":"first","16":"instock","17":"shipping-taxable","18":"product-type-variable","19":"has-default-attributes"},"jetpack_sharing_enabled":true,"tiered_pricing_type":"fixed","tiered_pricing_fixed_rules":{"3":21.89999999999999857891452847979962825775146484375,"5":17.89999999999999857891452847979962825775146484375},"tiered_pricing_product_settings":{"layout":"default","base_unit_name":{"singular":null,"plural":null},"default_variation":null},"tiered_pricing_minimum_quantity":null,"tiered_pricing_roles_data":[],"tiered_pricing_percentage_rules":[],"tiered_pricing_maximum_quantity":null,"tiered_pricing_quantity_step":null,"_links":{"self":[{"href":"https:\/\/aiviouvapes.com\/it\/wp-json\/wp\/v2\/product\/74961","targetHints":{"allow":["GET"]}}],"collection":[{"href":"https:\/\/aiviouvapes.com\/it\/wp-json\/wp\/v2\/product"}],"about":[{"href":"https:\/\/aiviouvapes.com\/it\/wp-json\/wp\/v2\/types\/product"}],"replies":[{"embeddable":true,"href":"https:\/\/aiviouvapes.com\/it\/wp-json\/wp\/v2\/comments?post=74961"}],"wp:featuredmedia":[{"embeddable":true,"href":"https:\/\/aiviouvapes.com\/it\/wp-json\/wp\/v2\/media\/74920"}],"wp:attachment":[{"href":"https:\/\/aiviouvapes.com\/it\/wp-json\/wp\/v2\/media?parent=74961"}],"wp:term":[{"taxonomy":"product_brand","embeddable":true,"href":"https:\/\/aiviouvapes.com\/it\/wp-json\/wp\/v2\/product_brand?post=74961"},{"taxonomy":"product_cat","embeddable":true,"href":"https:\/\/aiviouvapes.com\/it\/wp-json\/wp\/v2\/product_cat?post=74961"},{"taxonomy":"product_tag","embeddable":true,"href":"https:\/\/aiviouvapes.com\/it\/wp-json\/wp\/v2\/product_tag?post=74961"}],"curies":[{"name":"wp","href":"https:\/\/api.w.org\/{rel}","templated":true}]}}