{"id":7486,"date":"2024-08-19T05:31:15","date_gmt":"2024-08-19T05:31:15","guid":{"rendered":"https:\/\/aiviouvapes.com\/?post_type=product&#038;p=7486"},"modified":"2026-04-17T13:01:31","modified_gmt":"2026-04-17T05:01:31","slug":"aivono-aim-plus-800-puffs-disposable-wholesale","status":"publish","type":"product","link":"https:\/\/aiviouvapes.com\/it\/product\/aivono-aim-plus-800-puffs-disposable-wholesale\/","title":{"rendered":"Aivono AIM Plus 800 Puffs | 0%-5% nicotina, 3,2mL, 550mAh, certificato TPD, vape usa e getta sfuso"},"content":{"rendered":"<h2>Aivono AIM Plus 800 puff | 0% 2% 5% nicotina, e-liquid da 3,2 ml, bobina a maglie da 1,8 \u03a9, batteria da 550 mAh, certificazione TPD, acquisto all&#039;ingrosso di sigarette elettroniche usa e getta<\/h2>\n<h3>Panoramica e caratteristiche di Aivono Aim Pius 800 Puffs<\/h3>\n<p>Aivono Aim Pius 800 Puffs \u00e8 uno svapo monouso di alta qualit\u00e0 progettato per offrire un&#039;esperienza di svapo soddisfacente e comoda. Con fino a 800 tiri e una generosa capacit\u00e0 di e-liquid da 3,2 ml, garantisce un uso prolungato senza frequenti ricariche. Alimentato da una batteria integrata da 550 mAh, questo dispositivo offre prestazioni affidabili per sessioni prolungate. Disponibile nelle opzioni di nicotina 0%, 2% e 5%, soddisfa una variet\u00e0 di preferenze. La bobina a maglie da 1,8 \u03a9 assicura un vapore fluido e saporito e la certificazione TPD garantisce che il dispositivo soddisfi rigorosi standard di qualit\u00e0 e sicurezza.<\/p>\n<ul>\n<li><strong>Fino a 800 boccate<\/strong>: Offre un piacere duraturo e un valore eccezionale.<\/li>\n<li><strong>Capacit\u00e0 di e-liquid da 3,2 ml<\/strong>: Riduce la necessit\u00e0 di ricariche, ideale per sessioni prolungate.<\/li>\n<li><strong>Batteria da 550 mAh<\/strong>: Garantisce un&#039;alimentazione affidabile per un&#039;esperienza senza problemi.<\/li>\n<li><strong>Opzioni di nicotina<\/strong>: Disponibile nei colori 0%, 2% e 5% per un&#039;esperienza di svapo personalizzata.<\/li>\n<li><strong>Bobina a maglie da 1,8\u03a9<\/strong>: Fornisce un vapore morbido e corposo per un tiro soddisfacente.<\/li>\n<\/ul>\n<h3>Gusti di Aivono Aim Pius 800 Puffs disponibili:<\/h3>\n<p>Menta fresca, ghiaccio Lush, zucchero filato, ghiaccio al mandarino, anguria e fragola, limone e mirtillo e lampone, mamba, frutti di bosco misti, ghiaccio alla pesca, ghiaccio alla banana, ghiaccio al mirtillo, ghiaccio all&#039;uva, ghiaccio al mango, ghiaccio alla fragola, ghiaccio alla mela, ghiaccio al litchi, limonata rosa, ananas colada, ghiaccio alla cola, Red Bull, fragola e banana, ghiaccio alla guava, frutto della passione e fragola, kiwi e fragola, mango e litchi, pompelmo alla pesca bianca, mango e ananas alla pesca, guava all&#039;arancia e frutto della passione, gomma da masticare all&#039;anguria, cheesecake ai mirtilli.<\/p>\n<h3>Perch\u00e9 scegliere gli Aivono Aim Pius 800 Puffs?<\/h3>\n<p>L&#039;Aivono Aim Pius 800 Puffs unisce un&#039;elevata capacit\u00e0 di svapo, aromi diversi e un design compatto, rendendolo ideale per lo svapo in movimento. La sua natura monouso significa che non sono necessarie ricariche o manutenzione, mentre la certificazione TPD garantisce qualit\u00e0 e sicurezza. Perfetto per la vendita all&#039;ingrosso, questo dispositivo offre ai rivenditori uno svapo monouso di alta qualit\u00e0 che soddisfa le esigenze sia dei nuovi che dei vapers esperti. Che tu stia cercando uno svapo rinfrescante o una dolce indulgenza, l&#039;Aivono Aim Pius 800 Puffs offre un&#039;esperienza memorabile a ogni svapo.<br \/>\n<img data-recalc-dims=\"1\" loading=\"lazy\" decoding=\"async\" class=\"alignnone size-full wp-image-8970\" title=\"Aivono Aim Plus 800 Puffs 0% 2% 5% Nicotina Ricaricabile Bulk Buy Disposable Vape Wholesale\" src=\"https:\/\/i0.wp.com\/aiviouvapes.com\/wp-content\/uploads\/2024\/08\/7-18.jpg?resize=1020%2C1428&#038;ssl=1\" alt=\"Aivono Aim Plus 800 Puffs 0% 2% 5% Nicotina Ricaricabile Bulk Buy Disposable Vape Wholesale\" width=\"1020\" height=\"1428\" srcset=\"https:\/\/i0.wp.com\/aiviouvapes.com\/wp-content\/uploads\/2024\/08\/7-18.jpg?w=1371&amp;ssl=1 1371w, https:\/\/i0.wp.com\/aiviouvapes.com\/wp-content\/uploads\/2024\/08\/7-18.jpg?resize=214%2C300&amp;ssl=1 214w, https:\/\/i0.wp.com\/aiviouvapes.com\/wp-content\/uploads\/2024\/08\/7-18.jpg?resize=731%2C1024&amp;ssl=1 731w, https:\/\/i0.wp.com\/aiviouvapes.com\/wp-content\/uploads\/2024\/08\/7-18.jpg?resize=768%2C1076&amp;ssl=1 768w, https:\/\/i0.wp.com\/aiviouvapes.com\/wp-content\/uploads\/2024\/08\/7-18.jpg?resize=1097%2C1536&amp;ssl=1 1097w, https:\/\/i0.wp.com\/aiviouvapes.com\/wp-content\/uploads\/2024\/08\/7-18.jpg?resize=9%2C12&amp;ssl=1 9w, https:\/\/i0.wp.com\/aiviouvapes.com\/wp-content\/uploads\/2024\/08\/7-18.jpg?resize=800%2C1120&amp;ssl=1 800w\" sizes=\"auto, (max-width: 1020px) 100vw, 1020px\" \/><br \/>\n<img data-recalc-dims=\"1\" loading=\"lazy\" decoding=\"async\" class=\"alignnone size-full wp-image-8969\" title=\"Aivono Aim Plus 800 Puffs 0% 2% 5% Nicotina Ricaricabile Bulk Buy Disposable Vape Wholesale\" src=\"https:\/\/i0.wp.com\/aiviouvapes.com\/wp-content\/uploads\/2024\/08\/120-1.jpg?resize=1020%2C899&#038;ssl=1\" alt=\"Aivono Aim Plus 800 Puffs 0% 2% 5% Nicotina Ricaricabile Bulk Buy Disposable Vape Wholesale\" width=\"1020\" height=\"899\" srcset=\"https:\/\/i0.wp.com\/aiviouvapes.com\/wp-content\/uploads\/2024\/08\/120-1.jpg?w=1920&amp;ssl=1 1920w, https:\/\/i0.wp.com\/aiviouvapes.com\/wp-content\/uploads\/2024\/08\/120-1.jpg?resize=300%2C265&amp;ssl=1 300w, https:\/\/i0.wp.com\/aiviouvapes.com\/wp-content\/uploads\/2024\/08\/120-1.jpg?resize=1024%2C903&amp;ssl=1 1024w, https:\/\/i0.wp.com\/aiviouvapes.com\/wp-content\/uploads\/2024\/08\/120-1.jpg?resize=768%2C677&amp;ssl=1 768w, https:\/\/i0.wp.com\/aiviouvapes.com\/wp-content\/uploads\/2024\/08\/120-1.jpg?resize=1536%2C1354&amp;ssl=1 1536w, https:\/\/i0.wp.com\/aiviouvapes.com\/wp-content\/uploads\/2024\/08\/120-1.jpg?resize=14%2C12&amp;ssl=1 14w, https:\/\/i0.wp.com\/aiviouvapes.com\/wp-content\/uploads\/2024\/08\/120-1.jpg?resize=800%2C705&amp;ssl=1 800w\" sizes=\"auto, (max-width: 1020px) 100vw, 1020px\" \/><br \/>\n<h3>Perch\u00e9 scegliere AiviouVapes<\/h3>\n<p>Benvenuti a <a href=\"https:\/\/aiviouvapes.com\/it\/\">AiviouVapes<\/a> - la vostra fonte di fiducia per prodotti premium e convenienti <a href=\"https:\/\/aiviouvapes.com\/it\/shop\/\">vapes monouso all'ingrosso<\/a> a prezzi veramente bassi. Con oltre cinque anni di esperienza nel settore del vape, siamo orgogliosi di offrire una selezione selezionata di marchi leader, tra cui <a href=\"https:\/\/aiviouvapes.com\/it\/categoria-prodotto\/waspe\/\">WASPE<\/a>, <a href=\"https:\/\/aiviouvapes.com\/it\/categoria-prodotto\/bang\/\">Bang Vape<\/a>, <a href=\"https:\/\/aiviouvapes.com\/it\/categoria-prodotto\/vapme-vapes\/\">Vapme<\/a>, e <a href=\"https:\/\/aiviouvapes.com\/it\/categoria-prodotto\/mrvi\/\">MRVI<\/a>.<\/p>\n<p>Dai dispositivi ad alta pressione come il <a href=\"https:\/\/aiviouvapes.com\/it\/prodotto\/waspe-4-in-1-100000-puffs\/\">WASPE 100K gusto 4 in 1<\/a> ai preferiti in grassetto come il <a href=\"https:\/\/aiviouvapes.com\/it\/prodotto\/bang-king-triple-flavors-85000\/\">Bang 85.000 Triplo soffio<\/a>e anche l'emozionante <a class=\"woocommerce-LoopProduct-link woocommerce-loop-product__link\" href=\"https:\/\/aiviouvapes.com\/it\/prodotto\/mystery-vape-blind-box\/\">Mystery Vape Box usa e getta<\/a>Ogni prodotto \u00e8 scelto per la massima qualit\u00e0 e il valore imbattibile. AiviouVapes offre un servizio eccellente, risparmi all'ingrosso e una collezione progettata per soddisfare le vostre esigenze di vaping.<\/p>\n<div class=\"row row-large row-full-width align-middle\"  id=\"row-1040131922\">\n\n\n\t<div id=\"col-1097398142\" class=\"col medium-3 small-6 large-3\"  >\n\t\t\t\t<div class=\"col-inner text-center\"  >\n\t\t\t\n\t\t\t\n\n\n\t\t<div class=\"icon-box featured-box icon-box-top text-left\"  >\n\t\t\t\t\t<div class=\"icon-box-img\" style=\"width: 90px\">\n\t\t\t\t<div class=\"icon\">\n\t\t\t\t\t<div class=\"icon-inner\" >\n\t\t\t\t\t\t<img loading=\"lazy\" decoding=\"async\" width=\"200\" height=\"200\" src=\"https:\/\/i0.wp.com\/aiviouvapes.com\/wp-content\/uploads\/2024\/08\/vape-1-1.png?fit=200%2C200&amp;ssl=1\" class=\"attachment-medium size-medium\" alt=\"Perch\u00e9 scegliere AIVIOUVAPES\" srcset=\"https:\/\/i0.wp.com\/aiviouvapes.com\/wp-content\/uploads\/2024\/08\/vape-1-1.png?w=200&amp;ssl=1 200w, https:\/\/i0.wp.com\/aiviouvapes.com\/wp-content\/uploads\/2024\/08\/vape-1-1.png?resize=150%2C150&amp;ssl=1 150w, https:\/\/i0.wp.com\/aiviouvapes.com\/wp-content\/uploads\/2024\/08\/vape-1-1.png?resize=12%2C12&amp;ssl=1 12w, https:\/\/i0.wp.com\/aiviouvapes.com\/wp-content\/uploads\/2024\/08\/vape-1-1.png?resize=100%2C100&amp;ssl=1 100w\" sizes=\"auto, (max-width: 200px) 100vw, 200px\" title=\"\">\t\t\t\t\t<\/div>\n\t\t\t\t<\/div>\n\t\t\t<\/div>\n\t\t\t\t<div class=\"icon-box-text last-reset\">\n\t\t\t\t\t\t\t\t\t\n\n\t<div id=\"text-1029789089\" class=\"text\">\n\t\t\n\n<h3 style=\"text-align: center;\">Ampia variet\u00e0 di vaporizzatori<\/h3>\n<p style=\"text-align: center;\">Scopri la nostra vasta gamma di prodotti, realizzati per soddisfare ogni preferenza.<\/p>\n\t\t\n<style>\n#text-1029789089 {\n  font-size: 0.9rem;\n}\n<\/style>\n\t<\/div>\n\t\n\n\t\t<\/div>\n\t<\/div>\n\t\n\t\n\n\t\t<\/div>\n\t\t\t\t\t<\/div>\n\n\t\n\n\t<div id=\"col-1397526043\" class=\"col medium-3 small-6 large-3\"  >\n\t\t\t\t<div class=\"col-inner text-center\"  >\n\t\t\t\n\t\t\t\n\n\n\t\t<div class=\"icon-box featured-box icon-box-top text-left\"  >\n\t\t\t\t\t<div class=\"icon-box-img\" style=\"width: 90px\">\n\t\t\t\t<div class=\"icon\">\n\t\t\t\t\t<div class=\"icon-inner\" >\n\t\t\t\t\t\t<img loading=\"lazy\" decoding=\"async\" width=\"200\" height=\"200\" src=\"https:\/\/i0.wp.com\/aiviouvapes.com\/wp-content\/uploads\/2024\/08\/save-money-1-1-1.png?fit=200%2C200&amp;ssl=1\" class=\"attachment-medium size-medium\" alt=\"Perch\u00e9 scegliere AIVIOUVAPES\" srcset=\"https:\/\/i0.wp.com\/aiviouvapes.com\/wp-content\/uploads\/2024\/08\/save-money-1-1-1.png?w=200&amp;ssl=1 200w, https:\/\/i0.wp.com\/aiviouvapes.com\/wp-content\/uploads\/2024\/08\/save-money-1-1-1.png?resize=150%2C150&amp;ssl=1 150w, https:\/\/i0.wp.com\/aiviouvapes.com\/wp-content\/uploads\/2024\/08\/save-money-1-1-1.png?resize=12%2C12&amp;ssl=1 12w, https:\/\/i0.wp.com\/aiviouvapes.com\/wp-content\/uploads\/2024\/08\/save-money-1-1-1.png?resize=100%2C100&amp;ssl=1 100w\" sizes=\"auto, (max-width: 200px) 100vw, 200px\" title=\"\">\t\t\t\t\t<\/div>\n\t\t\t\t<\/div>\n\t\t\t<\/div>\n\t\t\t\t<div class=\"icon-box-text last-reset\">\n\t\t\t\t\t\t\t\t\t\n\n\t<div id=\"text-1273738930\" class=\"text\">\n\t\t\n\n<h3 style=\"text-align: center;\">Valore imbattibile<\/h3>\n<p style=\"text-align: center;\">Approfitta di prodotti di alta qualit\u00e0 a prezzi adatti al tuo budget.<\/p>\n\t\t\n<style>\n#text-1273738930 {\n  font-size: 0.9rem;\n}\n<\/style>\n\t<\/div>\n\t\n\n\t\t<\/div>\n\t<\/div>\n\t\n\t\n\n\t\t<\/div>\n\t\t\t\t\t<\/div>\n\n\t\n\n\t<div id=\"col-1216304027\" class=\"col medium-3 small-6 large-3\"  >\n\t\t\t\t<div class=\"col-inner text-center\"  >\n\t\t\t\n\t\t\t\n\n\n\t\t<div class=\"icon-box featured-box icon-box-top text-left\"  >\n\t\t\t\t\t<div class=\"icon-box-img\" style=\"width: 90px\">\n\t\t\t\t<div class=\"icon\">\n\t\t\t\t\t<div class=\"icon-inner\" >\n\t\t\t\t\t\t<img loading=\"lazy\" decoding=\"async\" width=\"200\" height=\"200\" src=\"https:\/\/i0.wp.com\/aiviouvapes.com\/wp-content\/uploads\/2024\/08\/delivery-truck-1-1.png?fit=200%2C200&amp;ssl=1\" class=\"attachment-medium size-medium\" alt=\"Perch\u00e9 scegliere AIVIOUVAPES\" srcset=\"https:\/\/i0.wp.com\/aiviouvapes.com\/wp-content\/uploads\/2024\/08\/delivery-truck-1-1.png?w=200&amp;ssl=1 200w, https:\/\/i0.wp.com\/aiviouvapes.com\/wp-content\/uploads\/2024\/08\/delivery-truck-1-1.png?resize=150%2C150&amp;ssl=1 150w, https:\/\/i0.wp.com\/aiviouvapes.com\/wp-content\/uploads\/2024\/08\/delivery-truck-1-1.png?resize=12%2C12&amp;ssl=1 12w, https:\/\/i0.wp.com\/aiviouvapes.com\/wp-content\/uploads\/2024\/08\/delivery-truck-1-1.png?resize=100%2C100&amp;ssl=1 100w\" sizes=\"auto, (max-width: 200px) 100vw, 200px\" title=\"\">\t\t\t\t\t<\/div>\n\t\t\t\t<\/div>\n\t\t\t<\/div>\n\t\t\t\t<div class=\"icon-box-text last-reset\">\n\t\t\t\t\t\t\t\t\t\n\n\t<div id=\"text-2634335606\" class=\"text\">\n\t\t\n\n<h3 style=\"text-align: center;\">Spedizione globale rapida<\/h3>\n<p style=\"text-align: center;\">Effettuiamo consegne in tutto il mondo con sdoganamento garantito per un&#039;esperienza senza intoppi.<\/p>\n\t\t\n<style>\n#text-2634335606 {\n  font-size: 0.9rem;\n}\n<\/style>\n\t<\/div>\n\t\n\n\t\t<\/div>\n\t<\/div>\n\t\n\t\n\n\t\t<\/div>\n\t\t\t\t\t<\/div>\n\n\t\n\n\t<div id=\"col-1718914049\" class=\"col medium-3 small-6 large-3\"  >\n\t\t\t\t<div class=\"col-inner text-center\"  >\n\t\t\t\n\t\t\t\n\n\n\t\t<div class=\"icon-box featured-box icon-box-top text-left\"  >\n\t\t\t\t\t<div class=\"icon-box-img\" style=\"width: 90px\">\n\t\t\t\t<div class=\"icon\">\n\t\t\t\t\t<div class=\"icon-inner\" >\n\t\t\t\t\t\t<img loading=\"lazy\" decoding=\"async\" width=\"200\" height=\"200\" src=\"https:\/\/i0.wp.com\/aiviouvapes.com\/wp-content\/uploads\/2024\/08\/support-1-1.png?fit=200%2C200&amp;ssl=1\" class=\"attachment-medium size-medium\" alt=\"Perch\u00e9 scegliere AIVIOUVAPES\" srcset=\"https:\/\/i0.wp.com\/aiviouvapes.com\/wp-content\/uploads\/2024\/08\/support-1-1.png?w=200&amp;ssl=1 200w, https:\/\/i0.wp.com\/aiviouvapes.com\/wp-content\/uploads\/2024\/08\/support-1-1.png?resize=150%2C150&amp;ssl=1 150w, https:\/\/i0.wp.com\/aiviouvapes.com\/wp-content\/uploads\/2024\/08\/support-1-1.png?resize=12%2C12&amp;ssl=1 12w, https:\/\/i0.wp.com\/aiviouvapes.com\/wp-content\/uploads\/2024\/08\/support-1-1.png?resize=100%2C100&amp;ssl=1 100w\" sizes=\"auto, (max-width: 200px) 100vw, 200px\" title=\"\">\t\t\t\t\t<\/div>\n\t\t\t\t<\/div>\n\t\t\t<\/div>\n\t\t\t\t<div class=\"icon-box-text last-reset\">\n\t\t\t\t\t\t\t\t\t\n\n\t<div id=\"text-1935712624\" class=\"text\">\n\t\t\n\n<h3 style=\"text-align: center;\">Assistenza 24 ore su 24<\/h3>\n<p style=\"text-align: center;\">Puoi contattare il nostro team di supporto in qualsiasi momento, 24 ore su 24, 7 giorni su 7, tramite WhatsApp o e-mail.<\/p>\n\t\t\n<style>\n#text-1935712624 {\n  font-size: 0.9rem;\n}\n<\/style>\n\t<\/div>\n\t\n\n\t\t<\/div>\n\t<\/div>\n\t\n\t\n\n\t\t<\/div>\n\t\t\t\t\t<\/div>\n\n\t\n\n<\/div>\n<div class=\"row row-full-width align-middle\"  id=\"row-595167715\">\n\n\n\t<div id=\"col-894823667\" class=\"col medium-6 small-12 large-6\"  >\n\t\t\t\t<div class=\"col-inner\"  >\n\t\t\t\n\t\t\t\n\n\t<div class=\"img has-hover x md-x lg-x y md-y lg-y\" id=\"image_589292190\">\n\t\t\t\t\t\t\t\t<div class=\"img-inner dark\" >\n\t\t\t<img loading=\"lazy\" decoding=\"async\" width=\"930\" height=\"1024\" src=\"https:\/\/i0.wp.com\/aiviouvapes.com\/wp-content\/uploads\/2024\/08\/%E6%8B%BC%E5%9B%BE.jpg?fit=930%2C1024&amp;ssl=1\" class=\"attachment-large size-large\" alt=\"Perch\u00e9 scegliere AIVIOUVAPES\" title=\"\">\t\t\t\t\t\t\n\t\t\t\t\t<\/div>\n\t\t\t\t\t\t\t\t\n<style>\n#image_589292190 {\n  width: 100%;\n}\n<\/style>\n\t<\/div>\n\t\n\n\n\t\t<\/div>\n\t\t\t\t\t<\/div>\n\n\t\n\n\t<div id=\"col-546772486\" class=\"col medium-6 small-12 large-6\"  >\n\t\t\t\t<div class=\"col-inner\"  >\n\t\t\t\n\t\t\t\n\n<div class=\"container section-title-container\" ><h4 class=\"section-title section-title-normal\"><b aria-hidden=\"true\"><\/b><span class=\"section-title-main\" style=\"font-size:91%;\">I nostri vantaggi<\/span><b aria-hidden=\"true\"><\/b><\/h4><\/div>\n\n<div class=\"accordion\">\n\n\t<div id=\"accordion-691886883\" class=\"accordion-item\">\n\t\t<a id=\"accordion-691886883-label\" class=\"accordion-title plain\" href=\"#accordion-item-commitment-to-quality\" aria-expanded=\"false\" aria-controls=\"accordion-691886883-content\">\n\t\t\t<button class=\"toggle\" aria-label=\"Attiva\/Disattiva\"><i class=\"icon-angle-down\" aria-hidden=\"true\"><\/i><\/button>\n\t\t\t<span>Impegno per la qualit\u00e0<\/span>\n\t\t<\/a>\n\t\t<div id=\"accordion-691886883-content\" class=\"accordion-inner\" aria-labelledby=\"accordion-691886883-label\">\n\t\t\t\n\n<p>A <a href=\"https:\/\/aiviouvapes.com\/it\/\">AiviouVape<\/a>, la qualit\u00e0 guida tutto ci\u00f2 che facciamo. I nostri vaporizzatori monouso sono realizzati meticolosamente e rigorosamente testati per soddisfare gli standard pi\u00f9 elevati, garantendo un&#039;esperienza di svapo fluida e affidabile ogni volta. Con il nostro impegno per zero difetti e zero reclami, puoi essere certo di ottenere il meglio.<\/p>\n\n\t\t<\/div>\n\t<\/div>\n\t\n\t<div id=\"accordion-3324354375\" class=\"accordion-item\">\n\t\t<a id=\"accordion-3324354375-label\" class=\"accordion-title plain\" href=\"#accordion-item-diverse-range-of-products\" aria-expanded=\"false\" aria-controls=\"accordion-3324354375-content\">\n\t\t\t<button class=\"toggle\" aria-label=\"Attiva\/Disattiva\"><i class=\"icon-angle-down\" aria-hidden=\"true\"><\/i><\/button>\n\t\t\t<span>Una vasta gamma di prodotti<\/span>\n\t\t<\/a>\n\t\t<div id=\"accordion-3324354375-content\" class=\"accordion-inner\" aria-labelledby=\"accordion-3324354375-label\">\n\t\t\t\n\n<p>Siamo orgogliosi di offrire un'ampia gamma di vapers monouso di alta qualit\u00e0 per soddisfare ogni preferenza. Dalle ultime innovazioni ai preferiti dai fan di lunga data, la nostra selezione comprende marchi affidabili come Waspe, Vapme, RandM Tornado, Bang Box, ELF Box e Bang King. Che siate alla ricerca dei sapori audaci di Vapme o del design elegante di RandM Tornado, la nostra collezione \u00e8 stata creata per aiutarvi a scoprire la svapata perfetta per i vostri gusti e il vostro stile di vita.<\/p>\n\n\n\t\t<\/div>\n\t<\/div>\n\t\n\t<div id=\"accordion-392062422\" class=\"accordion-item\">\n\t\t<a id=\"accordion-392062422-label\" class=\"accordion-title plain\" href=\"#accordion-item-wholesale-and-retail-solutions\" aria-expanded=\"false\" aria-controls=\"accordion-392062422-content\">\n\t\t\t<button class=\"toggle\" aria-label=\"Attiva\/Disattiva\"><i class=\"icon-angle-down\" aria-hidden=\"true\"><\/i><\/button>\n\t\t\t<span>Soluzioni per la vendita all'ingrosso e al dettaglio<\/span>\n\t\t<\/a>\n\t\t<div id=\"accordion-392062422-content\" class=\"accordion-inner\" aria-labelledby=\"accordion-392062422-label\">\n\t\t\t\n\n<p>AiviouVape soddisfa le esigenze sia dei clienti al dettaglio che di quelli all&#039;ingrosso, offrendo prodotti e servizi eccezionali ogni volta. Se sei nuovo con noi, ti consigliamo di iniziare con un piccolo lotto per sperimentare la nostra qualit\u00e0 in prima persona. Con prezzi competitivi e standard premium, siamo la scelta di fiducia nel settore dello svapo monouso.\u00a0<\/p>\n\n\t\t<\/div>\n\t<\/div>\n\t\n\t<div id=\"accordion-2873402914\" class=\"accordion-item\">\n\t\t<a id=\"accordion-2873402914-label\" class=\"accordion-title plain\" href=\"#accordion-item-continuous-improvement\" aria-expanded=\"false\" aria-controls=\"accordion-2873402914-content\">\n\t\t\t<button class=\"toggle\" aria-label=\"Attiva\/Disattiva\"><i class=\"icon-angle-down\" aria-hidden=\"true\"><\/i><\/button>\n\t\t\t<span>Miglioramento continuo<\/span>\n\t\t<\/a>\n\t\t<div id=\"accordion-2873402914-content\" class=\"accordion-inner\" aria-labelledby=\"accordion-2873402914-label\">\n\t\t\t\n\n<p>Ci\u00f2 che distingue AiviouVape \u00e8 la nostra dedizione a un servizio clienti eccezionale. Che tu abbia bisogno di consigli prima dell&#039;acquisto o di assistenza con un ordine, il nostro team \u00e8 sempre disponibile tramite WhatsApp o e-mail. Ci impegniamo a costruire relazioni durature con i nostri clienti, assicurando la tua soddisfazione in ogni fase del percorso.<\/p>\n\n\t\t<\/div>\n\t<\/div>\n\t\n\t<div id=\"accordion-172042096\" class=\"accordion-item\">\n\t\t<a id=\"accordion-172042096-label\" class=\"accordion-title plain\" href=\"#accordion-item-quality-assurance\" aria-expanded=\"false\" aria-controls=\"accordion-172042096-content\">\n\t\t\t<button class=\"toggle\" aria-label=\"Attiva\/Disattiva\"><i class=\"icon-angle-down\" aria-hidden=\"true\"><\/i><\/button>\n\t\t\t<span>Garanzia di qualit\u00e0<\/span>\n\t\t<\/a>\n\t\t<div id=\"accordion-172042096-content\" class=\"accordion-inner\" aria-labelledby=\"accordion-172042096-label\">\n\t\t\t\n\n<p>In ogni fase, sviluppo del prodotto, produzione, marketing e distribuzione, il nostro impegno per la qualit\u00e0 non vacilla mai. I nostri vaporizzatori monouso vengono sottoposti a rigorosi test per garantire che siano atossici, puri e offrano un sapore eccezionale. Questa dedizione all&#039;eccellenza costituisce la spina dorsale della nostra cultura aziendale.<\/p>\n\n\t\t<\/div>\n\t<\/div>\n\t\n\t<div id=\"accordion-4007098557\" class=\"accordion-item\">\n\t\t<a id=\"accordion-4007098557-label\" class=\"accordion-title plain\" href=\"#accordion-item-efficient-logistics-and-delivery\" aria-expanded=\"false\" aria-controls=\"accordion-4007098557-content\">\n\t\t\t<button class=\"toggle\" aria-label=\"Attiva\/Disattiva\"><i class=\"icon-angle-down\" aria-hidden=\"true\"><\/i><\/button>\n\t\t\t<span>Logistica e consegna efficienti<\/span>\n\t\t<\/a>\n\t\t<div id=\"accordion-4007098557-content\" class=\"accordion-inner\" aria-labelledby=\"accordion-4007098557-label\">\n\t\t\t\n\n<p>AiviouVape fornisce logistica e consegna efficienti, inclusi i servizi DDP (Delivered Duty Paid), assicurando uno sdoganamento senza intoppi senza commissioni o tasse. Con una consegna rapida e un&#039;assistenza clienti eccezionale, offriamo un&#039;esperienza fluida e affidabile, rendendoci un partner di fiducia nel settore.<\/p>\n\n\t\t<\/div>\n\t<\/div>\n\t\n\t<div id=\"accordion-3269191929\" class=\"accordion-item\">\n\t\t<a id=\"accordion-3269191929-label\" class=\"accordion-title plain\" href=\"#accordion-item-odm-and-oem-services\" aria-expanded=\"false\" aria-controls=\"accordion-3269191929-content\">\n\t\t\t<button class=\"toggle\" aria-label=\"Attiva\/Disattiva\"><i class=\"icon-angle-down\" aria-hidden=\"true\"><\/i><\/button>\n\t\t\t<span>Servizi ODM e OEM<\/span>\n\t\t<\/a>\n\t\t<div id=\"accordion-3269191929-content\" class=\"accordion-inner\" aria-labelledby=\"accordion-3269191929-label\">\n\t\t\t\n\n<p>AiviouVapes offre servizi completi ODM (Original Design Manufacturing) e OEM (Original Equipment Manufacturing). Con due grandi strutture, aiutiamo i clienti a progettare prodotti unici e loghi accattivanti per il packaging. Forniamo inoltre una guida gratuita alla progettazione del packaging e supportiamo i clienti che confezionano i propri prodotti, assicurando che il loro marchio brilli sul mercato.<\/p>\n\n\t\t<\/div>\n\t<\/div>\n\t\n\n<\/div>\n\n\t\t<\/div>\n\t\t\t\t\t<\/div>\n\n\t\n\n<\/div>","protected":false},"excerpt":{"rendered":"<p>Aivono Aim Pius 800 Puffs offre un piacere duraturo con fino a 800 puff, capacit\u00e0 di e-liquid da 3,2 ml e una batteria affidabile da 550 mAh. Disponibile in varie concentrazioni di nicotina, offre un vapore morbido e saporito con un&#039;ampia selezione di aromi rinfrescanti. Ideale per lo svapo in movimento.<\/p>","protected":false},"featured_media":9040,"comment_status":"open","ping_status":"closed","template":"","meta":[],"product_brand":[],"product_cat":[41,118,117,76,134,135,133,136,137,146,138,139,140,141,142,143,144,145,116],"product_tag":[],"class_list":{"0":"post-7486","1":"product","2":"type-product","3":"status-publish","4":"has-post-thumbnail","6":"product_cat-aivono-vapes","7":"product_cat-800-puffs-disposable-vape","8":"product_cat-different-puffs-of-diposable-vapes","9":"product_cat-disposable-vape-types","10":"product_cat-disposable-vapes-in-austria","11":"product_cat-disposable-vapes-in-belgium","12":"product_cat-disposable-vapes-in-europe","13":"product_cat-disposable-vapes-in-france","14":"product_cat-disposable-vapes-in-germany","15":"product_cat-disposable-vapes-in-hungary","16":"product_cat-disposable-vapes-in-ltaly","17":"product_cat-disposable-vapes-in-netherlands","18":"product_cat-disposable-vapes-in-norway","19":"product_cat-disposable-vapes-in-poland","20":"product_cat-disposable-vapes-in-portugal","21":"product_cat-disposable-vapes-in-spain","22":"product_cat-disposable-vapes-in-sweden","23":"product_cat-disposable-vapes-in-switzerland","24":"product_cat-mini-puffs-vapes","26":"first","27":"instock","28":"shipping-taxable","29":"purchasable","30":"product-type-variable","31":"has-default-attributes"},"jetpack_sharing_enabled":true,"tiered_pricing_type":"fixed","tiered_pricing_fixed_rules":{"2000":3.04000000000000003552713678800500929355621337890625},"tiered_pricing_product_settings":{"layout":"default","base_unit_name":{"singular":null,"plural":null},"default_variation":null},"tiered_pricing_minimum_quantity":1000,"tiered_pricing_roles_data":[],"tiered_pricing_percentage_rules":[],"tiered_pricing_maximum_quantity":null,"tiered_pricing_quantity_step":"10","_links":{"self":[{"href":"https:\/\/aiviouvapes.com\/it\/wp-json\/wp\/v2\/product\/7486","targetHints":{"allow":["GET"]}}],"collection":[{"href":"https:\/\/aiviouvapes.com\/it\/wp-json\/wp\/v2\/product"}],"about":[{"href":"https:\/\/aiviouvapes.com\/it\/wp-json\/wp\/v2\/types\/product"}],"replies":[{"embeddable":true,"href":"https:\/\/aiviouvapes.com\/it\/wp-json\/wp\/v2\/comments?post=7486"}],"wp:featuredmedia":[{"embeddable":true,"href":"https:\/\/aiviouvapes.com\/it\/wp-json\/wp\/v2\/media\/9040"}],"wp:attachment":[{"href":"https:\/\/aiviouvapes.com\/it\/wp-json\/wp\/v2\/media?parent=7486"}],"wp:term":[{"taxonomy":"product_brand","embeddable":true,"href":"https:\/\/aiviouvapes.com\/it\/wp-json\/wp\/v2\/product_brand?post=7486"},{"taxonomy":"product_cat","embeddable":true,"href":"https:\/\/aiviouvapes.com\/it\/wp-json\/wp\/v2\/product_cat?post=7486"},{"taxonomy":"product_tag","embeddable":true,"href":"https:\/\/aiviouvapes.com\/it\/wp-json\/wp\/v2\/product_tag?post=7486"}],"curies":[{"name":"wp","href":"https:\/\/api.w.org\/{rel}","templated":true}]}}