{"id":73816,"date":"2025-10-15T18:01:55","date_gmt":"2025-10-15T10:01:55","guid":{"rendered":"https:\/\/aiviouvapes.com\/?post_type=product&#038;p=73816"},"modified":"2026-04-17T13:00:37","modified_gmt":"2026-04-17T05:00:37","slug":"fihp-120k-6-in-1-disposable-vape","status":"publish","type":"product","link":"https:\/\/aiviouvapes.com\/it\/product\/fihp-120k-6-in-1-disposable-vape\/","title":{"rendered":"FIHP 120K | 120000 puff, 64mL, 6-in-1, multi-sapore, schermo LED, alto numero di puff, vape usa e getta sfuso"},"content":{"rendered":"<h2>FIHP 120K 6-in-1 120000 Puff | schermo a led 6 gusti in 1 multi-sapore 64ml alto numero di puff lunga durata ricaricabile in blocco vape monouso<\/h2>\n<h3>Perch\u00e9 scegliere FIHP 120K Vape Multi-Flavor?<\/h3>\n<ul>\n<li>\ud83d\udca8 <b>Ultra-lungo 120K soffi:<\/b> Vanta fino a 120.000 boccate per sessioni di svapo prolungate - costruito per gli utenti pi\u00f9 assidui e per una soddisfazione duratura.<\/li>\n<li>\ud83d\udd04 <b>Sistema di aromi 6 in 1:<\/b> Libert\u00e0 di scegliere tra sei aromi di frutta e di freddo regolabili su richiesta, per personalizzare il proprio gusto in qualsiasi momento.<\/li>\n<li>\ud83d\udcf1 <b>Display LED intelligente:<\/b> Lo schermo incorporato mostra la durata della batteria e i livelli di e-liquid in tempo reale, in modo da sapere sempre quanto succo e quanta energia sono rimasti.<\/li>\n<li>\ud83d\udd25 <b>Bobina a doppia maglia:<\/b> Le innovative bobine a doppia maglia si riscaldano in modo pi\u00f9 uniforme per un sapore pi\u00f9 ricco e nuvole pi\u00f9 dense rispetto a una bobina singola.<\/li>\n<li>\ud83d\udd0b <b>Batteria ricaricabile da 650 mAh:<\/b> La ricarica rapida tramite USB-C consente di ricaricarsi rapidamente, per svapare tutto il giorno senza attese.<\/li>\n<li>\ud83d\udca7 <b>Serbatoio per liquidi elettronici da 64 ml:<\/b> Il serbatoio ad alta capacit\u00e0 contiene molto succo per un sapore ininterrotto, il che significa meno ricariche durante le sessioni di maratona.<\/li>\n<li>\ud83d\udce6 <b>Confezioni pronte per la vendita all'ingrosso:<\/b> Viene fornito con 10 pezzi per scatola - ideale per i distributori e i vape shop alla ricerca di un articolo best-seller all'ingrosso.<\/li>\n<\/ul>\n<h3>Specifiche tecniche<\/h3>\n<table>\n<tbody>\n<tr>\n<th>Caratteristica<\/th>\n<th>Specifiche<\/th>\n<\/tr>\n<tr>\n<td>Conteggio dei soffi<\/td>\n<td>Fino a 120.000<\/td>\n<\/tr>\n<tr>\n<td>Capacit\u00e0 del liquido elettronico<\/td>\n<td>64 mL<\/td>\n<\/tr>\n<tr>\n<td>I sapori<\/td>\n<td>6 Regolabile (miscele di frutta e ghiaccio)<\/td>\n<\/tr>\n<tr>\n<td>Batteria<\/td>\n<td>650 mAh (ricaricabile)<\/td>\n<\/tr>\n<tr>\n<td>Tipo di bobina<\/td>\n<td>Doppia maglia<\/td>\n<\/tr>\n<tr>\n<td>Display<\/td>\n<td>Schermo a LED (batteria + contatore di battiti)<\/td>\n<\/tr>\n<tr>\n<td>Ricarica<\/td>\n<td>Ricarica rapida USB Tipo-C<\/td>\n<\/tr>\n<tr>\n<td>Forza della nicotina<\/td>\n<td>2% \/ 5% (20mg \/ 50mg)<\/td>\n<\/tr>\n<tr>\n<td>Imballaggio<\/td>\n<td>10 pezzi per scatola<\/td>\n<\/tr>\n<\/tbody>\n<\/table>\n<p><img data-recalc-dims=\"1\" decoding=\"async\" src=\"https:\/\/i0.wp.com\/aiviouvapes.com\/wp-content\/uploads\/2025\/10\/Y76-10012.jpg?w=1020&#038;ssl=1\" alt=\"FIHP 120K Vape multi-sapore\" title=\"\"><\/p>\n<h3>Profili di sapore<\/h3>\n<ul>\n<li><strong>Gruppo 01:<\/strong> Ghiaccio all'anguria, Ghiaccio al mirtillo, Red Bull, Kiwi alla fragola, Limone al lime, Anguria alla fragola - Un mix rinfrescante di bacche, agrumi e note di bevande energetiche con un fresco tocco ghiacciato. \ud83c\udf49\ud83c\udf47\ud83e\udd64\ud83c\udf53\ud83c\udf4b<\/li>\n<li><strong>Gruppo 02:<\/strong> Banana alla fragola, Mela doppia, Anguria al lampone, Ananas al mango acido, Frutta tropicale, Pesca al limone - Un medley di frutti di bosco dolci, mango tropicale, ananas e pesca, il tutto con una nota piccante. \ud83c\udf53\ud83c\udf4f\ud83e\udd6d\ud83c\udf4d\ud83c\udf4b<\/li>\n<li><strong>Gruppo 03:<\/strong> Coca alla fragola e vaniglia, ananas e cocco, Blue Razz, frutti di bosco misti, pesca al mango, lampone e mirtillo - dessert decadenti e miscele tropicali, dalla cremosa cola alla fragola all'esotico cocco all'ananas e al punch di frutti di bosco misti. \ud83c\udf53\ud83e\udd65\ud83c\udf47\ud83c\udf51<\/li>\n<li><strong>Gruppo 04:<\/strong> Ghiaccio all'uva, Ghiaccio al drago nero, Ghiaccio alla ciliegia Fizzy, Bacche di pesca, Melone triplo, Orso gommoso - Fusione di caramelle e frutta: freddo all'uva e al frutto del drago, frizzante cola alla ciliegia, frutti di bosco alla pesca, succoso melone e dolce orso gommoso. \ud83c\udf47\u2744\ufe0f\ud83c\udf52\ud83c\udf51\ud83c\udf49\ud83c\udf6c<\/li>\n<li><strong>Gruppo 05:<\/strong> Cherry Cola Ice, Mango Ice, Peach Ice, Rainbow Candy, Love 666, Blueberry Cotton Candy - Fresche bibite e caramelle: cherry cola ghiacciata, mango\/pesca ghiacciata, dolci caramelle arcobaleno e zucchero filato. \ud83c\udf52\ud83e\udd64\u2744\ufe0f\ud83c\udf51\ud83c\udf08<\/li>\n<li><strong>Gruppo 06:<\/strong> Aloe Lychee Ice, Glacier Ice, Black Currant Ice, Pink Lemon, Pine Needle Mint, Watermelon Lemon - Miscele rinfrescanti di erbe e frutti ghiacciati: aloe lychee, menta glaciale, ribes nero, zesty pink lemon, pine-mint e watermelon lemon. \ud83c\udf3f\ud83c\udf49\ud83c\udf4b\u2744\ufe0f<\/li>\n<\/ul>\n<p>Che si tratti di un <em>utente pesante<\/em> o un <em>sapore chaser<\/em>La svapata monouso FIHP 120K 6-in-1 offre un divertimento senza sosta. \ud83c\udfaf 120.000 boccate significano una soddisfazione prolungata senza continue ricariche, e la variet\u00e0 6-in-1 mantiene le papille gustative entusiaste. \ud83c\udfea I vape shop e i distributori apprezzeranno la confezione da 10 pezzi, che facilita le scorte e le vendite. Questo dispositivo \u00e8 la scelta definitiva per tutti coloro che cercano prestazioni, variet\u00e0 e convenienza in un unico pacchetto elegante. \ud83d\ude80<\/p>\n<h3>Domande frequenti (FAQ)<\/h3>\n<ul>\n<li><strong>Q:<\/strong> <em>Quante boccate dura?<\/em><br \/>\n<strong>A:<\/strong> Fino a 120.000 boccate (ovvero mesi di svapo per la maggior parte degli utenti).<\/li>\n<li><strong>Q:<\/strong> <em>Come si passa da un gusto all'altro?<\/em><br \/>\n<strong>A:<\/strong> Questo modello 6-in-1 consente di alternare i sapori (di solito tramite un pulsante di accensione o un interruttore). Ogni aroma \u00e8 precaricato, in modo da poter cambiare facilmente e gustare nuovi gusti su richiesta.<\/li>\n<li><strong>Q:<\/strong> <em>La batteria \u00e8 ricaricabile?<\/em><br \/>\n<strong>A:<\/strong> S\u00ec, ha una batteria integrata da 650 mAh con ricarica USB Type-C: per ricariche rapide e convenienti.<\/li>\n<li><strong>Q:<\/strong> <em>Cosa mostra il display a LED?<\/em><br \/>\n<strong>A:<\/strong> Lo schermo LED intelligente mostra in tempo reale il livello della batteria e lo stato dell'e-liquid:contentReference, in modo da sapere sempre quando ricaricare o cambiare dispositivo.<\/li>\n<li><strong>Q:<\/strong> <em>A chi \u00e8 destinato questo prodotto?<\/em><br \/>\n<strong>A:<\/strong> Ideale per i forti vapers che necessitano di un dispositivo di lunga durata (120K puff) e per gli amanti dei sapori che amano la variet\u00e0. Perfetta anche per i vape shop e i grossisti grazie alla comoda confezione da 10 pezzi.<\/li>\n<\/ul>","protected":false},"excerpt":{"rendered":"<p>Preparatevi a FiHP 120K 6-in-1 Disposable Vape! 120.000 boccate di beatitudine vaping con 6 aromi commutabili e un display LED intelligente. \ud83d\udca8 Ricaricabile e pronto per la vendita all'ingrosso, \u00e8 perfetto per gli amanti degli aromi e per chi acquista all'ingrosso! \ud83d\udd25<\/p>","protected":false},"featured_media":74989,"comment_status":"open","ping_status":"closed","template":"","meta":[],"product_brand":[236],"product_cat":[18,336,242,137,146,138,141,143,572],"product_tag":[328,334,333,330,326,337,329,332,327,331,335],"class_list":{"0":"post-73816","1":"product","2":"type-product","3":"status-publish","4":"has-post-thumbnail","6":"product_brand-fihp","7":"product_cat-fihp","8":"product_cat-100k-puffs-disposable-vape","9":"product_cat-60000-puffs-disposable-vape","10":"product_cat-disposable-vapes-in-germany","11":"product_cat-disposable-vapes-in-hungary","12":"product_cat-disposable-vapes-in-ltaly","13":"product_cat-disposable-vapes-in-poland","14":"product_cat-disposable-vapes-in-spain","15":"product_cat-new-2","16":"product_tag-120000-puffs-vape","17":"product_tag-6-in-1-flavor-vape","18":"product_tag-bulk-vape-wholesale-eu","19":"product_tag-dual-mesh-coil-vape","20":"product_tag-fihp-120k","21":"product_tag-high-puff-count-disposable-vape","22":"product_tag-led-screen-vape","23":"product_tag-long-lasting-vape-europe","24":"product_tag-multi-flavor-disposable-vape","25":"product_tag-rechargeable-disposable-vape","26":"product_tag-smart-display-vape","28":"first","29":"instock","30":"shipping-taxable","31":"purchasable","32":"product-type-variable","33":"has-default-attributes"},"jetpack_sharing_enabled":true,"tiered_pricing_type":"fixed","tiered_pricing_fixed_rules":{"2000":11.9000000000000003552713678800500929355621337890625},"tiered_pricing_product_settings":{"layout":"default","base_unit_name":{"singular":null,"plural":null},"default_variation":null},"tiered_pricing_minimum_quantity":1000,"tiered_pricing_roles_data":[],"tiered_pricing_percentage_rules":[],"tiered_pricing_maximum_quantity":null,"tiered_pricing_quantity_step":"10","_links":{"self":[{"href":"https:\/\/aiviouvapes.com\/it\/wp-json\/wp\/v2\/product\/73816","targetHints":{"allow":["GET"]}}],"collection":[{"href":"https:\/\/aiviouvapes.com\/it\/wp-json\/wp\/v2\/product"}],"about":[{"href":"https:\/\/aiviouvapes.com\/it\/wp-json\/wp\/v2\/types\/product"}],"replies":[{"embeddable":true,"href":"https:\/\/aiviouvapes.com\/it\/wp-json\/wp\/v2\/comments?post=73816"}],"wp:featuredmedia":[{"embeddable":true,"href":"https:\/\/aiviouvapes.com\/it\/wp-json\/wp\/v2\/media\/74989"}],"wp:attachment":[{"href":"https:\/\/aiviouvapes.com\/it\/wp-json\/wp\/v2\/media?parent=73816"}],"wp:term":[{"taxonomy":"product_brand","embeddable":true,"href":"https:\/\/aiviouvapes.com\/it\/wp-json\/wp\/v2\/product_brand?post=73816"},{"taxonomy":"product_cat","embeddable":true,"href":"https:\/\/aiviouvapes.com\/it\/wp-json\/wp\/v2\/product_cat?post=73816"},{"taxonomy":"product_tag","embeddable":true,"href":"https:\/\/aiviouvapes.com\/it\/wp-json\/wp\/v2\/product_tag?post=73816"}],"curies":[{"name":"wp","href":"https:\/\/api.w.org\/{rel}","templated":true}]}}