{"id":52966,"date":"2025-08-12T10:02:17","date_gmt":"2025-08-12T02:02:17","guid":{"rendered":"https:\/\/aiviouvapes.com\/?post_type=product&#038;p=52966"},"modified":"2026-04-17T10:32:57","modified_gmt":"2026-04-17T02:32:57","slug":"bang-king-twins-50000","status":"publish","type":"product","link":"https:\/\/aiviouvapes.com\/it\/product\/bang-king-twins-50000\/","title":{"rendered":"Bang King Twins 50000 Puffs | doppio gusto 56ml vape monouso a lunga durata"},"content":{"rendered":"<h2>Perch\u00e9 scegliere Bang King Twins 50000?<\/h2>\n<ul>\n<li>\ud83d\udd25 Enorme capacit\u00e0 di 50.000 puff per un divertimento di lunga durata<\/li>\n<li>\ud83c\udf79 Camere a doppio gusto per un'esperienza di vaping unica<\/li>\n<li>\ud83d\udca8 Capacit\u00e0 di 56 ml di e-liquido per un uso prolungato<\/li>\n<li>\u26a1 Display digitale a LED per il monitoraggio della batteria e dell'e-liquid<\/li>\n<li>\ud83d\udd0b Ricarica rapida di tipo-C per tempi di inattivit\u00e0 ridotti al minimo<\/li>\n<li>\ud83c\udf0e Ideale sia per i clienti al dettaglio che per i distributori all'ingrosso<\/li>\n<\/ul>\n<p>Se siete vaper accaniti, amanti dei sapori o proprietari di negozi di svapo alla ricerca di prodotti sfusi di alta qualit\u00e0, la King Twins 50000 Bang \u00e8 la scelta definitiva. Con una capacit\u00e0 enorme, un'eccezionale erogazione di aromi e un design costruito per la convenienza, \u00e8 la svapata monouso perfetta per l'uso personale o la distribuzione su larga scala.<\/p>\n<h3>Bang King Twins 50000 Specifiche tecniche<\/h3>\n<table>\n<tbody>\n<tr>\n<td>Capacit\u00e0 di soffio<\/td>\n<td>Fino a 50.000 soffi<\/td>\n<\/tr>\n<tr>\n<td>Capacit\u00e0 del liquido elettronico<\/td>\n<td>56mL (28mL + 28mL)<\/td>\n<\/tr>\n<tr>\n<td>Batteria<\/td>\n<td>650 mAh, ricaricabile di tipo C<\/td>\n<\/tr>\n<tr>\n<td>Tipo di bobina<\/td>\n<td>Bobina a maglie da 1,0\u03a9<\/td>\n<\/tr>\n<tr>\n<td>Opzioni di nicotina<\/td>\n<td>2%, 3%, 5%<\/td>\n<\/tr>\n<tr>\n<td>Display<\/td>\n<td>Schermo digitale a LED<\/td>\n<\/tr>\n<tr>\n<td>Design<\/td>\n<td>Corpo portatile a doppia camera ed elegante<\/td>\n<\/tr>\n<\/tbody>\n<\/table>\n<h3>Bang King Twins 50000 Panoramica e caratteristiche<\/h3>\n<p>\ud83d\ude80 Portate la vostra esperienza di vaping a un livello superiore con la Bang King Twins 50000! Progettata per gli amanti delle nuvole e degli aromi, questa centrale elettrica offre un'incredibile potenza di svapo. <strong>fino a 50.000 soffi<\/strong> dalla sua massiccia <strong>Capacit\u00e0 di 56 ml di e-liquido<\/strong> - diviso in due camere separate per <strong>piacere a doppio gusto<\/strong>. Il sistema avanzato <strong>rotolo di rete<\/strong> offre un sapore intenso e un'estrazione morbida, mentre il <strong>Display digitale a LED<\/strong> vi tiene informati sui livelli della batteria e dell'e-liquid. Che siate clienti al dettaglio o acquirenti all'ingrosso, questo dispositivo \u00e8 costruito per garantire prestazioni, stile e soddisfazione.<\/p>\n<h3>Combinazioni di sapori<\/h3>\n<table>\n<tbody>\n<tr>\n<th>Sapore A<\/th>\n<th>Sapore B<\/th>\n<\/tr>\n<tr>\n<td>Amore 66<\/td>\n<td>Frutto della passione al limone<\/td>\n<\/tr>\n<tr>\n<td>Pesca Guava Fragola<\/td>\n<td>Uva Sakura<\/td>\n<\/tr>\n<tr>\n<td>Fragola e banana<\/td>\n<td>Heisenberg<\/td>\n<\/tr>\n<tr>\n<td>Ghiaccio Blu Razz<\/td>\n<td>Blu Razz Ciliegia<\/td>\n<\/tr>\n<tr>\n<td>Anguria alla fragola<\/td>\n<td>Gelato alla fragola<\/td>\n<\/tr>\n<tr>\n<td>Ghiaccio all'anguria<\/td>\n<td>Anguria Hubba Bubba<\/td>\n<\/tr>\n<tr>\n<td>Doppio lime<\/td>\n<td>Ghiaccio all'aloe vera<\/td>\n<\/tr>\n<tr>\n<td>Miscela di bacche<\/td>\n<td>Fragola Kiwi<\/td>\n<\/tr>\n<tr>\n<td>Litchi super freschi<\/td>\n<td>Uomo rosa<\/td>\n<\/tr>\n<tr>\n<td>Succo di pesca ghiacciato<\/td>\n<td>Mango alla fragola<\/td>\n<\/tr>\n<tr>\n<td>Cola Limone<\/td>\n<td>Skittles alla fragola<\/td>\n<\/tr>\n<tr>\n<td>Pesca, mango e anguria<\/td>\n<td>Blu Razz Ciliegia<\/td>\n<\/tr>\n<\/tbody>\n<\/table>\n<h3>Bang King Twins 50000 gusti in stock:<\/h3>\n<p>Love 66 &amp; Lemon Passion Fruit, Peach Guava Strawberry &amp; Sakura Grape, Strawberry Banana &amp; Heisenberg, Blue Razz Ice &amp; Blue Razz Cherry, Strawberry Watermelon &amp; Strawberry Ice Cream, Watermelon Ice &amp; Watermelon Hubba Bubba, Double Lime &amp; Ice Aloe Vera, Mix Berry &amp; Strawberry Kiwi, Super Cool Lychee &amp; Pink Man, Juice Peach Ice &amp; Strawberry Mango, Cola Lemon &amp; Strawberry Skittles, Peach Mango Watermelon &amp; Blue Razz Cherry.<a style=\"font-size: 14.4px;\" href=\"https:\/\/aiviouvapes.com\/wp-content\/uploads\/2025\/08\/Bang-King-Twins-50000-flavor-chart.avif\"><br \/>\n<img decoding=\"async\" class=\"alignnone size-full wp-image-52973\" src=\"https:\/\/aiviouvapes.com\/wp-content\/uploads\/2025\/08\/Bang-King-Twins-50000-flavor-chart.avif\" alt=\",\" title=\"\"><\/a><\/p>","protected":false},"excerpt":{"rendered":"<p>Bang King Twins 50000 eroga fino a 50.000 boccate con un design a doppio gusto di lunga durata, un enorme e-liquid da 56 ml e un display a LED. Perfetta per gli amanti dei sapori, per gli utenti pi\u00f9 assidui e per la distribuzione di vape all'ingrosso.<\/p>","protected":false},"featured_media":52984,"comment_status":"open","ping_status":"closed","template":"","meta":[],"product_brand":[239],"product_cat":[37,280,137,146,138,141,143],"product_tag":[306,308,303,305,304,302],"class_list":{"0":"post-52966","1":"product","2":"type-product","3":"status-publish","4":"has-post-thumbnail","6":"product_brand-bang","7":"product_cat-bang","8":"product_cat-cheap-rechargeable-disposable-vapes","9":"product_cat-disposable-vapes-in-germany","10":"product_cat-disposable-vapes-in-hungary","11":"product_cat-disposable-vapes-in-ltaly","12":"product_cat-disposable-vapes-in-poland","13":"product_cat-disposable-vapes-in-spain","14":"product_tag-best-disposable-vapes","15":"product_tag-disposable-vape-in-europe","16":"product_tag-screen-vape","17":"product_tag-vape-suppliers","18":"product_tag-wholesale-vapes","19":"product_tag-wholesale-vapor","21":"first","22":"instock","23":"shipping-taxable","24":"purchasable","25":"product-type-variable","26":"has-default-attributes"},"jetpack_sharing_enabled":true,"tiered_pricing_type":"fixed","tiered_pricing_fixed_rules":{"30":7.6500000000000003552713678800500929355621337890625,"50":6.3499999999999996447286321199499070644378662109375,"100":5.57000000000000028421709430404007434844970703125,"200":5.19000000000000039079850466805510222911834716796875,"400":4.5999999999999996447286321199499070644378662109375},"tiered_pricing_product_settings":{"layout":"default","base_unit_name":{"singular":null,"plural":null},"default_variation":null},"tiered_pricing_minimum_quantity":10,"tiered_pricing_roles_data":[],"tiered_pricing_percentage_rules":[],"tiered_pricing_maximum_quantity":null,"tiered_pricing_quantity_step":"10","_links":{"self":[{"href":"https:\/\/aiviouvapes.com\/it\/wp-json\/wp\/v2\/product\/52966","targetHints":{"allow":["GET"]}}],"collection":[{"href":"https:\/\/aiviouvapes.com\/it\/wp-json\/wp\/v2\/product"}],"about":[{"href":"https:\/\/aiviouvapes.com\/it\/wp-json\/wp\/v2\/types\/product"}],"replies":[{"embeddable":true,"href":"https:\/\/aiviouvapes.com\/it\/wp-json\/wp\/v2\/comments?post=52966"}],"wp:featuredmedia":[{"embeddable":true,"href":"https:\/\/aiviouvapes.com\/it\/wp-json\/wp\/v2\/media\/52984"}],"wp:attachment":[{"href":"https:\/\/aiviouvapes.com\/it\/wp-json\/wp\/v2\/media?parent=52966"}],"wp:term":[{"taxonomy":"product_brand","embeddable":true,"href":"https:\/\/aiviouvapes.com\/it\/wp-json\/wp\/v2\/product_brand?post=52966"},{"taxonomy":"product_cat","embeddable":true,"href":"https:\/\/aiviouvapes.com\/it\/wp-json\/wp\/v2\/product_cat?post=52966"},{"taxonomy":"product_tag","embeddable":true,"href":"https:\/\/aiviouvapes.com\/it\/wp-json\/wp\/v2\/product_tag?post=52966"}],"curies":[{"name":"wp","href":"https:\/\/api.w.org\/{rel}","templated":true}]}}