{"id":5272,"date":"2024-08-19T03:33:10","date_gmt":"2024-08-18T19:33:10","guid":{"rendered":"https:\/\/aiviouvapes.com\/?post_type=product&#038;p=5272"},"modified":"2026-04-17T13:01:43","modified_gmt":"2026-04-17T05:01:43","slug":"aivono-aim-puff-star-6500-puffs-disposable-wholesale","status":"publish","type":"product","link":"https:\/\/aiviouvapes.com\/it\/product\/aivono-aim-puff-star-6500-puffs-disposable-wholesale\/","title":{"rendered":"AIVONO Aim Puff Star 6500 Puffs | 0%-5% nicotina, 13mL, vape monouso sfuso"},"content":{"rendered":"<h2>AIVONO Aim Puff Star 6500 tiri | 0% 2% 5% nicotina, e-liquid da 13 ml, bobina a maglie da 1,2 \u03a9, ricaricabile tipo C, acquisto all&#039;ingrosso di sigarette elettroniche usa e getta<\/h2>\n<h3>Panoramica e caratteristiche di AIVONO AIM PUFF STAR 6500 Puffs<\/h3>\n<p>Il AIVONO AIM PUFF STAR 6500 Puffs \u00e8 progettato per un divertimento prolungato, offrendo fino a 6500 tiri con un serbatoio di e-juice da 13 ml per ridurre la necessit\u00e0 di frequenti ricariche. Alimentato da una batteria ricaricabile da 400 mAh, questo dispositivo supporta sessioni di svapo prolungate, mentre la porta di ricarica Type-C assicura una ricarica rapida ed efficiente. Disponibile con concentrazioni di nicotina di 0%, 2% e 5%, soddisfa varie preferenze. La bobina a maglie da 1,2 \u03a9 migliora il sapore e la consistenza del vapore, offrendo uno svapo fluido e piacevole a ogni tiro.<\/p>\n<ul>\n<li><strong>Fino a 6500 boccate<\/strong>: Garantisce un utilizzo duraturo, massimizzando praticit\u00e0 e soddisfazione.<\/li>\n<li><strong>Capacit\u00e0 di e-liquid da 13 ml<\/strong>: Riduce la necessit\u00e0 di ricariche, ideale per un divertimento ininterrotto.<\/li>\n<li><strong>Batteria da 400 mAh<\/strong>: Garantisce prestazioni affidabili con la ricarica rapida di Tipo-C.<\/li>\n<li><strong>Opzioni di nicotina<\/strong>: Disponibile nei colori 0%, 2% e 5% per un&#039;esperienza personalizzata.<\/li>\n<li><strong>Bobina a maglie da 1,2\u03a9<\/strong>: Offre un sapore ricco e delicato e una produzione di vapore costante.<\/li>\n<\/ul>\n<h3>AIVONO AIM PUFF STAR 6500 Puffs Gusti disponibili:<\/h3>\n<p>Frutti di bosco misti, caramelle al mentolo, fragole e kiwi, mango misto, anguria, gelato alla fragola, bevanda energetica, lampone blu, melone al cocco, succo di pesca.<\/p>\n<h3>Perch\u00e9 scegliere i boccate AIVONO AIM PUFF STAR 6500?<\/h3>\n<p>Il AIVONO AIM PUFF STAR 6500 Puffs combina un&#039;elevata capacit\u00e0 di tiro, aromi diversi e una tecnologia avanzata di bobine a maglie, rendendolo ideale per i vapers che cercano qualit\u00e0 e praticit\u00e0. Il suo design compatto e portatile e la batteria ricaricabile sono perfetti per l&#039;uso in movimento, mentre il formato monouso elimina la manutenzione. Ideale per il commercio all&#039;ingrosso, questo dispositivo \u00e8 un&#039;opzione eccellente per i rivenditori che desiderano offrire uno svapo monouso di alta qualit\u00e0. Che tu sia uno svapatore esperto o un nuovo arrivato sulla scena, il AIVONO AIM PUFF STAR 6500 Puffs promette un&#039;esperienza soddisfacente e saporita a ogni tiro.<\/p>\n<p><img data-recalc-dims=\"1\" loading=\"lazy\" decoding=\"async\" class=\"alignnone wp-image-8222 size-full\" title=\"AIVONO AIM PUFF STAR 6500 Puffs 0% 2% 5% Nicotina ricaricabile Bulk Buy Vape usa e getta all&#039;ingrosso\" src=\"https:\/\/i0.wp.com\/aiviouvapes.com\/wp-content\/uploads\/2024\/08\/1-21.jpg?resize=1020%2C816&#038;ssl=1\" alt=\"AIVONO AIM PUFF STAR 6500 Puffs 0% 2% 5% Nicotina ricaricabile Bulk Buy Vape usa e getta all&#039;ingrosso\" width=\"1020\" height=\"816\" srcset=\"https:\/\/i0.wp.com\/aiviouvapes.com\/wp-content\/uploads\/2024\/08\/1-21.jpg?w=1876&amp;ssl=1 1876w, https:\/\/i0.wp.com\/aiviouvapes.com\/wp-content\/uploads\/2024\/08\/1-21.jpg?resize=300%2C240&amp;ssl=1 300w, https:\/\/i0.wp.com\/aiviouvapes.com\/wp-content\/uploads\/2024\/08\/1-21.jpg?resize=1024%2C819&amp;ssl=1 1024w, https:\/\/i0.wp.com\/aiviouvapes.com\/wp-content\/uploads\/2024\/08\/1-21.jpg?resize=768%2C614&amp;ssl=1 768w, https:\/\/i0.wp.com\/aiviouvapes.com\/wp-content\/uploads\/2024\/08\/1-21.jpg?resize=1536%2C1228&amp;ssl=1 1536w, https:\/\/i0.wp.com\/aiviouvapes.com\/wp-content\/uploads\/2024\/08\/1-21.jpg?resize=15%2C12&amp;ssl=1 15w, https:\/\/i0.wp.com\/aiviouvapes.com\/wp-content\/uploads\/2024\/08\/1-21.jpg?resize=800%2C640&amp;ssl=1 800w\" sizes=\"auto, (max-width: 1020px) 100vw, 1020px\" \/><\/p>","protected":false},"excerpt":{"rendered":"<p>\u2764\ufe0f\ud83d\udca8AIVONO AIM PUFF STAR 6500 Puffs offre fino a 6500 tiri, una capacit\u00e0 di e-liquid da 13 ml e una batteria ricaricabile da 400 mAh per uno svapo prolungato e senza problemi. Disponibile in pi\u00f9 concentrazioni di nicotina, \u00e8 dotato di una bobina a maglie da 1,2 \u03a9 per un vapore morbido e saporito. Perfetto sia per uso personale che all&#039;ingrosso.<\/p>","protected":false},"featured_media":5290,"comment_status":"open","ping_status":"closed","template":"","meta":[],"product_brand":[],"product_cat":[41,119,120,90,117,76,134,135,133,136,137,146,138,139,140,141,142,143,144,145,573,572,132],"product_tag":[],"class_list":{"0":"post-5272","1":"product","2":"type-product","3":"status-publish","4":"has-post-thumbnail","6":"product_cat-aivono-vapes","7":"product_cat-5000-puffs-disposable-vape","8":"product_cat-8000-puffs-disposable-vape","9":"product_cat-big-puffs-vapes","10":"product_cat-different-puffs-of-diposable-vapes","11":"product_cat-disposable-vape-types","12":"product_cat-disposable-vapes-in-austria","13":"product_cat-disposable-vapes-in-belgium","14":"product_cat-disposable-vapes-in-europe","15":"product_cat-disposable-vapes-in-france","16":"product_cat-disposable-vapes-in-germany","17":"product_cat-disposable-vapes-in-hungary","18":"product_cat-disposable-vapes-in-ltaly","19":"product_cat-disposable-vapes-in-netherlands","20":"product_cat-disposable-vapes-in-norway","21":"product_cat-disposable-vapes-in-poland","22":"product_cat-disposable-vapes-in-portugal","23":"product_cat-disposable-vapes-in-spain","24":"product_cat-disposable-vapes-in-sweden","25":"product_cat-disposable-vapes-in-switzerland","26":"product_cat-new-3","27":"product_cat-new-2","28":"product_cat-rechargeable-vapes","30":"first","31":"instock","32":"shipping-taxable","33":"purchasable","34":"product-type-variable","35":"has-default-attributes"},"jetpack_sharing_enabled":true,"tiered_pricing_type":"fixed","tiered_pricing_fixed_rules":{"2000":5.589999999999999857891452847979962825775146484375},"tiered_pricing_product_settings":{"layout":"default","base_unit_name":{"singular":null,"plural":null},"default_variation":null},"tiered_pricing_minimum_quantity":1000,"tiered_pricing_roles_data":[],"tiered_pricing_percentage_rules":[],"tiered_pricing_maximum_quantity":null,"tiered_pricing_quantity_step":"10","_links":{"self":[{"href":"https:\/\/aiviouvapes.com\/it\/wp-json\/wp\/v2\/product\/5272","targetHints":{"allow":["GET"]}}],"collection":[{"href":"https:\/\/aiviouvapes.com\/it\/wp-json\/wp\/v2\/product"}],"about":[{"href":"https:\/\/aiviouvapes.com\/it\/wp-json\/wp\/v2\/types\/product"}],"replies":[{"embeddable":true,"href":"https:\/\/aiviouvapes.com\/it\/wp-json\/wp\/v2\/comments?post=5272"}],"wp:featuredmedia":[{"embeddable":true,"href":"https:\/\/aiviouvapes.com\/it\/wp-json\/wp\/v2\/media\/5290"}],"wp:attachment":[{"href":"https:\/\/aiviouvapes.com\/it\/wp-json\/wp\/v2\/media?parent=5272"}],"wp:term":[{"taxonomy":"product_brand","embeddable":true,"href":"https:\/\/aiviouvapes.com\/it\/wp-json\/wp\/v2\/product_brand?post=5272"},{"taxonomy":"product_cat","embeddable":true,"href":"https:\/\/aiviouvapes.com\/it\/wp-json\/wp\/v2\/product_cat?post=5272"},{"taxonomy":"product_tag","embeddable":true,"href":"https:\/\/aiviouvapes.com\/it\/wp-json\/wp\/v2\/product_tag?post=5272"}],"curies":[{"name":"wp","href":"https:\/\/api.w.org\/{rel}","templated":true}]}}