{"id":46917,"date":"2025-07-29T21:23:27","date_gmt":"2025-07-29T13:23:27","guid":{"rendered":"https:\/\/aiviouvapes.com\/?post_type=product&#038;p=46917"},"modified":"2026-03-24T11:26:13","modified_gmt":"2026-03-24T03:26:13","slug":"mr-goodie-adjust-flavor-king-60000","status":"publish","type":"product","link":"https:\/\/aiviouvapes.com\/it\/product\/mr-goodie-adjust-flavor-king-60000\/","title":{"rendered":"Mr.Goodie Regolare Flavor King 60000 Puffs | triplo sapore vape monouso sfuso"},"content":{"rendered":"<p>\ud83d\ude80 Preparatevi a rivoluzionare la vostra esperienza di vaping con il NUOVO <b>Mr.Goodie Regolare il re del gusto 60000 bign\u00e8<\/b>! \ud83d\udc51 Non si tratta di una semplice svapata, ma di un impero del gusto in tasca. Progettato per la massima soddisfazione e una longevit\u00e0 senza pari, il Flavor King vanta un'incredibile capacit\u00e0 di 60.000 puff e un innovativo sistema a triplo gusto. Dite addio al vaping banale e date il benvenuto a una sinfonia di sapori! \u2728 Sia che siate un vaper esperto o un negozio alla ricerca della prossima novit\u00e0, la Mr.Goodie Adjust Flavor King \u00e8 il vostro fiore all'occhiello. \ud83d\udca8<\/p>\n<h2>Mr.Goodie Adjust Flavor King 60000 puffs Panoramica e caratteristiche del prodotto<\/h2>\n<p>Il <b>Mr.Goodie Regolare Flavor King 60000<\/b> \u00e8 un salto monumentale nella tecnologia dello svapo usa e getta, che offre un numero di boccate sbalorditivo e un innovativo meccanismo di commutazione del sapore. Progettato sia per i singoli appassionati che per gli acquirenti B2B, questo dispositivo ridefinisce la convenienza e la versatilit\u00e0. \ud83d\ude80<\/p>\n<ul>\n<li><b>Un numero di soffi senza precedenti:<\/b> Godetevi fino a <b>60.000 soffi<\/b> in modalit\u00e0 monogusto o 30.000 boccate in modalit\u00e0 mista, garantendo un uso prolungato. \ud83e\udd2f\ud83d\udca8<\/li>\n<li><b>Doppia capacit\u00e0 di liquido elettronico:<\/b> Caratterizzato da un enorme <b>20ML + 20ML (40ML in totale)<\/b> capacit\u00e0 di e-juice, che garantisce un divertimento duraturo senza frequenti sostituzioni. \ud83c\udf0a\ud83d\udd0b<\/li>\n<li><b>Intensit\u00e0 di nicotina regolabile:<\/b> Disponibile in <b>Opzioni di nicotina 2% e 5%<\/b> per soddisfare le diverse preferenze. \u2705 nicotina<\/li>\n<li><b>Potente e ricaricabile:<\/b> Dotato di un robusto <b>Batteria ricaricabile da 950 mAh<\/b> e un comodo <b>Porta di ricarica Type-C<\/b> per un vaping ininterrotto. \ud83d\udcaa\ud83d\udd0c<\/li>\n<li><b>Tecnologia avanzata delle bobine:<\/b> <b>Bobine a doppia maglia<\/b> combinata con un sistema all'avanguardia <b>Tecnologia iDuomesh<\/b> offrono un sapore consistente e ricco e una produzione di vapore massiccia. \ud83d\ude80\ud83c\udf2c\ufe0f<\/li>\n<li><b>Display intuitivo a 3 LCD:<\/b> Controlla facilmente la durata della batteria, i livelli di e-liquid e la modalit\u00e0 corrente per un'esperienza di vaping senza interruzioni. \ud83d\udcca\ud83d\udc40<\/li>\n<li><b>Sistema a triplo aroma:<\/b> Esplorare <b>10 combinazioni uniche di triplo sapore<\/b>che consente di passare da un sapore all'altro o di combinarli per una terza esperienza unica. \ud83c\udf53\ud83c\udf49\ud83c\udf4d\ud83c\udf4a<\/li>\n<\/ul>\n<h3>Specifiche tecniche<\/h3>\n<table>\n<thead>\n<tr>\n<th>Caratteristica<\/th>\n<th>Dettaglio<\/th>\n<\/tr>\n<\/thead>\n<tbody>\n<tr>\n<td>Opzioni di nicotina<\/td>\n<td>2%, 5%<\/td>\n<\/tr>\n<tr>\n<td>Bign\u00e8 (gusto singolo)<\/td>\n<td>60.000 Bign\u00e8<\/td>\n<\/tr>\n<tr>\n<td>Bign\u00e8 (gusti misti)<\/td>\n<td>30.000 Bign\u00e8 (miscela A + B)<\/td>\n<\/tr>\n<tr>\n<td>Capacit\u00e0 del liquido elettronico<\/td>\n<td>20ML + 20ML (40ML totali)<\/td>\n<\/tr>\n<tr>\n<td>Capacit\u00e0 della batteria<\/td>\n<td>950 mAh (ricaricabile)<\/td>\n<\/tr>\n<tr>\n<td>Porta di ricarica<\/td>\n<td>Tipo-C<\/td>\n<\/tr>\n<tr>\n<td>Tipo di bobina<\/td>\n<td>Bobine a doppia maglia, tecnologia iDuomesh<\/td>\n<\/tr>\n<tr>\n<td>Display<\/td>\n<td>3 Display LCD<\/td>\n<\/tr>\n<tr>\n<td>Modalit\u00e0 di sapore<\/td>\n<td>Gusto singolo, gusti misti<\/td>\n<\/tr>\n<tr>\n<td>Triplo gusto totale<\/td>\n<td>10 combinazioni uniche<\/td>\n<\/tr>\n<\/tbody>\n<\/table>\n<p><span style=\"font-size: 20.16px;\">Combinazioni di sapori<\/span><\/p>\n<p>Provate un'entusiasmante gamma di possibilit\u00e0 di aromi con l'Mr.Goodie Adjust Flavor King 60000. Ogni dispositivo offre tre esperienze di svapo distinte:<\/p>\n<table>\n<thead>\n<tr>\n<th>Un sapore<\/th>\n<th>Sapore B<\/th>\n<th>Sapore combinato (A+B)<\/th>\n<\/tr>\n<\/thead>\n<tbody>\n<tr>\n<td>Ghiaccio all'anguria<\/td>\n<td>Gomma da masticare<\/td>\n<td>Gomma da masticare all'anguria<\/td>\n<\/tr>\n<tr>\n<td>Ghiaccio alla pesca succosa<\/td>\n<td>Ghiaccio alla cola<\/td>\n<td>Ghiaccio alla pesca<\/td>\n<\/tr>\n<tr>\n<td>Lampone blu<\/td>\n<td>Ciliegia e limone<\/td>\n<td>Lampone Blu Ciliegia Limone<\/td>\n<\/tr>\n<tr>\n<td>Fragola<\/td>\n<td>Anguria<\/td>\n<td>Anguria alla fragola<\/td>\n<\/tr>\n<tr>\n<td>Mela verde<\/td>\n<td>Uva<\/td>\n<td>Mela Verde Uva<\/td>\n<\/tr>\n<tr>\n<td>Limone<\/td>\n<td>Caramelle arcobaleno<\/td>\n<td>Caramelle arcobaleno al limone<\/td>\n<\/tr>\n<tr>\n<td>Miami Mint<\/td>\n<td>Limone<\/td>\n<td>Menta e limone<\/td>\n<\/tr>\n<tr>\n<td>Ananas e cocco<\/td>\n<td>Ghiaccio energetico<\/td>\n<td>Bevanda energetica al cocco<\/td>\n<\/tr>\n<tr>\n<td>Uva<\/td>\n<td>Lampone<\/td>\n<td>Uva Lampone<\/td>\n<\/tr>\n<tr>\n<td>Arancia Mango Guava<\/td>\n<td>Orso gommoso<\/td>\n<td>OMG Blow-Pop<\/td>\n<\/tr>\n<\/tbody>\n<\/table>\n<p>Perch\u00e9 scegliere Mr.Goodie Adjust Flavor King 60000 Puffs?<\/p>\n<ul>\n<li>\ud83d\udc51 <b>Il re dei bign\u00e8:<\/b> Con un massimo di 60.000 boccate, questo dispositivo \u00e8 unico nel suo genere e offre una longevit\u00e0 che i tradizionali dispositivi usa e getta possono solo sognare.<\/li>\n<li>\ud83c\udf08 <b>Innovazione a triplo gusto:<\/b> Tuffatevi in 10 combinazioni uniche di triplo sapore, che offrono una variet\u00e0 senza pari e prevengono la lingua del vaper. Cambiate su richiesta!<\/li>\n<li>\ud83d\udd0b <b>Affidabilit\u00e0 senza pari:<\/b> La batteria ricaricabile da 950 mAh e la ricarica Type-C assicurano che siate sempre pronti per la prossima boccata, riducendo al minimo i tempi di inattivit\u00e0.<\/li>\n<li>\ud83c\udf2c\ufe0f <b>Vapore e sapore superiori:<\/b> Le bobine a doppia maglia e la tecnologia iDuomesh garantiscono un'esperienza di svapo uniforme, ricca e soddisfacente ad ogni estrazione.<\/li>\n<li>\ud83d\udcca <b>Intelligente e facile da usare:<\/b> Il display a 3 LCD vi tiene informati, facilitando la gestione delle vostre sessioni di vaping.<\/li>\n<li>\ud83d\udcb0 <b>Valore eccezionale:<\/b> Per gli utilizzatori pi\u00f9 assidui, questo dispositivo offre un incredibile rapporto costo-efficacia per ogni boccata. Per gli acquirenti B2B, \u00e8 un prodotto molto richiesto che andr\u00e0 a ruba.<\/li>\n<li>\ud83c\udf3f <b>Qualit\u00e0 garantita:<\/b> Realizzati con ingredienti di prima qualit\u00e0 e processi produttivi avanzati, garantiscono sicurezza e soddisfazione.<\/li>\n<\/ul>\n<p>Il <b>Mr.Goodie Regolare il re del gusto 60000 bign\u00e8<\/b> \u00e8 la scelta definitiva per gli utilizzatori intensivi e gli amanti del gusto che cercano un divertimento prolungato e diverse opzioni di gusto. Il suo design robusto e le sue caratteristiche innovative ne fanno un'offerta irresistibile anche per i consumatori di <b>negozi di vape<\/b> che desiderano ampliare la loro selezione di vape usa e getta di qualit\u00e0 superiore e per <b>distribuzione all&#039;ingrosso<\/b> alla ricerca di un prodotto ad alto volume e ad alto margine. Fate scorta del futuro del vaping oggi stesso! \ud83d\udcaa<\/p>\n<h3>FAQ<\/h3>\n<p>D: Quante boccate offre il modello Mr.Goodie Adjust Flavor King 60000?<br \/>\nR: Offre fino a 60.000 boccate in modalit\u00e0 monogusto e 30.000 boccate quando si mescolano i sapori (Camera A + Camera B).<\/p>\n<p>D: Qual \u00e8 la capacit\u00e0 dell'e-liquid?<br \/>\nR: Ha una capacit\u00e0 totale di e-liquid di 40ML, suddivisa in due camere da 20ML (20ML + 20ML).<\/p>\n<p>D: L'Mr.Goodie Adjust Flavor King \u00e8 ricaricabile?<br \/>\nR: S\u00ec, \u00e8 dotato di una batteria ricaricabile da 950 mAh con una porta di ricarica Type-C.<\/p>\n<p>D: Come funziona il sistema a triplo aroma?<br \/>\nR: Il dispositivo dispone di due camere per e-liquid distinte (A e B). \u00c8 possibile svapare l'aroma A, l'aroma B o combinarli per creare un terzo aroma misto unico.<\/p>\n<p>D: Quali sono i livelli di nicotina disponibili?<br \/>\nR: L'Mr.Goodie Adjust Flavor King 60000 \u00e8 disponibile nelle gradazioni di nicotina 2% e 5%.<\/p>\n<p>D: Come faccio a capire la durata della batteria o il livello di e-liquid?<br \/>\nR: Il dispositivo \u00e8 dotato di un display a 3 LCD che mostra la durata della batteria, i livelli di e-liquid e la modalit\u00e0 corrente.<\/p>\n<p>D: Questo prodotto \u00e8 adatto alla vendita all'ingrosso?<br \/>\nR: Assolutamente! Il modello Mr.Goodie Adjust Flavor King 60000 Puffs \u00e8 un prodotto eccellente per la distribuzione all'ingrosso e per i vape shop, grazie alla sua elevata domanda, alle sue caratteristiche uniche e al suo eccezionale valore.<\/p>","protected":false},"excerpt":{"rendered":"<p>Provate il massimo della svapata con Mr.Goodie Adjust Flavor King 60000 Puffs. Doppia capacit\u00e0 di e-liquid da 20ML, 60.000 boccate, 10 gusti tripli. Perfetto per i vape shop e gli acquirenti di prodotti sfusi!<\/p>","protected":false},"featured_media":46924,"comment_status":"open","ping_status":"closed","template":"","meta":[],"product_brand":[258],"product_cat":[257,137,146,138,141,143],"product_tag":[],"class_list":{"0":"post-46917","1":"product","2":"type-product","3":"status-publish","4":"has-post-thumbnail","6":"product_brand-mr-goodie","7":"product_cat-mr-goodie","8":"product_cat-disposable-vapes-in-germany","9":"product_cat-disposable-vapes-in-hungary","10":"product_cat-disposable-vapes-in-ltaly","11":"product_cat-disposable-vapes-in-poland","12":"product_cat-disposable-vapes-in-spain","14":"first","15":"instock","16":"shipping-taxable","17":"purchasable","18":"product-type-variable","19":"has-default-attributes"},"jetpack_sharing_enabled":true,"tiered_pricing_type":"fixed","tiered_pricing_fixed_rules":[],"tiered_pricing_product_settings":{"layout":"default","base_unit_name":{"singular":null,"plural":null},"default_variation":null},"tiered_pricing_minimum_quantity":1000,"tiered_pricing_roles_data":[],"tiered_pricing_percentage_rules":[],"tiered_pricing_maximum_quantity":null,"tiered_pricing_quantity_step":"10","_links":{"self":[{"href":"https:\/\/aiviouvapes.com\/it\/wp-json\/wp\/v2\/product\/46917","targetHints":{"allow":["GET"]}}],"collection":[{"href":"https:\/\/aiviouvapes.com\/it\/wp-json\/wp\/v2\/product"}],"about":[{"href":"https:\/\/aiviouvapes.com\/it\/wp-json\/wp\/v2\/types\/product"}],"replies":[{"embeddable":true,"href":"https:\/\/aiviouvapes.com\/it\/wp-json\/wp\/v2\/comments?post=46917"}],"wp:featuredmedia":[{"embeddable":true,"href":"https:\/\/aiviouvapes.com\/it\/wp-json\/wp\/v2\/media\/46924"}],"wp:attachment":[{"href":"https:\/\/aiviouvapes.com\/it\/wp-json\/wp\/v2\/media?parent=46917"}],"wp:term":[{"taxonomy":"product_brand","embeddable":true,"href":"https:\/\/aiviouvapes.com\/it\/wp-json\/wp\/v2\/product_brand?post=46917"},{"taxonomy":"product_cat","embeddable":true,"href":"https:\/\/aiviouvapes.com\/it\/wp-json\/wp\/v2\/product_cat?post=46917"},{"taxonomy":"product_tag","embeddable":true,"href":"https:\/\/aiviouvapes.com\/it\/wp-json\/wp\/v2\/product_tag?post=46917"}],"curies":[{"name":"wp","href":"https:\/\/api.w.org\/{rel}","templated":true}]}}