{"id":46861,"date":"2025-07-29T21:34:04","date_gmt":"2025-07-29T13:34:04","guid":{"rendered":"https:\/\/aiviouvapes.com\/?post_type=product&#038;p=46861"},"modified":"2026-04-17T13:00:41","modified_gmt":"2026-04-17T05:00:41","slug":"bang-blaze-starry-50000","status":"publish","type":"product","link":"https:\/\/aiviouvapes.com\/it\/product\/bang-blaze-starry-50000\/","title":{"rendered":"Bang Blaze Starry 50000 Puffs | dual-mode vape usa e getta all'ingrosso"},"content":{"rendered":"<h2>Perch\u00e9 scegliere il modello Bang Blaze Starry 50000?<\/h2>\n<ul>\n<li><strong>\ud83d\udca5 Dominanza della doppia modalit\u00e0:<\/strong> Passare senza soluzione di continuit\u00e0 tra i modelli di lunga durata e di <strong>Modalit\u00e0 regolare (50k soffi)<\/strong> per un divertimento costante e il potente <strong>Modalit\u00e0 a impulsi (25k soffi)<\/strong> per un sapore pi\u00f9 intenso e un aumento del vapore.<\/li>\n<li><strong>\ud83d\udd0b Estrema longevit\u00e0:<\/strong> Con un'incredibile capacit\u00e0 di 50.000 puff e una batteria ricaricabile da 550 mAh, questo dispositivo \u00e8 costruito per durare nel tempo, offrendo un valore ineguagliabile e riducendo la necessit\u00e0 di frequenti sostituzioni.<\/li>\n<li><strong>\u2699\ufe0f Tecnologia VPU avanzata:<\/strong> Provate il futuro del vaping. La Vape Processing Unit integrata assicura una consistenza del sapore superiore, una produzione di vapore pi\u00f9 ricca e una gestione ottimizzata dell'alimentazione per una sessione sempre impeccabile.<\/li>\n<li><strong>\ud83d\udca1 Funzionamento intelligente e sicuro:<\/strong> Lo schermo LED cristallino consente di conoscere a colpo d'occhio lo stato della batteria e dell'e-liquid, mentre la modalit\u00e0 \"Close\", a prova di bambino, offre la massima tranquillit\u00e0.<\/li>\n<li><strong>\ud83d\udce6 Pronto per gli affari:<\/strong> Confezionata in comode scatole da esposizione da 10 pezzi, la Blaze Starry 50000 Bang \u00e8 perfettamente ottimizzata per i vape shop, i distributori e gli acquirenti all'ingrosso che desiderano rifornirsi di un prodotto ad alta richiesta e ad alte prestazioni.<\/li>\n<\/ul>\n<p>Il Blaze Starry 50000 Bang \u00e8 il dispositivo definitivo per gli utenti pi\u00f9 esigenti che richiedono longevit\u00e0 e per gli amanti dei sapori che cercano l'intensit\u00e0. Il suo elevato numero di puff e le sue prestazioni affidabili lo rendono un must per l'inventario di qualsiasi negozio di svapo. Disponibile in confezioni da 10 pezzi, \u00e8 perfettamente ottimizzato per la distribuzione all'ingrosso. Elevate il vostro stock e offrite ai vostri clienti la prossima grande novit\u00e0 del vaping!<\/p>\n<h3>Esplodere con potenza e sapore ineguagliabili \ud83d\ude80<\/h3>\n<p>Preparatevi a decollare! Il Blaze Starry 50000 Bang \u00e8 qui per rivoluzionare il vostro viaggio nel vaping. Con un'astronomica durata di 50.000 puff in modalit\u00e0 Regular e un'intensa modalit\u00e0 Pulse per gli amanti dei sapori, questo dispositivo \u00e8 progettato per la pura soddisfazione. Dotato di un brillante display a LED e della tecnologia VPU all'avanguardia, ogni boccata \u00e8 un'esperienza da star. \u00c8 il nuovo punto di riferimento per prestazioni, durata e gusto.<\/p>\n<h3>Specifiche del prodotto<\/h3>\n<p>Progettato per garantire longevit\u00e0 e prestazioni, il modello Bang Blaze Starry 50000 \u00e8 dotato dell'innovativa tecnologia VPU per un sapore e un vapore costanti. Lo schermo LED intelligente vi tiene informati, mentre la funzionalit\u00e0 dual-mode vi permette di personalizzare la vostra sessione di svapo. Con una batteria ricaricabile e una chiusura a prova di bambino, \u00e8 la combinazione definitiva di potenza, sicurezza e convenienza.<\/p>\n<table>\n<tbody>\n<tr>\n<th>Caratteristica<\/th>\n<th>Specifiche<\/th>\n<\/tr>\n<tr>\n<td><strong>Conteggio dei soffi<\/strong><\/td>\n<td>Modalit\u00e0 regolare: 50.000 boccate | Modalit\u00e0 a impulsi: 25.000 boccate<\/td>\n<\/tr>\n<tr>\n<td><strong>Opzioni di modalit\u00e0<\/strong><\/td>\n<td>1. Chiusura (Childproof) | 2. Modalit\u00e0 regolare | 3. Modalit\u00e0 a impulsi<\/td>\n<\/tr>\n<tr>\n<td><strong>Forza della nicotina<\/strong><\/td>\n<td>2% \/ 3% \/ 5%<\/td>\n<\/tr>\n<tr>\n<td><strong>Batteria<\/strong><\/td>\n<td>550mAh Ricaricabile<\/td>\n<\/tr>\n<tr>\n<td><strong>Tecnologia delle bobine<\/strong><\/td>\n<td>Bobina a doppia maglia<\/td>\n<\/tr>\n<tr>\n<td><strong>Tecnologia di base<\/strong><\/td>\n<td>VPU (Unit\u00e0 di elaborazione del vapore) all'interno<\/td>\n<\/tr>\n<tr>\n<td><strong>Display<\/strong><\/td>\n<td>Schermo LED intelligente (per i livelli di batteria e e-liquid)<\/td>\n<\/tr>\n<tr>\n<td><strong>Porta di ricarica<\/strong><\/td>\n<td>Tipo-C<\/td>\n<\/tr>\n<tr>\n<td><strong>Confezione all'ingrosso<\/strong><\/td>\n<td>10 pezzi \/ scatola da esposizione<\/td>\n<\/tr>\n<\/tbody>\n<\/table>\n<h3>Un universo di sapori \ud83c\udf0c<\/h3>\n<p>Esplorate 12 opzioni di gusto stellari realizzate alla perfezione per un'esperienza di gusto indimenticabile. Ognuno di essi \u00e8 stato progettato per essere vibrante e costante dalla prima all'ultima boccata.<br \/>\nAnguria, Anguria fragola, Ghiaccio mirtillo, Lampone mirtillo, Love 66, Ghiaccio uva mirtillo, Ghiaccio pesca, Mango fragola, Triple Berry, Pesca mango, Summer Time, Cocco ananas.<\/p>\n<h3>Domande frequenti<\/h3>\n<p><strong>D: Come si passa dalla modalit\u00e0 regolare a quella a impulsi?<\/strong><br \/>\nR: In genere il dispositivo \u00e8 dotato di un semplice pulsante di controllo. Per la sequenza specifica, consultare il manuale d'uso, ma di solito si tratta di pochi e rapidi clic per passare dalle modalit\u00e0 Chiusura, Regolare e Impulso.<\/p>\n<p><strong>D: Che cos'\u00e8 la tecnologia VPU?<\/strong><br \/>\nR: VPU sta per Vape Processing Unit. Si tratta di un microprocessore avanzato che controlla la potenza erogata e l'uniformit\u00e0 del riscaldamento, garantendo una migliore fedelt\u00e0 del sapore e una migliore produzione di vapore per tutta la durata del dispositivo.<\/p>\n<p><strong>D: Che cosa fa la modalit\u00e0 \"Chiudi\"?<\/strong><br \/>\nR: La modalit\u00e0 \"Close\" \u00e8 una funzione di sicurezza a prova di bambino. Quando viene attivata, disattiva il dispositivo per impedirne l'uso accidentale, rendendone pi\u00f9 sicuro il trasporto e la conservazione.<\/p>\n<p><strong>D: Quanti dispositivi sono contenuti in una confezione all'ingrosso?<\/strong><br \/>\nR: Il Blaze Starry 50000 Bang \u00e8 confezionato in scatole da esposizione contenenti 10 dispositivi singoli, che facilitano la gestione dell'inventario e l'esposizione in un ambiente di vendita al dettaglio.<\/p>","protected":false},"excerpt":{"rendered":"<p>Scoprite la Blaze Starry 50000 Bang, una svapata ricaricabile monouso ad alta potenza con modalit\u00e0 Regular (50k) e Pulse (25k). Presenta uno schermo LED intelligente, tecnologia VPU ed \u00e8 disponibile all'ingrosso.<\/p>","protected":false},"featured_media":46870,"comment_status":"open","ping_status":"closed","template":"","meta":[],"product_brand":[239],"product_cat":[37,137,146,138,141,143],"product_tag":[],"class_list":{"0":"post-46861","1":"product","2":"type-product","3":"status-publish","4":"has-post-thumbnail","6":"product_brand-bang","7":"product_cat-bang","8":"product_cat-disposable-vapes-in-germany","9":"product_cat-disposable-vapes-in-hungary","10":"product_cat-disposable-vapes-in-ltaly","11":"product_cat-disposable-vapes-in-poland","12":"product_cat-disposable-vapes-in-spain","14":"first","15":"instock","16":"shipping-taxable","17":"purchasable","18":"product-type-variable","19":"has-default-attributes"},"jetpack_sharing_enabled":true,"tiered_pricing_type":"fixed","tiered_pricing_fixed_rules":{"30":8.5600000000000004973799150320701301097869873046875,"50":6.7400000000000002131628207280300557613372802734375,"100":6.089999999999999857891452847979962825775146484375,"200":5.70000000000000017763568394002504646778106689453125,"400":5.25},"tiered_pricing_product_settings":{"layout":"default","base_unit_name":{"singular":null,"plural":null},"default_variation":null},"tiered_pricing_minimum_quantity":10,"tiered_pricing_roles_data":[],"tiered_pricing_percentage_rules":[],"tiered_pricing_maximum_quantity":null,"tiered_pricing_quantity_step":"10","_links":{"self":[{"href":"https:\/\/aiviouvapes.com\/it\/wp-json\/wp\/v2\/product\/46861","targetHints":{"allow":["GET"]}}],"collection":[{"href":"https:\/\/aiviouvapes.com\/it\/wp-json\/wp\/v2\/product"}],"about":[{"href":"https:\/\/aiviouvapes.com\/it\/wp-json\/wp\/v2\/types\/product"}],"replies":[{"embeddable":true,"href":"https:\/\/aiviouvapes.com\/it\/wp-json\/wp\/v2\/comments?post=46861"}],"wp:featuredmedia":[{"embeddable":true,"href":"https:\/\/aiviouvapes.com\/it\/wp-json\/wp\/v2\/media\/46870"}],"wp:attachment":[{"href":"https:\/\/aiviouvapes.com\/it\/wp-json\/wp\/v2\/media?parent=46861"}],"wp:term":[{"taxonomy":"product_brand","embeddable":true,"href":"https:\/\/aiviouvapes.com\/it\/wp-json\/wp\/v2\/product_brand?post=46861"},{"taxonomy":"product_cat","embeddable":true,"href":"https:\/\/aiviouvapes.com\/it\/wp-json\/wp\/v2\/product_cat?post=46861"},{"taxonomy":"product_tag","embeddable":true,"href":"https:\/\/aiviouvapes.com\/it\/wp-json\/wp\/v2\/product_tag?post=46861"}],"curies":[{"name":"wp","href":"https:\/\/api.w.org\/{rel}","templated":true}]}}