{"id":39519,"date":"2025-07-02T10:01:48","date_gmt":"2025-07-02T02:01:48","guid":{"rendered":"https:\/\/aiviouvapes.com\/?post_type=product&#038;p=39519"},"modified":"2026-03-24T11:26:30","modified_gmt":"2026-03-24T03:26:30","slug":"mrvi-twins-32k","status":"publish","type":"product","link":"https:\/\/aiviouvapes.com\/it\/product\/mrvi-twins-32k\/","title":{"rendered":"MRVI Twins 32K 2-in-1 32000 Puffs | vape monouso sfuso a doppio sapore"},"content":{"rendered":"<p><!-- Short SEO Description --><\/p>\n<h3>Perch\u00e9 scegliere MRVI Twins 32000?<\/h3>\n<ul>\n<li>\u2705 Doppie camere di aromatizzazione per una variet\u00e0 infinita<\/li>\n<li>32.000 boccate per un utilizzo duraturo<\/li>\n<li>Capacit\u00e0 di 40 ml di e-liquido per ridurre al minimo le ricariche.<\/li>\n<li>\u2705 Ricarica rapida Type-C per un'alimentazione semplice<\/li>\n<li>\u2705 Design cristallino con schermo intelligente per stile e praticit\u00e0<\/li>\n<li>\u2705 La doppia bobina a rete offre colpi ultra-lisci e consistenti<\/li>\n<li>Ottimo per la distribuzione personale, nei vape shop o all'ingrosso<\/li>\n<\/ul>\n<p>Il <strong>MRVI Gemelli 32000<\/strong> \u00e8 fatto su misura per gli utenti pi\u00f9 esigenti, per gli amanti dei sapori e per i distributori di vape che pretendono il meglio. Sia che stiate rifornendo un negozio o che stiate soddisfacendo le vostre voglie, questa potenza a doppio gusto offre un sapore, una produzione di nuvole e un valore imbattibili in un dispositivo elegante e cristallino. \ud83d\udd25<\/p>\n<p><!-- Long-Form Product Description --><\/p>\n<h2>\ud83d\ude80 Vi presentiamo i gemelli MRVI 32000: Doppio gusto, doppio divertimento! \ud83c\udf1f<\/h2>\n<p>Se siete pronti a dare una marcia in pi\u00f9 al vostro gioco di vaping, il <strong>MRVI Gemelli 32000<\/strong> \u00e8 il vostro nuovo migliore amico. Godetevi un'enorme <strong>32.000 soffi<\/strong> e <strong>40mL<\/strong> di e-liquid aromatizzato con una doppia bobina a maglie lisce per un tiro perfetto ogni volta. Progettato con uno stile elegante e cristallino, una facile ricarica Type-C e uno schermo intelligente e intuitivo, questo dispositivo \u00e8 perfetto per gli amanti dei sapori e per gli utenti pi\u00f9 esigenti. Grazie alle camere a doppio gusto presenti in ogni unit\u00e0, non vi annoierete mai pi\u00f9 di svapare! \ud83d\ude0d<\/p>\n<h3>Specifiche tecniche<\/h3>\n<table>\n<tbody>\n<tr>\n<th>Caratteristica<\/th>\n<th>Dettagli<\/th>\n<\/tr>\n<tr>\n<td>Capacit\u00e0 di soffio<\/td>\n<td>32.000 soffi<\/td>\n<\/tr>\n<tr>\n<td>Capacit\u00e0 del liquido elettronico<\/td>\n<td>40mL<\/td>\n<\/tr>\n<tr>\n<td>Batteria<\/td>\n<td>650 mAh, ricaricabile di tipo C<\/td>\n<\/tr>\n<tr>\n<td>Tipo di bobina<\/td>\n<td>Bobina a doppia maglia<\/td>\n<\/tr>\n<tr>\n<td>Forza della nicotina<\/td>\n<td>2% \/ 5%<\/td>\n<\/tr>\n<tr>\n<td>Display<\/td>\n<td>Schermo intelligente<\/td>\n<\/tr>\n<tr>\n<td>Design<\/td>\n<td>Corpo cristallino<\/td>\n<\/tr>\n<\/tbody>\n<\/table>\n<h3>Combinazioni di sapori<\/h3>\n<table>\n<tbody>\n<tr>\n<th>Camera A<\/th>\n<th>Camera B<\/th>\n<\/tr>\n<tr>\n<td>Ghiaccio alla banana<\/td>\n<td>Fragola Kiwi<\/td>\n<\/tr>\n<tr>\n<td>Granita al mango<\/td>\n<td>Cremisi all'arancia<\/td>\n<\/tr>\n<tr>\n<td>Ghiaccio alla pesca<\/td>\n<td>Red Bull<\/td>\n<\/tr>\n<tr>\n<td>Ghiaccio al mirtillo<\/td>\n<td>Ghiaccio alla mela rossa<\/td>\n<\/tr>\n<tr>\n<td>Ghiaccio lussureggiante<\/td>\n<td>Bacche miste<\/td>\n<\/tr>\n<tr>\n<td>Ghiaccio alla fragola<\/td>\n<td>Goccia d'arcobaleno<\/td>\n<\/tr>\n<tr>\n<td>Ciliegia frizzante<\/td>\n<td>Ghiaccio Blu Razz<\/td>\n<\/tr>\n<tr>\n<td>Anguria alla fragola<\/td>\n<td>Mirtillo rosso d'uva<\/td>\n<\/tr>\n<tr>\n<td>Triplo melone<\/td>\n<td>Ghiacciolo<\/td>\n<\/tr>\n<tr>\n<td>Ghiaccio all'ananas<\/td>\n<td>Ghiaccio d'uva<\/td>\n<\/tr>\n<\/tbody>\n<\/table>\n<p><img data-recalc-dims=\"1\" decoding=\"async\" src=\"https:\/\/i0.wp.com\/www.mrvivape-store.com\/wp-content\/uploads\/2025\/03\/%E6%B5%B7%E6%8A%A5_M-1-scaled.jpg?w=1020&#038;ssl=1\" alt=\"MRVI TWINS 32000 Puffs Doppio display del livello dell&#039;olio e doppio gusto--10PCS\/BOX\" title=\"\"><\/p>","protected":false},"excerpt":{"rendered":"<p>Acquista la svapata monouso MRVI Twins 32000 con 32.000 boccate, doppia bobina a rete, doppi aromi e ricarica Type-C: la preferita di tutti i venditori all'ingrosso e gli amanti dei sapori.<\/p>","protected":false},"featured_media":39520,"comment_status":"open","ping_status":"closed","template":"","meta":[],"product_brand":[229],"product_cat":[33],"product_tag":[],"class_list":{"0":"post-39519","1":"product","2":"type-product","3":"status-publish","4":"has-post-thumbnail","6":"product_brand-mrvi","7":"product_cat-mrvi","9":"first","10":"instock","11":"shipping-taxable","12":"purchasable","13":"product-type-variable","14":"has-default-attributes"},"jetpack_sharing_enabled":true,"tiered_pricing_type":"fixed","tiered_pricing_fixed_rules":{"100":6.54999999999999982236431605997495353221893310546875,"200":6.160000000000000142108547152020037174224853515625,"400":5.70000000000000017763568394002504646778106689453125},"tiered_pricing_product_settings":{"layout":"default","base_unit_name":{"singular":null,"plural":null},"default_variation":null},"tiered_pricing_minimum_quantity":50,"tiered_pricing_roles_data":[],"tiered_pricing_percentage_rules":[],"tiered_pricing_maximum_quantity":null,"tiered_pricing_quantity_step":"10","_links":{"self":[{"href":"https:\/\/aiviouvapes.com\/it\/wp-json\/wp\/v2\/product\/39519","targetHints":{"allow":["GET"]}}],"collection":[{"href":"https:\/\/aiviouvapes.com\/it\/wp-json\/wp\/v2\/product"}],"about":[{"href":"https:\/\/aiviouvapes.com\/it\/wp-json\/wp\/v2\/types\/product"}],"replies":[{"embeddable":true,"href":"https:\/\/aiviouvapes.com\/it\/wp-json\/wp\/v2\/comments?post=39519"}],"wp:featuredmedia":[{"embeddable":true,"href":"https:\/\/aiviouvapes.com\/it\/wp-json\/wp\/v2\/media\/39520"}],"wp:attachment":[{"href":"https:\/\/aiviouvapes.com\/it\/wp-json\/wp\/v2\/media?parent=39519"}],"wp:term":[{"taxonomy":"product_brand","embeddable":true,"href":"https:\/\/aiviouvapes.com\/it\/wp-json\/wp\/v2\/product_brand?post=39519"},{"taxonomy":"product_cat","embeddable":true,"href":"https:\/\/aiviouvapes.com\/it\/wp-json\/wp\/v2\/product_cat?post=39519"},{"taxonomy":"product_tag","embeddable":true,"href":"https:\/\/aiviouvapes.com\/it\/wp-json\/wp\/v2\/product_tag?post=39519"}],"curies":[{"name":"wp","href":"https:\/\/api.w.org\/{rel}","templated":true}]}}