{"id":39475,"date":"2025-07-02T10:19:59","date_gmt":"2025-07-02T02:19:59","guid":{"rendered":"https:\/\/aiviouvapes.com\/?post_type=product&#038;p=39475"},"modified":"2026-04-17T13:00:43","modified_gmt":"2026-04-17T05:00:43","slug":"mrvi-growing-60k-3t-spin","status":"publish","type":"product","link":"https:\/\/aiviouvapes.com\/it\/product\/mrvi-growing-60k-3t-spin\/","title":{"rendered":"MRVI GROWING 60K 3T SPIN 60000 Puffs | triplo sapore sfuso monouso vape"},"content":{"rendered":"<h2>\ud83c\udf1fPerch\u00e9 scegliere MRVI GROWING 60K 3T SPIN?<\/h2>\n<ul>\n<li>\ud83d\udd25 Fino a 60.000 boccate per un'incredibile longevit\u00e0<\/li>\n<li>\ud83c\udfaf Interruttore a triplo gusto per infinite avventure gustative<\/li>\n<li>\u26a1 La ricarica rapida di Tipo-C vi permette di andare avanti<\/li>\n<li>\ud83d\udca7 48 ml di capacit\u00e0 di e-liquido per un minor numero di sostituzioni<\/li>\n<li>\ud83d\udda5\ufe0f Schermo intelligente per monitorare l'alimentazione e i livelli di e-liquid<\/li>\n<li>\ud83d\udc8e Corpo cristallino con design di alta qualit\u00e0<\/li>\n<li>\ud83d\udce6 Imballaggio adatto all'ingrosso: 1 pezzo per scatola, 10 pezzi per espositore<\/li>\n<\/ul>\n<p>Se siete alla ricerca di un dispositivo di svapo monouso potente e versatile, che sia in grado di soddisfare tutte le esigenze, l'MRVI GROWING 60K 3T SPIN \u00e8 la scelta migliore. Costruito per gli utenti pi\u00f9 esigenti, gli amanti dei sapori, i vape shop e i distributori di prodotti sfusi, questo dispositivo garantisce un elevato turnover e clienti soddisfatti. Non perdetevi la nuova generazione del vaping usa e getta!<\/p>\n<h3>\ud83d\ude80 Sperimentate la libert\u00e0 del triplo sapore con il MRVI GROWING 60K 3T SPIN!<\/h3>\n<p>Siete pronti a portare il vostro gioco di vaping al livello successivo? Il <strong>MRVI IN CRESCITA 60K 3T ROTAZIONE<\/strong> \u00e8 il vape usa e getta di ultima generazione, costruito per i vapers pi\u00f9 seri e per i negozianti che esigono il meglio. Con una rotazione a triplo gusto, un'enorme capacit\u00e0 di 60.000 puff e uno schermo intelligente per l'alimentazione e l'e-liquid, questo \u00e8 l'usa e getta di nuova generazione che stavate aspettando. Dal design cristallino del corpo alla fluidit\u00e0 della ricarica Type-C, la MRVI GROWING 60K 3T SPIN offre una soddisfazione impareggiabile sia per gli amanti dei sapori che per gli utenti pi\u00f9 assidui. \ud83c\udf1f<\/p>\n<h3>Specifiche tecniche<\/h3>\n<table>\n<tbody>\n<tr>\n<td><strong>Capacit\u00e0 di soffio<\/strong><\/td>\n<td>60.000 soffi<\/td>\n<\/tr>\n<tr>\n<td><strong>Capacit\u00e0 del liquido elettronico<\/strong><\/td>\n<td>48mL<\/td>\n<\/tr>\n<tr>\n<td><strong>Batteria<\/strong><\/td>\n<td>650 mAh, ricaricabile di tipo C<\/td>\n<\/tr>\n<tr>\n<td><strong>Tipo di bobina<\/strong><\/td>\n<td>Bobina a doppia maglia<\/td>\n<\/tr>\n<tr>\n<td><strong>Opzioni di nicotina<\/strong><\/td>\n<td>2%, 5%<\/td>\n<\/tr>\n<tr>\n<td><strong>Display<\/strong><\/td>\n<td>Alimentazione e liquidi elettronici Schermo intelligente<\/td>\n<\/tr>\n<tr>\n<td><strong>Design<\/strong><\/td>\n<td>Corpo cristallino<\/td>\n<\/tr>\n<\/tbody>\n<\/table>\n<h3>Combinazioni di sapori<\/h3>\n<table>\n<tbody>\n<tr>\n<th>Camera A<\/th>\n<th>Camera B<\/th>\n<th>Camera C<\/th>\n<\/tr>\n<tr>\n<td>Ghiaccio all'anguria<\/td>\n<td>Red Bull<\/td>\n<td>Fragola Kiwi<\/td>\n<\/tr>\n<tr>\n<td>Limone e lime<\/td>\n<td>Anguria alla fragola<\/td>\n<td>Ghiaccio al mirtillo<\/td>\n<\/tr>\n<tr>\n<td>Ananas e cocco<\/td>\n<td>Banana<\/td>\n<td>Ghiaccio Blu Razz<\/td>\n<\/tr>\n<tr>\n<td>Anguria al lampone<\/td>\n<td>Ghiaccio alla cola<\/td>\n<td>Mela acida<\/td>\n<\/tr>\n<tr>\n<td>Miscela tropicale<\/td>\n<td>Gelato alla fragola<\/td>\n<td>Ghiaccio al mango<\/td>\n<\/tr>\n<tr>\n<td>Fragola Lampone Ciliegia<\/td>\n<td>Love 666<\/td>\n<td>Ghiaccio caramellato alla ciliegia<\/td>\n<\/tr>\n<tr>\n<td>Bacche miste<\/td>\n<td>Orso gommoso<\/td>\n<td>Ghiaccio alla pesca<\/td>\n<\/tr>\n<tr>\n<td>Ghiaccio d'uva<\/td>\n<td>Caramelle alla fragola<\/td>\n<td>Ghiacciolo<\/td>\n<\/tr>\n<\/tbody>\n<\/table>\n<p><img data-recalc-dims=\"1\" loading=\"lazy\" decoding=\"async\" class=\"alignnone wp-image-42240 size-full\" src=\"https:\/\/i0.wp.com\/aiviouvapes.com\/wp-content\/uploads\/2025\/06\/%E5%85%A8%E5%AE%B6%E7%A6%8F_%E7%94%BB%E6%9D%BF-1-%E5%89%AF%E6%9C%AC-1.jpg?resize=1020%2C1442&#038;ssl=1\" alt=\",\" width=\"1020\" height=\"1442\" title=\"\" srcset=\"https:\/\/i0.wp.com\/aiviouvapes.com\/wp-content\/uploads\/2025\/06\/%E5%85%A8%E5%AE%B6%E7%A6%8F_%E7%94%BB%E6%9D%BF-1-%E5%89%AF%E6%9C%AC-1.jpg?w=1358&amp;ssl=1 1358w, https:\/\/i0.wp.com\/aiviouvapes.com\/wp-content\/uploads\/2025\/06\/%E5%85%A8%E5%AE%B6%E7%A6%8F_%E7%94%BB%E6%9D%BF-1-%E5%89%AF%E6%9C%AC-1.jpg?resize=212%2C300&amp;ssl=1 212w, https:\/\/i0.wp.com\/aiviouvapes.com\/wp-content\/uploads\/2025\/06\/%E5%85%A8%E5%AE%B6%E7%A6%8F_%E7%94%BB%E6%9D%BF-1-%E5%89%AF%E6%9C%AC-1.jpg?resize=724%2C1024&amp;ssl=1 724w, https:\/\/i0.wp.com\/aiviouvapes.com\/wp-content\/uploads\/2025\/06\/%E5%85%A8%E5%AE%B6%E7%A6%8F_%E7%94%BB%E6%9D%BF-1-%E5%89%AF%E6%9C%AC-1.jpg?resize=768%2C1086&amp;ssl=1 768w, https:\/\/i0.wp.com\/aiviouvapes.com\/wp-content\/uploads\/2025\/06\/%E5%85%A8%E5%AE%B6%E7%A6%8F_%E7%94%BB%E6%9D%BF-1-%E5%89%AF%E6%9C%AC-1.jpg?resize=1086%2C1536&amp;ssl=1 1086w, https:\/\/i0.wp.com\/aiviouvapes.com\/wp-content\/uploads\/2025\/06\/%E5%85%A8%E5%AE%B6%E7%A6%8F_%E7%94%BB%E6%9D%BF-1-%E5%89%AF%E6%9C%AC-1.jpg?resize=8%2C12&amp;ssl=1 8w, https:\/\/i0.wp.com\/aiviouvapes.com\/wp-content\/uploads\/2025\/06\/%E5%85%A8%E5%AE%B6%E7%A6%8F_%E7%94%BB%E6%9D%BF-1-%E5%89%AF%E6%9C%AC-1.jpg?resize=1320%2C1866&amp;ssl=1 1320w, https:\/\/i0.wp.com\/aiviouvapes.com\/wp-content\/uploads\/2025\/06\/%E5%85%A8%E5%AE%B6%E7%A6%8F_%E7%94%BB%E6%9D%BF-1-%E5%89%AF%E6%9C%AC-1.jpg?resize=800%2C1131&amp;ssl=1 800w\" sizes=\"auto, (max-width: 1020px) 100vw, 1020px\" \/><\/p>","protected":false},"excerpt":{"rendered":"<p>MRVI GROWING 60K 3T SPIN monouso offre fino a 60.000 boccate con commutazione a triplo gusto, 48mL di e-liquid e potenza della bobina a doppia maglia - perfetto per la distribuzione all'ingrosso di vape.<\/p>","protected":false},"featured_media":39477,"comment_status":"open","ping_status":"closed","template":"","meta":[],"product_brand":[229],"product_cat":[33,137,146,138,141,143,572],"product_tag":[],"class_list":{"0":"post-39475","1":"product","2":"type-product","3":"status-publish","4":"has-post-thumbnail","6":"product_brand-mrvi","7":"product_cat-mrvi","8":"product_cat-disposable-vapes-in-germany","9":"product_cat-disposable-vapes-in-hungary","10":"product_cat-disposable-vapes-in-ltaly","11":"product_cat-disposable-vapes-in-poland","12":"product_cat-disposable-vapes-in-spain","13":"product_cat-new-2","15":"first","16":"instock","17":"shipping-taxable","18":"purchasable","19":"product-type-variable","20":"has-default-attributes"},"jetpack_sharing_enabled":true,"tiered_pricing_type":"fixed","tiered_pricing_fixed_rules":{"100":6.910000000000000142108547152020037174224853515625,"200":6.54000000000000003552713678800500929355621337890625,"400":6.11000000000000031974423109204508364200592041015625},"tiered_pricing_product_settings":{"layout":"default","base_unit_name":{"singular":null,"plural":null},"default_variation":null},"tiered_pricing_minimum_quantity":50,"tiered_pricing_roles_data":[],"tiered_pricing_percentage_rules":[],"tiered_pricing_maximum_quantity":null,"tiered_pricing_quantity_step":"10","_links":{"self":[{"href":"https:\/\/aiviouvapes.com\/it\/wp-json\/wp\/v2\/product\/39475","targetHints":{"allow":["GET"]}}],"collection":[{"href":"https:\/\/aiviouvapes.com\/it\/wp-json\/wp\/v2\/product"}],"about":[{"href":"https:\/\/aiviouvapes.com\/it\/wp-json\/wp\/v2\/types\/product"}],"replies":[{"embeddable":true,"href":"https:\/\/aiviouvapes.com\/it\/wp-json\/wp\/v2\/comments?post=39475"}],"wp:featuredmedia":[{"embeddable":true,"href":"https:\/\/aiviouvapes.com\/it\/wp-json\/wp\/v2\/media\/39477"}],"wp:attachment":[{"href":"https:\/\/aiviouvapes.com\/it\/wp-json\/wp\/v2\/media?parent=39475"}],"wp:term":[{"taxonomy":"product_brand","embeddable":true,"href":"https:\/\/aiviouvapes.com\/it\/wp-json\/wp\/v2\/product_brand?post=39475"},{"taxonomy":"product_cat","embeddable":true,"href":"https:\/\/aiviouvapes.com\/it\/wp-json\/wp\/v2\/product_cat?post=39475"},{"taxonomy":"product_tag","embeddable":true,"href":"https:\/\/aiviouvapes.com\/it\/wp-json\/wp\/v2\/product_tag?post=39475"}],"curies":[{"name":"wp","href":"https:\/\/api.w.org\/{rel}","templated":true}]}}