{"id":39345,"date":"2025-06-26T10:15:51","date_gmt":"2025-06-26T02:15:51","guid":{"rendered":"https:\/\/aiviouvapes.com\/?post_type=product&#038;p=39345"},"modified":"2026-04-15T13:39:34","modified_gmt":"2026-04-15T05:39:34","slug":"fihp-60k-triple-3-in-1","status":"publish","type":"product","link":"https:\/\/aiviouvapes.com\/it\/product\/fihp-60k-triple-3-in-1\/","title":{"rendered":"FIHP 60K Triple 3-in-1 | 60000 soffi triplo sapore vape monouso all'ingrosso"},"content":{"rendered":"<p><img data-recalc-dims=\"1\" loading=\"lazy\" decoding=\"async\" class=\"wp-image-40631 size-full\" src=\"https:\/\/i0.wp.com\/aiviouvapes.com\/wp-content\/uploads\/2025\/06\/%E5%A8%B4%E9%94%8B%E5%A7%A4%E9%8D%A5%E7%B6%BAA-6.jpg?resize=1020%2C1445&#038;ssl=1\" alt=\",\" width=\"1020\" height=\"1445\" data-wp-editing=\"1\" title=\"\" srcset=\"https:\/\/i0.wp.com\/aiviouvapes.com\/wp-content\/uploads\/2025\/06\/%E5%A8%B4%E9%94%8B%E5%A7%A4%E9%8D%A5%E7%B6%BAA-6.jpg?w=1200&amp;ssl=1 1200w, https:\/\/i0.wp.com\/aiviouvapes.com\/wp-content\/uploads\/2025\/06\/%E5%A8%B4%E9%94%8B%E5%A7%A4%E9%8D%A5%E7%B6%BAA-6.jpg?resize=212%2C300&amp;ssl=1 212w, https:\/\/i0.wp.com\/aiviouvapes.com\/wp-content\/uploads\/2025\/06\/%E5%A8%B4%E9%94%8B%E5%A7%A4%E9%8D%A5%E7%B6%BAA-6.jpg?resize=723%2C1024&amp;ssl=1 723w, https:\/\/i0.wp.com\/aiviouvapes.com\/wp-content\/uploads\/2025\/06\/%E5%A8%B4%E9%94%8B%E5%A7%A4%E9%8D%A5%E7%B6%BAA-6.jpg?resize=768%2C1088&amp;ssl=1 768w, https:\/\/i0.wp.com\/aiviouvapes.com\/wp-content\/uploads\/2025\/06\/%E5%A8%B4%E9%94%8B%E5%A7%A4%E9%8D%A5%E7%B6%BAA-6.jpg?resize=1084%2C1536&amp;ssl=1 1084w, https:\/\/i0.wp.com\/aiviouvapes.com\/wp-content\/uploads\/2025\/06\/%E5%A8%B4%E9%94%8B%E5%A7%A4%E9%8D%A5%E7%B6%BAA-6.jpg?resize=8%2C12&amp;ssl=1 8w, https:\/\/i0.wp.com\/aiviouvapes.com\/wp-content\/uploads\/2025\/06\/%E5%A8%B4%E9%94%8B%E5%A7%A4%E9%8D%A5%E7%B6%BAA-6.jpg?resize=800%2C1133&amp;ssl=1 800w\" sizes=\"auto, (max-width: 1020px) 100vw, 1020px\" \/><\/p>\n<p>&nbsp;<\/p>\n<h2>\ud83d\ude80 FIHP 60000 Triplo 3 in 1 - Triplo sapore, tripla potenza \ud83d\udca8<\/h2>\n<p>Portate la vostra esperienza di svapo usa e getta a nuovi livelli con il modello <strong>FIHP 60000 Triplo 3 in 1<\/strong>. Questo concentrato di potenza offre un'incredibile <strong>60.000 soffi<\/strong> supportato da un sistema ad alta capacit\u00e0 <strong>Serbatoio e-liquid da 54 ml<\/strong> e <strong>bobine a doppia maglia<\/strong> per un sapore e una produzione di nuvole imbattibili. Con <strong>tre gusti a rotazione<\/strong> in un dispositivo elegante, un <strong>Display intelligente a LED<\/strong>e veloce <strong>Ricarica di tipo C<\/strong>\u00c8 la scelta definitiva per i cacciatori di sapori, gli utenti pi\u00f9 assidui e i rivenditori pi\u00f9 seri. \ud83d\udd25<\/p>\n<h3>\ud83d\udccb Specifiche<\/h3>\n<table>\n<tbody>\n<tr>\n<td><strong>Capacit\u00e0 di soffio<\/strong><\/td>\n<td>60.000 soffi<\/td>\n<\/tr>\n<tr>\n<td><strong>Capacit\u00e0 del liquido elettronico<\/strong><\/td>\n<td>54 ml (triplo gusto)<\/td>\n<\/tr>\n<tr>\n<td><strong>Batteria<\/strong><\/td>\n<td>850 mAh, ricaricabile (Tipo-C)<\/td>\n<\/tr>\n<tr>\n<td><strong>Tipo di bobina<\/strong><\/td>\n<td>Bobina a doppia maglia (0,9\u03a9)<\/td>\n<\/tr>\n<tr>\n<td><strong>Forza della nicotina<\/strong><\/td>\n<td>2% \/ 5%<\/td>\n<\/tr>\n<tr>\n<td><strong>Display<\/strong><\/td>\n<td>Schermo intelligente a LED<\/td>\n<\/tr>\n<tr>\n<td><strong>Design<\/strong><\/td>\n<td>Compatto, audace, ergonomico<\/td>\n<\/tr>\n<tr>\n<td><strong>Dimensione del prodotto<\/strong><\/td>\n<td>42\u00d742\u00d7110 mm<\/td>\n<\/tr>\n<tr>\n<td><strong>Informazioni sul cartone<\/strong><\/td>\n<td>160 pezzi \/ 470\u00d7390\u00d7260 mm<\/td>\n<\/tr>\n<\/tbody>\n<\/table>\n<h3>\ud83c\udf53 Combinazioni di sapori<\/h3>\n<table>\n<tbody>\n<tr>\n<th>Camera A<\/th>\n<th>Camera B<\/th>\n<th>Camera C<\/th>\n<\/tr>\n<tr>\n<td>Ghiaccio all'anguria<\/td>\n<td>Red Bull<\/td>\n<td>Fragola Kiwi<\/td>\n<\/tr>\n<tr>\n<td>Limone e lime<\/td>\n<td>Anguria alla fragola<\/td>\n<td>Ghiaccio al mirtillo<\/td>\n<\/tr>\n<tr>\n<td>Fragola e banana<\/td>\n<td>Doppia mela<\/td>\n<td>Anguria al lampone<\/td>\n<\/tr>\n<tr>\n<td>Fragola Kiwi<\/td>\n<td>Mango aspro e ananas<\/td>\n<td>Red Bull<\/td>\n<\/tr>\n<tr>\n<td>Frutta tropicale<\/td>\n<td>Anguria alla fragola<\/td>\n<td>Pesca al limone<\/td>\n<\/tr>\n<tr>\n<td>Ananas e cocco<\/td>\n<td>Razz blu<\/td>\n<td>Fragola e banana<\/td>\n<\/tr>\n<tr>\n<td>Fragola e lampone<\/td>\n<td>Triplo melone<\/td>\n<td>Mango aspro e ananas<\/td>\n<\/tr>\n<tr>\n<td>Bacche miste<\/td>\n<td>Anguria al lampone<\/td>\n<td>Mango e pesca<\/td>\n<\/tr>\n<tr>\n<td>Mirtillo Lampone<\/td>\n<td>Coca-Cola alla fragola e vaniglia<\/td>\n<td>Limone e lime<\/td>\n<\/tr>\n<tr>\n<td>Ghiaccio all'anguria<\/td>\n<td>Bacca di pesca<\/td>\n<td>Triplo melone<\/td>\n<\/tr>\n<\/tbody>\n<\/table>\n<h3>Perch\u00e9 scegliere FIHP 60000 Triple?<\/h3>\n<ul>\n<li>\u26a1 <strong>Design a tre camere<\/strong> - Godetevi tre gusti rotanti in un unico dispositivo.<\/li>\n<li>\ud83d\udd25 <strong>Numero di boccate massicce<\/strong> - Fino a 60.000 boccate per una soddisfazione di lunga durata.<\/li>\n<li>\ud83c\udf00 <strong>Bobine a doppia maglia<\/strong> - Vapore liscio e ricco con un'intensa erogazione di aromi.<\/li>\n<li>\ud83d\udd0b <strong>Ricaricabile via Type-C<\/strong> - Ricarica rapida, zero tempi di inattivit\u00e0.<\/li>\n<li>\ud83d\udcfa <strong>Display intelligente a LED<\/strong> - Rimanete informati con la tracciabilit\u00e0 della batteria e dei consumi.<\/li>\n<li>\ud83d\udcbc <strong>Perfetto per la rivendita<\/strong> - Formato adatto al cartone con 160 pezzi per scatola.<\/li>\n<li>\ud83d\udce6 <strong>Pronto all'ingrosso<\/strong> - Progettato per la distribuzione B2B ad alto volume.<\/li>\n<\/ul>\n<p>Se siete forti vaper, appassionati di aromi o gestite un'attivit\u00e0 di svapo, il <strong>FIHP 60000 Triplo 3 in 1<\/strong> \u00e8 un must. Con il suo enorme numero di soffi, la flessibilit\u00e0 dei sapori e il design intelligente, \u00e8 costruito per offrire risultati a tutti i livelli. Fate subito scorta e portate una tripla soddisfazione ai vostri scaffali o ai vostri clienti.<\/p>","protected":false},"excerpt":{"rendered":"<p>FIHP 60000 triple vape - 60.000 puff, tripla rotazione dei sapori, bobine a doppia maglia e prestazioni audaci. Costruito per i professionisti e perfetto per la vendita all'ingrosso!<\/p>","protected":false},"featured_media":39346,"comment_status":"open","ping_status":"closed","template":"","meta":[],"product_brand":[236],"product_cat":[18,242,90,117,81,76,134,135,133,136,137,146,138,139,140,141,142,143,144,145,82],"product_tag":[],"class_list":{"0":"post-39345","1":"product","2":"type-product","3":"status-publish","4":"has-post-thumbnail","6":"product_brand-fihp","7":"product_cat-fihp","8":"product_cat-60000-puffs-disposable-vape","9":"product_cat-big-puffs-vapes","10":"product_cat-different-puffs-of-diposable-vapes","11":"product_cat-digital-box-vapes","12":"product_cat-disposable-vape-types","13":"product_cat-disposable-vapes-in-austria","14":"product_cat-disposable-vapes-in-belgium","15":"product_cat-disposable-vapes-in-europe","16":"product_cat-disposable-vapes-in-france","17":"product_cat-disposable-vapes-in-germany","18":"product_cat-disposable-vapes-in-hungary","19":"product_cat-disposable-vapes-in-ltaly","20":"product_cat-disposable-vapes-in-netherlands","21":"product_cat-disposable-vapes-in-norway","22":"product_cat-disposable-vapes-in-poland","23":"product_cat-disposable-vapes-in-portugal","24":"product_cat-disposable-vapes-in-spain","25":"product_cat-disposable-vapes-in-sweden","26":"product_cat-disposable-vapes-in-switzerland","27":"product_cat-smart-screen-vapes","29":"first","30":"instock","31":"shipping-taxable","32":"purchasable","33":"product-type-variable","34":"has-default-attributes"},"jetpack_sharing_enabled":true,"tiered_pricing_type":"fixed","tiered_pricing_fixed_rules":{"2000":9.9000000000000003552713678800500929355621337890625},"tiered_pricing_product_settings":{"layout":"default","base_unit_name":{"singular":null,"plural":null},"default_variation":null},"tiered_pricing_minimum_quantity":1000,"tiered_pricing_roles_data":[],"tiered_pricing_percentage_rules":[],"tiered_pricing_maximum_quantity":null,"tiered_pricing_quantity_step":"10","_links":{"self":[{"href":"https:\/\/aiviouvapes.com\/it\/wp-json\/wp\/v2\/product\/39345","targetHints":{"allow":["GET"]}}],"collection":[{"href":"https:\/\/aiviouvapes.com\/it\/wp-json\/wp\/v2\/product"}],"about":[{"href":"https:\/\/aiviouvapes.com\/it\/wp-json\/wp\/v2\/types\/product"}],"replies":[{"embeddable":true,"href":"https:\/\/aiviouvapes.com\/it\/wp-json\/wp\/v2\/comments?post=39345"}],"wp:featuredmedia":[{"embeddable":true,"href":"https:\/\/aiviouvapes.com\/it\/wp-json\/wp\/v2\/media\/39346"}],"wp:attachment":[{"href":"https:\/\/aiviouvapes.com\/it\/wp-json\/wp\/v2\/media?parent=39345"}],"wp:term":[{"taxonomy":"product_brand","embeddable":true,"href":"https:\/\/aiviouvapes.com\/it\/wp-json\/wp\/v2\/product_brand?post=39345"},{"taxonomy":"product_cat","embeddable":true,"href":"https:\/\/aiviouvapes.com\/it\/wp-json\/wp\/v2\/product_cat?post=39345"},{"taxonomy":"product_tag","embeddable":true,"href":"https:\/\/aiviouvapes.com\/it\/wp-json\/wp\/v2\/product_tag?post=39345"}],"curies":[{"name":"wp","href":"https:\/\/api.w.org\/{rel}","templated":true}]}}