{"id":3816,"date":"2024-08-20T07:35:01","date_gmt":"2024-08-19T23:35:01","guid":{"rendered":"https:\/\/aiviouvapes.com\/?post_type=product&#038;p=3816"},"modified":"2026-03-17T10:43:36","modified_gmt":"2026-03-17T02:43:36","slug":"bang-25000-puffs-0-2-3-5-low-nicotine-bulk-buy-rechargeable-disposable-vapes-pen-wholesale","status":"publish","type":"product","link":"https:\/\/aiviouvapes.com\/it\/product\/bang-25000-puffs-0-2-3-5-low-nicotine-bulk-buy-rechargeable-disposable-vapes-pen-wholesale\/","title":{"rendered":"Bang 25000 boccate | 0%-5% nicotina, 25mL, 650mAh, vape monouso sfuso"},"content":{"rendered":"<p><iframe title=\"VideoPress Lettore video\" aria-label='VideoPress Lettore video' width='1020' height='574' src='https:\/\/videopress.com\/embed\/Hmr9nGsM?hd=0&amp;cover=1' frameborder='0' allowfullscreen allow='clipboard-write'><\/iframe><script src='https:\/\/v0.wordpress.com\/js\/next\/videopress-iframe.js?m=1739540970'><\/script><\/p>\n<h2>Bang 25000 tiri | 0% 2% 3% 5% nicotina, e-liquid da 25 ml, batteria da 650 mAh, bobina a rete, ricaricabile di tipo C, acquisto all&#039;ingrosso di sigarette elettroniche usa e getta<\/h2>\n<h3>Bang 25000 soffi Panoramica<\/h3>\n<ul>\n<li><strong>Elevata capacit\u00e0 di soffio<\/strong>: Fino a 25.000 boccate per un uso prolungato e soddisfacente.<\/li>\n<li><strong>Generoso serbatoio per liquidi elettronici<\/strong>La capacit\u00e0 di 25 ml riduce al minimo la necessit\u00e0 di frequenti ricariche.<\/li>\n<li><strong>Batteria affidabile<\/strong>Batteria da 650 mAh con ricarica Type-C per ricariche rapide ed efficienti.<\/li>\n<li><strong>Opzioni di nicotina<\/strong>: Disponibile nei livelli di nicotina 0%, 2%, 3% e 5% per soddisfare le preferenze personali.<\/li>\n<li><strong>Produzione di vapore omogenea<\/strong>: La bobina da 1,0\u03a9 assicura un vapore costante e saporito a ogni boccata.<\/li>\n<li><strong>Display facile da usare<\/strong>: Il display integrato tiene traccia dei livelli di batteria e di e-liquid per una maggiore comodit\u00e0.<\/li>\n<\/ul>\n<h3>Bang 25000 soffi Caratteristiche<\/h3>\n<ul>\n<li><strong>Longevit\u00e0 eccezionale<\/strong>: 25.000 soffi per dispositivo offrono un valore e una durata eccezionali.<\/li>\n<li><strong>Design portatile<\/strong>: Compatto ed elegante per un facile svapo in movimento.<\/li>\n<li><strong>Comodit\u00e0 di ricarica<\/strong>: La porta di ricarica Type-C riduce i tempi di inattivit\u00e0 e supporta le ricariche rapide.<\/li>\n<li><strong>Facilit\u00e0 di monitoraggio<\/strong>: Il display consente di monitorare facilmente la durata della batteria e lo stato dell'e-liquid.<\/li>\n<\/ul>\n<h3>Selezione di gusti Bang 25000 Puffs<\/h3>\n<p>Ghiaccio al mirtillo, kiwi alla fragola, anguria alla fragola, frutta mista, menta al mirtillo, sangue di tigre, pesca al mango, ghiaccio all&#039;uva, lampone al mirtillo, ghiaccio all&#039;anguria, gomma da masticare all&#039;anguria, ghiaccio alla fragola<\/p>\n<h3>Perch\u00e9 scegliere il modello Bang 25000 Puffs?<\/h3>\n<p>L'Bang 25000 Puffs offre un'esperienza di svapo ad alta capacit\u00e0 e ricca di sapore, con caratteristiche di convenienza premium. Perfetto per i vapers che apprezzano l'uso prolungato, questo dispositivo combina qualit\u00e0 e facilit\u00e0 con un design elegante e una ricarica rapida. Disponibile all'ingrosso, \u00e8 una scelta di spicco per i rivenditori che desiderano aggiungere alla loro offerta una svapata affidabile e ad alte prestazioni. Elevate il vostro viaggio nel mondo del vaping con Bang 25000 e godetevi i sapori soddisfacenti ad ogni boccata.<\/p>\n<h3>Perch\u00e9 scegliere AiviouVapes<\/h3>\n<p>Benvenuti a <a href=\"https:\/\/aiviouvapes.com\/it\/\">AiviouVapes<\/a> - la vostra fonte di fiducia per prodotti premium e convenienti <a href=\"https:\/\/aiviouvapes.com\/it\/shop\/\">vapes monouso all'ingrosso<\/a> a prezzi veramente bassi. Con oltre cinque anni di esperienza nel settore del vape, siamo orgogliosi di offrire una selezione selezionata di marchi leader, tra cui <a href=\"https:\/\/aiviouvapes.com\/it\/categoria-prodotto\/waspe\/\">WASPE<\/a>, <a href=\"https:\/\/aiviouvapes.com\/it\/categoria-prodotto\/bang\/\">Bang Vape<\/a>, <a href=\"https:\/\/aiviouvapes.com\/it\/categoria-prodotto\/vapme-vapes\/\">Vapme<\/a>, e <a href=\"https:\/\/aiviouvapes.com\/it\/categoria-prodotto\/mrvi\/\">MRVI<\/a>.<\/p>\n<p>Dai dispositivi ad alta pressione come il <a href=\"https:\/\/aiviouvapes.com\/it\/prodotto\/waspe-4-in-1-100000-puffs\/\">WASPE 100K gusto 4 in 1<\/a> ai preferiti in grassetto come il <a href=\"https:\/\/aiviouvapes.com\/it\/prodotto\/bang-king-triple-flavors-85000\/\">Bang 85.000 Triplo soffio<\/a>e anche l'emozionante <a class=\"woocommerce-LoopProduct-link woocommerce-loop-product__link\" href=\"https:\/\/aiviouvapes.com\/it\/prodotto\/mystery-vape-blind-box\/\">Mystery Vape Box usa e getta<\/a>Ogni prodotto \u00e8 scelto per la massima qualit\u00e0 e il valore imbattibile. AiviouVapes offre un servizio eccellente, risparmi all'ingrosso e una collezione progettata per soddisfare le vostre esigenze di vaping.<\/p>\n<div class=\"row row-large row-full-width align-middle\"  id=\"row-1961005891\">\n\n\n\t<div id=\"col-1384289950\" class=\"col medium-3 small-6 large-3\"  >\n\t\t\t\t<div class=\"col-inner text-center\"  >\n\t\t\t\n\t\t\t\n\n\n\t\t<div class=\"icon-box featured-box icon-box-top text-left\"  >\n\t\t\t\t\t<div class=\"icon-box-img\" style=\"width: 90px\">\n\t\t\t\t<div class=\"icon\">\n\t\t\t\t\t<div class=\"icon-inner\" >\n\t\t\t\t\t\t<img loading=\"lazy\" decoding=\"async\" width=\"200\" height=\"200\" src=\"https:\/\/i0.wp.com\/aiviouvapes.com\/wp-content\/uploads\/2024\/08\/vape-1-1.png?fit=200%2C200&amp;ssl=1\" class=\"attachment-medium size-medium\" alt=\"Perch\u00e9 scegliere AIVIOUVAPES\" srcset=\"https:\/\/i0.wp.com\/aiviouvapes.com\/wp-content\/uploads\/2024\/08\/vape-1-1.png?w=200&amp;ssl=1 200w, https:\/\/i0.wp.com\/aiviouvapes.com\/wp-content\/uploads\/2024\/08\/vape-1-1.png?resize=150%2C150&amp;ssl=1 150w, https:\/\/i0.wp.com\/aiviouvapes.com\/wp-content\/uploads\/2024\/08\/vape-1-1.png?resize=12%2C12&amp;ssl=1 12w, https:\/\/i0.wp.com\/aiviouvapes.com\/wp-content\/uploads\/2024\/08\/vape-1-1.png?resize=100%2C100&amp;ssl=1 100w\" sizes=\"auto, (max-width: 200px) 100vw, 200px\" title=\"\">\t\t\t\t\t<\/div>\n\t\t\t\t<\/div>\n\t\t\t<\/div>\n\t\t\t\t<div class=\"icon-box-text last-reset\">\n\t\t\t\t\t\t\t\t\t\n\n\t<div id=\"text-4080841861\" class=\"text\">\n\t\t\n\n<h3 style=\"text-align: center;\">Ampia variet\u00e0 di vaporizzatori<\/h3>\n<p style=\"text-align: center;\">Scopri la nostra vasta gamma di prodotti, realizzati per soddisfare ogni preferenza.<\/p>\n\t\t\n<style>\n#text-4080841861 {\n  font-size: 0.9rem;\n}\n<\/style>\n\t<\/div>\n\t\n\n\t\t<\/div>\n\t<\/div>\n\t\n\t\n\n\t\t<\/div>\n\t\t\t\t\t<\/div>\n\n\t\n\n\t<div id=\"col-2020165780\" class=\"col medium-3 small-6 large-3\"  >\n\t\t\t\t<div class=\"col-inner text-center\"  >\n\t\t\t\n\t\t\t\n\n\n\t\t<div class=\"icon-box featured-box icon-box-top text-left\"  >\n\t\t\t\t\t<div class=\"icon-box-img\" style=\"width: 90px\">\n\t\t\t\t<div class=\"icon\">\n\t\t\t\t\t<div class=\"icon-inner\" >\n\t\t\t\t\t\t<img loading=\"lazy\" decoding=\"async\" width=\"200\" height=\"200\" src=\"https:\/\/i0.wp.com\/aiviouvapes.com\/wp-content\/uploads\/2024\/08\/save-money-1-1-1.png?fit=200%2C200&amp;ssl=1\" class=\"attachment-medium size-medium\" alt=\"Perch\u00e9 scegliere AIVIOUVAPES\" srcset=\"https:\/\/i0.wp.com\/aiviouvapes.com\/wp-content\/uploads\/2024\/08\/save-money-1-1-1.png?w=200&amp;ssl=1 200w, https:\/\/i0.wp.com\/aiviouvapes.com\/wp-content\/uploads\/2024\/08\/save-money-1-1-1.png?resize=150%2C150&amp;ssl=1 150w, https:\/\/i0.wp.com\/aiviouvapes.com\/wp-content\/uploads\/2024\/08\/save-money-1-1-1.png?resize=12%2C12&amp;ssl=1 12w, https:\/\/i0.wp.com\/aiviouvapes.com\/wp-content\/uploads\/2024\/08\/save-money-1-1-1.png?resize=100%2C100&amp;ssl=1 100w\" sizes=\"auto, (max-width: 200px) 100vw, 200px\" title=\"\">\t\t\t\t\t<\/div>\n\t\t\t\t<\/div>\n\t\t\t<\/div>\n\t\t\t\t<div class=\"icon-box-text last-reset\">\n\t\t\t\t\t\t\t\t\t\n\n\t<div id=\"text-2381901914\" class=\"text\">\n\t\t\n\n<h3 style=\"text-align: center;\">Valore imbattibile<\/h3>\n<p style=\"text-align: center;\">Approfitta di prodotti di alta qualit\u00e0 a prezzi adatti al tuo budget.<\/p>\n\t\t\n<style>\n#text-2381901914 {\n  font-size: 0.9rem;\n}\n<\/style>\n\t<\/div>\n\t\n\n\t\t<\/div>\n\t<\/div>\n\t\n\t\n\n\t\t<\/div>\n\t\t\t\t\t<\/div>\n\n\t\n\n\t<div id=\"col-118602275\" class=\"col medium-3 small-6 large-3\"  >\n\t\t\t\t<div class=\"col-inner text-center\"  >\n\t\t\t\n\t\t\t\n\n\n\t\t<div class=\"icon-box featured-box icon-box-top text-left\"  >\n\t\t\t\t\t<div class=\"icon-box-img\" style=\"width: 90px\">\n\t\t\t\t<div class=\"icon\">\n\t\t\t\t\t<div class=\"icon-inner\" >\n\t\t\t\t\t\t<img loading=\"lazy\" decoding=\"async\" width=\"200\" height=\"200\" src=\"https:\/\/i0.wp.com\/aiviouvapes.com\/wp-content\/uploads\/2024\/08\/delivery-truck-1-1.png?fit=200%2C200&amp;ssl=1\" class=\"attachment-medium size-medium\" alt=\"Perch\u00e9 scegliere AIVIOUVAPES\" srcset=\"https:\/\/i0.wp.com\/aiviouvapes.com\/wp-content\/uploads\/2024\/08\/delivery-truck-1-1.png?w=200&amp;ssl=1 200w, https:\/\/i0.wp.com\/aiviouvapes.com\/wp-content\/uploads\/2024\/08\/delivery-truck-1-1.png?resize=150%2C150&amp;ssl=1 150w, https:\/\/i0.wp.com\/aiviouvapes.com\/wp-content\/uploads\/2024\/08\/delivery-truck-1-1.png?resize=12%2C12&amp;ssl=1 12w, https:\/\/i0.wp.com\/aiviouvapes.com\/wp-content\/uploads\/2024\/08\/delivery-truck-1-1.png?resize=100%2C100&amp;ssl=1 100w\" sizes=\"auto, (max-width: 200px) 100vw, 200px\" title=\"\">\t\t\t\t\t<\/div>\n\t\t\t\t<\/div>\n\t\t\t<\/div>\n\t\t\t\t<div class=\"icon-box-text last-reset\">\n\t\t\t\t\t\t\t\t\t\n\n\t<div id=\"text-1086673019\" class=\"text\">\n\t\t\n\n<h3 style=\"text-align: center;\">Spedizione globale rapida<\/h3>\n<p style=\"text-align: center;\">Effettuiamo consegne in tutto il mondo con sdoganamento garantito per un&#039;esperienza senza intoppi.<\/p>\n\t\t\n<style>\n#text-1086673019 {\n  font-size: 0.9rem;\n}\n<\/style>\n\t<\/div>\n\t\n\n\t\t<\/div>\n\t<\/div>\n\t\n\t\n\n\t\t<\/div>\n\t\t\t\t\t<\/div>\n\n\t\n\n\t<div id=\"col-170881672\" class=\"col medium-3 small-6 large-3\"  >\n\t\t\t\t<div class=\"col-inner text-center\"  >\n\t\t\t\n\t\t\t\n\n\n\t\t<div class=\"icon-box featured-box icon-box-top text-left\"  >\n\t\t\t\t\t<div class=\"icon-box-img\" style=\"width: 90px\">\n\t\t\t\t<div class=\"icon\">\n\t\t\t\t\t<div class=\"icon-inner\" >\n\t\t\t\t\t\t<img loading=\"lazy\" decoding=\"async\" width=\"200\" height=\"200\" src=\"https:\/\/i0.wp.com\/aiviouvapes.com\/wp-content\/uploads\/2024\/08\/support-1-1.png?fit=200%2C200&amp;ssl=1\" class=\"attachment-medium size-medium\" alt=\"Perch\u00e9 scegliere AIVIOUVAPES\" srcset=\"https:\/\/i0.wp.com\/aiviouvapes.com\/wp-content\/uploads\/2024\/08\/support-1-1.png?w=200&amp;ssl=1 200w, https:\/\/i0.wp.com\/aiviouvapes.com\/wp-content\/uploads\/2024\/08\/support-1-1.png?resize=150%2C150&amp;ssl=1 150w, https:\/\/i0.wp.com\/aiviouvapes.com\/wp-content\/uploads\/2024\/08\/support-1-1.png?resize=12%2C12&amp;ssl=1 12w, https:\/\/i0.wp.com\/aiviouvapes.com\/wp-content\/uploads\/2024\/08\/support-1-1.png?resize=100%2C100&amp;ssl=1 100w\" sizes=\"auto, (max-width: 200px) 100vw, 200px\" title=\"\">\t\t\t\t\t<\/div>\n\t\t\t\t<\/div>\n\t\t\t<\/div>\n\t\t\t\t<div class=\"icon-box-text last-reset\">\n\t\t\t\t\t\t\t\t\t\n\n\t<div id=\"text-3689742222\" class=\"text\">\n\t\t\n\n<h3 style=\"text-align: center;\">Assistenza 24 ore su 24<\/h3>\n<p style=\"text-align: center;\">Puoi contattare il nostro team di supporto in qualsiasi momento, 24 ore su 24, 7 giorni su 7, tramite WhatsApp o e-mail.<\/p>\n\t\t\n<style>\n#text-3689742222 {\n  font-size: 0.9rem;\n}\n<\/style>\n\t<\/div>\n\t\n\n\t\t<\/div>\n\t<\/div>\n\t\n\t\n\n\t\t<\/div>\n\t\t\t\t\t<\/div>\n\n\t\n\n<\/div>\n<div class=\"row row-full-width align-middle\"  id=\"row-602179800\">\n\n\n\t<div id=\"col-1216660706\" class=\"col medium-6 small-12 large-6\"  >\n\t\t\t\t<div class=\"col-inner\"  >\n\t\t\t\n\t\t\t\n\n\t<div class=\"img has-hover x md-x lg-x y md-y lg-y\" id=\"image_93787585\">\n\t\t\t\t\t\t\t\t<div class=\"img-inner dark\" >\n\t\t\t<img loading=\"lazy\" decoding=\"async\" width=\"930\" height=\"1024\" src=\"https:\/\/i0.wp.com\/aiviouvapes.com\/wp-content\/uploads\/2024\/08\/%E6%8B%BC%E5%9B%BE.jpg?fit=930%2C1024&amp;ssl=1\" class=\"attachment-large size-large\" alt=\"Perch\u00e9 scegliere AIVIOUVAPES\" title=\"\">\t\t\t\t\t\t\n\t\t\t\t\t<\/div>\n\t\t\t\t\t\t\t\t\n<style>\n#image_93787585 {\n  width: 100%;\n}\n<\/style>\n\t<\/div>\n\t\n\n\n\t\t<\/div>\n\t\t\t\t\t<\/div>\n\n\t\n\n\t<div id=\"col-2133795737\" class=\"col medium-6 small-12 large-6\"  >\n\t\t\t\t<div class=\"col-inner\"  >\n\t\t\t\n\t\t\t\n\n<div class=\"container section-title-container\" ><h4 class=\"section-title section-title-normal\"><b aria-hidden=\"true\"><\/b><span class=\"section-title-main\" style=\"font-size:91%;\">I nostri vantaggi<\/span><b aria-hidden=\"true\"><\/b><\/h4><\/div>\n\n<div class=\"accordion\">\n\n\t<div id=\"accordion-938354052\" class=\"accordion-item\">\n\t\t<a id=\"accordion-938354052-label\" class=\"accordion-title plain\" href=\"#accordion-item-commitment-to-quality\" aria-expanded=\"false\" aria-controls=\"accordion-938354052-content\">\n\t\t\t<button class=\"toggle\" aria-label=\"Attiva\/Disattiva\"><i class=\"icon-angle-down\" aria-hidden=\"true\"><\/i><\/button>\n\t\t\t<span>Impegno per la qualit\u00e0<\/span>\n\t\t<\/a>\n\t\t<div id=\"accordion-938354052-content\" class=\"accordion-inner\" aria-labelledby=\"accordion-938354052-label\">\n\t\t\t\n\n<p>A <a href=\"https:\/\/aiviouvapes.com\/it\/\">AiviouVape<\/a>, la qualit\u00e0 guida tutto ci\u00f2 che facciamo. I nostri vaporizzatori monouso sono realizzati meticolosamente e rigorosamente testati per soddisfare gli standard pi\u00f9 elevati, garantendo un&#039;esperienza di svapo fluida e affidabile ogni volta. Con il nostro impegno per zero difetti e zero reclami, puoi essere certo di ottenere il meglio.<\/p>\n\n\t\t<\/div>\n\t<\/div>\n\t\n\t<div id=\"accordion-511586658\" class=\"accordion-item\">\n\t\t<a id=\"accordion-511586658-label\" class=\"accordion-title plain\" href=\"#accordion-item-diverse-range-of-products\" aria-expanded=\"false\" aria-controls=\"accordion-511586658-content\">\n\t\t\t<button class=\"toggle\" aria-label=\"Attiva\/Disattiva\"><i class=\"icon-angle-down\" aria-hidden=\"true\"><\/i><\/button>\n\t\t\t<span>Una vasta gamma di prodotti<\/span>\n\t\t<\/a>\n\t\t<div id=\"accordion-511586658-content\" class=\"accordion-inner\" aria-labelledby=\"accordion-511586658-label\">\n\t\t\t\n\n<p>Siamo orgogliosi di offrire un'ampia gamma di vapers monouso di alta qualit\u00e0 per soddisfare ogni preferenza. Dalle ultime innovazioni ai preferiti dai fan di lunga data, la nostra selezione comprende marchi affidabili come Waspe, Vapme, RandM Tornado, Bang Box, ELF Box e Bang King. Che siate alla ricerca dei sapori audaci di Vapme o del design elegante di RandM Tornado, la nostra collezione \u00e8 stata creata per aiutarvi a scoprire la svapata perfetta per i vostri gusti e il vostro stile di vita.<\/p>\n\n\n\t\t<\/div>\n\t<\/div>\n\t\n\t<div id=\"accordion-888286460\" class=\"accordion-item\">\n\t\t<a id=\"accordion-888286460-label\" class=\"accordion-title plain\" href=\"#accordion-item-wholesale-and-retail-solutions\" aria-expanded=\"false\" aria-controls=\"accordion-888286460-content\">\n\t\t\t<button class=\"toggle\" aria-label=\"Attiva\/Disattiva\"><i class=\"icon-angle-down\" aria-hidden=\"true\"><\/i><\/button>\n\t\t\t<span>Soluzioni per la vendita all'ingrosso e al dettaglio<\/span>\n\t\t<\/a>\n\t\t<div id=\"accordion-888286460-content\" class=\"accordion-inner\" aria-labelledby=\"accordion-888286460-label\">\n\t\t\t\n\n<p>AiviouVape soddisfa le esigenze sia dei clienti al dettaglio che di quelli all&#039;ingrosso, offrendo prodotti e servizi eccezionali ogni volta. Se sei nuovo con noi, ti consigliamo di iniziare con un piccolo lotto per sperimentare la nostra qualit\u00e0 in prima persona. Con prezzi competitivi e standard premium, siamo la scelta di fiducia nel settore dello svapo monouso.\u00a0<\/p>\n\n\t\t<\/div>\n\t<\/div>\n\t\n\t<div id=\"accordion-3225285089\" class=\"accordion-item\">\n\t\t<a id=\"accordion-3225285089-label\" class=\"accordion-title plain\" href=\"#accordion-item-continuous-improvement\" aria-expanded=\"false\" aria-controls=\"accordion-3225285089-content\">\n\t\t\t<button class=\"toggle\" aria-label=\"Attiva\/Disattiva\"><i class=\"icon-angle-down\" aria-hidden=\"true\"><\/i><\/button>\n\t\t\t<span>Miglioramento continuo<\/span>\n\t\t<\/a>\n\t\t<div id=\"accordion-3225285089-content\" class=\"accordion-inner\" aria-labelledby=\"accordion-3225285089-label\">\n\t\t\t\n\n<p>Ci\u00f2 che distingue AiviouVape \u00e8 la nostra dedizione a un servizio clienti eccezionale. Che tu abbia bisogno di consigli prima dell&#039;acquisto o di assistenza con un ordine, il nostro team \u00e8 sempre disponibile tramite WhatsApp o e-mail. Ci impegniamo a costruire relazioni durature con i nostri clienti, assicurando la tua soddisfazione in ogni fase del percorso.<\/p>\n\n\t\t<\/div>\n\t<\/div>\n\t\n\t<div id=\"accordion-2858377050\" class=\"accordion-item\">\n\t\t<a id=\"accordion-2858377050-label\" class=\"accordion-title plain\" href=\"#accordion-item-quality-assurance\" aria-expanded=\"false\" aria-controls=\"accordion-2858377050-content\">\n\t\t\t<button class=\"toggle\" aria-label=\"Attiva\/Disattiva\"><i class=\"icon-angle-down\" aria-hidden=\"true\"><\/i><\/button>\n\t\t\t<span>Garanzia di qualit\u00e0<\/span>\n\t\t<\/a>\n\t\t<div id=\"accordion-2858377050-content\" class=\"accordion-inner\" aria-labelledby=\"accordion-2858377050-label\">\n\t\t\t\n\n<p>In ogni fase, sviluppo del prodotto, produzione, marketing e distribuzione, il nostro impegno per la qualit\u00e0 non vacilla mai. I nostri vaporizzatori monouso vengono sottoposti a rigorosi test per garantire che siano atossici, puri e offrano un sapore eccezionale. Questa dedizione all&#039;eccellenza costituisce la spina dorsale della nostra cultura aziendale.<\/p>\n\n\t\t<\/div>\n\t<\/div>\n\t\n\t<div id=\"accordion-3348536413\" class=\"accordion-item\">\n\t\t<a id=\"accordion-3348536413-label\" class=\"accordion-title plain\" href=\"#accordion-item-efficient-logistics-and-delivery\" aria-expanded=\"false\" aria-controls=\"accordion-3348536413-content\">\n\t\t\t<button class=\"toggle\" aria-label=\"Attiva\/Disattiva\"><i class=\"icon-angle-down\" aria-hidden=\"true\"><\/i><\/button>\n\t\t\t<span>Logistica e consegna efficienti<\/span>\n\t\t<\/a>\n\t\t<div id=\"accordion-3348536413-content\" class=\"accordion-inner\" aria-labelledby=\"accordion-3348536413-label\">\n\t\t\t\n\n<p>AiviouVape fornisce logistica e consegna efficienti, inclusi i servizi DDP (Delivered Duty Paid), assicurando uno sdoganamento senza intoppi senza commissioni o tasse. Con una consegna rapida e un&#039;assistenza clienti eccezionale, offriamo un&#039;esperienza fluida e affidabile, rendendoci un partner di fiducia nel settore.<\/p>\n\n\t\t<\/div>\n\t<\/div>\n\t\n\t<div id=\"accordion-3145041025\" class=\"accordion-item\">\n\t\t<a id=\"accordion-3145041025-label\" class=\"accordion-title plain\" href=\"#accordion-item-odm-and-oem-services\" aria-expanded=\"false\" aria-controls=\"accordion-3145041025-content\">\n\t\t\t<button class=\"toggle\" aria-label=\"Attiva\/Disattiva\"><i class=\"icon-angle-down\" aria-hidden=\"true\"><\/i><\/button>\n\t\t\t<span>Servizi ODM e OEM<\/span>\n\t\t<\/a>\n\t\t<div id=\"accordion-3145041025-content\" class=\"accordion-inner\" aria-labelledby=\"accordion-3145041025-label\">\n\t\t\t\n\n<p>AiviouVapes offre servizi completi ODM (Original Design Manufacturing) e OEM (Original Equipment Manufacturing). Con due grandi strutture, aiutiamo i clienti a progettare prodotti unici e loghi accattivanti per il packaging. Forniamo inoltre una guida gratuita alla progettazione del packaging e supportiamo i clienti che confezionano i propri prodotti, assicurando che il loro marchio brilli sul mercato.<\/p>\n\n\t\t<\/div>\n\t<\/div>\n\t\n\n<\/div>\n\n\t\t<\/div>\n\t\t\t\t\t<\/div>\n\n\t\n\n<\/div>","protected":false},"excerpt":{"rendered":"<p>Bang 25000 Puffs Disposable Vape eroga fino a 25.000 puff con un serbatoio di e-liquid da 25 ml e una batteria ricaricabile da 650 mAh. Godetevi un vapore omogeneo, una variet\u00e0 di sapori e comode funzioni come il display intuitivo e la ricarica Type-C per un'esperienza di vaping di qualit\u00e0 e di lunga durata.<\/p>","protected":false},"featured_media":3862,"comment_status":"open","ping_status":"closed","template":"","meta":[],"product_brand":[239],"product_cat":[37,130,90,117,81,76,134,135,133,136,137,146,138,139,140,141,142,143,144,145,79,132,82],"product_tag":[],"class_list":{"0":"post-3816","1":"product","2":"type-product","3":"status-publish","4":"has-post-thumbnail","6":"product_brand-bang","7":"product_cat-bang","8":"product_cat-25000-puffs-disposable-vape","9":"product_cat-big-puffs-vapes","10":"product_cat-different-puffs-of-diposable-vapes","11":"product_cat-digital-box-vapes","12":"product_cat-disposable-vape-types","13":"product_cat-disposable-vapes-in-austria","14":"product_cat-disposable-vapes-in-belgium","15":"product_cat-disposable-vapes-in-europe","16":"product_cat-disposable-vapes-in-france","17":"product_cat-disposable-vapes-in-germany","18":"product_cat-disposable-vapes-in-hungary","19":"product_cat-disposable-vapes-in-ltaly","20":"product_cat-disposable-vapes-in-netherlands","21":"product_cat-disposable-vapes-in-norway","22":"product_cat-disposable-vapes-in-poland","23":"product_cat-disposable-vapes-in-portugal","24":"product_cat-disposable-vapes-in-spain","25":"product_cat-disposable-vapes-in-sweden","26":"product_cat-disposable-vapes-in-switzerland","27":"product_cat-dual-mesh-vapes","28":"product_cat-rechargeable-vapes","29":"product_cat-smart-screen-vapes","31":"first","32":"instock","33":"shipping-taxable","34":"purchasable","35":"product-type-variable","36":"has-default-attributes"},"jetpack_sharing_enabled":true,"tiered_pricing_type":"fixed","tiered_pricing_fixed_rules":{"30":8.1699999999999999289457264239899814128875732421875,"50":7.2599999999999997868371792719699442386627197265625,"100":6.480000000000000426325641456060111522674560546875,"200":6.089999999999999857891452847979962825775146484375,"400":5.57000000000000028421709430404007434844970703125},"tiered_pricing_product_settings":{"layout":"default","base_unit_name":{"singular":null,"plural":null},"default_variation":null},"tiered_pricing_minimum_quantity":10,"tiered_pricing_roles_data":[],"tiered_pricing_percentage_rules":[],"tiered_pricing_maximum_quantity":null,"tiered_pricing_quantity_step":"10","_links":{"self":[{"href":"https:\/\/aiviouvapes.com\/it\/wp-json\/wp\/v2\/product\/3816","targetHints":{"allow":["GET"]}}],"collection":[{"href":"https:\/\/aiviouvapes.com\/it\/wp-json\/wp\/v2\/product"}],"about":[{"href":"https:\/\/aiviouvapes.com\/it\/wp-json\/wp\/v2\/types\/product"}],"replies":[{"embeddable":true,"href":"https:\/\/aiviouvapes.com\/it\/wp-json\/wp\/v2\/comments?post=3816"}],"wp:featuredmedia":[{"embeddable":true,"href":"https:\/\/aiviouvapes.com\/it\/wp-json\/wp\/v2\/media\/3862"}],"wp:attachment":[{"href":"https:\/\/aiviouvapes.com\/it\/wp-json\/wp\/v2\/media?parent=3816"}],"wp:term":[{"taxonomy":"product_brand","embeddable":true,"href":"https:\/\/aiviouvapes.com\/it\/wp-json\/wp\/v2\/product_brand?post=3816"},{"taxonomy":"product_cat","embeddable":true,"href":"https:\/\/aiviouvapes.com\/it\/wp-json\/wp\/v2\/product_cat?post=3816"},{"taxonomy":"product_tag","embeddable":true,"href":"https:\/\/aiviouvapes.com\/it\/wp-json\/wp\/v2\/product_tag?post=3816"}],"curies":[{"name":"wp","href":"https:\/\/api.w.org\/{rel}","templated":true}]}}