{"id":37402,"date":"2025-06-12T22:56:20","date_gmt":"2025-06-12T14:56:20","guid":{"rendered":"https:\/\/aiviouvapes.com\/?post_type=product&#038;p=37402"},"modified":"2025-08-06T15:38:06","modified_gmt":"2025-08-06T07:38:06","slug":"fumot-randm-tornado-30000","status":"publish","type":"product","link":"https:\/\/aiviouvapes.com\/it\/product\/fumot-randm-tornado-30000\/","title":{"rendered":"Fumot RandM Tornado 30000 puffs | luci reattive alla musica, bobina a rete, vape ricaricabile usa e getta"},"content":{"rendered":"<p><!-- SEO Meta Description --><\/p>\n<p><!-- Product Title --><\/p>\n<h2>Fumot RandM Tornado 30000 boccate di vapore monouso<\/h2>\n<p><!-- Key Features --><\/p>\n<h2>\ud83d\udd11 Caratteristiche principali di Fumot RandM Tornado 30000 Puffs<\/h2>\n<ul>\n<li><strong>Grande capacit\u00e0 di soffio:<\/strong> Fino a 30.000 soffi per un uso prolungato e senza preoccupazioni.<\/li>\n<li><strong>Opzioni di nicotina:<\/strong> Disponibile con nicotina 2% e 5% per soddisfare tutte le preferenze.<\/li>\n<li><strong>Capacit\u00e0 di 30 ml di liquido elettronico:<\/strong> Assicura un sapore duraturo a ogni boccata.<\/li>\n<li><strong>Bobina a rete avanzata (1.0\u03a9):<\/strong> Vapore morbido e gusto deciso ad ogni inspirazione.<\/li>\n<li><strong>Batteria ricaricabile (600 mAh):<\/strong> Fonte di energia ecologica e affidabile.<\/li>\n<li><strong>Ricarica rapida Type-C:<\/strong> Ricarica rapida ed efficiente per sessioni ininterrotte.<\/li>\n<li><strong>Luci a risposta musicale:<\/strong> Le luci LED reagiscono al suono per un'atmosfera di vaping dinamica.<\/li>\n<\/ul>\n<p><!-- Why Choose Section --><\/p>\n<h2>\ud83c\udf1f Perch\u00e9 scegliere Fumot RandM Tornado 30000 Puffs?<\/h2>\n<p>Il <strong>Fumot RandM Tornado 30000 soffi<\/strong> non \u00e8 solo un'altra svapata usa e getta: \u00e8 un'esperienza elegante e tecnologica. Che siate alla ricerca di prestazioni, estetica o variet\u00e0 di aromi, questo dispositivo offre tutto questo. Perfetto per i contesti sociali o per il divertimento in solitaria, le sue luci a LED sincronizzate con la musica e il potente numero di boccate ne fanno una scelta di punta per i vapers moderni.<\/p>\n<p><!-- Flavor List --><\/p>\n<h2>\ud83c\udf53 Variet\u00e0 di sapori - 30 gusti per soddisfare ogni palato<\/h2>\n<ul>\n<li>Ghiaccio alla banana<\/li>\n<li>Ghiaccio nero<\/li>\n<li>Ghiaccio Blu Razz<\/li>\n<li>Mirtillo su ghiaccio<\/li>\n<li>Mirtillo Lampone<\/li>\n<li>Lampone acido al mirtillo<\/li>\n<li>Ghiaccio alla ciliegia<\/li>\n<li>Ciliegia Cola<\/li>\n<li>Ghiaccio alla cola<\/li>\n<li>Menta fresca<\/li>\n<li>Doppia mela<\/li>\n<li>Dr. Blue<\/li>\n<li>Ghiaccio d'uva<\/li>\n<li>Ghiacciolo<\/li>\n<li>Kiwi Frutto della passione Guava<\/li>\n<li>Amore 66<\/li>\n<li>Ghiaccio lussureggiante<\/li>\n<li>Bacche miste<\/li>\n<li>Bacca di pesca<\/li>\n<li>Ghiaccio alla pesca<\/li>\n<li>Pesca Mango Ananas<\/li>\n<li>Ghiaccio all'ananas<\/li>\n<li>Limonata rosa<\/li>\n<li>Birilli<\/li>\n<li>Fragola e banana<\/li>\n<li>Uva fragola<\/li>\n<li>Ghiaccio alla fragola<\/li>\n<li>Anguria alla fragola<\/li>\n<li>Triplo mango<\/li>\n<li>Vimto<\/li>\n<\/ul>\n<p>Se desiderate un profilo fruttato, ghiacciato o simile a quello di una caramella, c'\u00e8 un gusto che fa per voi.<\/p>","protected":false},"excerpt":{"rendered":"<p>Provate l'esperienza di un vaping vibrante con Fumot RandM Tornado 30000 puff - enormi puff, 30 aromi, alimentazione ricaricabile e luci a ritmo di musica per un viaggio divertente e ricco di sapori.<\/p>","protected":false},"featured_media":37403,"comment_status":"open","ping_status":"closed","template":"","meta":[],"product_brand":[231],"product_cat":[35,131],"product_tag":[],"class_list":{"0":"post-37402","1":"product","2":"type-product","3":"status-publish","4":"has-post-thumbnail","6":"product_brand-randm","7":"product_cat-randm","8":"product_cat-30000-puffs-disposable-vape","10":"first","11":"instock","12":"featured","13":"shipping-taxable","14":"purchasable","15":"product-type-variable","16":"has-default-attributes"},"jetpack_sharing_enabled":true,"tiered_pricing_type":"fixed","tiered_pricing_fixed_rules":{"2000":5.9900000000000002131628207280300557613372802734375},"tiered_pricing_product_settings":{"layout":"default","base_unit_name":{"singular":null,"plural":null},"default_variation":null},"tiered_pricing_minimum_quantity":1000,"tiered_pricing_roles_data":[],"tiered_pricing_percentage_rules":[],"tiered_pricing_maximum_quantity":null,"tiered_pricing_quantity_step":"10","_links":{"self":[{"href":"https:\/\/aiviouvapes.com\/it\/wp-json\/wp\/v2\/product\/37402","targetHints":{"allow":["GET"]}}],"collection":[{"href":"https:\/\/aiviouvapes.com\/it\/wp-json\/wp\/v2\/product"}],"about":[{"href":"https:\/\/aiviouvapes.com\/it\/wp-json\/wp\/v2\/types\/product"}],"replies":[{"embeddable":true,"href":"https:\/\/aiviouvapes.com\/it\/wp-json\/wp\/v2\/comments?post=37402"}],"wp:featuredmedia":[{"embeddable":true,"href":"https:\/\/aiviouvapes.com\/it\/wp-json\/wp\/v2\/media\/37403"}],"wp:attachment":[{"href":"https:\/\/aiviouvapes.com\/it\/wp-json\/wp\/v2\/media?parent=37402"}],"wp:term":[{"taxonomy":"product_brand","embeddable":true,"href":"https:\/\/aiviouvapes.com\/it\/wp-json\/wp\/v2\/product_brand?post=37402"},{"taxonomy":"product_cat","embeddable":true,"href":"https:\/\/aiviouvapes.com\/it\/wp-json\/wp\/v2\/product_cat?post=37402"},{"taxonomy":"product_tag","embeddable":true,"href":"https:\/\/aiviouvapes.com\/it\/wp-json\/wp\/v2\/product_tag?post=37402"}],"curies":[{"name":"wp","href":"https:\/\/api.w.org\/{rel}","templated":true}]}}