{"id":37177,"date":"2025-06-16T11:29:01","date_gmt":"2025-06-16T03:29:01","guid":{"rendered":"https:\/\/aiviouvapes.com\/?post_type=product&#038;p=37177"},"modified":"2026-04-17T13:00:52","modified_gmt":"2026-04-17T05:00:52","slug":"vapsolo-triple-30000-puffs","status":"publish","type":"product","link":"https:\/\/aiviouvapes.com\/it\/product\/vapsolo-triple-30000-puffs\/","title":{"rendered":"Vapsolo Tripla 30000 boccate | sapore 3-in-1, 36mL e-liquido, schermo LCD, vape monouso all'ingrosso"},"content":{"rendered":"<h2>\ud83d\udd11 Caratteristiche principali di VapSolo Triple 30000 puff usa e getta<\/h2>\n<ul>\n<li><strong>Fino a 30.000 boccate:<\/strong> Prestazioni di lunga durata per un uso prolungato senza frequenti sostituzioni.<\/li>\n<li><strong>Sistema a triplo aroma:<\/strong> Godetevi tre gusti diversi in un unico dispositivo, perfetto per chi desidera la variet\u00e0.<\/li>\n<li><strong>Massiccia capacit\u00e0 di 45 ml di liquido elettronico:<\/strong> 15 ml per aroma, per garantire sessioni di svapo costanti senza rimanere a secco.<\/li>\n<li><strong>1.0\u03a9 Bobina a tripla maglia:<\/strong> Produzione di vapore e aroma superiore ad ogni boccata.<\/li>\n<li><strong>Batteria ricaricabile da 650 mAh:<\/strong> Alimentazione affidabile con ricarica rapida Type-C per la massima comodit\u00e0.<\/li>\n<li><strong>Display LCD intelligente:<\/strong> Monitoraggio in tempo reale del numero di boccate, della durata della batteria e dell'aroma attivo.<\/li>\n<li><strong>Tensione stabile a 3,6 V:<\/strong> Assicura prestazioni di vaping costanti dall'inizio alla fine.<\/li>\n<li><strong>Design compatto e leggero:<\/strong> Tascabile e facile da trasportare per l'uso in movimento.<\/li>\n<li><strong>Opzioni di nicotina:<\/strong> Disponibile nelle versioni 2% e 5% per soddisfare le esigenze dei vapers pi\u00f9 esperti e di quelli pi\u00f9 leggeri.<\/li>\n<\/ul>\n<h2>\ud83d\udd25 Perch\u00e9 scegliere VapSolo Triple 30K Disposable Vape?<\/h2>\n<p>VapSolo Triple 30000 \u00e8 lo svapo monouso definitivo per gli utenti che richiedono variet\u00e0, convenienza e prestazioni elevate. Con la sua funzionalit\u00e0 a triplo gusto, il grande serbatoio di e-liquid e la batteria ricaricabile, questo dispositivo \u00e8 costruito per soddisfare. Che siate amanti dei sapori o vaper occasionali, VapSolo Triple offre un'esperienza di svapo fluida, ricca e ininterrotta, oltre a un display digitale che tiene tutto sotto controllo. Il suo design elegante e il numero massiccio di puff lo rendono un compagno quotidiano affidabile per ogni vaper.<\/p>\n<h2>\ud83c\udf53 Combinazioni di sapori disponibili<\/h2>\n<ul>\n<li>1. Ghiaccio all'anguria e fragola Kiwi e menta al limone<\/li>\n<li>2. Ghiaccio Blu Razz e Ghiaccio Mango Pesca e Uva<\/li>\n<li>3. Ghiaccio alla cola e ciliegia Melograno e mela acida<\/li>\n<li>4. Fragola, banana e lampone Anguria e ananas Cocco<\/li>\n<li>5. Punch tropicale e gelato alla fragola e mela verde<\/li>\n<li>6. Mirtillo e menta &amp; Amore 66 &amp; Mela doppia<\/li>\n<li>7. Kiwi Frutto della Passione Guava e Fragola Ciliegia &amp; Ghiaccio Lush<\/li>\n<li>8. Ghiaccio al ribes nero e litchi Anguria e frutta mista<\/li>\n<li>9. Red Bull e fragola Uva e mirtillo Lampone<\/li>\n<li>10. Bevanda energetica, ghiaccio alla pesca e menta fresca<\/li>\n<\/ul>\n<p><img data-recalc-dims=\"1\" loading=\"lazy\" decoding=\"async\" class=\"alignnone size-full wp-image-46143\" src=\"https:\/\/i0.wp.com\/aiviouvapes.com\/wp-content\/uploads\/2025\/06\/VapSolo-30000-Puffs.jpg?resize=1000%2C1000&#038;ssl=1\" alt=\",\" width=\"1000\" height=\"1000\" title=\"\" srcset=\"https:\/\/i0.wp.com\/aiviouvapes.com\/wp-content\/uploads\/2025\/06\/VapSolo-30000-Puffs.jpg?w=1000&amp;ssl=1 1000w, https:\/\/i0.wp.com\/aiviouvapes.com\/wp-content\/uploads\/2025\/06\/VapSolo-30000-Puffs.jpg?resize=300%2C300&amp;ssl=1 300w, https:\/\/i0.wp.com\/aiviouvapes.com\/wp-content\/uploads\/2025\/06\/VapSolo-30000-Puffs.jpg?resize=150%2C150&amp;ssl=1 150w, https:\/\/i0.wp.com\/aiviouvapes.com\/wp-content\/uploads\/2025\/06\/VapSolo-30000-Puffs.jpg?resize=768%2C768&amp;ssl=1 768w, https:\/\/i0.wp.com\/aiviouvapes.com\/wp-content\/uploads\/2025\/06\/VapSolo-30000-Puffs.jpg?resize=12%2C12&amp;ssl=1 12w, https:\/\/i0.wp.com\/aiviouvapes.com\/wp-content\/uploads\/2025\/06\/VapSolo-30000-Puffs.jpg?resize=400%2C400&amp;ssl=1 400w, https:\/\/i0.wp.com\/aiviouvapes.com\/wp-content\/uploads\/2025\/06\/VapSolo-30000-Puffs.jpg?resize=800%2C800&amp;ssl=1 800w, https:\/\/i0.wp.com\/aiviouvapes.com\/wp-content\/uploads\/2025\/06\/VapSolo-30000-Puffs.jpg?resize=100%2C100&amp;ssl=1 100w\" sizes=\"auto, (max-width: 1000px) 100vw, 1000px\" \/> <img data-recalc-dims=\"1\" loading=\"lazy\" decoding=\"async\" class=\"alignnone size-full wp-image-46144\" src=\"https:\/\/i0.wp.com\/aiviouvapes.com\/wp-content\/uploads\/2025\/06\/VapSolo-30000-Puffs-2.jpg?resize=1000%2C1000&#038;ssl=1\" alt=\",\" width=\"1000\" height=\"1000\" title=\"\" srcset=\"https:\/\/i0.wp.com\/aiviouvapes.com\/wp-content\/uploads\/2025\/06\/VapSolo-30000-Puffs-2.jpg?w=1000&amp;ssl=1 1000w, https:\/\/i0.wp.com\/aiviouvapes.com\/wp-content\/uploads\/2025\/06\/VapSolo-30000-Puffs-2.jpg?resize=300%2C300&amp;ssl=1 300w, https:\/\/i0.wp.com\/aiviouvapes.com\/wp-content\/uploads\/2025\/06\/VapSolo-30000-Puffs-2.jpg?resize=150%2C150&amp;ssl=1 150w, https:\/\/i0.wp.com\/aiviouvapes.com\/wp-content\/uploads\/2025\/06\/VapSolo-30000-Puffs-2.jpg?resize=768%2C768&amp;ssl=1 768w, https:\/\/i0.wp.com\/aiviouvapes.com\/wp-content\/uploads\/2025\/06\/VapSolo-30000-Puffs-2.jpg?resize=12%2C12&amp;ssl=1 12w, https:\/\/i0.wp.com\/aiviouvapes.com\/wp-content\/uploads\/2025\/06\/VapSolo-30000-Puffs-2.jpg?resize=400%2C400&amp;ssl=1 400w, https:\/\/i0.wp.com\/aiviouvapes.com\/wp-content\/uploads\/2025\/06\/VapSolo-30000-Puffs-2.jpg?resize=800%2C800&amp;ssl=1 800w, https:\/\/i0.wp.com\/aiviouvapes.com\/wp-content\/uploads\/2025\/06\/VapSolo-30000-Puffs-2.jpg?resize=100%2C100&amp;ssl=1 100w\" sizes=\"auto, (max-width: 1000px) 100vw, 1000px\" \/> <img data-recalc-dims=\"1\" loading=\"lazy\" decoding=\"async\" class=\"alignnone size-full wp-image-46145\" src=\"https:\/\/i0.wp.com\/aiviouvapes.com\/wp-content\/uploads\/2025\/06\/VapSolo-30000-Puffs-3.jpg?resize=1000%2C1000&#038;ssl=1\" alt=\",\" width=\"1000\" height=\"1000\" title=\"\" srcset=\"https:\/\/i0.wp.com\/aiviouvapes.com\/wp-content\/uploads\/2025\/06\/VapSolo-30000-Puffs-3.jpg?w=1000&amp;ssl=1 1000w, https:\/\/i0.wp.com\/aiviouvapes.com\/wp-content\/uploads\/2025\/06\/VapSolo-30000-Puffs-3.jpg?resize=300%2C300&amp;ssl=1 300w, https:\/\/i0.wp.com\/aiviouvapes.com\/wp-content\/uploads\/2025\/06\/VapSolo-30000-Puffs-3.jpg?resize=150%2C150&amp;ssl=1 150w, https:\/\/i0.wp.com\/aiviouvapes.com\/wp-content\/uploads\/2025\/06\/VapSolo-30000-Puffs-3.jpg?resize=768%2C768&amp;ssl=1 768w, https:\/\/i0.wp.com\/aiviouvapes.com\/wp-content\/uploads\/2025\/06\/VapSolo-30000-Puffs-3.jpg?resize=12%2C12&amp;ssl=1 12w, https:\/\/i0.wp.com\/aiviouvapes.com\/wp-content\/uploads\/2025\/06\/VapSolo-30000-Puffs-3.jpg?resize=400%2C400&amp;ssl=1 400w, https:\/\/i0.wp.com\/aiviouvapes.com\/wp-content\/uploads\/2025\/06\/VapSolo-30000-Puffs-3.jpg?resize=800%2C800&amp;ssl=1 800w, https:\/\/i0.wp.com\/aiviouvapes.com\/wp-content\/uploads\/2025\/06\/VapSolo-30000-Puffs-3.jpg?resize=100%2C100&amp;ssl=1 100w\" sizes=\"auto, (max-width: 1000px) 100vw, 1000px\" \/><\/p>","protected":false},"excerpt":{"rendered":"<p>Sperimentate il triplo del sapore e fino a 30.000 boccate con il VapSolo Triple 30K usa e getta - un vape potente, saporito e ricco di funzioni, progettato per una soddisfazione di lunga durata.<\/p>\n<a href=\"https:\/\/aiviouvapes.com\/it\/why-waspe-100k-4-in-1-outshines-vapsolo-triple-30k\/\" target=\"_blank\" class=\"button secondary is-secondary is-medium hide-this-btn1\" rel=\"noopener\" >\n\t\t<span>\ud83d\udc51 Scopri perch\u00e9 i vapers intelligenti scelgono WASPE 100K rispetto a VapSolo \u2705<\/span>\n\t<\/a>","protected":false},"featured_media":37178,"comment_status":"open","ping_status":"closed","template":"","meta":[],"product_brand":[228],"product_cat":[48,131,573,572],"product_tag":[],"class_list":{"0":"post-37177","1":"product","2":"type-product","3":"status-publish","4":"has-post-thumbnail","6":"product_brand-vapsolo","7":"product_cat-vapsolo","8":"product_cat-30000-puffs-disposable-vape","9":"product_cat-new-3","10":"product_cat-new-2","12":"first","13":"instock","14":"shipping-taxable","15":"purchasable","16":"product-type-variable","17":"has-default-attributes"},"jetpack_sharing_enabled":true,"tiered_pricing_type":"fixed","tiered_pricing_fixed_rules":{"2000":7.6500000000000003552713678800500929355621337890625},"tiered_pricing_product_settings":{"layout":"default","base_unit_name":{"singular":null,"plural":null},"default_variation":null},"tiered_pricing_minimum_quantity":1000,"tiered_pricing_roles_data":[],"tiered_pricing_percentage_rules":[],"tiered_pricing_maximum_quantity":null,"tiered_pricing_quantity_step":"10","_links":{"self":[{"href":"https:\/\/aiviouvapes.com\/it\/wp-json\/wp\/v2\/product\/37177","targetHints":{"allow":["GET"]}}],"collection":[{"href":"https:\/\/aiviouvapes.com\/it\/wp-json\/wp\/v2\/product"}],"about":[{"href":"https:\/\/aiviouvapes.com\/it\/wp-json\/wp\/v2\/types\/product"}],"replies":[{"embeddable":true,"href":"https:\/\/aiviouvapes.com\/it\/wp-json\/wp\/v2\/comments?post=37177"}],"wp:featuredmedia":[{"embeddable":true,"href":"https:\/\/aiviouvapes.com\/it\/wp-json\/wp\/v2\/media\/37178"}],"wp:attachment":[{"href":"https:\/\/aiviouvapes.com\/it\/wp-json\/wp\/v2\/media?parent=37177"}],"wp:term":[{"taxonomy":"product_brand","embeddable":true,"href":"https:\/\/aiviouvapes.com\/it\/wp-json\/wp\/v2\/product_brand?post=37177"},{"taxonomy":"product_cat","embeddable":true,"href":"https:\/\/aiviouvapes.com\/it\/wp-json\/wp\/v2\/product_cat?post=37177"},{"taxonomy":"product_tag","embeddable":true,"href":"https:\/\/aiviouvapes.com\/it\/wp-json\/wp\/v2\/product_tag?post=37177"}],"curies":[{"name":"wp","href":"https:\/\/api.w.org\/{rel}","templated":true}]}}