{"id":33282,"date":"2025-04-24T17:00:12","date_gmt":"2025-04-24T09:00:12","guid":{"rendered":"https:\/\/aiviouvapes.com\/?post_type=product&#038;p=33282"},"modified":"2026-03-17T23:58:55","modified_gmt":"2026-03-17T15:58:55","slug":"mrvi-df-40k-puff","status":"publish","type":"product","link":"https:\/\/aiviouvapes.com\/it\/product\/mrvi-df-40k-puff\/","title":{"rendered":"MRVI DF 40000 boccate a doppio gusto, 40ml di e-liquido monouso per vape all'ingrosso"},"content":{"rendered":"<p><strong>MRVI DF 40000 Vape usa e getta a doppio sapore<\/strong> - Due volte il gusto, due volte il divertimento.<\/p>\n<p>Incontra il <strong>MRVI DF 40000<\/strong>, la svapata usa e getta che vi offre il doppio del sapore e il doppio del piacere. Con fino a <strong>40.000 boccate<\/strong>, una massiccia <strong>Serbatoio e-liquid da 40 ml<\/strong>e all'avanguardia <strong>bobina a doppia maglia<\/strong> Questo dispositivo \u00e8 stato progettato per garantire un vapore fluido e ricco che dura pi\u00f9 a lungo di quanto abbiate mai pensato. Che siate vaper occasionali o acquirenti all'ingrosso, il modello MRVI DF 40000 racchiude tutto ci\u00f2 che vi serve in un dispositivo elegante e tascabile.<\/p>\n<p>Dotato di un <strong>Batteria ricaricabile da 850 mAh<\/strong> e <strong>Ricarica di tipo-C<\/strong> per un rifornimento rapido, questo dispositivo \u00e8 tanto potente quanto conveniente. Scegliete tra <strong>5% o 2% intensit\u00e0 di nicotina<\/strong> per personalizzare la vostra esperienza. Inoltre, con <strong>10 combinazioni uniche di doppio sapore<\/strong>C'\u00e8 sempre qualcosa di nuovo da provare.<\/p>\n<p>Perfetta per l'uso personale o per fare scorta per la rivendita, la MRVI DF 40000 \u00e8 la soluzione ideale per svapare in quantit\u00e0 e qualit\u00e0.<\/p>\n<h3><strong>MRVI DF 40000 Caratteristiche:<\/strong><\/h3>\n<ul>\n<li><strong>Conteggio delle boccate massicce:<\/strong> Fino a 40.000 soffi per dispositivo<\/li>\n<li><strong>Grande capacit\u00e0 di e-liquid:<\/strong> 40 ml di e-liquid premium<\/li>\n<li><strong>Batteria potente:<\/strong> Batteria ricaricabile da 850 mAh<\/li>\n<li><strong>Ricarica rapida:<\/strong> Porta Type-C (ricarica completa in 2 ore)<\/li>\n<li><strong>Bobina a doppia maglia:<\/strong> Vapore fluido e ricco ad ogni estrazione<\/li>\n<li><strong>Opzioni di nicotina:<\/strong> 5% o 2% senza tabacco e nicotina<\/li>\n<li><strong>Variet\u00e0 di sapore:<\/strong> 10 entusiasmanti combinazioni di doppio gusto<\/li>\n<li><strong>Attivazione facile:<\/strong> Inspirare per attivare - non \u00e8 necessario alcun pulsante<\/li>\n<li><strong>Design compatto:<\/strong> Tascabile ed ergonomico (92*41*19 mm)<\/li>\n<li><strong>Amichevole all'ingrosso:<\/strong> 10 pezzi per espositore<\/li>\n<\/ul>","protected":false},"excerpt":{"rendered":"<p class=\"\" data-start=\"97\" data-end=\"366\">Il vape monouso MRVI DF 40000 offre fino a 40.000 boccate, bobine a doppia maglia, 40 ml di e-liquid e 10 combinazioni di aromi dinamici. Perfetto per un vaping di lunga durata e senza problemi, ideale per l'uso personale o all'ingrosso.<\/p>","protected":false},"featured_media":33307,"comment_status":"open","ping_status":"closed","template":"","meta":[],"product_brand":[229],"product_cat":[33,219,80,79],"product_tag":[],"class_list":{"0":"post-33282","1":"product","2":"type-product","3":"status-publish","4":"has-post-thumbnail","6":"product_brand-mrvi","7":"product_cat-mrvi","8":"product_cat-40000-puffs-disposable-vape","9":"product_cat-dual-flavor-vapes","10":"product_cat-dual-mesh-vapes","12":"first","13":"instock","14":"shipping-taxable","15":"purchasable","16":"product-type-variable","17":"has-default-attributes"},"jetpack_sharing_enabled":true,"tiered_pricing_type":"fixed","tiered_pricing_fixed_rules":{"100":7.05999999999999960920149533194489777088165283203125,"200":6.4199999999999999289457264239899814128875732421875,"400":6.089999999999999857891452847979962825775146484375},"tiered_pricing_product_settings":{"layout":"default","base_unit_name":{"singular":null,"plural":null},"default_variation":null},"tiered_pricing_minimum_quantity":50,"tiered_pricing_roles_data":[],"tiered_pricing_percentage_rules":[],"tiered_pricing_maximum_quantity":null,"tiered_pricing_quantity_step":"10","_links":{"self":[{"href":"https:\/\/aiviouvapes.com\/it\/wp-json\/wp\/v2\/product\/33282","targetHints":{"allow":["GET"]}}],"collection":[{"href":"https:\/\/aiviouvapes.com\/it\/wp-json\/wp\/v2\/product"}],"about":[{"href":"https:\/\/aiviouvapes.com\/it\/wp-json\/wp\/v2\/types\/product"}],"replies":[{"embeddable":true,"href":"https:\/\/aiviouvapes.com\/it\/wp-json\/wp\/v2\/comments?post=33282"}],"wp:featuredmedia":[{"embeddable":true,"href":"https:\/\/aiviouvapes.com\/it\/wp-json\/wp\/v2\/media\/33307"}],"wp:attachment":[{"href":"https:\/\/aiviouvapes.com\/it\/wp-json\/wp\/v2\/media?parent=33282"}],"wp:term":[{"taxonomy":"product_brand","embeddable":true,"href":"https:\/\/aiviouvapes.com\/it\/wp-json\/wp\/v2\/product_brand?post=33282"},{"taxonomy":"product_cat","embeddable":true,"href":"https:\/\/aiviouvapes.com\/it\/wp-json\/wp\/v2\/product_cat?post=33282"},{"taxonomy":"product_tag","embeddable":true,"href":"https:\/\/aiviouvapes.com\/it\/wp-json\/wp\/v2\/product_tag?post=33282"}],"curies":[{"name":"wp","href":"https:\/\/api.w.org\/{rel}","templated":true}]}}