{"id":31470,"date":"2025-04-01T16:26:40","date_gmt":"2025-04-01T08:26:40","guid":{"rendered":"https:\/\/aiviouvapes.com\/?post_type=product&#038;p=31470"},"modified":"2026-03-17T10:42:14","modified_gmt":"2026-03-17T02:42:14","slug":"bang-tornado-40000","status":"publish","type":"product","link":"https:\/\/aiviouvapes.com\/it\/product\/bang-tornado-40000\/","title":{"rendered":"Bang Tornado 40000 40K soffi | display a LED, vape monouso di lunga durata all'ingrosso"},"content":{"rendered":"<h3>Perch\u00e9 scegliere il modello Bang Tornado 40000?<\/h3>\n<ul>\n<li>\ud83d\ude80 Massiccia capacit\u00e0 di 40.000 soffi per un uso duraturo<\/li>\n<li>\ud83c\udf1f Design elegante e portatile con sensazione di qualit\u00e0 superiore<\/li>\n<li>\ud83d\udcca Display a LED per un monitoraggio semplice e in tempo reale dei soffi<\/li>\n<li>\ud83d\udd25 Non sono necessarie ricariche o ricaricatori: una vera comodit\u00e0 plug-and-play<\/li>\n<li>\ud83c\udf89 Variet\u00e0 di sapori deliziosi per soddisfare tutti i gusti<\/li>\n<li>\ud83c\udfc6 Ideale per vapers occasionali, appassionati o acquirenti all'ingrosso<\/li>\n<\/ul>\n<p>Migliora la tua esperienza di svapo con Bang Tornado 40000 e goditi prestazioni imbattibili, sapori audaci e un utilizzo senza problemi in ogni boccata. Non lasciatevi sfuggire questo vape usa e getta affidabile ed elegante -. <strong>ordinate il vostro oggi!<\/strong><\/p>\n<h3>Specifiche tecniche<\/h3>\n<table>\n<tbody>\n<tr>\n<th>Caratteristica<\/th>\n<th>Dettagli<\/th>\n<\/tr>\n<tr>\n<td>Conteggio dei soffi<\/td>\n<td>Fino a 40.000 soffi<\/td>\n<\/tr>\n<tr>\n<td>Display<\/td>\n<td>Schermo a LED per il monitoraggio del soffio<\/td>\n<\/tr>\n<tr>\n<td>Design<\/td>\n<td>Elegante, moderno, portatile<\/td>\n<\/tr>\n<tr>\n<td>Tipo<\/td>\n<td>Monouso, non richiede manutenzione<\/td>\n<\/tr>\n<tr>\n<td>I sapori<\/td>\n<td>Ampia scelta di opzioni premium<\/td>\n<\/tr>\n<tr>\n<td>Caso d'uso<\/td>\n<td>Perfetto per viaggi, eventi, personale o vendita all'ingrosso<\/td>\n<\/tr>\n<\/tbody>\n<\/table>\n<h2>Bang Tornado 40000 40K boccate | Display LED Vape monouso di lunga durata<\/h2>\n<p>\ud83d\udca8 Introduzione al <strong>Bang Tornado 40000<\/strong> - una svapata monouso di qualit\u00e0 superiore, progettata per offrire fino a 40.000 boccate di sapore ricco e morbido. Progettato per i vapers che esigono prestazioni e stile, questo elegante dispositivo \u00e8 dotato di un moderno display a LED che vi tiene informati sul conteggio dei puff e sullo stato della batteria. Niente ricariche, niente ricarica, solo puro piacere di svapare ogni volta che ne avete bisogno.<\/p>\n<p>Grazie alla sua struttura compatta e portatile, la Bang Tornado 40000 \u00e8 perfetta per i viaggi, le feste o l'uso quotidiano. Sia che siate dei neofiti o dei vaper esperti, apprezzerete la praticit\u00e0, i sapori decisi e la massiccia produzione di fumo. Con una costruzione di qualit\u00e0 e una variet\u00e0 di opzioni di sapori deliziosi, la Bang Tornado 40000 si distingue come una scelta eccellente per il divertimento personale o per gli acquisti all'ingrosso.<\/p>","protected":false},"excerpt":{"rendered":"<p>Godetevi 40.000 boccate con la Bang Tornado 40000, un'elegante svapata usa e getta con display a LED, sapori intensi e comodit\u00e0 senza problemi.<\/p>","protected":false},"featured_media":31536,"comment_status":"open","ping_status":"closed","template":"","meta":[],"product_brand":[239],"product_cat":[37,219],"product_tag":[],"class_list":{"0":"post-31470","1":"product","2":"type-product","3":"status-publish","4":"has-post-thumbnail","6":"product_brand-bang","7":"product_cat-bang","8":"product_cat-40000-puffs-disposable-vape","10":"first","11":"instock","12":"shipping-taxable","13":"purchasable","14":"product-type-variable","15":"has-default-attributes"},"jetpack_sharing_enabled":true,"tiered_pricing_type":"fixed","tiered_pricing_fixed_rules":{"30":9.199999999999999289457264239899814128875732421875,"50":8.300000000000000710542735760100185871124267578125,"100":7.519999999999999573674358543939888477325439453125,"200":7.12999999999999989341858963598497211933135986328125,"400":6.54999999999999982236431605997495353221893310546875},"tiered_pricing_product_settings":{"layout":"default","base_unit_name":{"singular":null,"plural":null},"default_variation":null},"tiered_pricing_minimum_quantity":10,"tiered_pricing_roles_data":[],"tiered_pricing_percentage_rules":[],"tiered_pricing_maximum_quantity":null,"tiered_pricing_quantity_step":"10","_links":{"self":[{"href":"https:\/\/aiviouvapes.com\/it\/wp-json\/wp\/v2\/product\/31470","targetHints":{"allow":["GET"]}}],"collection":[{"href":"https:\/\/aiviouvapes.com\/it\/wp-json\/wp\/v2\/product"}],"about":[{"href":"https:\/\/aiviouvapes.com\/it\/wp-json\/wp\/v2\/types\/product"}],"replies":[{"embeddable":true,"href":"https:\/\/aiviouvapes.com\/it\/wp-json\/wp\/v2\/comments?post=31470"}],"wp:featuredmedia":[{"embeddable":true,"href":"https:\/\/aiviouvapes.com\/it\/wp-json\/wp\/v2\/media\/31536"}],"wp:attachment":[{"href":"https:\/\/aiviouvapes.com\/it\/wp-json\/wp\/v2\/media?parent=31470"}],"wp:term":[{"taxonomy":"product_brand","embeddable":true,"href":"https:\/\/aiviouvapes.com\/it\/wp-json\/wp\/v2\/product_brand?post=31470"},{"taxonomy":"product_cat","embeddable":true,"href":"https:\/\/aiviouvapes.com\/it\/wp-json\/wp\/v2\/product_cat?post=31470"},{"taxonomy":"product_tag","embeddable":true,"href":"https:\/\/aiviouvapes.com\/it\/wp-json\/wp\/v2\/product_tag?post=31470"}],"curies":[{"name":"wp","href":"https:\/\/api.w.org\/{rel}","templated":true}]}}