{"id":31338,"date":"2025-04-01T16:19:45","date_gmt":"2025-04-01T08:19:45","guid":{"rendered":"https:\/\/aiviouvapes.com\/?post_type=product&#038;p=31338"},"modified":"2026-04-03T21:15:11","modified_gmt":"2026-04-03T13:15:11","slug":"bang-king-50000-disposable-vape","status":"publish","type":"product","link":"https:\/\/aiviouvapes.com\/it\/product\/bang-king-50000-disposable-vape\/","title":{"rendered":"Bang King 50K Puffs | gusto doppio sapore, vape monouso di lunga durata all'ingrosso"},"content":{"rendered":"<h3>Perch\u00e9 scegliere Bang King 50000?<\/h3>\n<ul>\n<li>\ud83d\udd25 Massiccia capacit\u00e0 di 50.000 puff per un vaping prolungato<\/li>\n<li>\ud83c\udf08 Doppia funzione di gusto per un'esperienza di sapore superiore<\/li>\n<li>\ud83d\udcca Il display LCD mostra le boccate rimanenti per maggiore comodit\u00e0<\/li>\n<li>\ud83d\udc4c Design monouso e senza manutenzione<\/li>\n<li>\ud83c\udfc6 Disponibile in diverse gradazioni di nicotina per tutti i vaper<\/li>\n<li>\ud83d\udcbc Perfetto per la vendita all'ingrosso, al dettaglio o per uso personale<\/li>\n<\/ul>\n<h3>Specifiche tecniche<\/h3>\n<table>\n<tbody>\n<tr>\n<th>Caratteristica<\/th>\n<th>Dettagli<\/th>\n<\/tr>\n<tr>\n<td>Conteggio dei soffi<\/td>\n<td>Fino a 50.000 soffi<\/td>\n<\/tr>\n<tr>\n<td>Forza della nicotina<\/td>\n<td>2%, 3%, 5%<\/td>\n<\/tr>\n<tr>\n<td>Sapore<\/td>\n<td>Miscela a doppio gusto<\/td>\n<\/tr>\n<tr>\n<td>Display<\/td>\n<td>Contatore di soffi LCD<\/td>\n<\/tr>\n<tr>\n<td>Tipo<\/td>\n<td>Monouso, senza bisogno di ricariche<\/td>\n<\/tr>\n<tr>\n<td>All'ingrosso<\/td>\n<td>Ideale per ordini all'ingrosso e rivendita<\/td>\n<\/tr>\n<\/tbody>\n<\/table>\n<h2>Bang King 50000 50K Boccate | Gusto doppio Vape usa e getta di lunga durata<\/h2>\n<p>\ud83d\ude80 Sperimentate il massimo del vaping usa e getta con il modello <strong>Bang Re 50000<\/strong> - progettato per offrire una straordinaria quantit\u00e0 di 50.000 boccate di sapore deciso e morbido. Questa svapata monouso di qualit\u00e0 superiore offre intensit\u00e0 di nicotina pari a 2%, 3% o 5% per soddisfare perfettamente le vostre preferenze, mentre l'esclusiva caratteristica del doppio gusto aggiunge un tocco delizioso a ogni inalazione. Un display LCD di facile utilizzo vi tiene informati sulle boccate rimanenti, in modo che possiate svapare con fiducia senza interruzioni.<\/p>\n<p>La King 50000 Bang \u00e8 costruita per coloro che apprezzano la convenienza, la portabilit\u00e0 e le prestazioni di alto livello. Che si tratti di un vaper occasionale, di un appassionato di aromi o di un rivenditore alla ricerca di un'opzione di vendita all'ingrosso di alto livello, questo dispositivo elegante e duraturo \u00e8 la scelta perfetta. Godetevi un sapore ricco e soddisfacente senza bisogno di manutenzione o di ricariche: basta prenderlo e svapare.<\/p>\n<p>Portate il vostro svapo a un livello superiore con la Bang King 50000: una svapata usa e getta potente, elegante e soddisfacente, progettata per un piacere morbido e saporito sempre e ovunque. <strong>Prendete il vostro oggi!<\/strong><\/p>","protected":false},"excerpt":{"rendered":"<p data-start=\"0\" data-end=\"178\">Godetevi 50.000 boccate con Bang King 50000 - doppio gusto, display LCD e vaping monouso fluido e soddisfacente per uso personale o all'ingrosso.<\/p>","protected":false},"featured_media":31282,"comment_status":"open","ping_status":"closed","template":"","meta":[],"product_brand":[239],"product_cat":[37,219],"product_tag":[],"class_list":{"0":"post-31338","1":"product","2":"type-product","3":"status-publish","4":"has-post-thumbnail","6":"product_brand-bang","7":"product_cat-bang","8":"product_cat-40000-puffs-disposable-vape","10":"first","11":"instock","12":"featured","13":"shipping-taxable","14":"purchasable","15":"product-type-variable","16":"has-default-attributes"},"jetpack_sharing_enabled":true,"tiered_pricing_type":"fixed","tiered_pricing_fixed_rules":{"30":8.42999999999999971578290569595992565155029296875,"50":7.2599999999999997868371792719699442386627197265625,"100":6.480000000000000426325641456060111522674560546875,"200":6.089999999999999857891452847979962825775146484375,"400":5.5099999999999997868371792719699442386627197265625},"tiered_pricing_product_settings":{"layout":"default","base_unit_name":{"singular":null,"plural":null},"default_variation":null},"tiered_pricing_minimum_quantity":10,"tiered_pricing_roles_data":[],"tiered_pricing_percentage_rules":[],"tiered_pricing_maximum_quantity":null,"tiered_pricing_quantity_step":"10","_links":{"self":[{"href":"https:\/\/aiviouvapes.com\/it\/wp-json\/wp\/v2\/product\/31338","targetHints":{"allow":["GET"]}}],"collection":[{"href":"https:\/\/aiviouvapes.com\/it\/wp-json\/wp\/v2\/product"}],"about":[{"href":"https:\/\/aiviouvapes.com\/it\/wp-json\/wp\/v2\/types\/product"}],"replies":[{"embeddable":true,"href":"https:\/\/aiviouvapes.com\/it\/wp-json\/wp\/v2\/comments?post=31338"}],"wp:featuredmedia":[{"embeddable":true,"href":"https:\/\/aiviouvapes.com\/it\/wp-json\/wp\/v2\/media\/31282"}],"wp:attachment":[{"href":"https:\/\/aiviouvapes.com\/it\/wp-json\/wp\/v2\/media?parent=31338"}],"wp:term":[{"taxonomy":"product_brand","embeddable":true,"href":"https:\/\/aiviouvapes.com\/it\/wp-json\/wp\/v2\/product_brand?post=31338"},{"taxonomy":"product_cat","embeddable":true,"href":"https:\/\/aiviouvapes.com\/it\/wp-json\/wp\/v2\/product_cat?post=31338"},{"taxonomy":"product_tag","embeddable":true,"href":"https:\/\/aiviouvapes.com\/it\/wp-json\/wp\/v2\/product_tag?post=31338"}],"curies":[{"name":"wp","href":"https:\/\/api.w.org\/{rel}","templated":true}]}}