{"id":30767,"date":"2025-03-21T12:56:55","date_gmt":"2025-03-21T04:56:55","guid":{"rendered":"https:\/\/aiviouvapes.com\/?post_type=product&#038;p=30767"},"modified":"2026-04-09T02:18:04","modified_gmt":"2026-04-08T18:18:04","slug":"waspe-60k-3-in-1-60000-puffs","status":"publish","type":"product","link":"https:\/\/aiviouvapes.com\/it\/product\/waspe-60k-3-in-1-60000-puffs\/","title":{"rendered":"WASPE 60K | 3-in-1 60000 boccate, triplo sapore, vape monouso sfuso"},"content":{"rendered":"<p><img data-recalc-dims=\"1\" loading=\"lazy\" decoding=\"async\" class=\"alignnone wp-image-33901\" src=\"https:\/\/i0.wp.com\/aiviouvapes.com\/wp-content\/uploads\/2025\/03\/%E5%BE%AE%E4%BF%A1%E5%9B%BE%E7%89%87_20250502143652-e1746694635211.jpg?resize=1000%2C591&#038;ssl=1\" alt=\",\" width=\"1000\" height=\"591\" title=\"\" srcset=\"https:\/\/i0.wp.com\/aiviouvapes.com\/wp-content\/uploads\/2025\/03\/%E5%BE%AE%E4%BF%A1%E5%9B%BE%E7%89%87_20250502143652-e1746694635211.jpg?w=1280&amp;ssl=1 1280w, https:\/\/i0.wp.com\/aiviouvapes.com\/wp-content\/uploads\/2025\/03\/%E5%BE%AE%E4%BF%A1%E5%9B%BE%E7%89%87_20250502143652-e1746694635211.jpg?resize=300%2C177&amp;ssl=1 300w, https:\/\/i0.wp.com\/aiviouvapes.com\/wp-content\/uploads\/2025\/03\/%E5%BE%AE%E4%BF%A1%E5%9B%BE%E7%89%87_20250502143652-e1746694635211.jpg?resize=1024%2C606&amp;ssl=1 1024w, https:\/\/i0.wp.com\/aiviouvapes.com\/wp-content\/uploads\/2025\/03\/%E5%BE%AE%E4%BF%A1%E5%9B%BE%E7%89%87_20250502143652-e1746694635211.jpg?resize=768%2C454&amp;ssl=1 768w, https:\/\/i0.wp.com\/aiviouvapes.com\/wp-content\/uploads\/2025\/03\/%E5%BE%AE%E4%BF%A1%E5%9B%BE%E7%89%87_20250502143652-e1746694635211.jpg?resize=18%2C12&amp;ssl=1 18w, https:\/\/i0.wp.com\/aiviouvapes.com\/wp-content\/uploads\/2025\/03\/%E5%BE%AE%E4%BF%A1%E5%9B%BE%E7%89%87_20250502143652-e1746694635211.jpg?resize=800%2C473&amp;ssl=1 800w\" sizes=\"auto, (max-width: 1000px) 100vw, 1000px\" \/> <img data-recalc-dims=\"1\" loading=\"lazy\" decoding=\"async\" class=\"alignnone wp-image-33902\" src=\"https:\/\/i0.wp.com\/aiviouvapes.com\/wp-content\/uploads\/2025\/03\/%E5%BE%AE%E4%BF%A1%E5%9B%BE%E7%89%87_20250502143744.jpg?resize=1000%2C750&#038;ssl=1\" alt=\",\" width=\"1000\" height=\"750\" title=\"\" srcset=\"https:\/\/i0.wp.com\/aiviouvapes.com\/wp-content\/uploads\/2025\/03\/%E5%BE%AE%E4%BF%A1%E5%9B%BE%E7%89%87_20250502143744.jpg?w=1707&amp;ssl=1 1707w, https:\/\/i0.wp.com\/aiviouvapes.com\/wp-content\/uploads\/2025\/03\/%E5%BE%AE%E4%BF%A1%E5%9B%BE%E7%89%87_20250502143744.jpg?resize=300%2C225&amp;ssl=1 300w, https:\/\/i0.wp.com\/aiviouvapes.com\/wp-content\/uploads\/2025\/03\/%E5%BE%AE%E4%BF%A1%E5%9B%BE%E7%89%87_20250502143744.jpg?resize=1024%2C768&amp;ssl=1 1024w, https:\/\/i0.wp.com\/aiviouvapes.com\/wp-content\/uploads\/2025\/03\/%E5%BE%AE%E4%BF%A1%E5%9B%BE%E7%89%87_20250502143744.jpg?resize=768%2C576&amp;ssl=1 768w, https:\/\/i0.wp.com\/aiviouvapes.com\/wp-content\/uploads\/2025\/03\/%E5%BE%AE%E4%BF%A1%E5%9B%BE%E7%89%87_20250502143744.jpg?resize=1536%2C1152&amp;ssl=1 1536w, https:\/\/i0.wp.com\/aiviouvapes.com\/wp-content\/uploads\/2025\/03\/%E5%BE%AE%E4%BF%A1%E5%9B%BE%E7%89%87_20250502143744.jpg?resize=16%2C12&amp;ssl=1 16w, https:\/\/i0.wp.com\/aiviouvapes.com\/wp-content\/uploads\/2025\/03\/%E5%BE%AE%E4%BF%A1%E5%9B%BE%E7%89%87_20250502143744.jpg?resize=1320%2C990&amp;ssl=1 1320w, https:\/\/i0.wp.com\/aiviouvapes.com\/wp-content\/uploads\/2025\/03\/%E5%BE%AE%E4%BF%A1%E5%9B%BE%E7%89%87_20250502143744.jpg?resize=800%2C600&amp;ssl=1 800w\" sizes=\"auto, (max-width: 1000px) 100vw, 1000px\" \/><\/p>\n<p><iframe title=\"VideoPress Lettore video\" aria-label='VideoPress Lettore video' width='1020' height='574' src='https:\/\/videopress.com\/embed\/ejPBp6IM?hd=0&amp;cover=1' frameborder='0' allowfullscreen allow='clipboard-write'><\/iframe><script src='https:\/\/v0.wordpress.com\/js\/next\/videopress-iframe.js?m=1770107250'><\/script><\/p>\n<h2>\ud83c\udf53 WASPE 60K Combinazioni di triplo gusto<\/h2>\n<p>Ogni WASPE AIVIOU 60000 offre <strong>3 gusti unici in 1 dispositivo<\/strong>in modo da poter cambiare senza dover ricorrere a una nuova svapata.<\/p>\n<table class=\"w-fit min-w-(--thread-content-width)\">\n<thead>\n<tr>\n<th>Combo No.<\/th>\n<th>Trio di sapori<\/th>\n<\/tr>\n<\/thead>\n<tbody>\n<tr>\n<td>1<\/td>\n<td><strong>Ghiaccio all'anguria<\/strong>, <strong>Fragola Kiwi<\/strong>, <strong>Limone e lime<\/strong><\/td>\n<\/tr>\n<tr>\n<td>2<\/td>\n<td><strong>Anguria alla fragola<\/strong>, <strong>Caramelle alla fragola e al lampone<\/strong>, <strong>Ghiaccio d'uva<\/strong><\/td>\n<\/tr>\n<tr>\n<td>3<\/td>\n<td><strong>Ghiaccio al mirtillo<\/strong>, <strong>Drago Nero di Ghiaccio<\/strong>, <strong>Ghiaccio frizzante alla ciliegia<\/strong><\/td>\n<\/tr>\n<tr>\n<td>4<\/td>\n<td><strong>Fragola Lampone Ciliegia<\/strong>, <strong>Love 666<\/strong>, <strong>Ghiaccio caramellato alla ciliegia<\/strong><\/td>\n<\/tr>\n<tr>\n<td>5<\/td>\n<td><strong>Ghiaccio alla pesca<\/strong>, <strong>Ananas Mango Pesca<\/strong>, <strong>Mirtillo rosso limone<\/strong><\/td>\n<\/tr>\n<tr>\n<td>6<\/td>\n<td><strong>Red Bull Ghiaccio<\/strong>, <strong>Mango alla fragola<\/strong>, <strong>Fragola Anguria Gomma da masticare<\/strong><\/td>\n<\/tr>\n<tr>\n<td>7<\/td>\n<td><strong>Bacche miste<\/strong>, <strong>Orso gommoso<\/strong>, <strong>Frutta mista<\/strong><\/td>\n<\/tr>\n<tr>\n<td>8<\/td>\n<td><strong>Triplo Melone Ghiacciato<\/strong>, <strong>Caramelle arcobaleno<\/strong>, <strong>Caramelle al mirtillo<\/strong><\/td>\n<\/tr>\n<tr>\n<td>9<\/td>\n<td><strong>Ghiaccio d'uva<\/strong>, <strong>Caramelle alla fragola<\/strong>, <strong>Fragola Lampone Ciliegia<\/strong><\/td>\n<\/tr>\n<tr>\n<td>10<\/td>\n<td><strong>Fragola e banana<\/strong>, <strong>Ghiaccio al cocco e ananas<\/strong>, <strong>Ghiaccio al mango<\/strong><\/td>\n<\/tr>\n<tr>\n<td>11<\/td>\n<td><strong>Ghiaccio alla ciliegia<\/strong>, <strong>Cola alla fragola<\/strong>, <strong>Ghiaccio alla cola<\/strong><\/td>\n<\/tr>\n<tr>\n<td>12<\/td>\n<td><strong>Mirtillo Lampone<\/strong>, <strong>Zucchero filato al mirtillo<\/strong>, <strong>Ghiaccio doppio alla mela<\/strong><\/td>\n<\/tr>\n<\/tbody>\n<\/table>\n<p>\ud83c\udf00 Che siate appassionati di vaping fruttato, ghiacciato o ispirato alle caramelle, c'\u00e8 una combinazione per tutti i gusti.<\/p>\n<h2>\ud83d\udce6 WASPE AIVIOU 60000 Puffs - Specifiche principali<\/h2>\n<table class=\"w-fit min-w-(--thread-content-width)\">\n<thead>\n<tr>\n<th>Caratteristica<\/th>\n<th>Descrizione<\/th>\n<\/tr>\n<\/thead>\n<tbody>\n<tr>\n<td><strong>Totale soffi<\/strong><\/td>\n<td>Fino a <strong>60.000 soffi<\/strong> - di lunga durata e perfetto per un uso prolungato<\/td>\n<\/tr>\n<tr>\n<td><strong>Opzioni di gusto<\/strong><\/td>\n<td><strong>3 in 1<\/strong> - Passare da tre gusti integrati in un unico dispositivo<\/td>\n<\/tr>\n<tr>\n<td><strong>Intensit\u00e0 della nicotina<\/strong><\/td>\n<td>Disponibile in <strong>0%, 2% o 5% nicotina<\/strong> - scegliere la forza preferita<\/td>\n<\/tr>\n<tr>\n<td><strong>Capacit\u00e0 del liquido elettronico<\/strong><\/td>\n<td><strong>54 ml<\/strong> - Liquido in abbondanza per un'attivit\u00e0 di vaping che dura tutto il giorno<\/td>\n<\/tr>\n<tr>\n<td><strong>Display<\/strong><\/td>\n<td><strong>Schermo LED<\/strong> mostra chiaramente il livello della batteria e lo stato dell'e-liquido<\/td>\n<\/tr>\n<tr>\n<td><strong>Bobine<\/strong><\/td>\n<td><strong>Bobine a tripla maglia<\/strong> - per un sapore migliore e una produzione di vapore omogenea<\/td>\n<\/tr>\n<tr>\n<td><strong>Ricarica<\/strong><\/td>\n<td><strong>Ricaricabile di tipo C<\/strong> - ricarica veloce e comoda<\/td>\n<\/tr>\n<tr>\n<td><strong>Portabilit\u00e0<\/strong><\/td>\n<td>Dimensioni compatte: <strong>47 mm x 47 mm x 116 mm<\/strong> - Si tiene facilmente in mano o in tasca<\/td>\n<\/tr>\n<tr>\n<td><strong>Ideale per<\/strong><\/td>\n<td><strong>Grossisti e dettaglianti<\/strong> nei Paesi Bassi, in Germania, in Belgio e in Spagna.<\/td>\n<\/tr>\n<\/tbody>\n<\/table>\n<h3>\u2753 Domande frequenti - WASPE AIVIOU 60000 boccate di vapore monouso<\/h3>\n<h4>\u2705 Cosa rende l'WASPE AIVIOU 60000 Puffs una buona scelta?<\/h4>\n<p>L'WASPE 60K si distingue per il suo <strong>Capacit\u00e0 di 60.000 soffi<\/strong>, <strong>Sistema di aromi 3 in 1<\/strong>, e <strong>Display a LED<\/strong>. \u00c8 stata realizzata per gli utenti che desiderano un'esperienza di svapo pi\u00f9 duratura e pi\u00f9 saporita. Inoltre, \u00e8 adatta ai principianti e facile da ricaricare con un cavo Type-C.<\/p>\n<h4>\ud83c\udf53 Quanti aromi sono inclusi in una svapata WASPE 60K?<\/h4>\n<p>Ogni dispositivo WASPE AIVIOU 60000 Puffs viene fornito con <strong>tre diversi gusti incorporati<\/strong>. \u00c8 possibile passare dall'uno all'altro per ottenere una variet\u00e0 di prodotti senza dover cambiare la propria svapata. Ci sono <strong>12 diverse combinazioni di sapori<\/strong> disponibili per tutti i gusti.<\/p>\n<h4>\ud83d\udd0b L'WASPE 60K \u00e8 ricaricabile?<\/h4>\n<p>S\u00ec. Il dispositivo viene fornito con un <strong>batteria ricaricabile<\/strong> e <strong>Porta di ricarica Type-C<\/strong>per garantire una ricarica pi\u00f9 rapida e un utilizzo pi\u00f9 prolungato.<\/p>\n<h4>\ud83d\udce6 Come viene confezionato il vape WASPE 60K per gli ordini all'ingrosso?<\/h4>\n<p>Il modello WASPE AIVIOU 60K \u00e8 disponibile in due opzioni di imballaggio:<\/p>\n<ul>\n<li><strong>Scatola:<\/strong> 10 unit\u00e0 per scatola<\/li>\n<li><strong>Cartone:<\/strong> 160 unit\u00e0 per cartone (circa 21 kg)<br \/>\nEntrambi sono adatti per <strong>ordini in blocco e consegna rapida<\/strong>.<\/li>\n<\/ul>\n<h4>\ud83c\udf0d Dove posso vendere il vape WASPE AIVIOU 60000 Puffs?<\/h4>\n<p>\u00c8 ideale per <strong>all'ingrosso e al dettaglio<\/strong> nel <strong>Paesi Bassi<\/strong>, <strong>Germania<\/strong>, <strong>Belgio<\/strong>, e <strong>Spagna<\/strong>. Sia che abbiate un negozio fisico o che vendiate online, questo prodotto \u00e8 ottimizzato per i mercati dell'UE.<\/p>\n<h4>\ud83d\uded2 Perch\u00e9 acquistare da AiviouVape?<\/h4>\n<p><strong>AiviouVape<\/strong> \u00e8 un'azienda fidata <strong>grossista di vape<\/strong> lavorare direttamente con i produttori per offrire:<\/p>\n<ul>\n<li>\u2705 Prezzi competitivi<\/li>\n<li>\u2705 Prodotti autentici e sicuri<\/li>\n<li>\u2705 Spedizione veloce, anche per ordini di grandi dimensioni<\/li>\n<li>\u2705 Eccellente supporto per negozianti e rivenditori<\/li>\n<\/ul>\n<h4>\ud83d\udccf Quali sono le dimensioni del dispositivo WASPE 60K?<\/h4>\n<p>Ogni vaporizzatore misura <strong>47 mm x 47 mm x 116 mm<\/strong>che lo rende leggero e tascabile.<\/p>\n<p><img data-recalc-dims=\"1\" loading=\"lazy\" decoding=\"async\" class=\"alignnone size-full wp-image-33904\" src=\"https:\/\/i0.wp.com\/aiviouvapes.com\/wp-content\/uploads\/2025\/03\/%E5%8C%85%E8%A3%85%E5%9B%BE-140000.jpg?resize=1020%2C612&#038;ssl=1\" alt=\",\" width=\"1020\" height=\"612\" title=\"\" srcset=\"https:\/\/i0.wp.com\/aiviouvapes.com\/wp-content\/uploads\/2025\/03\/%E5%8C%85%E8%A3%85%E5%9B%BE-140000.jpg?w=1920&amp;ssl=1 1920w, https:\/\/i0.wp.com\/aiviouvapes.com\/wp-content\/uploads\/2025\/03\/%E5%8C%85%E8%A3%85%E5%9B%BE-140000.jpg?resize=300%2C180&amp;ssl=1 300w, https:\/\/i0.wp.com\/aiviouvapes.com\/wp-content\/uploads\/2025\/03\/%E5%8C%85%E8%A3%85%E5%9B%BE-140000.jpg?resize=1024%2C614&amp;ssl=1 1024w, https:\/\/i0.wp.com\/aiviouvapes.com\/wp-content\/uploads\/2025\/03\/%E5%8C%85%E8%A3%85%E5%9B%BE-140000.jpg?resize=768%2C461&amp;ssl=1 768w, https:\/\/i0.wp.com\/aiviouvapes.com\/wp-content\/uploads\/2025\/03\/%E5%8C%85%E8%A3%85%E5%9B%BE-140000.jpg?resize=1536%2C922&amp;ssl=1 1536w, https:\/\/i0.wp.com\/aiviouvapes.com\/wp-content\/uploads\/2025\/03\/%E5%8C%85%E8%A3%85%E5%9B%BE-140000.jpg?resize=18%2C12&amp;ssl=1 18w, https:\/\/i0.wp.com\/aiviouvapes.com\/wp-content\/uploads\/2025\/03\/%E5%8C%85%E8%A3%85%E5%9B%BE-140000.jpg?resize=1320%2C792&amp;ssl=1 1320w, https:\/\/i0.wp.com\/aiviouvapes.com\/wp-content\/uploads\/2025\/03\/%E5%8C%85%E8%A3%85%E5%9B%BE-140000.jpg?resize=800%2C480&amp;ssl=1 800w\" sizes=\"auto, (max-width: 1020px) 100vw, 1020px\" \/>\u00a0<img data-recalc-dims=\"1\" loading=\"lazy\" decoding=\"async\" class=\"alignnone wp-image-30768 size-full\" src=\"https:\/\/i0.wp.com\/aiviouvapes.com\/wp-content\/uploads\/2025\/03\/WASPE-60k-3-in-1-60000-Puffs-1.jpg?resize=1020%2C574&#038;ssl=1\" alt=\",\" width=\"1020\" height=\"574\" title=\"\" srcset=\"https:\/\/i0.wp.com\/aiviouvapes.com\/wp-content\/uploads\/2025\/03\/WASPE-60k-3-in-1-60000-Puffs-1.jpg?w=1920&amp;ssl=1 1920w, https:\/\/i0.wp.com\/aiviouvapes.com\/wp-content\/uploads\/2025\/03\/WASPE-60k-3-in-1-60000-Puffs-1.jpg?resize=300%2C169&amp;ssl=1 300w, https:\/\/i0.wp.com\/aiviouvapes.com\/wp-content\/uploads\/2025\/03\/WASPE-60k-3-in-1-60000-Puffs-1.jpg?resize=1024%2C576&amp;ssl=1 1024w, https:\/\/i0.wp.com\/aiviouvapes.com\/wp-content\/uploads\/2025\/03\/WASPE-60k-3-in-1-60000-Puffs-1.jpg?resize=768%2C432&amp;ssl=1 768w, https:\/\/i0.wp.com\/aiviouvapes.com\/wp-content\/uploads\/2025\/03\/WASPE-60k-3-in-1-60000-Puffs-1.jpg?resize=1536%2C864&amp;ssl=1 1536w, https:\/\/i0.wp.com\/aiviouvapes.com\/wp-content\/uploads\/2025\/03\/WASPE-60k-3-in-1-60000-Puffs-1.jpg?resize=18%2C10&amp;ssl=1 18w, https:\/\/i0.wp.com\/aiviouvapes.com\/wp-content\/uploads\/2025\/03\/WASPE-60k-3-in-1-60000-Puffs-1.jpg?resize=750%2C422&amp;ssl=1 750w\" sizes=\"auto, (max-width: 1020px) 100vw, 1020px\" \/><img data-recalc-dims=\"1\" loading=\"lazy\" decoding=\"async\" class=\"alignnone size-full wp-image-30772\" src=\"https:\/\/i0.wp.com\/aiviouvapes.com\/wp-content\/uploads\/2025\/03\/WASPE-60k-3-in-1-60000-Puffs-5.jpg?resize=1020%2C543&#038;ssl=1\" alt=\",\" width=\"1020\" height=\"543\" title=\"\" srcset=\"https:\/\/i0.wp.com\/aiviouvapes.com\/wp-content\/uploads\/2025\/03\/WASPE-60k-3-in-1-60000-Puffs-5.jpg?w=1920&amp;ssl=1 1920w, https:\/\/i0.wp.com\/aiviouvapes.com\/wp-content\/uploads\/2025\/03\/WASPE-60k-3-in-1-60000-Puffs-5.jpg?resize=300%2C160&amp;ssl=1 300w, https:\/\/i0.wp.com\/aiviouvapes.com\/wp-content\/uploads\/2025\/03\/WASPE-60k-3-in-1-60000-Puffs-5.jpg?resize=1024%2C546&amp;ssl=1 1024w, https:\/\/i0.wp.com\/aiviouvapes.com\/wp-content\/uploads\/2025\/03\/WASPE-60k-3-in-1-60000-Puffs-5.jpg?resize=768%2C409&amp;ssl=1 768w, https:\/\/i0.wp.com\/aiviouvapes.com\/wp-content\/uploads\/2025\/03\/WASPE-60k-3-in-1-60000-Puffs-5.jpg?resize=1536%2C818&amp;ssl=1 1536w, https:\/\/i0.wp.com\/aiviouvapes.com\/wp-content\/uploads\/2025\/03\/WASPE-60k-3-in-1-60000-Puffs-5.jpg?resize=18%2C10&amp;ssl=1 18w, https:\/\/i0.wp.com\/aiviouvapes.com\/wp-content\/uploads\/2025\/03\/WASPE-60k-3-in-1-60000-Puffs-5.jpg?resize=750%2C400&amp;ssl=1 750w\" sizes=\"auto, (max-width: 1020px) 100vw, 1020px\" \/><\/p>","protected":false},"excerpt":{"rendered":"<p class=\"translation-block\">Preparati a tre volte il divertimento di gusto! La nuova WASPE 60K ti permette di gustare tre incredibili aromi in una vape elegante. Basata sul preferito dei fan, <span style=\"color: #000000\"><a style=\"color: #000000\" href=\"https:\/\/aiviouvapes.com\/it\/prodotto\/waspe-crystal-40k-double-flavor-40000-puffs-rechargeable-bulk-buy-disposable-vape-wholesale\/\" target=\"_self\">WASPE Crystal<\/a><\/span>.K\u00e9sz\u00fclj fel a tripla \u00edz\u00e9lm\u00e9nyre! Az \u00faj WASPE 60K lehet\u0151v\u00e9 teszi, hogy h\u00e1rom csod\u00e1latos \u00edzt \u00e9lvezz egy eleg\u00e1ns vape-ben. A rajong\u00f3k kedvenc\u00e9re, <span style=\"color: #000000\"><a style=\"color: #000000\" href=\"https:\/\/aiviouvapes.com\/it\/prodotto\/waspe-crystal-40k-double-flavor-40000-puffs-rechargeable-bulk-buy-disposable-vape-wholesale\/\" target=\"_self\">WASPE Crystal<\/a><\/span>-re \u00e9p\u00fcl.<\/p>","protected":false},"featured_media":30783,"comment_status":"open","ping_status":"closed","template":"","meta":[],"product_brand":[227],"product_cat":[19,219,242,320,280,505],"product_tag":[306,308,303,305,304,302],"class_list":{"0":"post-30767","1":"product","2":"type-product","3":"status-publish","4":"has-post-thumbnail","6":"product_brand-waspe","7":"product_cat-waspe","8":"product_cat-40000-puffs-disposable-vape","9":"product_cat-60000-puffs-disposable-vape","10":"product_cat-best-disposable-vapes","11":"product_cat-cheap-rechargeable-disposable-vapes","12":"product_cat-in-stock-at-eu-warehouse","13":"product_tag-best-disposable-vapes","14":"product_tag-disposable-vape-in-europe","15":"product_tag-screen-vape","16":"product_tag-vape-suppliers","17":"product_tag-wholesale-vapes","18":"product_tag-wholesale-vapor","20":"first","21":"instock","22":"shipping-taxable","23":"purchasable","24":"product-type-variable","25":"has-default-attributes"},"jetpack_sharing_enabled":true,"tiered_pricing_type":"fixed","tiered_pricing_fixed_rules":{"30":9.07000000000000028421709430404007434844970703125,"50":7.910000000000000142108547152020037174224853515625,"100":7.38999999999999968025576890795491635799407958984375,"200":6.7400000000000002131628207280300557613372802734375,"400":6.4199999999999999289457264239899814128875732421875},"tiered_pricing_product_settings":{"layout":"default","base_unit_name":{"singular":null,"plural":null},"default_variation":null},"tiered_pricing_minimum_quantity":10,"tiered_pricing_roles_data":[],"tiered_pricing_percentage_rules":[],"tiered_pricing_maximum_quantity":null,"tiered_pricing_quantity_step":"10","_links":{"self":[{"href":"https:\/\/aiviouvapes.com\/it\/wp-json\/wp\/v2\/product\/30767","targetHints":{"allow":["GET"]}}],"collection":[{"href":"https:\/\/aiviouvapes.com\/it\/wp-json\/wp\/v2\/product"}],"about":[{"href":"https:\/\/aiviouvapes.com\/it\/wp-json\/wp\/v2\/types\/product"}],"replies":[{"embeddable":true,"href":"https:\/\/aiviouvapes.com\/it\/wp-json\/wp\/v2\/comments?post=30767"}],"wp:featuredmedia":[{"embeddable":true,"href":"https:\/\/aiviouvapes.com\/it\/wp-json\/wp\/v2\/media\/30783"}],"wp:attachment":[{"href":"https:\/\/aiviouvapes.com\/it\/wp-json\/wp\/v2\/media?parent=30767"}],"wp:term":[{"taxonomy":"product_brand","embeddable":true,"href":"https:\/\/aiviouvapes.com\/it\/wp-json\/wp\/v2\/product_brand?post=30767"},{"taxonomy":"product_cat","embeddable":true,"href":"https:\/\/aiviouvapes.com\/it\/wp-json\/wp\/v2\/product_cat?post=30767"},{"taxonomy":"product_tag","embeddable":true,"href":"https:\/\/aiviouvapes.com\/it\/wp-json\/wp\/v2\/product_tag?post=30767"}],"curies":[{"name":"wp","href":"https:\/\/api.w.org\/{rel}","templated":true}]}}