{"id":29120,"date":"2025-02-21T15:04:17","date_gmt":"2025-02-21T07:04:17","guid":{"rendered":"https:\/\/aiviouvapes.com\/?post_type=product&#038;p=29120"},"modified":"2026-04-13T17:47:53","modified_gmt":"2026-04-13T09:47:53","slug":"mystery-vape-blind-box","status":"publish","type":"product","link":"https:\/\/aiviouvapes.com\/it\/product\/mystery-vape-blind-box\/","title":{"rendered":"Mystery Vape Box monouso - una confezione a sorpresa per i pi\u00f9 audaci!"},"content":{"rendered":"<p>Preparatevi a un'avventura emozionante con il nostro <strong>Mystery Vape Box usa e getta<\/strong>dove ogni apertura porta con s\u00e9 una deliziosa sorpresa. All'interno troverete una selezione accuratamente curata di aromi per sigarette elettroniche che spaziano da classici senza tempo a miscele esotiche e audaci. Sia che desideriate note rinfrescanti e tonificanti, sia che desideriate un'intensit\u00e0 ricca e soddisfacente, ogni confezione offre una nuova esperienza di gusto che vi far\u00e0 ritornare per averne ancora.<\/p>\n<p>Perfetto per i vaper pi\u00f9 avventurosi o per chi ama il brivido di fare acquisti a sorpresa, il <strong>Mystery Vape Box usa e getta<\/strong> \u00e8 l'emozione di scoprire nuovi sapori selezionati a caso. Ogni boccata \u00e8 un viaggio inaspettato!<\/p>\n<h3>Come funziona la Mystery Box<\/h3>\n<p>Preparatevi per l'ultima avventura di svapo con i nostri <strong>Mystery Vape Box usa e getta<\/strong>! Ogni confezione contiene 10 vapes monouso di qualit\u00e0 superiore, con un mix di sapori diversi ed entusiasmanti. Anche se non possiamo garantire sapori specifici, potete aspettarvi un'eccitante sorpresa con ogni scatola, compresi modelli popolari come <strong>WASPE,UWIN,ELF-WORLD,VOPK,Randm,MRVI<\/strong>\u00a0- con oltre 100 profili di sapori unici da esplorare!<\/p>\n<ul>\n<li><strong>Tutte le vendite sono definitive<\/strong>: A causa della natura del prodotto, non possiamo offrire rimborsi o cambi a meno che non ci sia un problema di qualit\u00e0 con il prodotto.<\/li>\n<li><strong>Spedizione gratuita<\/strong>: Godetevi la spedizione gratuita su tutti gli ordini del <strong>Mystery Vape Box usa e getta<\/strong>.<\/li>\n<li><strong>Requisiti di et\u00e0<\/strong>: I clienti devono avere l'et\u00e0 legale per fumare nella propria giurisdizione per acquistare e utilizzare questo prodotto.<\/li>\n<li>Acquistando il <strong>Mystery Vape Box usa e getta<\/strong>, l'utente accetta i presenti termini e condizioni.<\/li>\n<\/ul>\n<h3>Metodi di spedizione<\/h3>\n<p>Collaboriamo con vettori di fiducia come UPS, DHL, FedEx e DPD per garantire una consegna rapida del vostro ordine. Il metodo di spedizione verr\u00e0 selezionato in base alla localit\u00e0 di consegna per garantire il servizio pi\u00f9 rapido e affidabile.<\/p>\n<ul>\n<li><strong>Paesi europei<\/strong>: Consegnato solitamente entro 12-15 giorni.<\/li>\n<li><strong>Stati Uniti<\/strong>: In genere arriva entro 10 giorni.<\/li>\n<li><strong>Tracciamento in tempo reale<\/strong>: Vi terremo aggiornati con informazioni logistiche in tempo reale ad ogni passo.<\/li>\n<\/ul>\n<p>Siate certi che ci occuperemo di tutte le procedure di sdoganamento per vostro conto, assicurandovi un'esperienza senza problemi. Inoltre, non verranno applicate tasse aggiuntive e garantiamo che <strong>100% dei nostri prodotti passeranno lo sdoganamento<\/strong>.<\/p>\n<style>.tier-pricing-summary-table {display:none !important}<br \/>.mysterybox1 {display:none}<br \/><\/style>","protected":false},"excerpt":{"rendered":"<p>Aprite la sorpresa pi\u00f9 bella della vape con il nostro <strong>Mystery Vape Box usa e getta<\/strong> - disponibile ora con uno sconto imbattibile, senza bisogno di codici coupon! Contiene <strong>10 vapori monouso di qualit\u00e0 superiore<\/strong>Ogni confezione presenta un mix di sapori entusiasmanti, tra cui i preferiti come il <strong>WASPE, UWIN, ELFWORLD, VOPK, Randm, MRVI<\/strong>. Ogni boccata porta con s\u00e9 una nuova avventura, con oltre 100 diversi profili di gusto da scoprire!<\/p>","protected":false},"featured_media":29126,"comment_status":"open","ping_status":"closed","template":"","meta":[],"product_brand":[],"product_cat":[133,280],"product_tag":[306,308,303,305,304,302],"class_list":{"0":"post-29120","1":"product","2":"type-product","3":"status-publish","4":"has-post-thumbnail","6":"product_cat-disposable-vapes-in-europe","7":"product_cat-cheap-rechargeable-disposable-vapes","8":"product_tag-best-disposable-vapes","9":"product_tag-disposable-vape-in-europe","10":"product_tag-screen-vape","11":"product_tag-vape-suppliers","12":"product_tag-wholesale-vapes","13":"product_tag-wholesale-vapor","15":"first","16":"instock","17":"sale","18":"shipping-taxable","19":"purchasable","20":"product-type-simple"},"jetpack_sharing_enabled":true,"tiered_pricing_type":"fixed","tiered_pricing_fixed_rules":[],"tiered_pricing_product_settings":{"layout":"default","base_unit_name":{"singular":null,"plural":null},"default_variation":null},"tiered_pricing_minimum_quantity":null,"tiered_pricing_roles_data":[],"tiered_pricing_percentage_rules":[],"tiered_pricing_maximum_quantity":null,"tiered_pricing_quantity_step":null,"_links":{"self":[{"href":"https:\/\/aiviouvapes.com\/it\/wp-json\/wp\/v2\/product\/29120","targetHints":{"allow":["GET"]}}],"collection":[{"href":"https:\/\/aiviouvapes.com\/it\/wp-json\/wp\/v2\/product"}],"about":[{"href":"https:\/\/aiviouvapes.com\/it\/wp-json\/wp\/v2\/types\/product"}],"replies":[{"embeddable":true,"href":"https:\/\/aiviouvapes.com\/it\/wp-json\/wp\/v2\/comments?post=29120"}],"wp:featuredmedia":[{"embeddable":true,"href":"https:\/\/aiviouvapes.com\/it\/wp-json\/wp\/v2\/media\/29126"}],"wp:attachment":[{"href":"https:\/\/aiviouvapes.com\/it\/wp-json\/wp\/v2\/media?parent=29120"}],"wp:term":[{"taxonomy":"product_brand","embeddable":true,"href":"https:\/\/aiviouvapes.com\/it\/wp-json\/wp\/v2\/product_brand?post=29120"},{"taxonomy":"product_cat","embeddable":true,"href":"https:\/\/aiviouvapes.com\/it\/wp-json\/wp\/v2\/product_cat?post=29120"},{"taxonomy":"product_tag","embeddable":true,"href":"https:\/\/aiviouvapes.com\/it\/wp-json\/wp\/v2\/product_tag?post=29120"}],"curies":[{"name":"wp","href":"https:\/\/api.w.org\/{rel}","templated":true}]}}