{"id":126287,"date":"2026-05-06T21:04:25","date_gmt":"2026-05-06T13:04:25","guid":{"rendered":"https:\/\/aiviouvapes.com\/?post_type=product&#038;p=126287"},"modified":"2026-05-06T21:04:27","modified_gmt":"2026-05-06T13:04:27","slug":"bang-qq-150k","status":"publish","type":"product","link":"https:\/\/aiviouvapes.com\/it\/product\/bang-qq-150k\/","title":{"rendered":"Bang QQ 150K | 150000 boccate, bobina a rete, 10 aromi, ricaricabile Type-C, vape monouso all'ingrosso"},"content":{"rendered":"<h2>Vi presentiamo il Vape monouso Bang QQ 150K \ud83d\udd25<\/h2>\n<p>Il <strong>Bang QQ 150K<\/strong> \u00e8 una svapata monouso ad alto consumo costruita per un uso semplice e duraturo. Offre fino a <strong>150000 soffi<\/strong>, una superficie liscia <strong>Bobina a maglia da 1,0 ohm<\/strong>, un affidabile <strong>Batteria ricaricabile da 650 mAh<\/strong>, e facile <strong>USB di tipo C<\/strong> ricarica. Per i vape shop e i distributori, si tratta di una forte SKU Bang\/QQ Bang con un chiaro punto di vendita: grande numero di soffi, sapori familiari e funzionamento semplice.<\/p>\n<h2>Perch\u00e9 scegliere Bang QQ 150K? \u2705<\/h2>\n<ul>\n<li><strong>Fino a 150000 soffi<\/strong> per un uso molto prolungato e per un minor numero di sostituzioni \ud83d\udd0b<\/li>\n<li><strong>Bobina a maglia da 1,0 ohm<\/strong> per un vapore omogeneo e un aroma stabile \u2601\ufe0f<\/li>\n<li><strong>Batteria ricaricabile da 650 mAh<\/strong> con un comodo <strong>Ricarica di tipo-C<\/strong> \u26a1<\/li>\n<li><strong>10 gusti popolari<\/strong> che coprono i profili di frutta, ghiaccio, frutti di bosco, uva, pesca e frutta mista \ud83d\ude0b<\/li>\n<li><strong>0% \/ 2% \/ 5% intensit\u00e0 di nicotina<\/strong> per le diverse esigenze dei clienti<\/li>\n<li><strong>Vape usa e getta ad alto contenuto di pasticche<\/strong> formato facile da spiegare per i negozi e facile da scegliere per i clienti \ud83d\udce6<\/li>\n<li><strong>Ottimo per gli acquirenti all'ingrosso<\/strong> che desiderano un'alternativa semplice e di lunga durata ai dispositivi multi-sapore<\/li>\n<\/ul>\n<h2>Bang QQ 150K Specifiche \ud83d\udccc<\/h2>\n<table>\n<tbody>\n<tr>\n<td><strong>Nome del prodotto<\/strong><\/td>\n<td>Bang QQ 150K Vape usa e getta<\/td>\n<\/tr>\n<tr>\n<td><strong>Max Puffs<\/strong><\/td>\n<td>Fino a 150000 soffi<\/td>\n<\/tr>\n<tr>\n<td><strong>Bobina<\/strong><\/td>\n<td>Bobina a maglie da 1,0 ohm<\/td>\n<\/tr>\n<tr>\n<td><strong>Forza della nicotina<\/strong><\/td>\n<td>0% \/ 2% \/ 5%<\/td>\n<\/tr>\n<tr>\n<td><strong>Batteria<\/strong><\/td>\n<td>650 mAh<\/td>\n<\/tr>\n<tr>\n<td><strong>Ricarica<\/strong><\/td>\n<td>USB Tipo-C ricaricabile<\/td>\n<\/tr>\n<tr>\n<td><strong>Opzioni di gusto<\/strong><\/td>\n<td>10 gusti<\/td>\n<\/tr>\n<\/tbody>\n<\/table>\n<h2>Bang QQ 150K gusti disponibili \ud83c\udf53\ud83e\uded0\ud83c\udf49<\/h2>\n<p>L'elenco dei sapori Bang QQ 150K \u00e8 costruito intorno ai best-seller pi\u00f9 noti. \u00c8 facile da capire per i nuovi clienti e da consigliare per i negozi.<\/p>\n<ul>\n<li><strong>Fuji rosso<\/strong> - un gusto pulito e facile da vendere per i clienti che amano la frutta, il ghiaccio e lo svapo quotidiano.<\/li>\n<li><strong>Ghiaccio alla fragola<\/strong> - un gusto pulito e facile da vendere per i clienti che amano la frutta, il ghiaccio e lo svapo quotidiano.<\/li>\n<li><strong>Mirtillo Lampone<\/strong> - un gusto pulito e facile da vendere per i clienti che amano la frutta, il ghiaccio e lo svapo quotidiano.<\/li>\n<li><strong>Ghiaccio d'uva<\/strong> - un gusto pulito e facile da vendere per i clienti che amano la frutta, il ghiaccio e lo svapo quotidiano.<\/li>\n<li><strong>Pera<\/strong> - un gusto pulito e facile da vendere per i clienti che amano la frutta, il ghiaccio e lo svapo quotidiano.<\/li>\n<li><strong>Fragola Kiwi<\/strong> - un gusto pulito e facile da vendere per i clienti che amano la frutta, il ghiaccio e lo svapo quotidiano.<\/li>\n<li><strong>Ghiaccio al mirtillo<\/strong> - un gusto pulito e facile da vendere per i clienti che amano la frutta, il ghiaccio e lo svapo quotidiano.<\/li>\n<li><strong>Ghiaccio all'anguria<\/strong> - un gusto pulito e facile da vendere per i clienti che amano la frutta, il ghiaccio e lo svapo quotidiano.<\/li>\n<li><strong>Mango e pesca<\/strong> - un gusto pulito e facile da vendere per i clienti che amano la frutta, il ghiaccio e lo svapo quotidiano.<\/li>\n<li><strong>Frutta mista<\/strong> - un gusto pulito e facile da vendere per i clienti che amano la frutta, il ghiaccio e lo svapo quotidiano.<\/li>\n<\/ul>\n<h2>Costruito per gli acquirenti di vape ad alto volume \ud83d\udce6<\/h2>\n<p>L'Bang QQ 150K si colloca nella stessa categoria di prodotti usa e getta di lunga durata come i pi\u00f9 popolari prodotti big-puff come <a href=\"https:\/\/aiviouvapes.com\/it\/prodotto\/aiviou-waspe-6-in-1-150000-puffs\/\">WASPE AIVIOU 150K<\/a>, <a href=\"https:\/\/aiviouvapes.com\/it\/prodotto\/waspe-crystal-180k\/\">WASPE Crystal 180K<\/a>, e <a href=\"https:\/\/aiviouvapes.com\/it\/prodotto\/qq-bang-180000\/\">QQ BANG 180000<\/a>. Rispetto ai modelli multi-sapore come <a href=\"https:\/\/aiviouvapes.com\/it\/prodotto\/waspe-4-in-1-100000-puffs\/\">WASPE 100K 4-in-1<\/a> o <a href=\"https:\/\/aiviouvapes.com\/it\/prodotto\/waspe-60k-3-in-1-60000-puffs\/\">WASPE 60K 3-in-1<\/a>, Questo dispositivo mantiene l'esperienza pi\u00f9 classica: un unico sapore, lunga durata del puff e alimentazione ricaricabile.<\/p>\n<p>Ci\u00f2 la rende una scelta pratica per i clienti che non vogliono cambiare aroma all'interno di un dispositivo e per i rivenditori che vogliono un'opzione di svapo monouso semplice e ad alta capacit\u00e0 accanto a dispositivi di commutazione dell'aroma pi\u00f9 avanzati.<\/p>\n<h2>Per chi \u00e8 meglio Bang QQ 150K? \ud83c\udfaf<\/h2>\n<ul>\n<li><strong>Utenti pesanti<\/strong> che desiderano un vape usa e getta di maggiore durata<\/li>\n<li><strong>Appassionati di frutta e ghiaccio<\/strong> che preferiscono semplici dispositivi monogusto<\/li>\n<li><strong>Negozi di svapo<\/strong> che necessitano di prodotti ad alto contenuto di zuccheri con punti di vendita facili da ottenere<\/li>\n<li><strong>Acquirenti all'ingrosso<\/strong> alla ricerca di vapori ricaricabili usa e getta con una forte attrattiva a scaffale<\/li>\n<li><strong>0% clienti con nicotina<\/strong> nonch\u00e9 i mercati della nicotina 2% e 5%<\/li>\n<\/ul>\n<h2>FAQ su Bang QQ 150K \u2753<\/h2>\n<h3>Quanti soffi offre la Bang QQ 150K?<\/h3>\n<p>\u00c8 progettato per un massimo di <strong>150000 soffi<\/strong>. Il numero effettivo di soffi pu\u00f2 variare in base alla lunghezza di estrazione e all'uso quotidiano.<\/p>\n<h3>Bang QQ 150K \u00e8 ricaricabile?<\/h3>\n<p>S\u00ec. Utilizza un <strong>Batteria ricaricabile da 650 mAh<\/strong> e supporta <strong>Ricarica USB Tipo-C<\/strong>.<\/p>\n<h3>Quale bobina utilizza?<\/h3>\n<p>Il dispositivo utilizza un <strong>Bobina a maglia da 1,0 ohm<\/strong> per un vapore omogeneo e un sapore costante.<\/p>\n<h3>Quali sono i livelli di nicotina disponibili?<\/h3>\n<p>Bang QQ 150K \u00e8 disponibile in <strong>0% \/ 2% \/ 5%<\/strong> intensit\u00e0 di nicotina.<\/p>\n<h3>Bang QQ 150K \u00e8 buono per la vendita all'ingrosso?<\/h3>\n<p>S\u00ec. L'elevato numero di puff, la batteria ricaricabile, la semplice gamma di aromi e il marchio Bang\/QQ Bang ne fanno una valida opzione per i grossisti, i distributori e i negozi di vape.<\/p>","protected":false},"excerpt":{"rendered":"<p>Bang QQ 150K vape monouso con <strong>150000 soffi<\/strong>, <strong>Bobina a maglia da 1,0 ohm<\/strong>, <strong>650 mAh ricaricabile di tipo C<\/strong> batteria e 10 gusti popolari. Una svapata di lunga durata per gli scaffali dei negozi, i clienti abituali e gli acquirenti all'ingrosso. \u2728<\/p>","protected":false},"featured_media":126309,"comment_status":"open","ping_status":"closed","template":"","meta":[],"product_brand":[],"product_cat":[37,336,320,90,280,133,132],"product_tag":[310,315,582,583,434,445,349,478,541,331],"class_list":{"0":"post-126287","1":"product","2":"type-product","3":"status-publish","4":"has-post-thumbnail","6":"product_cat-bang","7":"product_cat-100k-puffs-disposable-vape","8":"product_cat-best-disposable-vapes","9":"product_cat-big-puffs-vapes","10":"product_cat-cheap-rechargeable-disposable-vapes","11":"product_cat-disposable-vapes-in-europe","12":"product_cat-rechargeable-vapes","13":"product_tag-150000-puffs-disposable-vape-rechargeable","14":"product_tag-150000-puffs-disposable-vape-wholesale","15":"product_tag-bang-qq-150k","16":"product_tag-bang-qq-150k-disposable-vape","17":"product_tag-bang-vape","18":"product_tag-bang-vape-wholesale","19":"product_tag-bulk-disposable-vape","20":"product_tag-high-puff-disposable-vape","21":"product_tag-qq-bang","22":"product_tag-rechargeable-disposable-vape","24":"first","25":"instock","26":"shipping-taxable","27":"purchasable","28":"product-type-variable","29":"has-default-attributes"},"jetpack_sharing_enabled":true,"tiered_pricing_type":"fixed","tiered_pricing_fixed_rules":{"30":8.1899999999999995026200849679298698902130126953125,"50":7.12999999999999989341858963598497211933135986328125,"100":6.5999999999999996447286321199499070644378662109375,"200":6.339999999999999857891452847979962825775146484375,"400":5.61000000000000031974423109204508364200592041015625},"tiered_pricing_product_settings":{"layout":"default","base_unit_name":{"singular":null,"plural":null},"default_variation":null},"tiered_pricing_minimum_quantity":10,"tiered_pricing_roles_data":[],"tiered_pricing_percentage_rules":[],"tiered_pricing_maximum_quantity":null,"tiered_pricing_quantity_step":"10","_links":{"self":[{"href":"https:\/\/aiviouvapes.com\/it\/wp-json\/wp\/v2\/product\/126287","targetHints":{"allow":["GET"]}}],"collection":[{"href":"https:\/\/aiviouvapes.com\/it\/wp-json\/wp\/v2\/product"}],"about":[{"href":"https:\/\/aiviouvapes.com\/it\/wp-json\/wp\/v2\/types\/product"}],"replies":[{"embeddable":true,"href":"https:\/\/aiviouvapes.com\/it\/wp-json\/wp\/v2\/comments?post=126287"}],"wp:featuredmedia":[{"embeddable":true,"href":"https:\/\/aiviouvapes.com\/it\/wp-json\/wp\/v2\/media\/126309"}],"wp:attachment":[{"href":"https:\/\/aiviouvapes.com\/it\/wp-json\/wp\/v2\/media?parent=126287"}],"wp:term":[{"taxonomy":"product_brand","embeddable":true,"href":"https:\/\/aiviouvapes.com\/it\/wp-json\/wp\/v2\/product_brand?post=126287"},{"taxonomy":"product_cat","embeddable":true,"href":"https:\/\/aiviouvapes.com\/it\/wp-json\/wp\/v2\/product_cat?post=126287"},{"taxonomy":"product_tag","embeddable":true,"href":"https:\/\/aiviouvapes.com\/it\/wp-json\/wp\/v2\/product_tag?post=126287"}],"curies":[{"name":"wp","href":"https:\/\/api.w.org\/{rel}","templated":true}]}}