{"id":117910,"date":"2026-03-26T18:53:15","date_gmt":"2026-03-26T10:53:15","guid":{"rendered":"https:\/\/aiviouvapes.com\/?post_type=product&#038;p=117910"},"modified":"2026-04-17T13:00:28","modified_gmt":"2026-04-17T05:00:28","slug":"qq-bang-180000","status":"publish","type":"product","link":"https:\/\/aiviouvapes.com\/it\/product\/qq-bang-180000\/","title":{"rendered":"QQ BANG 180000 | 4-in-1 quadruplo gusto, 180000 boccate, design a scimmia, vape monouso sfuso"},"content":{"rendered":"<p><img data-recalc-dims=\"1\" loading=\"lazy\" decoding=\"async\" class=\"alignnone size-full wp-image-117916\" src=\"https:\/\/i0.wp.com\/aiviouvapes.com\/wp-content\/uploads\/2026\/03\/QQ-BANG-180000-60ml-180k-puff-6.jpg?resize=800%2C1860&#038;ssl=1\" alt=\"QQ BANG 180000 60ml 180k soffio 14\" width=\"800\" height=\"1860\" title=\"\" srcset=\"https:\/\/i0.wp.com\/aiviouvapes.com\/wp-content\/uploads\/2026\/03\/QQ-BANG-180000-60ml-180k-puff-6.jpg?w=800&amp;ssl=1 800w, https:\/\/i0.wp.com\/aiviouvapes.com\/wp-content\/uploads\/2026\/03\/QQ-BANG-180000-60ml-180k-puff-6.jpg?resize=129%2C300&amp;ssl=1 129w, https:\/\/i0.wp.com\/aiviouvapes.com\/wp-content\/uploads\/2026\/03\/QQ-BANG-180000-60ml-180k-puff-6.jpg?resize=440%2C1024&amp;ssl=1 440w, https:\/\/i0.wp.com\/aiviouvapes.com\/wp-content\/uploads\/2026\/03\/QQ-BANG-180000-60ml-180k-puff-6.jpg?resize=768%2C1786&amp;ssl=1 768w, https:\/\/i0.wp.com\/aiviouvapes.com\/wp-content\/uploads\/2026\/03\/QQ-BANG-180000-60ml-180k-puff-6.jpg?resize=661%2C1536&amp;ssl=1 661w, https:\/\/i0.wp.com\/aiviouvapes.com\/wp-content\/uploads\/2026\/03\/QQ-BANG-180000-60ml-180k-puff-6.jpg?resize=5%2C12&amp;ssl=1 5w\" sizes=\"auto, (max-width: 800px) 100vw, 800px\" \/><\/p>\n<h2>Incontrare il QQ BANG 180000 \ud83d\udc35<\/h2>\n<p>Siete alla ricerca di un monouso ad alto contenuto di personalit\u00e0? Il <strong>QQ BANG 180000<\/strong> porta il divertimento con il suo simpatico design a forma di scimmia e una potenza di vaping notevole. Con <strong>fino a 180000 soffi<\/strong>, una massiccia <strong>Capacit\u00e0 60 ml di e-liquid<\/strong> (15ml x 4 scomparti), e un vero e proprio <strong>Sistema di commutazione del gusto 4 in 1<\/strong>, Questo prodotto \u00e8 pensato per i vapers che desiderano variet\u00e0 e longevit\u00e0 in un unico dispositivo. Una scelta intelligente per i negozi e i grossisti alla ricerca di un prodotto che si faccia notare sugli scaffali.<\/p>\n<h2>Perch\u00e9 scegliere QQ BANG 180000? \u2705<\/h2>\n<ul>\n<li><strong>Cambio di sapore 4 in 1<\/strong>-Quattro gusti in un unico dispositivo, per passare in qualsiasi momento \ud83d\ude0b<\/li>\n<li><strong>Fino a 180000 soffi<\/strong> per un uso ultra prolungato e meno sostituzioni \ud83d\udd25<\/li>\n<li><strong>60 ml di e-liquido<\/strong> capacit\u00e0 (15 ml x 4 scomparti) per sessioni prolungate<\/li>\n<li><strong>Bobina a quattro maglie<\/strong> (1,0\u03a9 x 4) per un sapore ricco e un vapore omogeneo \u2601\ufe0f<\/li>\n<li><strong>Divertente design a forma di scimmia<\/strong>-Accattivante, da collezione e ottimo per i social media \ud83d\udc35<\/li>\n<li><strong>Ricarica rapida di tipo C<\/strong> con batteria ricaricabile da 650 mAh<\/li>\n<li><strong>Molteplici opzioni di nicotina<\/strong> (2% \/ 5%) per i diversi mercati<\/li>\n<li><strong>Perfetto per i negozi e la vendita all'ingrosso<\/strong>-Design divertente + elevato numero di soffi = SKU a rotazione rapida \ud83d\udce6<\/li>\n<\/ul>\n<h2>QQ BANG 180000 Specifiche \ud83d\udccc<\/h2>\n<table>\n<tbody>\n<tr>\n<td><strong>Nome del prodotto<\/strong><\/td>\n<td>QQ BANG 180000 Vape usa e getta<\/td>\n<\/tr>\n<tr>\n<td><strong>Max Puffs<\/strong><\/td>\n<td>Fino a 180000 soffi<\/td>\n<\/tr>\n<tr>\n<td><strong>Capacit\u00e0 del liquido elettronico<\/strong><\/td>\n<td>60 ml (15 ml x 4)<\/td>\n<\/tr>\n<tr>\n<td><strong>Bobina<\/strong><\/td>\n<td>Bobina a rete 1.0\u03a9 x 4<\/td>\n<\/tr>\n<tr>\n<td><strong>Forza della nicotina<\/strong><\/td>\n<td>2% \/ 5%<\/td>\n<\/tr>\n<tr>\n<td><strong>Batteria<\/strong><\/td>\n<td>650 mAh<\/td>\n<\/tr>\n<tr>\n<td><strong>Ricarica<\/strong><\/td>\n<td>Ricarica rapida USB Tipo-C<\/td>\n<\/tr>\n<tr>\n<td><strong>I sapori<\/strong><\/td>\n<td>12 combinazioni di sapori (4 in 1)<\/td>\n<\/tr>\n<tr>\n<td><strong>Peso del prodotto<\/strong><\/td>\n<td>159g \/ pz.<\/td>\n<\/tr>\n<tr>\n<td><strong>Imballaggio<\/strong><\/td>\n<td>10 pezzi \/ scatola, 100 pezzi \/ cartone<\/td>\n<\/tr>\n<tr>\n<td><strong>Peso del cartone<\/strong><\/td>\n<td>17 kg<\/td>\n<\/tr>\n<\/tbody>\n<\/table>\n<h2>Combinazioni di sapori 4 in 1 (12 opzioni) \ud83c\udf53\ud83c\udf49\ud83e\uddca<\/h2>\n<p>Ogni QQ BANG 180000 \u00e8 dotato di <strong>4 gusti in 1 dispositivo<\/strong>. Basta passare da uno scomparto all'altro per avere un gusto fresco in qualsiasi momento. Ecco tutte le 12 combinazioni:<\/p>\n<table>\n<thead>\n<tr>\n<th>No.<\/th>\n<th>Combo di sapori (4 in 1)<\/th>\n<\/tr>\n<\/thead>\n<tbody>\n<tr>\n<td>1<\/td>\n<td><strong>Frutta tropicale<\/strong> \/ <strong>Ghiaccio alla pesca<\/strong> \/ <strong>Birilli<\/strong> \/ <strong>Anguria alla fragola<\/strong><\/td>\n<\/tr>\n<tr>\n<td>2<\/td>\n<td><strong>Mango e pesca<\/strong> \/ <strong>Ghiaccio d'uva<\/strong> \/ <strong>Bacche miste<\/strong> \/ <strong>Toro rosso al mirtillo<\/strong><\/td>\n<\/tr>\n<tr>\n<td>3<\/td>\n<td><strong>Ghiaccio all'anguria<\/strong> \/ <strong>Mela Aloe<\/strong> \/ <strong>Lampone e limone<\/strong> \/ <strong>Pesca, mango e anguria<\/strong><\/td>\n<\/tr>\n<tr>\n<td>4<\/td>\n<td><strong>Triplo mango<\/strong> \/ <strong>Ghiaccio al mirtillo<\/strong> \/ <strong>Ribes nero e ananas ghiacciati<\/strong> \/ <strong>Ghiaccio alla pesca e pera<\/strong><\/td>\n<\/tr>\n<tr>\n<td>5<\/td>\n<td><strong>Anguria al mirtillo<\/strong> \/ <strong>Ghiaccio alla ciliegia<\/strong> \/ <strong>Kiwi Pompelmo Passiflora Guava<\/strong> \/ <strong>Drago Nero di Ghiaccio<\/strong><\/td>\n<\/tr>\n<tr>\n<td>6<\/td>\n<td><strong>Ghiaccio alla banana<\/strong> \/ <strong>Anguria Bubblegum<\/strong> \/ <strong>Mirtillo Uva<\/strong> \/ <strong>Aloe Mango Melone<\/strong><\/td>\n<\/tr>\n<tr>\n<td>7<\/td>\n<td><strong>Cappuccino<\/strong> \/ <strong>Ghiaccio all'ananas<\/strong> \/ <strong>Mirtillo Mirtillo Rosso Ciliegia<\/strong> \/ <strong>Anguria Frutto del Drago<\/strong><\/td>\n<\/tr>\n<tr>\n<td>8<\/td>\n<td><strong>Fragola Kiwi<\/strong> \/ <strong>Mela Uva<\/strong> \/ <strong>Triplo melone<\/strong> \/ <strong>Limone e lime<\/strong><\/td>\n<\/tr>\n<tr>\n<td>9<\/td>\n<td><strong>Ribes nero<\/strong> \/ <strong>Amore 66<\/strong> \/ <strong>Mirtillo Mora Fragola<\/strong> \/ <strong>Mango alla fragola<\/strong><\/td>\n<\/tr>\n<tr>\n<td>10<\/td>\n<td><strong>Ananas e cocco<\/strong> \/ <strong>Ghiaccio alla fragola<\/strong> \/ <strong>Menta e mirtillo<\/strong> \/ <strong>Mela verde Kiwi<\/strong><\/td>\n<\/tr>\n<tr>\n<td>11<\/td>\n<td><strong>Ghiaccio alla pesca e ananas al frutto della passione<\/strong> \/ <strong>Ghiaccio alla mela<\/strong> \/ <strong>Pesca al mirtillo<\/strong> \/ <strong>Lampone Uva<\/strong><\/td>\n<\/tr>\n<tr>\n<td>12<\/td>\n<td><strong>Anguria al lampone<\/strong> \/ <strong>Gelato alla fragola<\/strong> \/ <strong>Limonata alla pesca<\/strong> \/ <strong>Orso gommoso<\/strong><\/td>\n<\/tr>\n<\/tbody>\n<\/table>\n<p>\ud83c\udf00 Dai sapori fruttati e ghiacciati a quelli di caramelle e caff\u00e8, c'\u00e8 una combinazione per ogni gusto.<\/p>\n<h2>Come cambiare i sapori \ud83d\udd04<\/h2>\n<p>Ogni QQ BANG 180000 ha <strong>4 scomparti separati per il gusto<\/strong>. \u00c8 sufficiente ruotare o passare da uno all'altro per assaporare un sapore diverso. Nessun pulsante, nessun problema: basta girare e svapare.<\/p>\n<h2>Realizzato per il successo al dettaglio e all'ingrosso \ud83c\udfea\ud83d\udce6<\/h2>\n<p>Il <strong>QQ BANG 180000<\/strong> \u00e8 un ottimo abbinamento per <strong>utenti assidui<\/strong> che desiderano prestazioni di lunghissima durata, <strong>amanti del gusto<\/strong> che amano cambiare gusto, e <strong>negozi di vape<\/strong> che desiderano un prodotto accattivante con un divertente design a forma di scimmia. Per <strong>distributori e grossisti<\/strong>, L'aspetto unico e la funzione 4-in-1 lo rendono facile da vendere: i clienti lo ricordano e tornano a chiederne altri.<\/p>\n<h2>QQ BANG 180000 FAQ \u2753<\/h2>\n<h3>Quante boccate offre il QQ BANG 180000?<\/h3>\n<p>Fino a <strong>180000 soffi<\/strong>, grazie all'ampia capacit\u00e0 di 60 ml di e-liquid suddivisa in 4 scomparti.<\/p>\n<h3>Come funziona il sistema di aromi 4 in 1?<\/h3>\n<p>Ogni dispositivo ha <strong>4 scomparti separati per il gusto<\/strong> (15 ml ciascuno). Ruotate o passate dall'uno all'altro per assaporare un sapore diverso in qualsiasi momento. \ud83d\udd04<\/p>\n<h3>Questo dispositivo \u00e8 ricaricabile?<\/h3>\n<p>S\u00ec, ha un <strong>650 mAh<\/strong> batteria con <strong>Ricarica rapida USB Type-C<\/strong>. \u26a1<\/p>\n<h3>Quali sono i livelli di nicotina disponibili?<\/h3>\n<p>\u00c8 disponibile in <strong>2%<\/strong> e <strong>5%<\/strong> opzioni di nicotina, a seconda delle esigenze del mercato.<\/p>\n<h3>Quanto e-liquid c'\u00e8 dentro?<\/h3>\n<p>Un totale di <strong>60 ml<\/strong> e-liquid, suddiviso in 4 scomparti da 15 ml ciascuno.<\/p>\n<h3>Va bene per i vape shop e gli ordini all'ingrosso?<\/h3>\n<p>Assolutamente. Il divertente design a forma di scimmia, la funzione 4-in-1 e il numero elevatissimo di soffi ne fanno un prodotto di punta per <strong>scaffali per la vendita al dettaglio<\/strong> e <strong>distribuzione alla rinfusa<\/strong>. \ud83d\udce6<\/p>\n<h3>Qual \u00e8 il peso del dispositivo?<\/h3>\n<p>Ogni pezzo pesa <strong>159g<\/strong>. L'imballaggio \u00e8 di 10 pezzi per scatola, 100 pezzi per cartone (17 kg).<\/p>\n<p><img data-recalc-dims=\"1\" loading=\"lazy\" decoding=\"async\" class=\"alignnone size-full wp-image-117913\" src=\"https:\/\/i0.wp.com\/aiviouvapes.com\/wp-content\/uploads\/2026\/03\/QQ-BANG-180000-60ml-180k-puff-3.jpg?resize=800%2C470&#038;ssl=1\" alt=\"QQ BANG 180000 60ml 180k soffio 14\" width=\"800\" height=\"470\" title=\"\" srcset=\"https:\/\/i0.wp.com\/aiviouvapes.com\/wp-content\/uploads\/2026\/03\/QQ-BANG-180000-60ml-180k-puff-3.jpg?w=800&amp;ssl=1 800w, https:\/\/i0.wp.com\/aiviouvapes.com\/wp-content\/uploads\/2026\/03\/QQ-BANG-180000-60ml-180k-puff-3.jpg?resize=300%2C176&amp;ssl=1 300w, https:\/\/i0.wp.com\/aiviouvapes.com\/wp-content\/uploads\/2026\/03\/QQ-BANG-180000-60ml-180k-puff-3.jpg?resize=768%2C451&amp;ssl=1 768w, https:\/\/i0.wp.com\/aiviouvapes.com\/wp-content\/uploads\/2026\/03\/QQ-BANG-180000-60ml-180k-puff-3.jpg?resize=18%2C12&amp;ssl=1 18w\" sizes=\"auto, (max-width: 800px) 100vw, 800px\" \/> <img data-recalc-dims=\"1\" loading=\"lazy\" decoding=\"async\" class=\"alignnone size-full wp-image-117912\" src=\"https:\/\/i0.wp.com\/aiviouvapes.com\/wp-content\/uploads\/2026\/03\/QQ-BANG-180000-60ml-180k-puff-2.jpg?resize=800%2C470&#038;ssl=1\" alt=\"QQ BANG 180000 60ml 180k soffio 14\" width=\"800\" height=\"470\" title=\"\" srcset=\"https:\/\/i0.wp.com\/aiviouvapes.com\/wp-content\/uploads\/2026\/03\/QQ-BANG-180000-60ml-180k-puff-2.jpg?w=800&amp;ssl=1 800w, https:\/\/i0.wp.com\/aiviouvapes.com\/wp-content\/uploads\/2026\/03\/QQ-BANG-180000-60ml-180k-puff-2.jpg?resize=300%2C176&amp;ssl=1 300w, https:\/\/i0.wp.com\/aiviouvapes.com\/wp-content\/uploads\/2026\/03\/QQ-BANG-180000-60ml-180k-puff-2.jpg?resize=768%2C451&amp;ssl=1 768w, https:\/\/i0.wp.com\/aiviouvapes.com\/wp-content\/uploads\/2026\/03\/QQ-BANG-180000-60ml-180k-puff-2.jpg?resize=18%2C12&amp;ssl=1 18w\" sizes=\"auto, (max-width: 800px) 100vw, 800px\" \/> <img data-recalc-dims=\"1\" loading=\"lazy\" decoding=\"async\" class=\"alignnone size-full wp-image-117911\" src=\"https:\/\/i0.wp.com\/aiviouvapes.com\/wp-content\/uploads\/2026\/03\/QQ-BANG-180000-60ml-180k-puff-1.jpg?resize=800%2C470&#038;ssl=1\" alt=\"QQ BANG 180000 60ml 180k soffio 14\" width=\"800\" height=\"470\" title=\"\" srcset=\"https:\/\/i0.wp.com\/aiviouvapes.com\/wp-content\/uploads\/2026\/03\/QQ-BANG-180000-60ml-180k-puff-1.jpg?w=800&amp;ssl=1 800w, https:\/\/i0.wp.com\/aiviouvapes.com\/wp-content\/uploads\/2026\/03\/QQ-BANG-180000-60ml-180k-puff-1.jpg?resize=300%2C176&amp;ssl=1 300w, https:\/\/i0.wp.com\/aiviouvapes.com\/wp-content\/uploads\/2026\/03\/QQ-BANG-180000-60ml-180k-puff-1.jpg?resize=768%2C451&amp;ssl=1 768w, https:\/\/i0.wp.com\/aiviouvapes.com\/wp-content\/uploads\/2026\/03\/QQ-BANG-180000-60ml-180k-puff-1.jpg?resize=18%2C12&amp;ssl=1 18w\" sizes=\"auto, (max-width: 800px) 100vw, 800px\" \/><\/p>","protected":false},"excerpt":{"rendered":"<p>QQ BANG 180000 vape usa e getta 4 in 1 con un divertente design a scimmia, bobina a rete x4, ricarica Type-C e 12 combinazioni di aromi. Enorme e-liquid da 60ml + 180000 puff, perfetto per gli acquirenti al dettaglio e all'ingrosso. \u2728<\/p>\n<h3>\ud83d\udc49 Questo prodotto \u00e8 disponibile nel nostro magazzino UE!<\/h3>\n<h4>\ud83c\udf89 Saltate l'attesa: <strong>Consegna in 5-7 giorni dalla nostra sede europea<\/strong> (per il magazzino predefinito <strong>2% forza della nicotina<\/strong> solo versione).<\/h4>\n<p><span style=\"font-size: 75%;\"><em>\ud83d\udd39 La maggior parte degli ordini viene spedita dal nostro magazzino europeo, se disponibile. Occasionalmente, in caso di esaurimento scorte, spediamo dalla Cina.<\/em><\/span><\/p>","protected":false},"featured_media":117923,"comment_status":"open","ping_status":"closed","template":"","meta":[],"product_brand":[239],"product_cat":[336,37,320,90,280,76,133,136,137,138,139,141,143,573,572,571,132],"product_tag":[499,408,351,349,478,543,541,542],"class_list":{"0":"post-117910","1":"product","2":"type-product","3":"status-publish","4":"has-post-thumbnail","6":"product_brand-bang","7":"product_cat-100k-puffs-disposable-vape","8":"product_cat-bang","9":"product_cat-best-disposable-vapes","10":"product_cat-big-puffs-vapes","11":"product_cat-cheap-rechargeable-disposable-vapes","12":"product_cat-disposable-vape-types","13":"product_cat-disposable-vapes-in-europe","14":"product_cat-disposable-vapes-in-france","15":"product_cat-disposable-vapes-in-germany","16":"product_cat-disposable-vapes-in-ltaly","17":"product_cat-disposable-vapes-in-netherlands","18":"product_cat-disposable-vapes-in-poland","19":"product_cat-disposable-vapes-in-spain","20":"product_cat-new-3","21":"product_cat-new-2","22":"product_cat-new-1","23":"product_cat-rechargeable-vapes","24":"product_tag-180000-puffs-vape","25":"product_tag-4-in-1-disposable-vape","26":"product_tag-4-in-1-flavor-vape","27":"product_tag-bulk-disposable-vape","28":"product_tag-high-puff-disposable-vape","29":"product_tag-monkey-design-vape","30":"product_tag-qq-bang","31":"product_tag-qq-bang-180000","33":"first","34":"instock","35":"shipping-taxable","36":"purchasable","37":"product-type-variable","38":"has-default-attributes"},"jetpack_sharing_enabled":true,"tiered_pricing_type":"fixed","tiered_pricing_fixed_rules":{"30":9.3800000000000007815970093361102044582366943359375,"50":7.79000000000000003552713678800500929355621337890625,"100":7.2599999999999997868371792719699442386627197265625,"200":6.5999999999999996447286321199499070644378662109375,"400":5.9900000000000002131628207280300557613372802734375},"tiered_pricing_product_settings":{"layout":"default","base_unit_name":{"singular":null,"plural":null},"default_variation":null},"tiered_pricing_minimum_quantity":10,"tiered_pricing_roles_data":[],"tiered_pricing_percentage_rules":[],"tiered_pricing_maximum_quantity":null,"tiered_pricing_quantity_step":"10","_links":{"self":[{"href":"https:\/\/aiviouvapes.com\/it\/wp-json\/wp\/v2\/product\/117910","targetHints":{"allow":["GET"]}}],"collection":[{"href":"https:\/\/aiviouvapes.com\/it\/wp-json\/wp\/v2\/product"}],"about":[{"href":"https:\/\/aiviouvapes.com\/it\/wp-json\/wp\/v2\/types\/product"}],"replies":[{"embeddable":true,"href":"https:\/\/aiviouvapes.com\/it\/wp-json\/wp\/v2\/comments?post=117910"}],"wp:featuredmedia":[{"embeddable":true,"href":"https:\/\/aiviouvapes.com\/it\/wp-json\/wp\/v2\/media\/117923"}],"wp:attachment":[{"href":"https:\/\/aiviouvapes.com\/it\/wp-json\/wp\/v2\/media?parent=117910"}],"wp:term":[{"taxonomy":"product_brand","embeddable":true,"href":"https:\/\/aiviouvapes.com\/it\/wp-json\/wp\/v2\/product_brand?post=117910"},{"taxonomy":"product_cat","embeddable":true,"href":"https:\/\/aiviouvapes.com\/it\/wp-json\/wp\/v2\/product_cat?post=117910"},{"taxonomy":"product_tag","embeddable":true,"href":"https:\/\/aiviouvapes.com\/it\/wp-json\/wp\/v2\/product_tag?post=117910"}],"curies":[{"name":"wp","href":"https:\/\/api.w.org\/{rel}","templated":true}]}}