{"id":115739,"date":"2026-03-17T09:45:58","date_gmt":"2026-03-17T01:45:58","guid":{"rendered":"https:\/\/aiviouvapes.com\/?post_type=product&#038;p=115739"},"modified":"2026-04-07T10:00:10","modified_gmt":"2026-04-07T02:00:10","slug":"happ-bar-gr100k-pro","status":"publish","type":"product","link":"https:\/\/aiviouvapes.com\/it\/product\/happ-bar-gr100k-pro\/","title":{"rendered":"Happ Bar GR100K Pro | 100000 boccate, 56ml, coil a rete, 15 aromi, vape monouso sfuso"},"content":{"rendered":"<h2>Vi presentiamo l'Happ Bar GR100K Pro \ud83d\udd25<\/h2>\n<p>Siete alla ricerca di una svapata usa e getta che non si fermi mai? Il <strong>Happ Bar GR100K Pro<\/strong> fornisce fino a <strong>100.000 boccate<\/strong> con un enorme <strong>56ml<\/strong> capacit\u00e0 di e-liquid, il tutto racchiuso in un design elegante e accattivante. \u00c8 il dispositivo pi\u00f9 recente e pi\u00f9 potente della serie Happ Bar GR, pensato per i vapers che non vogliono continuare a sostituire il proprio dispositivo e un'aggiunta intelligente per i negozi e gli acquirenti all'ingrosso alla ricerca di un prodotto molto richiesto.<\/p>\n<h2>Perch\u00e9 scegliere Happ Bar GR100K Pro? \u2705<\/h2>\n<ul>\n<li><strong>Fino a 100.000 boccate<\/strong> per un vaping di lunghissima durata: meno sostituzioni, pi\u00f9 divertimento \ud83d\udd25<\/li>\n<li><strong>Capacit\u00e0 di 56 ml di e-liquido<\/strong> in modo da poter svapare per settimane senza rimanere a secco<\/li>\n<li><strong>Bobina con maglia da 1,0\u03a9<\/strong> per un vapore omogeneo, costante e saporito ogni volta \u2601\ufe0f<\/li>\n<li><strong>Batteria ricaricabile da 650 mAh<\/strong> con ricarica di Tipo-C per un'alimentazione rapida \u26a1<\/li>\n<li><strong>15 deliziosi sapori<\/strong> che spaziano dal fruttato al ghiacciato fino alle miscele classiche \ud83c\udf53<\/li>\n<li><strong>Opzioni di nicotina: 2% e 5%<\/strong> per adattarsi a diversi mercati e preferenze<\/li>\n<li><strong>Design iconico della serie GR<\/strong>-Aggiornato rispetto ai popolari modelli GR30K e GR50K<\/li>\n<li><strong>Ottimo per i negozi e la vendita all'ingrosso<\/strong>-categoria ad alta richiesta di 100.000 soffi che si muove velocemente \ud83d\udce6<\/li>\n<\/ul>\n<h2>Happ Bar GR100K Pro Specifiche \ud83d\udccc<\/h2>\n<table>\n<tbody>\n<tr>\n<td><strong>Nome del prodotto<\/strong><\/td>\n<td>Happ Bar GR100K Pro Vape usa e getta<\/td>\n<\/tr>\n<tr>\n<td><strong>Max Puffs<\/strong><\/td>\n<td>Fino a 100.000 boccate<\/td>\n<\/tr>\n<tr>\n<td><strong>Capacit\u00e0 del liquido elettronico<\/strong><\/td>\n<td>56ml<\/td>\n<\/tr>\n<tr>\n<td><strong>Bobina<\/strong><\/td>\n<td>Mesh Coil 1.0\u03a9<\/td>\n<\/tr>\n<tr>\n<td><strong>Forza della nicotina<\/strong><\/td>\n<td>2% \/ 5%<\/td>\n<\/tr>\n<tr>\n<td><strong>Batteria<\/strong><\/td>\n<td>650 mAh<\/td>\n<\/tr>\n<tr>\n<td><strong>Ricarica<\/strong><\/td>\n<td>USB Tipo-C ricaricabile<\/td>\n<\/tr>\n<\/tbody>\n<\/table>\n<h2>Happ Bar GR100K Pro Elenco degli aromi \ud83c\udf53\ud83c\udf49\ud83e\uddca<\/h2>\n<p>Il GR100K Pro \u00e8 disponibile in <strong>15 sapori sorprendenti<\/strong>-Da rinfrescanti frutti ghiacciati a dolci miscele ispirate alle caramelle. Ce n'\u00e8 per tutti i gusti!<\/p>\n<ul>\n<li><strong>Ghiaccio al cocco e melone<\/strong> - il cocco cremoso incontra il melone dolce con un finale fresco \ud83e\udd65\ud83c\udf48<\/li>\n<li><strong>Limonata rosa<\/strong> - limonata rosa, dolce e piccante, luminosa e rinfrescante \ud83c\udf4b\ud83d\udc97<\/li>\n<li><strong>Limone Grandine<\/strong> - limone zuccherato con un'esplosione ghiacciata \ud83c\udf4b\ud83e\uddca<\/li>\n<li><strong>San Francisco<\/strong> - un'esclusiva miscela di arancia, limone e pesca \ud83c\udf4a\ud83c\udf51\ud83c\udf51<\/li>\n<li><strong>Ghiaccio ai frutti tropicali<\/strong> - Frutti tropicali esotici con un tocco di freddo \ud83c\udf34\u2744\ufe0f<\/li>\n<li><strong>Montagna blu<\/strong> - menta fresca mescolata con bacche rosse \ud83e\uded0\ud83e\uddca<\/li>\n<li><strong>Amore 66<\/strong> - un sapore dolce e misterioso ispirato alle caramelle \ud83d\udc9c<\/li>\n<li><strong>Fragola Kiwi<\/strong> - classica combinazione di fragole e kiwi, fresca e fruttata \ud83c\udf53\ud83e\udd5d<\/li>\n<li><strong>Ghiaccio all'anguria<\/strong> - anguria succosa con finitura ghiacciata \ud83c\udf49\u2744\ufe0f<\/li>\n<li><strong>Ghiaccio alla fragola Black Dragon<\/strong> - L'audace frutto del drago incontra la dolce fragola con ghiaccio \ud83d\udc09\ud83c\udf53<\/li>\n<li><strong>Anguria alla fragola<\/strong> - duo dolce di fragole e anguria \ud83c\udf53\ud83c\udf49\ud83c\udf49<\/li>\n<li><strong>Mr. Blue<\/strong> - un classico fresco e blu di lampone \ud83d\udc99<\/li>\n<li><strong>Pesca Grandine<\/strong> - pesca matura con una tempesta ghiacciata \ud83c\udf51\ud83e\uddca<\/li>\n<li><strong>Sogno d'estate<\/strong> - una miscela estiva morbida e fruttata \ud83c\udf1e<\/li>\n<li><strong>Fragola Blu Ghiacciata<\/strong> - mirtillo e fragola con un tocco fresco \ud83e\uded0\ud83c\udf53\u2744\ufe0f<\/li>\n<\/ul>\n<h2>Realizzato per il successo al dettaglio e all'ingrosso \ud83c\udfea\ud83d\udce6<\/h2>\n<p>Il <strong>Happ Bar GR100K Pro<\/strong> si adatta perfettamente a <strong>fumatori accaniti<\/strong> che vogliono un dispositivo che duri nel tempo, <strong>amanti del gusto<\/strong> che amano la variet\u00e0 con 15 opzioni e <strong>negozi di vape<\/strong> alla ricerca di un'attrattiva premium sugli scaffali con l'iconico design della Serie GR. Per <strong>distributori e grossisti<\/strong>, La categoria dei 100.000 puff \u00e8 uno dei segmenti in pi\u00f9 rapida crescita: questo dispositivo soddisfa tutte le esigenze grazie all'elevato numero di puff, alla generosa capacit\u00e0 di e-liquid e all'ampia gamma di aromi.<\/p>\n<h2>Happ Bar GR100K Pro FAQ \u2753<\/h2>\n<h3>Quante boccate d\u00e0 la Happ Bar GR100K Pro?<\/h3>\n<p>Fornisce fino a <strong>100.000 boccate<\/strong>, che lo rende uno dei vapers usa e getta pi\u00f9 duraturi in circolazione. \ud83d\udd25<\/p>\n<h3>Il modello Happ Bar GR100K Pro \u00e8 ricaricabile?<\/h3>\n<p>S\u00ec! Ha un <strong>650 mAh<\/strong> batteria con <strong>USB di tipo C<\/strong> per una ricarica facile e veloce. \u26a1<\/p>\n<h3>Quali sono i livelli di nicotina disponibili?<\/h3>\n<p>\u00c8 disponibile in <strong>2%<\/strong> e <strong>5%<\/strong> di nicotina per soddisfare le diverse preferenze e le normative di mercato.<\/p>\n<h3>Quale bobina utilizza il GR100K Pro?<\/h3>\n<p>Utilizza un <strong>Bobina con maglia da 1,0\u03a9<\/strong> per una produzione di vapore omogenea, costante e saporita. \u2601\ufe0f<\/p>\n<h3>Quanto e-liquid c'\u00e8 dentro?<\/h3>\n<p>\u00c8 precompilato con <strong>56ml<\/strong> di e-liquid premium per un tempo di svapo prolungato.<\/p>\n<h3>Quanti gusti sono disponibili?<\/h3>\n<p>Ci sono <strong>15 sapori<\/strong> tra cui scegliere, tra cui opzioni fruttate, ghiacciate, caramellose e tropicali. \ud83c\udf53<\/p>\n<h3>Va bene per i vape shop e gli ordini all'ingrosso?<\/h3>\n<p>Assolutamente s\u00ec. La categoria dei puff da 100.000 \u00e8 molto popolare e la serie GR gode di un forte riconoscimento del marchio, il che la rende un'ottima scelta per i clienti. <strong>scaffali per la vendita al dettaglio<\/strong> e <strong>distribuzione alla rinfusa<\/strong>. \ud83d\udce6<\/p>","protected":false},"excerpt":{"rendered":"<p>Happ Bar GR100K Pro, vape monouso con 100000 puff, 56ml di e-liquid, coil a rete e ricarica Type-C. 15 sapori audaci tra cui scegliere, perfetti per gli acquirenti al dettaglio e all'ingrosso. \u2728<\/p>","protected":false},"featured_media":115780,"comment_status":"open","ping_status":"closed","template":"","meta":[],"product_brand":[531],"product_cat":[336,320,90,280,133,522,521,132],"product_tag":[428,447,446,479,523,525,524,358],"class_list":{"0":"post-115739","1":"product","2":"type-product","3":"status-publish","4":"has-post-thumbnail","6":"product_brand-happ","7":"product_cat-100k-puffs-disposable-vape","8":"product_cat-best-disposable-vapes","9":"product_cat-big-puffs-vapes","10":"product_cat-cheap-rechargeable-disposable-vapes","11":"product_cat-disposable-vapes-in-europe","12":"product_cat-happ-bar","13":"product_cat-new","14":"product_cat-rechargeable-vapes","15":"product_tag-100000-puffs-disposable-vape","16":"product_tag-100000-puffs-vape-wholesale","17":"product_tag-100k-disposable-vape","18":"product_tag-100k-puffs-vape","19":"product_tag-happ-bar","20":"product_tag-happ-bar-disposable-vape","21":"product_tag-happ-bar-gr100k-pro","22":"product_tag-rechargeable-100000-puff-disposable-vape","24":"first","25":"instock","26":"shipping-taxable","27":"purchasable","28":"product-type-variable","29":"has-default-attributes"},"jetpack_sharing_enabled":true,"tiered_pricing_type":"fixed","tiered_pricing_fixed_rules":{"100":7.38999999999999968025576890795491635799407958984375,"200":6.87000000000000010658141036401502788066864013671875,"400":6.61000000000000031974423109204508364200592041015625},"tiered_pricing_product_settings":{"layout":"default","base_unit_name":{"singular":null,"plural":null},"default_variation":null},"tiered_pricing_minimum_quantity":50,"tiered_pricing_roles_data":[],"tiered_pricing_percentage_rules":[],"tiered_pricing_maximum_quantity":null,"tiered_pricing_quantity_step":"10","_links":{"self":[{"href":"https:\/\/aiviouvapes.com\/it\/wp-json\/wp\/v2\/product\/115739","targetHints":{"allow":["GET"]}}],"collection":[{"href":"https:\/\/aiviouvapes.com\/it\/wp-json\/wp\/v2\/product"}],"about":[{"href":"https:\/\/aiviouvapes.com\/it\/wp-json\/wp\/v2\/types\/product"}],"replies":[{"embeddable":true,"href":"https:\/\/aiviouvapes.com\/it\/wp-json\/wp\/v2\/comments?post=115739"}],"wp:featuredmedia":[{"embeddable":true,"href":"https:\/\/aiviouvapes.com\/it\/wp-json\/wp\/v2\/media\/115780"}],"wp:attachment":[{"href":"https:\/\/aiviouvapes.com\/it\/wp-json\/wp\/v2\/media?parent=115739"}],"wp:term":[{"taxonomy":"product_brand","embeddable":true,"href":"https:\/\/aiviouvapes.com\/it\/wp-json\/wp\/v2\/product_brand?post=115739"},{"taxonomy":"product_cat","embeddable":true,"href":"https:\/\/aiviouvapes.com\/it\/wp-json\/wp\/v2\/product_cat?post=115739"},{"taxonomy":"product_tag","embeddable":true,"href":"https:\/\/aiviouvapes.com\/it\/wp-json\/wp\/v2\/product_tag?post=115739"}],"curies":[{"name":"wp","href":"https:\/\/api.w.org\/{rel}","templated":true}]}}