{"id":114776,"date":"2026-03-12T11:41:24","date_gmt":"2026-03-12T03:41:24","guid":{"rendered":"https:\/\/aiviouvapes.com\/?post_type=product&#038;p=114776"},"modified":"2026-03-28T12:20:07","modified_gmt":"2026-03-28T04:20:07","slug":"bang-leader-350k","status":"publish","type":"product","link":"https:\/\/aiviouvapes.com\/it\/product\/bang-leader-350k\/","title":{"rendered":"Bang Leader 350K | 8 aromi, 8 in 1, 350000 boccate, display intelligente, vape monouso all'ingrosso"},"content":{"rendered":"<p><img data-recalc-dims=\"1\" loading=\"lazy\" decoding=\"async\" class=\"alignnone size-full wp-image-114792\" src=\"https:\/\/i0.wp.com\/aiviouvapes.com\/wp-content\/uploads\/2026\/03\/BANG-LEADER-350K-16.jpg?resize=1020%2C605&#038;ssl=1\" alt=\"Bang Leader 350K\" width=\"1020\" height=\"605\" title=\"\" srcset=\"https:\/\/i0.wp.com\/aiviouvapes.com\/wp-content\/uploads\/2026\/03\/BANG-LEADER-350K-16.jpg?w=1920&amp;ssl=1 1920w, https:\/\/i0.wp.com\/aiviouvapes.com\/wp-content\/uploads\/2026\/03\/BANG-LEADER-350K-16.jpg?resize=300%2C178&amp;ssl=1 300w, https:\/\/i0.wp.com\/aiviouvapes.com\/wp-content\/uploads\/2026\/03\/BANG-LEADER-350K-16.jpg?resize=1024%2C607&amp;ssl=1 1024w, https:\/\/i0.wp.com\/aiviouvapes.com\/wp-content\/uploads\/2026\/03\/BANG-LEADER-350K-16.jpg?resize=768%2C455&amp;ssl=1 768w, https:\/\/i0.wp.com\/aiviouvapes.com\/wp-content\/uploads\/2026\/03\/BANG-LEADER-350K-16.jpg?resize=1536%2C910&amp;ssl=1 1536w, https:\/\/i0.wp.com\/aiviouvapes.com\/wp-content\/uploads\/2026\/03\/BANG-LEADER-350K-16.jpg?resize=18%2C12&amp;ssl=1 18w, https:\/\/i0.wp.com\/aiviouvapes.com\/wp-content\/uploads\/2026\/03\/BANG-LEADER-350K-16.jpg?resize=800%2C474&amp;ssl=1 800w\" sizes=\"auto, (max-width: 1020px) 100vw, 1020px\" \/><\/p>\n<p>Siete alla ricerca di un vape mega puff premium per la vendita all'ingrosso? Bang Leader 350K combina una lunga durata d'uso, una resa aromatica omogenea, la personalizzazione OEM\/ODM e opzioni di nicotina flessibili per i mercati globali.<\/p>\n<h3>Perch\u00e9 scegliere Bang Leader 350K?<\/h3>\n<ul>\n<li>\ud83d\udd25 Fino a 350000 soffi per un utilizzo duraturo<\/li>\n<li>\ud83c\udf08 Design di commutazione del gusto 8-in-1 per una maggiore variet\u00e0 in un unico dispositivo<\/li>\n<li>\u26a1 Ricaricabile con porta di ricarica Type-C<\/li>\n<li>\ud83d\udca8 Bobina da 1,0 mesh per un gusto pi\u00f9 morbido e un vapore stabile<\/li>\n<li>\ud83d\udd0b Costruito con una batteria da 17350 850mAh<\/li>\n<li>\ud83d\udee0\ufe0f OEM\/ODM supportati per progetti di marchi personalizzati<\/li>\n<li>\ud83c\udf0d La lingua dell'imballaggio pu\u00f2 essere personalizzata in inglese, russo, spagnolo e altro ancora.<\/li>\n<li>\ud83e\uddea Opzioni di intensit\u00e0 di nicotina: 0%, 2%, 3%, 5%<\/li>\n<li>\ud83c\udfea Ideale per i grossisti di vape, i distributori e i negozi di vape al dettaglio<\/li>\n<\/ul>\n<h3>Bang Leader 350K Panoramica<\/h3>\n<p>Bang Leader 350K \u00e8 stato progettato per i clienti che desiderano un numero di boccate molto elevato e una maggiore scelta di aromi in un'unica svapata monouso. La configurazione 8-in-1 offre agli utenti 4 aromi principali pi\u00f9 4 combinazioni di aromi misti, rendendo l'esperienza di svapo pi\u00f9 interessante e pi\u00f9 flessibile. Questo rende il dispositivo particolarmente interessante per i clienti che amano cambiare aroma senza dover portare con s\u00e9 pi\u00f9 vapes.<\/p>\n<p>Per gli acquirenti B2B, questo modello ha anche un forte valore commerciale. Supporta il servizio OEM\/ODM, diverse opzioni di nicotina e confezioni multilingue, che aiutano i distributori ad adattare il prodotto a diversi mercati. Il suo look audace, la grande capacit\u00e0 e il concetto di aroma ricco lo rendono adatto come prodotto di punta per i vape store e i cataloghi all'ingrosso.<\/p>\n<p>Bang Leader 350K \u00e8 un audace vape monouso mega puff costruito per i clienti che desiderano un lungo tempo di utilizzo, una variet\u00e0 pi\u00f9 ricca e un forte appeal sul mercato. Grazie alle combinazioni di aromi 8 in 1, al design ricaricabile Type-C, all'uscita della bobina a rete e al supporto OEM\/ODM, \u00e8 un'opzione potente per gli utenti pi\u00f9 esigenti, gli amanti dei sapori, i negozi di svapo e gli acquirenti globali all'ingrosso. Se desiderate un prodotto premium ad alto contenuto di vapore per rafforzare il vostro catalogo, la Bang Leader 350K \u00e8 un candidato di punta.<\/p>\n<h3>Bang Leader 350K Specifiche<\/h3>\n<table>\n<tbody>\n<tr>\n<th>Caratteristica<\/th>\n<th>Dettagli<\/th>\n<\/tr>\n<tr>\n<td>Nome del prodotto<\/td>\n<td>Bang Leader 350K<\/td>\n<\/tr>\n<tr>\n<td>Tipo di dispositivo<\/td>\n<td>Vape monouso 8 in 1<\/td>\n<\/tr>\n<tr>\n<td>Conteggio dei soffi<\/td>\n<td>Fino a 350000 soffi<\/td>\n<\/tr>\n<tr>\n<td>Batteria<\/td>\n<td>17350 850mAh<\/td>\n<\/tr>\n<tr>\n<td>Tipo di bobina<\/td>\n<td>Bobina a 1,0 maglie<\/td>\n<\/tr>\n<tr>\n<td>Porta di ricarica<\/td>\n<td>Tipo-C<\/td>\n<\/tr>\n<tr>\n<td>Forza della nicotina<\/td>\n<td>0% \/ 2% \/ 3% \/ 5%<\/td>\n<\/tr>\n<tr>\n<td>Personalizzazione<\/td>\n<td>OEM \/ ODM supportati<\/td>\n<\/tr>\n<tr>\n<td>Lingue di imballaggio<\/td>\n<td>Inglese \/ russo \/ spagnolo \/ lingue personalizzate<\/td>\n<\/tr>\n<tr>\n<td>Peso del singolo dispositivo<\/td>\n<td>140g<\/td>\n<\/tr>\n<tr>\n<td>10 Dispositivi Peso<\/td>\n<td>1400g<\/td>\n<\/tr>\n<tr>\n<td>Quantit\u00e0 di cartone<\/td>\n<td>200 pezzi<\/td>\n<\/tr>\n<tr>\n<td>Dimensioni della scatola<\/td>\n<td>51,5 \u00d7 51,5 \u00d7 30,5 cm<\/td>\n<\/tr>\n<tr>\n<td>Peso del cartone<\/td>\n<td>28 kg (senza il peso esterno del cartone)<\/td>\n<\/tr>\n<tr>\n<td>MOQ<\/td>\n<td>10 pezzi per set monogusto<\/td>\n<\/tr>\n<\/tbody>\n<\/table>\n<h3><img data-recalc-dims=\"1\" loading=\"lazy\" decoding=\"async\" class=\"alignnone size-full wp-image-114777\" src=\"https:\/\/i0.wp.com\/aiviouvapes.com\/wp-content\/uploads\/2026\/03\/BANG-LEADER-350K-1.jpg?resize=1020%2C372&#038;ssl=1\" alt=\"Bang Leader 350K\" width=\"1020\" height=\"372\" title=\"\" srcset=\"https:\/\/i0.wp.com\/aiviouvapes.com\/wp-content\/uploads\/2026\/03\/BANG-LEADER-350K-1.jpg?w=1920&amp;ssl=1 1920w, https:\/\/i0.wp.com\/aiviouvapes.com\/wp-content\/uploads\/2026\/03\/BANG-LEADER-350K-1.jpg?resize=300%2C109&amp;ssl=1 300w, https:\/\/i0.wp.com\/aiviouvapes.com\/wp-content\/uploads\/2026\/03\/BANG-LEADER-350K-1.jpg?resize=1024%2C373&amp;ssl=1 1024w, https:\/\/i0.wp.com\/aiviouvapes.com\/wp-content\/uploads\/2026\/03\/BANG-LEADER-350K-1.jpg?resize=768%2C280&amp;ssl=1 768w, https:\/\/i0.wp.com\/aiviouvapes.com\/wp-content\/uploads\/2026\/03\/BANG-LEADER-350K-1.jpg?resize=1536%2C560&amp;ssl=1 1536w, https:\/\/i0.wp.com\/aiviouvapes.com\/wp-content\/uploads\/2026\/03\/BANG-LEADER-350K-1.jpg?resize=18%2C7&amp;ssl=1 18w, https:\/\/i0.wp.com\/aiviouvapes.com\/wp-content\/uploads\/2026\/03\/BANG-LEADER-350K-1.jpg?resize=800%2C292&amp;ssl=1 800w\" sizes=\"auto, (max-width: 1020px) 100vw, 1020px\" \/><\/h3>\n<h3>Combinazioni di sapori<\/h3>\n<p>Bang Leader 350K utilizza un innovativo <strong>Sistema di commutazione del gusto 8 in 1<\/strong>. Ogni dispositivo include quattro aromi principali e quattro combinazioni automatiche di mix (1+2, 2+3, 3+4 e 4+1), consentendo agli utenti di gustare sia gli aromi puri che i gusti miscelati in un'unica svapata.<\/p>\n<p>I set di sapori coprono un'ampia gamma di profili popolari. Alcuni si concentrano su <strong>classici della frutta fresca<\/strong> come Blue Razz Ice, Watermelon Ice, Strawberry Ice e Lemon Lime. Altri portano <strong>miscele di bacche dolci e tropicali<\/strong> come Blueberry Ice, Tropical Fruit, Apple Kiwi Ice e Blue Razz Cherry.<\/p>\n<p>Ci sono anche combinazioni pi\u00f9 giocose ispirate a bevande e dessert, come Cherry Cola, Pink Lemonade, Mango Passion Fruit e Lemon Peach. Per gli amanti dei tropici, gusti come Ananas Cocco Ghiaccio, Kiwi Passion Fruit Guava e Pesca Mango Anguria offrono un gusto esotico pi\u00f9 ricco.<\/p>\n<p>Molti set mettono in risalto le pi\u00f9 popolari miscele di bacche e anguria come Strawberry Watermelon, Raspberry Watermelon, Blueberry Raspberry e Strawberry Banana, mentre altri presentano sapori unici come Dragonfruit Ice, Cherry Pomegranate, Love 66 e il noto profilo Fucking Fab.<\/p>\n<p>Nel complesso, la gamma di gusti dell'Bang Leader 350K \u00e8 progettata per mantenere l'esperienza fresca e interessante. Sia che gli utenti preferiscano i frutti ghiacciati, le miscele tropicali, i frutti di bosco dolci o i gusti in stile drink, il sistema di commutazione multi-sapore consente di esplorare facilmente gusti diversi senza dover cambiare dispositivo.<\/p>\n<h3>Per chi \u00e8 pi\u00f9 indicato questo Vape?<\/h3>\n<ul>\n<li>Gli utenti pi\u00f9 assidui che desiderano un dispositivo ad alto rendimento e di lunga durata<\/li>\n<li>Gli amanti dei sapori che amano passare da un gusto all'altro<\/li>\n<li>I vape shop che desiderano un'ammiraglia monouso di spicco<\/li>\n<li>Grossisti e distributori alla ricerca di prodotti mega puff pronti per l'OEM<\/li>\n<li>Acquirenti esportatori che necessitano di opzioni di nicotina e confezionamento flessibili<\/li>\n<\/ul>\n<h3>FAQ<\/h3>\n<h4>1. Quanti soffi offre la Bang Leader 350K?<\/h4>\n<p>La Bang Leader 350K offre fino a 350000 boccate, rendendola una svapata monouso ad altissima capacit\u00e0 per un uso prolungato.<\/p>\n<h4>2. L'Bang Leader 350K \u00e8 ricaricabile?<\/h4>\n<p>S\u00ec. Supporta la ricarica Type-C, che consente agli utenti di sfruttare la piena capacit\u00e0 del dispositivo in modo pi\u00f9 pratico.<\/p>\n<h4>3. Quale batteria utilizza questo dispositivo?<\/h4>\n<p>Il dispositivo utilizza una batteria 17350 da 850 mAh.<\/p>\n<h4>4. Quale bobina viene utilizzata nell'Bang Leader 350K?<\/h4>\n<p>Utilizza una bobina da 1,0 mesh per un riscaldamento stabile, un vapore pi\u00f9 fluido e una migliore resa aromatica.<\/p>\n<h4>5. Quali livelli di nicotina sono disponibili?<\/h4>\n<p>Le opzioni di intensit\u00e0 di nicotina includono 0%, 2%, 3% e 5%.<\/p>\n<h4>6. Questo prodotto supporta OEM o ODM?<\/h4>\n<p>S\u00ec. Bang Leader 350K supporta la personalizzazione OEM e ODM, ideale per progetti a marchio privato e all'ingrosso.<\/p>\n<h4>7. Quali sono le lingue di confezionamento disponibili?<\/h4>\n<p>Le confezioni possono essere personalizzate in inglese, russo, spagnolo e altre lingue in base alle esigenze del mercato.<\/p>\n<h4>8. Quante opzioni di gusto ci sono in un dispositivo?<\/h4>\n<p>Ogni dispositivo Bang Leader 350K \u00e8 stato progettato come un vape 8-in-1, con 4 sapori principali e 4 combinazioni miste.<\/p>\n<h4>9. Qual \u00e8 il MOQ?<\/h4>\n<p>La quantit\u00e0 minima ordinabile \u00e8 di 10 pezzi per un set monogusto.<\/p>\n<h4>10. L'Bang Leader 350K \u00e8 adatto alla vendita all'ingrosso?<\/h4>\n<p>S\u00ec. L'elevato numero di puff, il supporto alla personalizzazione, le opzioni di confezionamento adatte all'esportazione e l'accattivante sistema di aromi ne fanno una scelta forte per la distribuzione all'ingrosso.<\/p>\n<h3><img data-recalc-dims=\"1\" loading=\"lazy\" decoding=\"async\" class=\"alignnone size-full wp-image-114793\" src=\"https:\/\/i0.wp.com\/aiviouvapes.com\/wp-content\/uploads\/2026\/03\/BANG-LEADER-350K-17.jpg?resize=800%2C1920&#038;ssl=1\" alt=\"Bang Leader 350K\" width=\"800\" height=\"1920\" title=\"\" srcset=\"https:\/\/i0.wp.com\/aiviouvapes.com\/wp-content\/uploads\/2026\/03\/BANG-LEADER-350K-17.jpg?w=800&amp;ssl=1 800w, https:\/\/i0.wp.com\/aiviouvapes.com\/wp-content\/uploads\/2026\/03\/BANG-LEADER-350K-17.jpg?resize=125%2C300&amp;ssl=1 125w, https:\/\/i0.wp.com\/aiviouvapes.com\/wp-content\/uploads\/2026\/03\/BANG-LEADER-350K-17.jpg?resize=427%2C1024&amp;ssl=1 427w, https:\/\/i0.wp.com\/aiviouvapes.com\/wp-content\/uploads\/2026\/03\/BANG-LEADER-350K-17.jpg?resize=768%2C1843&amp;ssl=1 768w, https:\/\/i0.wp.com\/aiviouvapes.com\/wp-content\/uploads\/2026\/03\/BANG-LEADER-350K-17.jpg?resize=640%2C1536&amp;ssl=1 640w, https:\/\/i0.wp.com\/aiviouvapes.com\/wp-content\/uploads\/2026\/03\/BANG-LEADER-350K-17.jpg?resize=5%2C12&amp;ssl=1 5w\" sizes=\"auto, (max-width: 800px) 100vw, 800px\" \/><\/h3>","protected":false},"excerpt":{"rendered":"<p>Bang Leader 350K \u00e8 una svapata monouso 8 in 1 ad alta capacit\u00e0, pensata per gli utenti pi\u00f9 esigenti, gli amanti dei sapori e gli acquirenti all'ingrosso. Con fino a 350000 boccate, ricarica Type-C, prestazioni della bobina a rete e 8 modalit\u00e0 di aroma in un unico dispositivo, \u00e8 una scelta forte per i vape shop e i distributori.<\/p>","protected":false},"featured_media":114785,"comment_status":"open","ping_status":"closed","template":"","meta":[],"product_brand":[239],"product_cat":[37],"product_tag":[],"class_list":{"0":"post-114776","1":"product","2":"type-product","3":"status-publish","4":"has-post-thumbnail","6":"product_brand-bang","7":"product_cat-bang","9":"first","10":"instock","11":"shipping-taxable","12":"product-type-simple"},"jetpack_sharing_enabled":true,"tiered_pricing_type":"fixed","tiered_pricing_fixed_rules":[],"tiered_pricing_product_settings":{"layout":"default","base_unit_name":{"singular":null,"plural":null},"default_variation":null},"tiered_pricing_minimum_quantity":null,"tiered_pricing_roles_data":[],"tiered_pricing_percentage_rules":[],"tiered_pricing_maximum_quantity":null,"tiered_pricing_quantity_step":null,"_links":{"self":[{"href":"https:\/\/aiviouvapes.com\/it\/wp-json\/wp\/v2\/product\/114776","targetHints":{"allow":["GET"]}}],"collection":[{"href":"https:\/\/aiviouvapes.com\/it\/wp-json\/wp\/v2\/product"}],"about":[{"href":"https:\/\/aiviouvapes.com\/it\/wp-json\/wp\/v2\/types\/product"}],"replies":[{"embeddable":true,"href":"https:\/\/aiviouvapes.com\/it\/wp-json\/wp\/v2\/comments?post=114776"}],"wp:featuredmedia":[{"embeddable":true,"href":"https:\/\/aiviouvapes.com\/it\/wp-json\/wp\/v2\/media\/114785"}],"wp:attachment":[{"href":"https:\/\/aiviouvapes.com\/it\/wp-json\/wp\/v2\/media?parent=114776"}],"wp:term":[{"taxonomy":"product_brand","embeddable":true,"href":"https:\/\/aiviouvapes.com\/it\/wp-json\/wp\/v2\/product_brand?post=114776"},{"taxonomy":"product_cat","embeddable":true,"href":"https:\/\/aiviouvapes.com\/it\/wp-json\/wp\/v2\/product_cat?post=114776"},{"taxonomy":"product_tag","embeddable":true,"href":"https:\/\/aiviouvapes.com\/it\/wp-json\/wp\/v2\/product_tag?post=114776"}],"curies":[{"name":"wp","href":"https:\/\/api.w.org\/{rel}","templated":true}]}}