{"id":1134,"date":"2024-08-16T10:09:00","date_gmt":"2024-08-16T02:09:00","guid":{"rendered":"https:\/\/aiviouvapes.com\/?post_type=product&#038;p=1134"},"modified":"2025-06-17T11:25:32","modified_gmt":"2025-06-17T03:25:32","slug":"vapme-crown-bar-pro-max-18000-disposable-wholesale","status":"publish","type":"product","link":"https:\/\/aiviouvapes.com\/it\/product\/vapme-crown-bar-pro-max-18000-disposable-wholesale\/","title":{"rendered":"VAPME CROWN BAR 18000 boccate | 2%-5% nicotina, 25mL, luce RGB, vape monouso sfuso"},"content":{"rendered":"<h2>VAPME CROWN BAR 18000 tiri | 2% 5% nicotina, e-liquid da 25 ml, bobina a maglie avanzata, luce RGB, ricaricabile tipo C, acquisto all&#039;ingrosso di sigarette elettroniche usa e getta<\/h2>\n<h3>Panoramica del VAPME CROWN BAR 18000 Puff<\/h3>\n<ul>\n<li><strong>Capacit\u00e0 di soffio estesa<\/strong>: Fino a 18.000 boccate per un piacere prolungato e un valore eccezionale.<\/li>\n<li><strong>Generoso serbatoio per liquidi elettronici<\/strong>La capacit\u00e0 di 25 ml riduce al minimo le ricariche, offrendo una soddisfazione continua.<\/li>\n<li><strong>Batteria potente<\/strong>Batteria ricaricabile da 850 mAh con ricarica Type-C per un'alimentazione rapida ed efficiente.<\/li>\n<li><strong>Forza della nicotina<\/strong>: Disponibile con nicotina 2% e 5% per soddisfare le diverse preferenze.<\/li>\n<li><strong>Bobina a rete avanzata<\/strong>: Assicura un vapore omogeneo e costante a ogni boccata.<\/li>\n<li><strong>Elegante luce RGB<\/strong>: Aggiunge un elemento di grande impatto visivo, migliorando l'esperienza del vaping.<\/li>\n<\/ul>\n<h3>Caratteristiche principali del VAPME CROWN BAR 18000 Puff<\/h3>\n<ul>\n<li><strong>Longevit\u00e0 impressionante<\/strong>: 18.000 boccate per dispositivo per una svapata di alto valore e di lunga durata.<\/li>\n<li><strong>Elegante e portatile<\/strong>: Design compatto ed elegante con illuminazione RGB per un utilizzo facile e accattivante in movimento.<\/li>\n<li><strong>Facile da usare<\/strong>: Ricaricabile e facile da usare, richiede una manutenzione minima.<\/li>\n<li><strong>Ricarica rapida<\/strong>: La porta di ricarica Type-C consente un'alimentazione rapida e affidabile.<\/li>\n<\/ul>\n<h3>VAPME CROWN BAR 18000 Selezione di gusti di boccata<\/h3>\n<p>Ghiaccio Lush, Ghiaccio Berry, Gomma al Mirtillo, Fiesta alla Ciliegia, Punch all&#039;Uva, Anguria alla Fragola, Mango Freeze, Punch alla Fragola, Dolce Frutto della Passione, Mirtillo Lampone, Due Mele, Amore 66<\/p>\n<h3>Perch\u00e9 scegliere VAPME CROWN BAR 18000 Puffs?<\/h3>\n<p>L'VAPME CROWN BAR 18000 Puff combina tecnologia all'avanguardia, variet\u00e0 di aromi e facilit\u00e0 d'uso, rendendolo la scelta ideale per vapers e rivenditori. Grazie all'impressionante numero di puff, alla batteria ad alta capacit\u00e0 e ai diversi aromi, questo dispositivo offre un'esperienza di vaping di qualit\u00e0 superiore che soddisfa standard elevati. Disponibile all'ingrosso, la VAPME CROWN BAR 18000 Puffs \u00e8 perfetta per i rivenditori che cercano una svapata di alta qualit\u00e0 e visivamente accattivante che i clienti ameranno. Elevate la vostra linea di prodotti con questo eccezionale dispositivo e soddisfate i vostri clienti con un piacere di svapo senza pari.<\/p>\n<p><a href=\"https:\/\/i0.wp.com\/aiviouvapes.com\/wp-content\/uploads\/2024\/08\/f7f3e131585363a019c6930a19549c6-1.jpg?ssl=1\"><img data-recalc-dims=\"1\" loading=\"lazy\" decoding=\"async\" class=\"alignnone size-full wp-image-6733\" title=\"VAPME CROWN BAR 18000 soffi 2% 5% Nicotina ricaricabile Bulk Buy Vape usa e getta all&#039;ingrosso\" src=\"https:\/\/i0.wp.com\/aiviouvapes.com\/wp-content\/uploads\/2024\/08\/f7f3e131585363a019c6930a19549c6-1.jpg?resize=1020%2C1442&#038;ssl=1\" alt=\"VAPME CROWN BAR 18000 soffi 2% 5% Nicotina ricaricabile Bulk Buy Vape usa e getta all&#039;ingrosso\" width=\"1020\" height=\"1442\" srcset=\"https:\/\/i0.wp.com\/aiviouvapes.com\/wp-content\/uploads\/2024\/08\/f7f3e131585363a019c6930a19549c6-1.jpg?w=1358&amp;ssl=1 1358w, https:\/\/i0.wp.com\/aiviouvapes.com\/wp-content\/uploads\/2024\/08\/f7f3e131585363a019c6930a19549c6-1.jpg?resize=212%2C300&amp;ssl=1 212w, https:\/\/i0.wp.com\/aiviouvapes.com\/wp-content\/uploads\/2024\/08\/f7f3e131585363a019c6930a19549c6-1.jpg?resize=724%2C1024&amp;ssl=1 724w, https:\/\/i0.wp.com\/aiviouvapes.com\/wp-content\/uploads\/2024\/08\/f7f3e131585363a019c6930a19549c6-1.jpg?resize=768%2C1086&amp;ssl=1 768w, https:\/\/i0.wp.com\/aiviouvapes.com\/wp-content\/uploads\/2024\/08\/f7f3e131585363a019c6930a19549c6-1.jpg?resize=1086%2C1536&amp;ssl=1 1086w, https:\/\/i0.wp.com\/aiviouvapes.com\/wp-content\/uploads\/2024\/08\/f7f3e131585363a019c6930a19549c6-1.jpg?resize=8%2C12&amp;ssl=1 8w, https:\/\/i0.wp.com\/aiviouvapes.com\/wp-content\/uploads\/2024\/08\/f7f3e131585363a019c6930a19549c6-1.jpg?resize=800%2C1131&amp;ssl=1 800w\" sizes=\"auto, (max-width: 1020px) 100vw, 1020px\" \/><\/a><\/p>\n<h3>Perch\u00e9 scegliere AiviouVapes<\/h3>\n<p>Benvenuti a <a href=\"https:\/\/aiviouvapes.com\/it\/\">AiviouVapes<\/a> - la vostra fonte di fiducia per prodotti premium e convenienti <a href=\"https:\/\/aiviouvapes.com\/it\/shop\/\">vapes monouso all'ingrosso<\/a> a prezzi veramente bassi. Con oltre cinque anni di esperienza nel settore del vape, siamo orgogliosi di offrire una selezione selezionata di marchi leader, tra cui <a href=\"https:\/\/aiviouvapes.com\/it\/categoria-prodotto\/waspe\/\">WASPE<\/a>, <a href=\"https:\/\/aiviouvapes.com\/it\/categoria-prodotto\/bang\/\">Bang Vape<\/a>, <a href=\"https:\/\/aiviouvapes.com\/it\/categoria-prodotto\/vapme-vapes\/\">Vapme<\/a>, e <a href=\"https:\/\/aiviouvapes.com\/it\/categoria-prodotto\/mrvi\/\">MRVI<\/a>.<\/p>\n<p>Dai dispositivi ad alta pressione come il <a href=\"https:\/\/aiviouvapes.com\/it\/prodotto\/waspe-4-in-1-100000-puffs\/\">WASPE 100K gusto 4 in 1<\/a> ai preferiti in grassetto come il <a href=\"https:\/\/aiviouvapes.com\/it\/prodotto\/bang-king-triple-flavors-85000\/\">Bang 85.000 Triplo soffio<\/a>e anche l'emozionante <a class=\"woocommerce-LoopProduct-link woocommerce-loop-product__link\" href=\"https:\/\/aiviouvapes.com\/it\/prodotto\/mystery-vape-blind-box\/\">Mystery Vape Box usa e getta<\/a>Ogni prodotto \u00e8 scelto per la massima qualit\u00e0 e il valore imbattibile. AiviouVapes offre un servizio eccellente, risparmi all'ingrosso e una collezione progettata per soddisfare le vostre esigenze di vaping.<\/p>\n<div class=\"row row-large row-full-width align-middle\"  id=\"row-1187166412\">\n\n\n\t<div id=\"col-400495881\" class=\"col medium-3 small-6 large-3\"  >\n\t\t\t\t<div class=\"col-inner text-center\"  >\n\t\t\t\n\t\t\t\n\n\n\t\t<div class=\"icon-box featured-box icon-box-top text-left\"  >\n\t\t\t\t\t<div class=\"icon-box-img\" style=\"width: 90px\">\n\t\t\t\t<div class=\"icon\">\n\t\t\t\t\t<div class=\"icon-inner\" >\n\t\t\t\t\t\t<img loading=\"lazy\" decoding=\"async\" width=\"200\" height=\"200\" src=\"https:\/\/i0.wp.com\/aiviouvapes.com\/wp-content\/uploads\/2024\/08\/vape-1-1.png?fit=200%2C200&amp;ssl=1\" class=\"attachment-medium size-medium\" alt=\"Perch\u00e9 scegliere AIVIOUVAPES\" srcset=\"https:\/\/i0.wp.com\/aiviouvapes.com\/wp-content\/uploads\/2024\/08\/vape-1-1.png?w=200&amp;ssl=1 200w, https:\/\/i0.wp.com\/aiviouvapes.com\/wp-content\/uploads\/2024\/08\/vape-1-1.png?resize=150%2C150&amp;ssl=1 150w, https:\/\/i0.wp.com\/aiviouvapes.com\/wp-content\/uploads\/2024\/08\/vape-1-1.png?resize=12%2C12&amp;ssl=1 12w, https:\/\/i0.wp.com\/aiviouvapes.com\/wp-content\/uploads\/2024\/08\/vape-1-1.png?resize=100%2C100&amp;ssl=1 100w\" sizes=\"auto, (max-width: 200px) 100vw, 200px\" title=\"\">\t\t\t\t\t<\/div>\n\t\t\t\t<\/div>\n\t\t\t<\/div>\n\t\t\t\t<div class=\"icon-box-text last-reset\">\n\t\t\t\t\t\t\t\t\t\n\n\t<div id=\"text-3182215908\" class=\"text\">\n\t\t\n\n<h3 style=\"text-align: center;\">Ampia variet\u00e0 di vaporizzatori<\/h3>\n<p style=\"text-align: center;\">Scopri la nostra vasta gamma di prodotti, realizzati per soddisfare ogni preferenza.<\/p>\n\t\t\n<style>\n#text-3182215908 {\n  font-size: 0.9rem;\n}\n<\/style>\n\t<\/div>\n\t\n\n\t\t<\/div>\n\t<\/div>\n\t\n\t\n\n\t\t<\/div>\n\t\t\t\t\t<\/div>\n\n\t\n\n\t<div id=\"col-1136537481\" class=\"col medium-3 small-6 large-3\"  >\n\t\t\t\t<div class=\"col-inner text-center\"  >\n\t\t\t\n\t\t\t\n\n\n\t\t<div class=\"icon-box featured-box icon-box-top text-left\"  >\n\t\t\t\t\t<div class=\"icon-box-img\" style=\"width: 90px\">\n\t\t\t\t<div class=\"icon\">\n\t\t\t\t\t<div class=\"icon-inner\" >\n\t\t\t\t\t\t<img loading=\"lazy\" decoding=\"async\" width=\"200\" height=\"200\" src=\"https:\/\/i0.wp.com\/aiviouvapes.com\/wp-content\/uploads\/2024\/08\/save-money-1-1-1.png?fit=200%2C200&amp;ssl=1\" class=\"attachment-medium size-medium\" alt=\"Perch\u00e9 scegliere AIVIOUVAPES\" srcset=\"https:\/\/i0.wp.com\/aiviouvapes.com\/wp-content\/uploads\/2024\/08\/save-money-1-1-1.png?w=200&amp;ssl=1 200w, https:\/\/i0.wp.com\/aiviouvapes.com\/wp-content\/uploads\/2024\/08\/save-money-1-1-1.png?resize=150%2C150&amp;ssl=1 150w, https:\/\/i0.wp.com\/aiviouvapes.com\/wp-content\/uploads\/2024\/08\/save-money-1-1-1.png?resize=12%2C12&amp;ssl=1 12w, https:\/\/i0.wp.com\/aiviouvapes.com\/wp-content\/uploads\/2024\/08\/save-money-1-1-1.png?resize=100%2C100&amp;ssl=1 100w\" sizes=\"auto, (max-width: 200px) 100vw, 200px\" title=\"\">\t\t\t\t\t<\/div>\n\t\t\t\t<\/div>\n\t\t\t<\/div>\n\t\t\t\t<div class=\"icon-box-text last-reset\">\n\t\t\t\t\t\t\t\t\t\n\n\t<div id=\"text-2402931242\" class=\"text\">\n\t\t\n\n<h3 style=\"text-align: center;\">Valore imbattibile<\/h3>\n<p style=\"text-align: center;\">Approfitta di prodotti di alta qualit\u00e0 a prezzi adatti al tuo budget.<\/p>\n\t\t\n<style>\n#text-2402931242 {\n  font-size: 0.9rem;\n}\n<\/style>\n\t<\/div>\n\t\n\n\t\t<\/div>\n\t<\/div>\n\t\n\t\n\n\t\t<\/div>\n\t\t\t\t\t<\/div>\n\n\t\n\n\t<div id=\"col-904616867\" class=\"col medium-3 small-6 large-3\"  >\n\t\t\t\t<div class=\"col-inner text-center\"  >\n\t\t\t\n\t\t\t\n\n\n\t\t<div class=\"icon-box featured-box icon-box-top text-left\"  >\n\t\t\t\t\t<div class=\"icon-box-img\" style=\"width: 90px\">\n\t\t\t\t<div class=\"icon\">\n\t\t\t\t\t<div class=\"icon-inner\" >\n\t\t\t\t\t\t<img loading=\"lazy\" decoding=\"async\" width=\"200\" height=\"200\" src=\"https:\/\/i0.wp.com\/aiviouvapes.com\/wp-content\/uploads\/2024\/08\/delivery-truck-1-1.png?fit=200%2C200&amp;ssl=1\" class=\"attachment-medium size-medium\" alt=\"Perch\u00e9 scegliere AIVIOUVAPES\" srcset=\"https:\/\/i0.wp.com\/aiviouvapes.com\/wp-content\/uploads\/2024\/08\/delivery-truck-1-1.png?w=200&amp;ssl=1 200w, https:\/\/i0.wp.com\/aiviouvapes.com\/wp-content\/uploads\/2024\/08\/delivery-truck-1-1.png?resize=150%2C150&amp;ssl=1 150w, https:\/\/i0.wp.com\/aiviouvapes.com\/wp-content\/uploads\/2024\/08\/delivery-truck-1-1.png?resize=12%2C12&amp;ssl=1 12w, https:\/\/i0.wp.com\/aiviouvapes.com\/wp-content\/uploads\/2024\/08\/delivery-truck-1-1.png?resize=100%2C100&amp;ssl=1 100w\" sizes=\"auto, (max-width: 200px) 100vw, 200px\" title=\"\">\t\t\t\t\t<\/div>\n\t\t\t\t<\/div>\n\t\t\t<\/div>\n\t\t\t\t<div class=\"icon-box-text last-reset\">\n\t\t\t\t\t\t\t\t\t\n\n\t<div id=\"text-1374753922\" class=\"text\">\n\t\t\n\n<h3 style=\"text-align: center;\">Spedizione globale rapida<\/h3>\n<p style=\"text-align: center;\">Effettuiamo consegne in tutto il mondo con sdoganamento garantito per un&#039;esperienza senza intoppi.<\/p>\n\t\t\n<style>\n#text-1374753922 {\n  font-size: 0.9rem;\n}\n<\/style>\n\t<\/div>\n\t\n\n\t\t<\/div>\n\t<\/div>\n\t\n\t\n\n\t\t<\/div>\n\t\t\t\t\t<\/div>\n\n\t\n\n\t<div id=\"col-1972933536\" class=\"col medium-3 small-6 large-3\"  >\n\t\t\t\t<div class=\"col-inner text-center\"  >\n\t\t\t\n\t\t\t\n\n\n\t\t<div class=\"icon-box featured-box icon-box-top text-left\"  >\n\t\t\t\t\t<div class=\"icon-box-img\" style=\"width: 90px\">\n\t\t\t\t<div class=\"icon\">\n\t\t\t\t\t<div class=\"icon-inner\" >\n\t\t\t\t\t\t<img loading=\"lazy\" decoding=\"async\" width=\"200\" height=\"200\" src=\"https:\/\/i0.wp.com\/aiviouvapes.com\/wp-content\/uploads\/2024\/08\/support-1-1.png?fit=200%2C200&amp;ssl=1\" class=\"attachment-medium size-medium\" alt=\"Perch\u00e9 scegliere AIVIOUVAPES\" srcset=\"https:\/\/i0.wp.com\/aiviouvapes.com\/wp-content\/uploads\/2024\/08\/support-1-1.png?w=200&amp;ssl=1 200w, https:\/\/i0.wp.com\/aiviouvapes.com\/wp-content\/uploads\/2024\/08\/support-1-1.png?resize=150%2C150&amp;ssl=1 150w, https:\/\/i0.wp.com\/aiviouvapes.com\/wp-content\/uploads\/2024\/08\/support-1-1.png?resize=12%2C12&amp;ssl=1 12w, https:\/\/i0.wp.com\/aiviouvapes.com\/wp-content\/uploads\/2024\/08\/support-1-1.png?resize=100%2C100&amp;ssl=1 100w\" sizes=\"auto, (max-width: 200px) 100vw, 200px\" title=\"\">\t\t\t\t\t<\/div>\n\t\t\t\t<\/div>\n\t\t\t<\/div>\n\t\t\t\t<div class=\"icon-box-text last-reset\">\n\t\t\t\t\t\t\t\t\t\n\n\t<div id=\"text-1277490517\" class=\"text\">\n\t\t\n\n<h3 style=\"text-align: center;\">Assistenza 24 ore su 24<\/h3>\n<p style=\"text-align: center;\">Puoi contattare il nostro team di supporto in qualsiasi momento, 24 ore su 24, 7 giorni su 7, tramite WhatsApp o e-mail.<\/p>\n\t\t\n<style>\n#text-1277490517 {\n  font-size: 0.9rem;\n}\n<\/style>\n\t<\/div>\n\t\n\n\t\t<\/div>\n\t<\/div>\n\t\n\t\n\n\t\t<\/div>\n\t\t\t\t\t<\/div>\n\n\t\n\n<\/div>\n<div class=\"row row-full-width align-middle\"  id=\"row-1037940990\">\n\n\n\t<div id=\"col-1294682060\" class=\"col medium-6 small-12 large-6\"  >\n\t\t\t\t<div class=\"col-inner\"  >\n\t\t\t\n\t\t\t\n\n\t<div class=\"img has-hover x md-x lg-x y md-y lg-y\" id=\"image_522000868\">\n\t\t\t\t\t\t\t\t<div class=\"img-inner dark\" >\n\t\t\t<img loading=\"lazy\" decoding=\"async\" width=\"930\" height=\"1024\" src=\"https:\/\/i0.wp.com\/aiviouvapes.com\/wp-content\/uploads\/2024\/08\/%E6%8B%BC%E5%9B%BE.jpg?fit=930%2C1024&amp;ssl=1\" class=\"attachment-large size-large\" alt=\"Perch\u00e9 scegliere AIVIOUVAPES\" title=\"\">\t\t\t\t\t\t\n\t\t\t\t\t<\/div>\n\t\t\t\t\t\t\t\t\n<style>\n#image_522000868 {\n  width: 100%;\n}\n<\/style>\n\t<\/div>\n\t\n\n\n\t\t<\/div>\n\t\t\t\t\t<\/div>\n\n\t\n\n\t<div id=\"col-786337035\" class=\"col medium-6 small-12 large-6\"  >\n\t\t\t\t<div class=\"col-inner\"  >\n\t\t\t\n\t\t\t\n\n<div class=\"container section-title-container\" ><h4 class=\"section-title section-title-normal\"><b aria-hidden=\"true\"><\/b><span class=\"section-title-main\" style=\"font-size:91%;\">I nostri vantaggi<\/span><b aria-hidden=\"true\"><\/b><\/h4><\/div>\n\n<div class=\"accordion\">\n\n\t<div id=\"accordion-784942020\" class=\"accordion-item\">\n\t\t<a id=\"accordion-784942020-label\" class=\"accordion-title plain\" href=\"#accordion-item-commitment-to-quality\" aria-expanded=\"false\" aria-controls=\"accordion-784942020-content\">\n\t\t\t<button class=\"toggle\" aria-label=\"Attiva\/Disattiva\"><i class=\"icon-angle-down\" aria-hidden=\"true\"><\/i><\/button>\n\t\t\t<span>Impegno per la qualit\u00e0<\/span>\n\t\t<\/a>\n\t\t<div id=\"accordion-784942020-content\" class=\"accordion-inner\" aria-labelledby=\"accordion-784942020-label\">\n\t\t\t\n\n<p>A <a href=\"https:\/\/aiviouvapes.com\/it\/\">AiviouVape<\/a>, la qualit\u00e0 guida tutto ci\u00f2 che facciamo. I nostri vaporizzatori monouso sono realizzati meticolosamente e rigorosamente testati per soddisfare gli standard pi\u00f9 elevati, garantendo un&#039;esperienza di svapo fluida e affidabile ogni volta. Con il nostro impegno per zero difetti e zero reclami, puoi essere certo di ottenere il meglio.<\/p>\n\n\t\t<\/div>\n\t<\/div>\n\t\n\t<div id=\"accordion-3046888660\" class=\"accordion-item\">\n\t\t<a id=\"accordion-3046888660-label\" class=\"accordion-title plain\" href=\"#accordion-item-diverse-range-of-products\" aria-expanded=\"false\" aria-controls=\"accordion-3046888660-content\">\n\t\t\t<button class=\"toggle\" aria-label=\"Attiva\/Disattiva\"><i class=\"icon-angle-down\" aria-hidden=\"true\"><\/i><\/button>\n\t\t\t<span>Una vasta gamma di prodotti<\/span>\n\t\t<\/a>\n\t\t<div id=\"accordion-3046888660-content\" class=\"accordion-inner\" aria-labelledby=\"accordion-3046888660-label\">\n\t\t\t\n\n<p>Siamo orgogliosi di offrire un'ampia gamma di vapers monouso di alta qualit\u00e0 per soddisfare ogni preferenza. Dalle ultime innovazioni ai preferiti dai fan di lunga data, la nostra selezione comprende marchi affidabili come Waspe, Vapme, RandM Tornado, Bang Box, ELF Box e Bang King. Che siate alla ricerca dei sapori audaci di Vapme o del design elegante di RandM Tornado, la nostra collezione \u00e8 stata creata per aiutarvi a scoprire la svapata perfetta per i vostri gusti e il vostro stile di vita.<\/p>\n\n\n\t\t<\/div>\n\t<\/div>\n\t\n\t<div id=\"accordion-1890596384\" class=\"accordion-item\">\n\t\t<a id=\"accordion-1890596384-label\" class=\"accordion-title plain\" href=\"#accordion-item-wholesale-and-retail-solutions\" aria-expanded=\"false\" aria-controls=\"accordion-1890596384-content\">\n\t\t\t<button class=\"toggle\" aria-label=\"Attiva\/Disattiva\"><i class=\"icon-angle-down\" aria-hidden=\"true\"><\/i><\/button>\n\t\t\t<span>Soluzioni per la vendita all'ingrosso e al dettaglio<\/span>\n\t\t<\/a>\n\t\t<div id=\"accordion-1890596384-content\" class=\"accordion-inner\" aria-labelledby=\"accordion-1890596384-label\">\n\t\t\t\n\n<p>AiviouVape soddisfa le esigenze sia dei clienti al dettaglio che di quelli all&#039;ingrosso, offrendo prodotti e servizi eccezionali ogni volta. Se sei nuovo con noi, ti consigliamo di iniziare con un piccolo lotto per sperimentare la nostra qualit\u00e0 in prima persona. Con prezzi competitivi e standard premium, siamo la scelta di fiducia nel settore dello svapo monouso.\u00a0<\/p>\n\n\t\t<\/div>\n\t<\/div>\n\t\n\t<div id=\"accordion-2216751544\" class=\"accordion-item\">\n\t\t<a id=\"accordion-2216751544-label\" class=\"accordion-title plain\" href=\"#accordion-item-continuous-improvement\" aria-expanded=\"false\" aria-controls=\"accordion-2216751544-content\">\n\t\t\t<button class=\"toggle\" aria-label=\"Attiva\/Disattiva\"><i class=\"icon-angle-down\" aria-hidden=\"true\"><\/i><\/button>\n\t\t\t<span>Miglioramento continuo<\/span>\n\t\t<\/a>\n\t\t<div id=\"accordion-2216751544-content\" class=\"accordion-inner\" aria-labelledby=\"accordion-2216751544-label\">\n\t\t\t\n\n<p>Ci\u00f2 che distingue AiviouVape \u00e8 la nostra dedizione a un servizio clienti eccezionale. Che tu abbia bisogno di consigli prima dell&#039;acquisto o di assistenza con un ordine, il nostro team \u00e8 sempre disponibile tramite WhatsApp o e-mail. Ci impegniamo a costruire relazioni durature con i nostri clienti, assicurando la tua soddisfazione in ogni fase del percorso.<\/p>\n\n\t\t<\/div>\n\t<\/div>\n\t\n\t<div id=\"accordion-3905817623\" class=\"accordion-item\">\n\t\t<a id=\"accordion-3905817623-label\" class=\"accordion-title plain\" href=\"#accordion-item-quality-assurance\" aria-expanded=\"false\" aria-controls=\"accordion-3905817623-content\">\n\t\t\t<button class=\"toggle\" aria-label=\"Attiva\/Disattiva\"><i class=\"icon-angle-down\" aria-hidden=\"true\"><\/i><\/button>\n\t\t\t<span>Garanzia di qualit\u00e0<\/span>\n\t\t<\/a>\n\t\t<div id=\"accordion-3905817623-content\" class=\"accordion-inner\" aria-labelledby=\"accordion-3905817623-label\">\n\t\t\t\n\n<p>In ogni fase, sviluppo del prodotto, produzione, marketing e distribuzione, il nostro impegno per la qualit\u00e0 non vacilla mai. I nostri vaporizzatori monouso vengono sottoposti a rigorosi test per garantire che siano atossici, puri e offrano un sapore eccezionale. Questa dedizione all&#039;eccellenza costituisce la spina dorsale della nostra cultura aziendale.<\/p>\n\n\t\t<\/div>\n\t<\/div>\n\t\n\t<div id=\"accordion-2487949146\" class=\"accordion-item\">\n\t\t<a id=\"accordion-2487949146-label\" class=\"accordion-title plain\" href=\"#accordion-item-efficient-logistics-and-delivery\" aria-expanded=\"false\" aria-controls=\"accordion-2487949146-content\">\n\t\t\t<button class=\"toggle\" aria-label=\"Attiva\/Disattiva\"><i class=\"icon-angle-down\" aria-hidden=\"true\"><\/i><\/button>\n\t\t\t<span>Logistica e consegna efficienti<\/span>\n\t\t<\/a>\n\t\t<div id=\"accordion-2487949146-content\" class=\"accordion-inner\" aria-labelledby=\"accordion-2487949146-label\">\n\t\t\t\n\n<p>AiviouVape fornisce logistica e consegna efficienti, inclusi i servizi DDP (Delivered Duty Paid), assicurando uno sdoganamento senza intoppi senza commissioni o tasse. Con una consegna rapida e un&#039;assistenza clienti eccezionale, offriamo un&#039;esperienza fluida e affidabile, rendendoci un partner di fiducia nel settore.<\/p>\n\n\t\t<\/div>\n\t<\/div>\n\t\n\t<div id=\"accordion-3919711750\" class=\"accordion-item\">\n\t\t<a id=\"accordion-3919711750-label\" class=\"accordion-title plain\" href=\"#accordion-item-odm-and-oem-services\" aria-expanded=\"false\" aria-controls=\"accordion-3919711750-content\">\n\t\t\t<button class=\"toggle\" aria-label=\"Attiva\/Disattiva\"><i class=\"icon-angle-down\" aria-hidden=\"true\"><\/i><\/button>\n\t\t\t<span>Servizi ODM e OEM<\/span>\n\t\t<\/a>\n\t\t<div id=\"accordion-3919711750-content\" class=\"accordion-inner\" aria-labelledby=\"accordion-3919711750-label\">\n\t\t\t\n\n<p>AiviouVapes offre servizi completi ODM (Original Design Manufacturing) e OEM (Original Equipment Manufacturing). Con due grandi strutture, aiutiamo i clienti a progettare prodotti unici e loghi accattivanti per il packaging. Forniamo inoltre una guida gratuita alla progettazione del packaging e supportiamo i clienti che confezionano i propri prodotti, assicurando che il loro marchio brilli sul mercato.<\/p>\n\n\t\t<\/div>\n\t<\/div>\n\t\n\n<\/div>\n\n\t\t<\/div>\n\t\t\t\t\t<\/div>\n\n\t\n\n<\/div>","protected":false},"excerpt":{"rendered":"<p>VAPME Crown Bar 18K eroga 18.000 boccate con una capacit\u00e0 di 25 ml di e-liquid e una batteria ricaricabile da 850 mAh. Dotata di bobine a rete avanzate, illuminazione RGB e ricarica rapida Type-C, offre un'esperienza di svapo fluida, saporita e di grande impatto visivo.<\/p>","protected":false},"featured_media":1149,"comment_status":"open","ping_status":"closed","template":"","meta":[],"product_brand":[233],"product_cat":[20,128,90,117,76,134,135,133,136,137,146,138,139,140,141,142,143,144,145,132,77,82],"product_tag":[],"class_list":{"0":"post-1134","1":"product","2":"type-product","3":"status-publish","4":"has-post-thumbnail","6":"product_brand-vapme","7":"product_cat-vapme-vapes","8":"product_cat-18000-puffs-disposable-vape","9":"product_cat-big-puffs-vapes","10":"product_cat-different-puffs-of-diposable-vapes","11":"product_cat-disposable-vape-types","12":"product_cat-disposable-vapes-in-austria","13":"product_cat-disposable-vapes-in-belgium","14":"product_cat-disposable-vapes-in-europe","15":"product_cat-disposable-vapes-in-france","16":"product_cat-disposable-vapes-in-germany","17":"product_cat-disposable-vapes-in-hungary","18":"product_cat-disposable-vapes-in-ltaly","19":"product_cat-disposable-vapes-in-netherlands","20":"product_cat-disposable-vapes-in-norway","21":"product_cat-disposable-vapes-in-poland","22":"product_cat-disposable-vapes-in-portugal","23":"product_cat-disposable-vapes-in-spain","24":"product_cat-disposable-vapes-in-sweden","25":"product_cat-disposable-vapes-in-switzerland","26":"product_cat-rechargeable-vapes","27":"product_cat-shisha-hookah-vapes","28":"product_cat-smart-screen-vapes","30":"first","31":"instock","32":"shipping-taxable","33":"purchasable","34":"product-type-variable","35":"has-default-attributes"},"jetpack_sharing_enabled":true,"tiered_pricing_type":"fixed","tiered_pricing_fixed_rules":{"2000":6.5},"tiered_pricing_product_settings":{"layout":"default","base_unit_name":{"singular":null,"plural":null},"default_variation":null},"tiered_pricing_minimum_quantity":1000,"tiered_pricing_roles_data":[],"tiered_pricing_percentage_rules":[],"tiered_pricing_maximum_quantity":null,"tiered_pricing_quantity_step":"10","_links":{"self":[{"href":"https:\/\/aiviouvapes.com\/it\/wp-json\/wp\/v2\/product\/1134","targetHints":{"allow":["GET"]}}],"collection":[{"href":"https:\/\/aiviouvapes.com\/it\/wp-json\/wp\/v2\/product"}],"about":[{"href":"https:\/\/aiviouvapes.com\/it\/wp-json\/wp\/v2\/types\/product"}],"replies":[{"embeddable":true,"href":"https:\/\/aiviouvapes.com\/it\/wp-json\/wp\/v2\/comments?post=1134"}],"wp:featuredmedia":[{"embeddable":true,"href":"https:\/\/aiviouvapes.com\/it\/wp-json\/wp\/v2\/media\/1149"}],"wp:attachment":[{"href":"https:\/\/aiviouvapes.com\/it\/wp-json\/wp\/v2\/media?parent=1134"}],"wp:term":[{"taxonomy":"product_brand","embeddable":true,"href":"https:\/\/aiviouvapes.com\/it\/wp-json\/wp\/v2\/product_brand?post=1134"},{"taxonomy":"product_cat","embeddable":true,"href":"https:\/\/aiviouvapes.com\/it\/wp-json\/wp\/v2\/product_cat?post=1134"},{"taxonomy":"product_tag","embeddable":true,"href":"https:\/\/aiviouvapes.com\/it\/wp-json\/wp\/v2\/product_tag?post=1134"}],"curies":[{"name":"wp","href":"https:\/\/api.w.org\/{rel}","templated":true}]}}