{"id":111052,"date":"2026-02-27T00:02:11","date_gmt":"2026-02-26T16:02:11","guid":{"rendered":"https:\/\/aiviouvapes.com\/?post_type=product&#038;p=111052"},"modified":"2026-03-17T11:19:06","modified_gmt":"2026-03-17T03:19:06","slug":"fihp-90k","status":"publish","type":"product","link":"https:\/\/aiviouvapes.com\/it\/product\/fihp-90k\/","title":{"rendered":"FIHP 90K 3-in-1 | 90.000 boccate, 42ml, triplo aroma, schermo LED, vape monouso"},"content":{"rendered":"<p><!-- Short SEO Description --><\/p>\n<h2>FIHP 90000 3-in-1 90.000 puff | triplo sapore schermo LED ricaricabile vape usa e getta<\/h2>\n<p>\ud83d\udd25 <strong>Potenza a triplo sapore. Prestazioni massicce a 90K. Controllo LED intelligente.<\/strong> \ud83d\udd25<\/p>\n<p><strong>FIHP 90000 90K boccate di vapore monouso<\/strong> \u00e8 stata progettata per i vapers pi\u00f9 seri che esigono un'estrema longevit\u00e0, un'erogazione di aromi decisa e un'usabilit\u00e0 intelligente. Caratterizzato da un innovativo <strong>Sistema a triplo aroma 3 in 1<\/strong>, Questo dispositivo integra tre aromi di prima qualit\u00e0 in un'unica potente unit\u00e0 con un enorme <strong>Capacit\u00e0 di 42 ml di e-liquido<\/strong>.<\/p>\n<p>Progettato per gli utenti pi\u00f9 esigenti e per i mercati all'ingrosso, fornisce fino a <strong>90.000 soffi<\/strong> mantenendo un vapore omogeneo e costante dalla prima all'ultima estrazione. Dotata di un <strong>Bobina a doppia maglia da 0,9\u03a9<\/strong> e <strong>Batteria ricaricabile da 650 mAh<\/strong> con ricarica rapida Type-C, questo avanzato monouso assicura nuvole dense e una chiarezza di sapore superiore ogni volta.<\/p>\n<h3>Panoramica e caratteristiche dell'FIHP 90K<\/h3>\n<p>- Fino a 90.000 soffi, prestazioni ultra-lunghe<br \/>\n- Sistema a triplo aroma 3 in 1 (capacit\u00e0 totale 42 ml)<br \/>\n- Bobina a doppia maglia da 0,9\u03a9 per una maggiore densit\u00e0 di vapore<br \/>\n- Batteria ricaricabile da 650 mAh<br \/>\n- Supporto per la ricarica rapida Type-C<br \/>\n- Schermo LED intelligente con percentuale di batteria in tempo reale<br \/>\n- Disponibile nelle gradazioni di nicotina 2% e 5%<br \/>\n- 10 combinazioni di sapori premium<br \/>\n- 10 pezzi per scatola - confezione adatta alla vendita all'ingrosso<\/p>\n<h3>Specifiche FIHP 90K<\/h3>\n<table>\n<tbody>\n<tr>\n<th>Caratteristica<\/th>\n<th>Dettagli<\/th>\n<\/tr>\n<tr>\n<td>Conteggio dei soffi<\/td>\n<td>Fino a 90.000 boccate<\/td>\n<\/tr>\n<tr>\n<td>Capacit\u00e0 del liquido elettronico<\/td>\n<td>42 ml (sistema a triplo aroma)<\/td>\n<\/tr>\n<tr>\n<td>Bobina<\/td>\n<td>Bobina a doppia maglia da 0,9\u03a9<\/td>\n<\/tr>\n<tr>\n<td>Batteria<\/td>\n<td>650mAh Ricaricabile<\/td>\n<\/tr>\n<tr>\n<td>Ricarica<\/td>\n<td>Ricarica rapida di tipo C<\/td>\n<\/tr>\n<tr>\n<td>Display<\/td>\n<td>LED intelligente (batteria in tempo reale %)<\/td>\n<\/tr>\n<tr>\n<td>Forza della nicotina<\/td>\n<td>2% \/ 5%<\/td>\n<\/tr>\n<tr>\n<td>Imballaggio<\/td>\n<td>10 pezzi per scatola<\/td>\n<\/tr>\n<\/tbody>\n<\/table>\n<h3>FIHP 90K combinazioni di sapori (sistema 3-in-1)<\/h3>\n<table>\n<tbody>\n<tr>\n<th>Combo di sapori<\/th>\n<th>Miscela tripla<\/th>\n<\/tr>\n<tr>\n<td>Combo 1<\/td>\n<td>Fizzy Ciliegia | Lady Killer | Orso gommoso<\/td>\n<\/tr>\n<tr>\n<td>Combo 2<\/td>\n<td>Mirtillo e lampone | Love 666 | Ghiaccio alla pesca<\/td>\n<\/tr>\n<tr>\n<td>Combo 3<\/td>\n<td>Anguria al lampone | Frutti di bosco misti | Pesca al mango<\/td>\n<\/tr>\n<tr>\n<td>Combo 4<\/td>\n<td>Limonata Blu Razz | Lampone Fragola | Caramella Arcobaleno<\/td>\n<\/tr>\n<tr>\n<td>Combo 5<\/td>\n<td>Anguria Bubblegum | Ghiaccio all'uva | Ghiaccio al drago nero<\/td>\n<\/tr>\n<tr>\n<td>Combo 6<\/td>\n<td>Ananas cocco | Frutta mista | Pesca limone<\/td>\n<\/tr>\n<tr>\n<td>Combo 7<\/td>\n<td>Doppia mela | Fragola e banana | Lampone e anguria<\/td>\n<\/tr>\n<tr>\n<td>Combo 8<\/td>\n<td>Ghiaccio all'anguria | Red Bull | Fragola Kiwi<\/td>\n<\/tr>\n<tr>\n<td>Combo 9<\/td>\n<td>Ghiaccio al mirtillo | Anguria alla fragola | Limone al lime<\/td>\n<\/tr>\n<tr>\n<td>Combo 10<\/td>\n<td>Frutti di bosco alla pesca | Triplo melone | Ghiaccio all'anguria<\/td>\n<\/tr>\n<\/tbody>\n<\/table>\n<h3>FIHP 90K gusti disponibili<\/h3>\n<p>Fizzy Ciliegia &amp; Lady Killer &amp; Orso Gommoso<br \/>\nMirtillo e lampone &amp; Love 666 &amp; Pesca ghiacciata<br \/>\nAnguria al lampone e frutti di bosco misti e pesca al mango<br \/>\nLimonata Blue Razz, lampone e fragola e caramelle arcobaleno<br \/>\nAnguria Bubblegum &amp; Ghiaccio all'uva &amp; Ghiaccio al drago nero<br \/>\nAnanas cocco e frutta mista e pesca al limone<br \/>\nDoppia mela e fragola Banana e lampone Anguria<br \/>\nGhiaccio all'anguria &amp; Red Bull &amp; Kiwi alla fragola<br \/>\nGhiaccio al mirtillo e fragola Anguria e Limone Lime<br \/>\nBacca di pesca, triplo melone e anguria ghiacciata<\/p>\n<h3>Perch\u00e9 scegliere FIHP 90000 3-in-1 90K?<\/h3>\n<ul>\n<li>\ud83d\ude80 La capacit\u00e0 estrema di 90.000 puff riduce la frequenza delle sostituzioni<\/li>\n<li>\ud83c\udf53 Triplo cambio di sapore per una maggiore variet\u00e0<\/li>\n<li>\ud83d\udca8 Bobina a doppia maglia per nuvole enormi e gusto ricco<\/li>\n<li>\ud83d\udd0b Ricaricabile con monitoraggio della batteria a LED<\/li>\n<li>\u26a1 Comodit\u00e0 di ricarica rapida Type-C<\/li>\n<li>\ud83d\udce6 Confezione pronta all'ingrosso da 10 pezzi\/scatola<\/li>\n<li>\ud83c\udfea Ideale per vape shop, distributori e acquirenti all'ingrosso<\/li>\n<\/ul>\n<p><strong>FIHP 90000 Vape monouso 3 in 1<\/strong> \u00e8 stato costruito per gli utenti pi\u00f9 esigenti, gli amanti dei sapori e i distributori all'ingrosso che cercano dispositivi ad alta capacit\u00e0 e prestazioni premium. Grazie all'innovazione del triplo sapore, alla massiccia produzione di vapore e al controllo intelligente a LED, \u00e8 un'aggiunta potente all'inventario di qualsiasi negozio di vaporizzazione o al portafoglio di distribuzione su larga scala.<\/p>\n<h3>FIHP 90K FAQ<\/h3>\n<p><strong>D1: Quanto dura l'FIHP 90000?<\/strong><br \/>\nR: Fornisce fino a 90.000 boccate a seconda delle abitudini di utilizzo, riducendo in modo significativo la frequenza di sostituzione.<\/p>\n<p><strong>D2: Il dispositivo \u00e8 ricaricabile?<\/strong><br \/>\nR: S\u00ec, \u00e8 dotato di una batteria ricaricabile da 650 mAh con ricarica rapida Type-C.<\/p>\n<p><strong>D3: Gli utenti possono passare da un gusto all'altro?<\/strong><br \/>\nR: S\u00ec, il sistema 3-in-1 integra tre aromi in un unico dispositivo per un'esperienza di vaping dinamica.<\/p>\n<p><strong>D4: Quali sono i livelli di nicotina disponibili?<\/strong><br \/>\nR: \u00c8 disponibile nelle opzioni di nicotina 2% e 5%.<\/p>\n<p><strong>D5: \u00c8 adatto alla vendita all'ingrosso?<\/strong><br \/>\nR: Assolutamente s\u00ec. Viene fornito in confezioni da 10 pezzi, il che lo rende ideale per i vape shop e la distribuzione all'ingrosso.<\/p>","protected":false},"excerpt":{"rendered":"<p><strong>FIHP 90000 Vape monouso 3 in 1<\/strong> offre fino a 90.000 boccate con tripli aromi, e-liquid da 42 ml, schermo LED e alimentazione ricaricabile, doppia bobina a rete, nuvole enormi, confezione pronta per la vendita all'ingrosso.<\/p>","protected":false},"featured_media":111131,"comment_status":"open","ping_status":"closed","template":"","meta":[],"product_brand":[236],"product_cat":[18],"product_tag":[513,516,512,349,330,511,515,331,514,497],"class_list":{"0":"post-111052","1":"product","2":"type-product","3":"status-publish","4":"has-post-thumbnail","6":"product_brand-fihp","7":"product_cat-fihp","8":"product_tag-3-in-1-vape","9":"product_tag-90000-puffs-vape","10":"product_tag-90k-disposable-vape","11":"product_tag-bulk-disposable-vape","12":"product_tag-dual-mesh-coil-vape","13":"product_tag-fihp-90000","14":"product_tag-led-screen-disposable-vape","15":"product_tag-rechargeable-disposable-vape","16":"product_tag-triple-flavor-vape","17":"product_tag-wholesale-vape-supplier","19":"first","20":"instock","21":"shipping-taxable","22":"purchasable","23":"product-type-variable","24":"has-default-attributes"},"jetpack_sharing_enabled":true,"tiered_pricing_type":"fixed","tiered_pricing_fixed_rules":{"30":9.589999999999999857891452847979962825775146484375,"50":7.910000000000000142108547152020037174224853515625,"100":7.38999999999999968025576890795491635799407958984375,"200":6.7400000000000002131628207280300557613372802734375,"400":6.21999999999999975131004248396493494510650634765625},"tiered_pricing_product_settings":{"layout":"default","base_unit_name":{"singular":null,"plural":null},"default_variation":null},"tiered_pricing_minimum_quantity":10,"tiered_pricing_roles_data":[],"tiered_pricing_percentage_rules":[],"tiered_pricing_maximum_quantity":null,"tiered_pricing_quantity_step":"10","_links":{"self":[{"href":"https:\/\/aiviouvapes.com\/it\/wp-json\/wp\/v2\/product\/111052","targetHints":{"allow":["GET"]}}],"collection":[{"href":"https:\/\/aiviouvapes.com\/it\/wp-json\/wp\/v2\/product"}],"about":[{"href":"https:\/\/aiviouvapes.com\/it\/wp-json\/wp\/v2\/types\/product"}],"replies":[{"embeddable":true,"href":"https:\/\/aiviouvapes.com\/it\/wp-json\/wp\/v2\/comments?post=111052"}],"wp:featuredmedia":[{"embeddable":true,"href":"https:\/\/aiviouvapes.com\/it\/wp-json\/wp\/v2\/media\/111131"}],"wp:attachment":[{"href":"https:\/\/aiviouvapes.com\/it\/wp-json\/wp\/v2\/media?parent=111052"}],"wp:term":[{"taxonomy":"product_brand","embeddable":true,"href":"https:\/\/aiviouvapes.com\/it\/wp-json\/wp\/v2\/product_brand?post=111052"},{"taxonomy":"product_cat","embeddable":true,"href":"https:\/\/aiviouvapes.com\/it\/wp-json\/wp\/v2\/product_cat?post=111052"},{"taxonomy":"product_tag","embeddable":true,"href":"https:\/\/aiviouvapes.com\/it\/wp-json\/wp\/v2\/product_tag?post=111052"}],"curies":[{"name":"wp","href":"https:\/\/api.w.org\/{rel}","templated":true}]}}