{"id":9135,"date":"2024-08-21T10:54:29","date_gmt":"2024-08-21T10:54:29","guid":{"rendered":"https:\/\/aiviouvapes.com\/?page_id=9135"},"modified":"2024-12-02T02:32:31","modified_gmt":"2024-12-01T18:32:31","slug":"buy-vapes-in-belgium-with-bancontact","status":"publish","type":"page","link":"https:\/\/aiviouvapes.com\/it\/buy-vapes-in-belgium-with-bancontact\/","title":{"rendered":"Acquistare vapes in Belgio con Bancontact"},"content":{"rendered":"<p>Bancontact \u00e8 un sistema di pagamento elettronico molto diffuso in Belgio, che offre un metodo sicuro, efficiente e facile da usare per completare le transazioni sia online che offline. Come opzione di pagamento riconosciuta a livello nazionale, Bancontact consente transazioni affidabili e senza interruzioni per i consumatori e le aziende belghe. Il sistema supporta un'ampia gamma di scenari di pagamento, dai pagamenti contactless e mobili agli acquisti online, rendendolo una scelta versatile e conveniente per l'uso quotidiano.<\/p>\n<h3>Perch\u00e9 scegliere Bancontact?<\/h3>\n<p><strong>1. Pagamenti semplici e flessibili per tutti gli importi<\/strong><br \/>\nBancontact \u00e8 stata progettata per soddisfare transazioni di qualsiasi dimensione, sia che si tratti di un piccolo acquisto che di un pagamento pi\u00f9 consistente. Con Bancontact, gli utenti possono utilizzare la loro carta per qualsiasi importo, rendendola un'opzione conveniente per tutti i tipi di spesa, dagli alimentari agli articoli di lusso.<\/p>\n<p><strong>2. Pagamenti rapidi senza contatto<\/strong><br \/>\nPer chi apprezza la velocit\u00e0 e la convenienza, Bancontact offre funzionalit\u00e0 di pagamento senza contatto. \u00c8 sufficiente avvicinare la carta Bancontact a un terminale contactless per completare il pagamento all'istante. Questa funzione \u00e8 perfetta per gli acquisti veloci e rende le file alle casse pi\u00f9 rapide ed efficienti.<\/p>\n<p><strong>3. Acquisti online sicuri<\/strong><br \/>\nBancontact \u00e8 ampiamente accettato dai rivenditori online, consentendo ai consumatori belgi di fare acquisti con facilit\u00e0 in diversi negozi web. La perfetta integrazione di Bancontact nelle piattaforme di e-commerce offre un metodo di pagamento sicuro ed efficiente per lo shopping online, consentendo ai consumatori di acquistare con fiducia da casa.<\/p>\n<p><strong>4. Pagamenti mobili facili<\/strong><br \/>\nAttraverso l'applicazione Payconiq by Bancontact, gli utenti possono effettuare pagamenti mobili nei negozi, online e persino nei ristoranti. Questa applicazione amplia ulteriormente l'usabilit\u00e0 di Bancontact, consentendo ai consumatori di effettuare pagamenti in movimento utilizzando i loro dispositivi mobili ovunque Bancontact o Payconiq siano accettati.<\/p>\n<p><strong>5. Comodi prelievi di contante<\/strong><br \/>\nBancontact permette inoltre agli utenti di prelevare contanti in modo sicuro e semplice, consentendo loro di accedere ai propri fondi in qualsiasi momento. Questa flessibilit\u00e0 \u00e8 particolarmente vantaggiosa per chi preferisce avere a disposizione contanti per determinati acquisti.<\/p>\n<hr \/>\n<h2>Acquista vapes usa e getta con Bancontact su AiviouVapes<\/h2>\n<p>AiviouVapes \u00e8 entusiasta di annunciare che ora accettiamo Bancontact come metodo di pagamento per l'acquisto di vapes monouso. Questa nuova aggiunta \u00e8 in linea con il nostro impegno a fornire opzioni di pagamento flessibili e convenienti per i nostri clienti belgi. Ecco perch\u00e9 Bancontact \u00e8 una scelta eccellente per l'acquisto di vapes monouso da AiviouVapes:<\/p>\n<p><strong>1. Transazioni senza problemi<\/strong><br \/>\nL'utilizzo di Bancontact presso AiviouVapes assicura un'esperienza di acquisto efficiente e senza intoppi. Che si tratti dell'acquisto di una singola sigaretta o di una scorta dei vostri aromi preferiti, Bancontact gestisce i pagamenti in modo sicuro e veloce.<\/p>\n<p><strong>2. Pagamenti sicuri e affidabili<\/strong><br \/>\nBancontact impiega misure di sicurezza avanzate, salvaguardando le informazioni finanziarie degli utenti e proteggendo le transazioni dalle frodi. Questa tranquillit\u00e0 consente ai nostri clienti di effettuare acquisti con fiducia sul nostro sito.<\/p>\n<p><strong>3. Conferma immediata del pagamento<\/strong><br \/>\nLe transazioni Bancontact vengono elaborate istantaneamente, garantendo che l'ordine venga confermato e preparato per la spedizione senza ritardi. Questa conferma immediata \u00e8 ideale per i clienti che desiderano che i loro vapers vengano consegnati rapidamente.<\/p>\n<hr \/>\n<h3>Come utilizzare Bancontact presso AiviouVapes<\/h3>\n<p><strong>Guida passo passo ai pagamenti con Bancontact:<\/strong><\/p>\n<ol>\n<li><strong>Aggiungi prodotti al carrello:<\/strong>\n<ul>\n<li>Sfogliate la nostra gamma di vapori monouso e selezionate i prodotti che desiderate acquistare.<\/li>\n<\/ul>\n<\/li>\n<li><strong>Procedere alla cassa:<\/strong>\n<ul>\n<li>Una volta scelti gli articoli, andate alla pagina di pagamento.<\/li>\n<\/ul>\n<\/li>\n<li><strong>Selezionare Bancontact:<\/strong>\n<ul>\n<li>Nelle opzioni di pagamento, scegliere Bancontact come metodo preferito.<\/li>\n<\/ul>\n<\/li>\n<li><strong>Inserire i dettagli del pagamento:<\/strong>\n<ul>\n<li>Seguite le istruzioni per inserire i dati della vostra carta Bancontact o utilizzate l'applicazione Payconiq by Bancontact per un pagamento mobile.<\/li>\n<\/ul>\n<\/li>\n<li><strong>Confermare il pagamento:<\/strong>\n<ul>\n<li>Completate il pagamento per completare la transazione. Riceverete una conferma immediata dell'ordine.<\/li>\n<\/ul>\n<\/li>\n<li><strong>Elaborazione dell'ordine:<\/strong>\n<ul>\n<li>L'ordine verr\u00e0 elaborato e spedito all'indirizzo scelto. Godetevi i vostri vapers usa e getta AiviouVapes!<\/li>\n<\/ul>\n<\/li>\n<\/ol>\n<p>Guarda i vaporizzatori qui:<\/p>\n<p><a href=\"https:\/\/aiviouvapes.com\/it\/shop\/\">https:\/\/aiviouvapes.com\/shop\/<\/a><\/p>","protected":false},"excerpt":{"rendered":"<p>Bancontact is a popular electronic payment system in Belgium, providing a secure, efficient, and user-friendly method for completing transactions both online and offline. As a nationally recognized payment option, Bancontact enables seamless and reliable transactions for Belgian consumers and businesses alike. The system supports a wide range of payment scenarios, from contactless and mobile payments [&#8230;]\n","protected":false},"author":1,"featured_media":0,"parent":0,"menu_order":0,"comment_status":"closed","ping_status":"closed","template":"page-blank-title-center.php","meta":{"footnotes":""},"class_list":["post-9135","page","type-page","status-publish","hentry"],"jetpack_sharing_enabled":true,"_links":{"self":[{"href":"https:\/\/aiviouvapes.com\/it\/wp-json\/wp\/v2\/pages\/9135","targetHints":{"allow":["GET"]}}],"collection":[{"href":"https:\/\/aiviouvapes.com\/it\/wp-json\/wp\/v2\/pages"}],"about":[{"href":"https:\/\/aiviouvapes.com\/it\/wp-json\/wp\/v2\/types\/page"}],"author":[{"embeddable":true,"href":"https:\/\/aiviouvapes.com\/it\/wp-json\/wp\/v2\/users\/1"}],"replies":[{"embeddable":true,"href":"https:\/\/aiviouvapes.com\/it\/wp-json\/wp\/v2\/comments?post=9135"}],"version-history":[{"count":0,"href":"https:\/\/aiviouvapes.com\/it\/wp-json\/wp\/v2\/pages\/9135\/revisions"}],"wp:attachment":[{"href":"https:\/\/aiviouvapes.com\/it\/wp-json\/wp\/v2\/media?parent=9135"}],"curies":[{"name":"wp","href":"https:\/\/api.w.org\/{rel}","templated":true}]}}