{"id":9132,"date":"2024-08-21T10:53:56","date_gmt":"2024-08-21T10:53:56","guid":{"rendered":"https:\/\/aiviouvapes.com\/?page_id=9132"},"modified":"2024-12-03T13:01:14","modified_gmt":"2024-12-03T05:01:14","slug":"buy-vapes-in-netherlands-with-ideal","status":"publish","type":"page","link":"https:\/\/aiviouvapes.com\/it\/buy-vapes-in-netherlands-with-ideal\/","title":{"rendered":"Acquista Vapes in Olanda con iDEAL"},"content":{"rendered":"<p><strong>iDEAL: il metodo di pagamento preferito nei Paesi Bassi per transazioni sicure e veloci<\/strong><\/p>\n<p>iDEAL \u00e8 un metodo di pagamento online molto popolare nei Paesi Bassi, che consente ai consumatori di effettuare pagamenti sicuri e in tempo reale direttamente tramite la propria banca. Integrato in modo impeccabile con l&#039;ambiente di online banking delle banche olandesi, iDEAL offre un&#039;esperienza semplificata, trasferendo fondi dal conto del consumatore a quello del commerciante con facilit\u00e0. Ecco cosa rende iDEAL cos\u00ec efficace:<\/p>\n<ol>\n<li><strong>Facilit\u00e0 d'uso<\/strong>: I pagamenti vengono effettuati tramite l&#039;app di mobile banking o il sito di online banking della banca del consumatore, rendendolo un processo semplice e familiare.<\/li>\n<li><strong>Conferma in tempo reale<\/strong>: I consumatori ricevono una conferma immediata del pagamento, il che aumenta la fiducia e velocizza i tempi di transazione.<\/li>\n<li><strong>Pagamenti irrevocabili<\/strong>: Una volta approvata, una transazione iDEAL non pu\u00f2 essere annullata, il che garantisce che i fondi vengano trasferiti in modo sicuro ed elaborati all&#039;istante.<\/li>\n<li><strong>Versatilit\u00e0<\/strong>: iDEAL supporta vari scenari di pagamento, tra cui pagamenti diretti online, pagamenti tramite link in e-mail o messaggi e persino transazioni tramite codici QR iDEAL per ambienti fisici e digitali.<\/li>\n<\/ol>\n<p>Grazie alla sua infrastruttura sicura e alla sua praticit\u00e0, iDEAL \u00e8 diventato il metodo di pagamento pi\u00f9 affidabile per i consumatori olandesi, supportato dalle principali banche di consumo del Paese.<\/p>\n<hr \/>\n<h2>Vantaggi dell&#039;utilizzo di iDEAL per acquistare sigarette elettroniche usa e getta su AiviouVapes<\/h2>\n<p>L&#039;acquisto di sigarette elettroniche usa e getta nei Paesi Bassi con iDEAL offre numerosi vantaggi, aumentando sia la sicurezza che la praticit\u00e0 per i nostri clienti:<\/p>\n<ol>\n<li><strong>Sicurezza avanzata<\/strong>: iDEAL utilizza gli elevati standard di sicurezza dell&#039;internet e del mobile banking, garantendo che le tue transazioni siano protette da frodi e accessi non autorizzati.<\/li>\n<li><strong>Convenienza<\/strong>: iDEAL consente trasferimenti bancari diretti, eliminando la necessit\u00e0 di carte di credito o servizi di pagamento di terze parti. Tutto ci\u00f2 di cui hai bisogno \u00e8 l&#039;accesso al tuo online banking.<\/li>\n<li><strong>Elaborazione immediata<\/strong>: I pagamenti vengono elaborati all&#039;istante, quindi non c&#039;\u00e8 tempo di attesa per l&#039;accredito dei fondi. Ci\u00f2 significa che i tuoi prodotti per lo svapo vengono preparati rapidamente per la spedizione.<\/li>\n<li><strong>Accettazione diffusa<\/strong>: iDEAL \u00e8 accettato dalla maggior parte delle piattaforme di e-commerce olandesi, tra cui AiviouVapes, il che lo rende un metodo di pagamento universalmente riconosciuto nei Paesi Bassi.<\/li>\n<\/ol>\n<hr \/>\n<h3>Guida passo passo all&#039;acquisto di sigarette elettroniche monouso con iDEAL<\/h3>\n<p><strong>Come completare l&#039;acquisto con iDEAL:<\/strong><\/p>\n<ol>\n<li><strong>Scegli i tuoi prodotti<\/strong>:Scopri la nostra ampia selezione di sigarette elettroniche usa e getta e seleziona gli articoli che desideri acquistare.<\/li>\n<li><strong>Vai alla cassa<\/strong>: Dopo aver completato le tue selezioni, procedi alla pagina di pagamento.<\/li>\n<li><strong>Seleziona iDEAL come metodo di pagamento<\/strong>: Nella pagina delle opzioni di pagamento, seleziona iDEAL.<\/li>\n<li><strong>Selezionare la banca<\/strong>: Verrai indirizzato al portale di pagamento iDEAL, dove potrai scegliere la tua banca dall&#039;elenco delle banche olandesi partecipanti.<\/li>\n<li><strong>Completare il pagamento<\/strong>: Verrai reindirizzato all&#039;ambiente di online banking della tua banca. Accedi, conferma il pagamento e l&#039;importo verr\u00e0 addebitato direttamente sul tuo conto con conferma immediata.<\/li>\n<li><strong>Conferma dell'ordine<\/strong>:Una volta completato il pagamento, riceverai una conferma d&#039;ordine da AiviouVapes e le tue sigarette elettroniche usa e getta saranno pronte per la spedizione.<\/li>\n<\/ol>\n<p>Scegliendo iDEAL, stai optando per un&#039;esperienza di transazione sicura, affidabile ed efficiente.<\/p>\n<hr \/>\n<h3>Perch\u00e9 acquistare le tue sigarette elettroniche da AiviouVapes?<\/h3>\n<p>In AiviouVapes, ci impegniamo a offrire prodotti di alta qualit\u00e0 e un&#039;esperienza di acquisto fluida. Ecco perch\u00e9 siamo la scelta migliore per gli acquisti di sigarette elettroniche nei Paesi Bassi:<\/p>\n<ul>\n<li><strong>Ampia selezione<\/strong>: Disponiamo di un&#039;ampia gamma di sigarette elettroniche usa e getta di alta qualit\u00e0, adatte a tutti i gusti.<\/li>\n<li><strong>Elaborazione sicura dei pagamenti<\/strong>: La nostra integrazione con iDEAL garantisce che le tue informazioni di pagamento siano sicure e protette.<\/li>\n<li><strong>Assistenza clienti eccezionale<\/strong>: Il nostro cordiale team di supporto \u00e8 qui per aiutarti con qualsiasi domanda o dubbio durante la tua esperienza di acquisto.<\/li>\n<li><strong>Informazioni trasparenti<\/strong>: Forniamo dettagli chiari sui metodi di pagamento, sulla spedizione e sulle tasse, cos\u00ec avrai tutto ci\u00f2 di cui hai bisogno per un acquisto consapevole.<\/li>\n<\/ul>\n<p>Esplora la nostra collezione e scopri la comodit\u00e0 di acquistare le tue sigarette elettroniche usa e getta preferite con iDEAL, il metodo di pagamento affidabile in tutti i Paesi Bassi.<\/p>\n<p>Guarda i vaporizzatori qui:<\/p>\n<p><a href=\"https:\/\/aiviouvapes.com\/it\/shop\/\">https:\/\/aiviouvapes.com\/shop\/<\/a><\/p>","protected":false},"excerpt":{"rendered":"<p>iDEAL: The Preferred Payment Method in the Netherlands for Secure and Quick Transactions iDEAL is a highly popular online payment method in the Netherlands, allowing consumers to make secure, real-time payments directly through their own bank. Seamlessly integrated with the online banking environment of Dutch banks, iDEAL offers a streamlined experience, transferring funds from the [&#8230;]\n","protected":false},"author":1,"featured_media":0,"parent":0,"menu_order":0,"comment_status":"closed","ping_status":"closed","template":"page-blank-title-center.php","meta":{"footnotes":""},"class_list":["post-9132","page","type-page","status-publish","hentry"],"jetpack_sharing_enabled":true,"_links":{"self":[{"href":"https:\/\/aiviouvapes.com\/it\/wp-json\/wp\/v2\/pages\/9132","targetHints":{"allow":["GET"]}}],"collection":[{"href":"https:\/\/aiviouvapes.com\/it\/wp-json\/wp\/v2\/pages"}],"about":[{"href":"https:\/\/aiviouvapes.com\/it\/wp-json\/wp\/v2\/types\/page"}],"author":[{"embeddable":true,"href":"https:\/\/aiviouvapes.com\/it\/wp-json\/wp\/v2\/users\/1"}],"replies":[{"embeddable":true,"href":"https:\/\/aiviouvapes.com\/it\/wp-json\/wp\/v2\/comments?post=9132"}],"version-history":[{"count":0,"href":"https:\/\/aiviouvapes.com\/it\/wp-json\/wp\/v2\/pages\/9132\/revisions"}],"wp:attachment":[{"href":"https:\/\/aiviouvapes.com\/it\/wp-json\/wp\/v2\/media?parent=9132"}],"curies":[{"name":"wp","href":"https:\/\/api.w.org\/{rel}","templated":true}]}}