{"id":9121,"date":"2024-08-21T10:51:22","date_gmt":"2024-08-21T10:51:22","guid":{"rendered":"https:\/\/aiviouvapes.com\/?page_id=9121"},"modified":"2024-12-02T07:55:27","modified_gmt":"2024-12-01T23:55:27","slug":"age-policy","status":"publish","type":"page","link":"https:\/\/aiviouvapes.com\/it\/age-policy\/","title":{"rendered":"Politica sull'et\u00e0"},"content":{"rendered":"<p>Verifica dell'et\u00e0 presso <a href=\"https:\/\/AiviouVapes.com\/\" rel=\"noopener\">AiviouVapes<\/a><\/p>\n<p>**Requisito di et\u00e0 legale per fumare:** Tutti i clienti devono avere almeno 21 anni per acquistare prodotti sul nostro sito, in linea con l&#039;et\u00e0 legale per fumare negli Stati Uniti per le sigarette elettroniche e articoli correlati. Visita <a href=\"https:\/\/AiviouVapes.com\/\" rel=\"noopener\">AiviouVapes<\/a> per acquisti conformi e responsabili.<\/p>\n<p>**Importanza di una corretta rappresentazione dell&#039;et\u00e0:** Falsificare le informazioni sull&#039;et\u00e0 per acquistare i nostri prodotti non \u00e8 solo contro la nostra politica, ma \u00e8 anche illegale. Tali azioni possono comportare gravi conseguenze legali.<\/p>\n<p>**Divieto di acquisto per procura da parte di minorenni:** L&#039;acquisto di qualsiasi <a href=\"https:\/\/AiviouVapes.com\/\" rel=\"noopener\">prodotti per lo svapo<\/a> per i minori \u00e8 severamente vietato e comporta potenziali sanzioni legali. Ci impegniamo a impedire l&#039;accesso non autorizzato ai nostri prodotti.<\/p>\n<p>**Solido processo di verifica dell&#039;et\u00e0:** Per soddisfare i requisiti legali e proteggere i giovani, utilizziamo un rigoroso sistema di verifica dell&#039;et\u00e0. I clienti sono tenuti a fornire dati personali, come nome, indirizzo, data di nascita e le ultime quattro cifre del numero di previdenza sociale, che verifichiamo confrontandoli con i registri pubblici. Se la verifica fallisce o se non riesci a fornire le tue informazioni di previdenza sociale, potremmo richiedere un documento d&#039;identit\u00e0 rilasciato dal governo.<\/p>\n<p>**Diritto di rifiutare il servizio:** ci riserviamo il diritto di annullare o rifiutare gli ordini se la verifica non viene completata con successo o se non viene fornita tempestivamente un&#039;identificazione corretta.<\/p>\n<p>**Impegno nella prevenzione dei giovani:** Prevenire le vendite ai minori \u00e8 una delle nostre massime priorit\u00e0. Il nostro sistema di verifica dell&#039;et\u00e0 sottolinea il nostro impegno nel mantenere un ambiente di svapo responsabile.<\/p>\n<p>**Rifiuto o limitazione del servizio:** come fornitore online, ci riserviamo il diritto di negare il servizio in determinati casi. Se un cliente ritiene che il suo accesso sia stato ingiustamente limitato, \u00e8 invitato a contattare il nostro servizio clienti per ricevere assistenza.<\/p>\n<p>**Avviso sulla restrizione di et\u00e0:** il sito web di Aiviou Vape presenta una chiara informativa, evidenziando il requisito che i clienti statunitensi abbiano almeno 21 anni per acquistare prodotti per sigarette elettroniche.<\/p>\n<p>A <a href=\"https:\/\/AiviouVapes.com\/\" rel=\"noopener\">AiviouVapes<\/a>, diamo priorit\u00e0 alla sicurezza e al benessere dei nostri clienti applicando una rigorosa verifica dell&#039;et\u00e0. Le nostre misure riflettono la nostra dedizione a una comunit\u00e0 di svapo sicura e conforme, offrendo ai clienti tranquillit\u00e0 quando fanno acquisti con noi.<\/p>\n<p>L&#039;impegno della nostra azienda nel garantire che solo coloro legalmente autorizzati possano acquistare i nostri prodotti rafforza l&#039;importanza di pratiche di svapo responsabili. Riconosciamo che un&#039;efficace verifica dell&#039;et\u00e0 \u00e8 essenziale per impedire l&#039;accesso da parte di minorenni e abbiamo istituito un sistema completo per sostenere questa responsabilit\u00e0.<\/p>\n<p>Il nostro processo richiede informazioni specifiche, come nome, indirizzo, data di nascita e le ultime quattro cifre del numero di previdenza sociale, che convalidiamo con registri attendibili per confermare l&#039;et\u00e0. Se un cliente non \u00e8 in grado di fornire le proprie informazioni di previdenza sociale, offriamo l&#039;opzione di caricare un documento di identit\u00e0 governativo come misura di verifica aggiuntiva.<\/p>\n<p>**Conseguenze per falsa dichiarazione di et\u00e0:** Falsa dichiarazione di et\u00e0 per l&#039;acquisto dei nostri prodotti \u00e8 illegale e ha gravi ripercussioni legali. Inoltre, l&#039;acquisto per i minori \u00e8 severamente vietato ed \u00e8 anche punibile ai sensi della legge. Prendiamo sul serio questi standard e potremmo rifiutare qualsiasi ordine se l&#039;identificazione non pu\u00f2 essere verificata tempestivamente.<\/p>\n<p>Aiviou Vape rimane impegnata a prevenire le vendite a minorenni. Il nostro protocollo di verifica dell&#039;et\u00e0 \u00e8 fondamentale per la nostra missione di promuovere acquisti responsabili e sicuri all&#039;interno della comunit\u00e0 dello svapo.<\/p>\n<p>Se un cliente riscontra una restrizione del servizio che ritiene errata, \u00e8 invitato a contattare il nostro team di assistenza clienti. Diamo priorit\u00e0 alla comunicazione trasparente e ci impegniamo a risolvere equamente qualsiasi problema.<\/p>\n<p>Il nostro sito espone in modo ben visibile un avviso sui requisiti di et\u00e0 per l&#039;acquisto di sigarette elettroniche, ricordando a tutti gli utenti che negli Stati Uniti \u00e8 obbligatorio avere 21 anni.<\/p>\n<p>Scegliere Aiviou Vape significa selezionare un&#039;azienda che valorizza l&#039;integrit\u00e0, la conformit\u00e0 legale e la sicurezza del cliente. Il nostro impegno verso politiche di et\u00e0 responsabili non \u00e8 solo procedurale; \u00e8 un riflesso fondamentale dei nostri valori e della nostra dedizione nel creare un&#039;esperienza di acquisto sicura e affidabile. Affidati ad Aiviou Vape per un accesso sicuro e responsabile a prodotti per lo svapo di qualit\u00e0.<\/p>\n<div class=\"row align-middle\"  id=\"row-182754719\">\n\n\t<div id=\"col-373284891\" class=\"col small-12 large-12\"  >\n\t\t\t\t<div class=\"col-inner text-center\"  >\n\t\t\t\n\t\t\t\n<a href=\"https:\/\/aiviouvapes.com\/it\/shop\/\" class=\"button primary is-shade is-larger box-shadow-4 box-shadow-5-hover\" style=\"border-radius:10px;\">\n\t\t<span>Acquista ora<\/span>\n\t<\/a>\n\n\t\t<\/div>\n\t\t\t\t\n<style>\n#col-373284891 > .col-inner {\n  padding: 20px 0px 0px 0px;\n}\n<\/style>\n\t<\/div>\n\n\t\n<\/div>","protected":false},"excerpt":{"rendered":"<p>Age Verification at AiviouVapes **Legal Smoking Age Requirement:** All customers must be 21 or older to purchase products on our site, aligning with the U.S. legal smoking age for e-cigarettes and related items. Visit AiviouVapes for compliant and responsible purchases. **Importance of Accurate Age Representation:** Falsifying age information to buy our products is not only [&#8230;]\n","protected":false},"author":1,"featured_media":0,"parent":0,"menu_order":0,"comment_status":"closed","ping_status":"closed","template":"page-blank-title-center.php","meta":{"footnotes":""},"class_list":["post-9121","page","type-page","status-publish","hentry"],"jetpack_sharing_enabled":true,"_links":{"self":[{"href":"https:\/\/aiviouvapes.com\/it\/wp-json\/wp\/v2\/pages\/9121","targetHints":{"allow":["GET"]}}],"collection":[{"href":"https:\/\/aiviouvapes.com\/it\/wp-json\/wp\/v2\/pages"}],"about":[{"href":"https:\/\/aiviouvapes.com\/it\/wp-json\/wp\/v2\/types\/page"}],"author":[{"embeddable":true,"href":"https:\/\/aiviouvapes.com\/it\/wp-json\/wp\/v2\/users\/1"}],"replies":[{"embeddable":true,"href":"https:\/\/aiviouvapes.com\/it\/wp-json\/wp\/v2\/comments?post=9121"}],"version-history":[{"count":0,"href":"https:\/\/aiviouvapes.com\/it\/wp-json\/wp\/v2\/pages\/9121\/revisions"}],"wp:attachment":[{"href":"https:\/\/aiviouvapes.com\/it\/wp-json\/wp\/v2\/media?parent=9121"}],"curies":[{"name":"wp","href":"https:\/\/api.w.org\/{rel}","templated":true}]}}