{"id":80783,"date":"2025-11-05T12:53:51","date_gmt":"2025-11-05T04:53:51","guid":{"rendered":"https:\/\/aiviouvapes.com\/?page_id=80783"},"modified":"2025-11-05T13:10:35","modified_gmt":"2025-11-05T05:10:35","slug":"why-waspe-100k-4-in-1-outshines-vapsolo-triple-30k","status":"publish","type":"page","link":"https:\/\/aiviouvapes.com\/it\/why-waspe-100k-4-in-1-outshines-vapsolo-triple-30k\/","title":{"rendered":"Perch\u00e9 WASPE 100K 4-in-1 supera VapSolo Triple 30K"},"content":{"rendered":"<div id=\"tab-description\" class=\"woocommerce-Tabs-panel woocommerce-Tabs-panel--description panel entry-content active\" style=\"font-family: Arial, sans-serif; line-height: 1.6; color: #333;\" role=\"tabpanel\" aria-labelledby=\"tab-title-description\">\n<h2 style=\"color: #2c3e50; border-bottom: 2px solid #3498db; padding-bottom: 10px; margin-bottom: 20px;\">Stai considerando la VapSolo Triple 30K? Scopri perch\u00e9 WASPE 100K 4-in-1 \u00e8 la scelta migliore!<\/h2>\n<p style=\"margin-bottom: 20px;\">Comprendiamo il fascino di VapSolo Triple 30K: \u00e8 una svapata affidabile con buone caratteristiche. Tuttavia, se siete alla ricerca di un maggior numero di boccate, di opzioni di gusto aggiuntive e di un valore migliore, siamo entusiasti di consigliarvi il modello WASPE 100K 4-in-1 come alternativa superiore. \u00c8 come passare a un dispositivo che dura pi\u00f9 a lungo e offre di pi\u00f9 senza compromettere la qualit\u00e0. Scopriamo perch\u00e9 questo cambio potrebbe migliorare la vostra esperienza di svapo!<\/p>\n<h3 style=\"color: #2980b9; margin-bottom: 15px;\">Ecco l'opzione superiore: WASPE 100K 4-in-1<\/h3>\n<p style=\"margin-bottom: 20px;\">L'WASPE 100K 4-in-1 \u00e8 stato progettato per garantire la massima praticit\u00e0 e prestazioni, offrendo sapori ricchi e una durata prolungata. Perfetto per i vapers che richiedono variet\u00e0 e affidabilit\u00e0, questo dispositivo garantisce il massimo da ogni boccata. Salutate il vostro nuovo preferito!<\/p>\n<div style=\"display: flex; justify-content: space-around; flex-wrap: wrap; margin: 30px 0;\">\n<div style=\"border: 1px solid #ddd; border-radius: 10px; padding: 20px; text-align: center; width: 45%; box-shadow: 0 4px 8px rgba(0,0,0,0.1); margin-bottom: 20px;\">\n<h4 style=\"color: #e74c3c; margin-top: 0; margin-bottom: 10px;\">Il concorrente<\/h4>\n<p style=\"font-size: 1.5em; font-weight: bold; color: #34495e; margin-bottom: 10px;\"><a href=\"https:\/\/aiviouvapes.com\/it\/prodotto\/vapsolo-triple-30000-puffs\/\">VapSolo Triplo 30K<\/a><\/p>\n<p><img loading=\"lazy\" decoding=\"async\" class=\"alignnone\" src=\"https:\/\/i0.wp.com\/aiviouvapes.com\/wp-content\/uploads\/2025\/06\/vapsolo-triple-30000-flavors1.jpg?fit=800%2C800&amp;ssl=1\" alt=\"vapsolo triple 30000 gusti1\" width=\"353\" height=\"353\" title=\"\"><\/p>\n<p>Una svapata decente con tripli aromi e un buon numero di boccate, ma potrebbe essere migliorata per una soddisfazione pi\u00f9 duratura!<\/p>\n<\/div>\n<div style=\"border: 1px solid #2ecc71; border-radius: 10px; padding: 20px; text-align: center; width: 45%; box-shadow: 0 4px 8px rgba(0,0,0,0.1); margin-bottom: 20px; background-color: #f0fff4;\">\n<h4 style=\"color: #27ae60; margin-top: 0; margin-bottom: 10px;\">L'alternativa migliore<\/h4>\n<p style=\"font-size: 1.5em; font-weight: bold; color: #34495e; margin-bottom: 10px;\"><a style=\"color: #2980b9; text-decoration: none;\" href=\"https:\/\/aiviouvapes.com\/it\/prodotto\/waspe-4-in-1-100000-puffs\/\">WASPE 100K 4-in-1<\/a><\/p>\n<p><img loading=\"lazy\" decoding=\"async\" class=\"alignnone\" src=\"https:\/\/i0.wp.com\/aiviouvapes.com\/wp-content\/uploads\/2025\/07\/ce9ab875bcc8e8bad463b9393eb003fb.jpg?fit=800%2C800&amp;ssl=1\" alt=\"https:\/\/aiviouvapes.com\/product\/waspe-4-in-1-100000-puffs\/\" width=\"343\" height=\"343\" title=\"\"><\/p>\n<p>Vanta sapori quadrupli, una capacit\u00e0 enorme e una tecnologia avanzata per un viaggio nel vaping di qualit\u00e0 superiore e senza problemi!<\/p>\n<\/div>\n<\/div>\n<p style=\"text-align: center;\"><a href=\"https:\/\/aiviouvapes.com\/it\/prodotto\/waspe-4-in-1-100000-puffs\/\" target=\"_blank\" class=\"button primary is-primary is-medium\" rel=\"noopener\" >\n\t\t<span>\ud83d\udd25 Acquista ora WASPE 100K<\/span>\n\t<\/a>\n\n<h3 style=\"color: #2980b9; margin-bottom: 15px;\">Fianco a fianco: Un confronto chiaro<\/h3>\n<p style=\"margin-bottom: 20px;\">Confrontiamo le specifiche per capire perch\u00e9 la WASPE supera la VapSolo. Abbiamo evidenziato le differenze principali per un facile riferimento.<\/p>\n<table style=\"width: 100%; border-collapse: collapse; margin: 30px 0; box-shadow: 0 4px 8px rgba(0,0,0,0.1);\">\n<thead style=\"background-color: #3498db; color: white;\">\n<tr>\n<th style=\"padding: 12px; border: 1px solid #ddd; text-align: left;\">Caratteristica<\/th>\n<th style=\"padding: 12px; border: 1px solid #ddd; text-align: left;\">VapSolo Triplo 30K<\/th>\n<th style=\"padding: 12px; border: 1px solid #ddd; text-align: left; background-color: #2ecc71;\">WASPE 100K 4-in-1 (la scelta migliore!)<\/th>\n<\/tr>\n<\/thead>\n<tbody>\n<tr style=\"background-color: #f9f9f9;\">\n<td style=\"padding: 12px; border: 1px solid #ddd;\">Conteggio dei soffi<\/td>\n<td style=\"padding: 12px; border: 1px solid #ddd;\">Fino a 30.000<\/td>\n<td style=\"padding: 12px; border: 1px solid #ddd;\">Fino a 100.000 (oltre 3 volte di pi\u00f9 per un divertimento prolungato!)<\/td>\n<\/tr>\n<tr>\n<td style=\"padding: 12px; border: 1px solid #ddd;\">Capacit\u00e0 del liquido elettronico<\/td>\n<td style=\"padding: 12px; border: 1px solid #ddd;\">40 mL (3 serbatoi da ~13,3 mL)<\/td>\n<td style=\"padding: 12px; border: 1px solid #ddd;\">56 mL (4 serbatoi per sessioni pi\u00f9 lunghe)<\/td>\n<\/tr>\n<tr style=\"background-color: #f9f9f9;\">\n<td style=\"padding: 12px; border: 1px solid #ddd;\">Sistema di aromatizzazione<\/td>\n<td style=\"padding: 12px; border: 1px solid #ddd;\">Triplo gusto con interruttore a rotazione<\/td>\n<td style=\"padding: 12px; border: 1px solid #ddd;\">Quadruplo gusto (uno in pi\u00f9 per una maggiore variet\u00e0!)<\/td>\n<\/tr>\n<tr>\n<td style=\"padding: 12px; border: 1px solid #ddd;\">Tipo di bobina<\/td>\n<td style=\"padding: 12px; border: 1px solid #ddd;\">Bobina a tripla maglia da 1,0\u03a9<\/td>\n<td style=\"padding: 12px; border: 1px solid #ddd;\">4 bobine da 1,0\u03a9 (vapore consistente e ricco)<\/td>\n<\/tr>\n<tr style=\"background-color: #f9f9f9;\">\n<td style=\"padding: 12px; border: 1px solid #ddd;\">Batteria<\/td>\n<td style=\"padding: 12px; border: 1px solid #ddd;\">650mAh ricaricabile (Tipo-C)<\/td>\n<td style=\"padding: 12px; border: 1px solid #ddd;\">650mAh ricaricabile (Tipo-C)<\/td>\n<\/tr>\n<tr>\n<td style=\"padding: 12px; border: 1px solid #ddd;\">Display<\/td>\n<td style=\"padding: 12px; border: 1px solid #ddd;\">Display LCD intelligente (conteggio dei soffi, batteria, aroma)<\/td>\n<td style=\"padding: 12px; border: 1px solid #ddd;\">Display a LED (monitoraggio della batteria e dell'e-liquid)<\/td>\n<\/tr>\n<tr style=\"background-color: #f9f9f9;\">\n<td style=\"padding: 12px; border: 1px solid #ddd;\">Opzioni di nicotina<\/td>\n<td style=\"padding: 12px; border: 1px solid #ddd;\">2%, 5%<\/td>\n<td style=\"padding: 12px; border: 1px solid #ddd;\">0%, 2%, 5%<\/td>\n<\/tr>\n<tr>\n<td style=\"padding: 12px; border: 1px solid #ddd;\">Prezzi in blocco (per unit\u00e0, oltre 400)<\/td>\n<td style=\"padding: 12px; border: 1px solid #ddd;\">~\u20ac7.65<\/td>\n<td style=\"padding: 12px; border: 1px solid #ddd;\">~6,54\u20ac (pi\u00f9 risparmio!)<\/td>\n<\/tr>\n<tr style=\"background-color: #f9f9f9;\">\n<td style=\"padding: 12px; border: 1px solid #ddd;\">Perch\u00e9 sceglierlo?<\/td>\n<td style=\"padding: 12px; border: 1px solid #ddd;\">Ottimo per un uso moderato con un design ergonomico.<\/td>\n<td style=\"padding: 12px; border: 1px solid #ddd;\">Longevit\u00e0 e valore ineguagliabili per i vapers pi\u00f9 esigenti.<\/td>\n<\/tr>\n<\/tbody>\n<\/table>\n<h3 style=\"color: #2980b9; margin-bottom: 15px;\">Cosa distingue l'WASPE 100K<\/h3>\n<div style=\"background-color: #eafaf1; border-left: 5px solid #2ecc71; padding: 20px; margin: 20px 0; border-radius: 5px;\">\n<h4 style=\"color: #27ae60; margin-top: 0; margin-bottom: 15px;\">Il vantaggio dell'WASPE: Pi\u00f9 di tutto!<\/h4>\n<ul style=\"list-style-type: none; padding: 0; margin: 0;\">\n<li style=\"margin-bottom: 10px;\">Il triplo dei soffi: Con 100.000 soffi, WASPE dura molto di pi\u00f9 dei 30.000 di VapSolo, riducendo al minimo le sostituzioni e massimizzando la convenienza.<\/li>\n<li style=\"margin-bottom: 10px;\">Variet\u00e0 di sapori extra: Quattro gusti significano un maggior numero di opzioni tra cui scegliere, evitando la noia e aumentando l'appagamento, senza che il sapore si disperda grazie ai serbatoi separati.<\/li>\n<li style=\"margin-bottom: 10px;\">Capacit\u00e0 maggiore per meno problemi: L'e-liquido da 56 ml assicura sessioni prolungate, abbinato a bobine a rete quadrupla per hit sempre intensi e uniformi.<\/li>\n<li style=\"margin-bottom: 10px;\">Caratteristiche di facile utilizzo: Il design ricaricabile, il display a LED e la struttura ergonomica lo rendono accessibile a tutti i vapers, con recensioni positive sulla purezza del sapore e sulla qualit\u00e0 del vapore.<\/li>\n<li>\n<p dir=\"auto\">Opzioni di massa convenienti: WASPE offre prezzi flessibili a partire da un basso MOQ di soli 10 pezzi, rendendolo accessibile per piccoli ordini o test, a differenza di VapSolo, che richiede un minimo di 1.000 pezzi con costi unitari pi\u00f9 elevati per i piccoli acquirenti. Questo cambia le carte in tavola per i vapers o i negozi che vogliono ordinare qualche unit\u00e0 senza impegnarsi in quantit\u00e0 massicce, anche se l'esperienza complessiva di VapSolo non \u00e8 all'altezza della longevit\u00e0 e delle caratteristiche superiori della WASPE. Nel frattempo, i prezzi pi\u00f9 bassi per quantit\u00e0 maggiori rendono la WASPE ideale per i grossisti o per gli utenti accaniti che vogliono risparmiare. Ecco una rapida ripartizione dei prezzi:<\/p>\n<p dir=\"auto\"><strong>WASPE Prezzi:<\/strong><\/p>\n<ul dir=\"auto\">\n<li>10-29: 12,10 \u20ac ciascuno<\/li>\n<li>30-49: 9,63 euro ciascuno<\/li>\n<li>50-99: 7,90 euro ciascuno<\/li>\n<li>100-199: 7,65 euro ciascuno<\/li>\n<li>200-399: 6,99 euro ciascuno<\/li>\n<li>400+: 6,54 \u20ac ciascuno<\/li>\n<\/ul>\n<p dir=\"auto\"><strong>Prezzi VapSolo:<\/strong><\/p>\n<ul dir=\"auto\">\n<li>1.000-1.999: 8,52 euro ciascuno<\/li>\n<li>2.000+: 7,65 \u20ac ciascuno<\/li>\n<\/ul>\n<\/li>\n<\/ul>\n<\/div>\n<p style=\"text-align: center;\"><a href=\"https:\/\/aiviouvapes.com\/it\/prodotto\/waspe-4-in-1-100000-puffs\/\" target=\"_blank\" class=\"button secondary is-secondary is-medium\" rel=\"noopener\" >\n\t\t<span>\ud83d\udca8 Ottenere WASPE 100K all'ingrosso<\/span>\n\t<\/a>\n\n<h3 style=\"color: #2980b9; margin-bottom: 15px;\">Rispondere alle preoccupazioni comuni<\/h3>\n<div style=\"background-color: #f4f6f7; border-radius: 8px; padding: 20px; margin-bottom: 20px;\">\n<div style=\"margin-bottom: 15px;\">\n<h4 style=\"font-weight: bold; color: #34495e; margin: 0;\">\ud83e\udd14 \u201cVapSolo ha un LCD di lusso: l'WASPE \u00e8 all'altezza?\u201d.\u201d<\/h4>\n<p style=\"margin-top: 5px; margin-bottom: 0;\">Il display a LED della WASPE \u00e8 intuitivo e mostra informazioni essenziali come i livelli della batteria e dell'e-liquid. Mentre lo schermo di VapSolo \u00e8 dettagliato, l'WASPE privilegia l'affidabilit\u00e0 e la longevit\u00e0 rispetto agli extra.<\/p>\n<\/div>\n<div style=\"margin-bottom: 15px;\">\n<h4 style=\"font-weight: bold; color: #34495e; margin: 0;\">\ud83e\udd14 \u201cL'WASPE \u00e8 portatile e facile da usare?\u201d<\/h4>\n<p style=\"margin-top: 5px; margin-bottom: 0;\">S\u00ec! \u00c8 compatto, leggero e dotato di un semplice interruttore per gli aromi. Proprio come VapSolo, \u00e8 ricaricabile tramite Type-C e pronto per il vaping in movimento.<\/p>\n<\/div>\n<div>\n<h4 style=\"font-weight: bold; color: #34495e; margin: 0;\">\ud83e\udd14 \u201cE gli aromi e la qualit\u00e0 della nicotina?\u201d.\u201d<\/h4>\n<p style=\"margin-top: 5px; margin-bottom: 0;\">WASPE offre diverse combinazioni come Watermelon Ice e Strawberry Kiwi, con nicotina 0-5%. Gli utenti ne lodano i sapori puri e intensi, notando spesso una migliore consistenza rispetto ai concorrenti.<\/p>\n<\/div>\n<\/div>\n<h3 style=\"color: #2980b9; margin-top: 40px; text-align: left; margin-bottom: 15px;\">Siete pronti ad aggiornare il vostro Vape?<\/h3>\n<p style=\"font-size: 1.1em; text-align: left; margin-bottom: 0;\">Passare a WASPE 100K 4-in-1 significa pi\u00f9 boccate, pi\u00f9 sapori e pi\u00f9 risparmi. Non \u00e8 solo una sostituzione, \u00e8 un miglioramento della vostra routine di svapo. Provatelo oggi stesso e provate la differenza!<\/p>\n<p style=\"text-align: center;\"><a href=\"https:\/\/aiviouvapes.com\/it\/prodotto\/waspe-4-in-1-100000-puffs\/\" target=\"_blank\" class=\"button primary is-primary is-medium\" rel=\"noopener\" >\n\t\t<span>\ud83c\udf1f Acquista WASPE 100K qui<\/span>\n\t<\/a>\n\n<div id=\"row-210236194\" class=\"row row-collapse\" style=\"margin-top: 20px;\">\n<div id=\"col-1507800244\" class=\"col small-12 large-12\"><\/div>\n<\/div>\n<\/div>","protected":false},"excerpt":{"rendered":"<p>Considering the VapSolo Triple 30K? Discover Why WASPE 100K 4-in-1 is the Better Choice! We understand the appeal of the VapSolo Triple 30K\u2014it&#8217;s a reliable vape with good features. However, if you&#8217;re looking for more puffs, extra flavor options, and better value, we&#8217;re excited to recommend the WASPE 100K 4-in-1 as the superior alternative. It&#8217;s [&#8230;]\n","protected":false},"author":2170,"featured_media":0,"parent":0,"menu_order":0,"comment_status":"closed","ping_status":"closed","template":"","meta":{"footnotes":""},"class_list":["post-80783","page","type-page","status-publish","hentry"],"jetpack_sharing_enabled":true,"_links":{"self":[{"href":"https:\/\/aiviouvapes.com\/it\/wp-json\/wp\/v2\/pages\/80783","targetHints":{"allow":["GET"]}}],"collection":[{"href":"https:\/\/aiviouvapes.com\/it\/wp-json\/wp\/v2\/pages"}],"about":[{"href":"https:\/\/aiviouvapes.com\/it\/wp-json\/wp\/v2\/types\/page"}],"author":[{"embeddable":true,"href":"https:\/\/aiviouvapes.com\/it\/wp-json\/wp\/v2\/users\/2170"}],"replies":[{"embeddable":true,"href":"https:\/\/aiviouvapes.com\/it\/wp-json\/wp\/v2\/comments?post=80783"}],"version-history":[{"count":6,"href":"https:\/\/aiviouvapes.com\/it\/wp-json\/wp\/v2\/pages\/80783\/revisions"}],"predecessor-version":[{"id":80792,"href":"https:\/\/aiviouvapes.com\/it\/wp-json\/wp\/v2\/pages\/80783\/revisions\/80792"}],"wp:attachment":[{"href":"https:\/\/aiviouvapes.com\/it\/wp-json\/wp\/v2\/media?parent=80783"}],"curies":[{"name":"wp","href":"https:\/\/api.w.org\/{rel}","templated":true}]}}