{"id":4558,"date":"2024-08-21T10:35:58","date_gmt":"2024-08-21T10:35:58","guid":{"rendered":"https:\/\/aiviouvapes.com\/?page_id=4558"},"modified":"2024-11-29T02:58:48","modified_gmt":"2024-11-28T18:58:48","slug":"payment-method","status":"publish","type":"page","link":"https:\/\/aiviouvapes.com\/it\/payment-method\/","title":{"rendered":"Metodo di pagamento"},"content":{"rendered":"<div class=\"row\"  id=\"row-599251499\">\n\n\t<div id=\"col-705427030\" class=\"col medium-6 small-12 large-6\"  >\n\t\t\t\t<div class=\"col-inner\"  >\n\t\t\t\n\t\t\t\n<p>Benvenuti a <strong>AiviouVape<\/strong> \u2013 la tua destinazione globale di fiducia per prodotti monouso per svapo di alta qualit\u00e0. Con spedizioni in tutto il mondo, ci impegniamo a servire i clienti in tutto il mondo.<\/p>\n<p><strong>In AiviouVape, diamo priorit\u00e0 alla comodit\u00e0 e alla sicurezza per migliorare il tuo percorso di acquisto. Offriamo una variet\u00e0 di opzioni di pagamento per soddisfare le tue esigenze:<\/strong><\/p>\n<p>1. **PayPal**: goditi pagamenti sicuri e facili con PayPal sulla nostra piattaforma. <strong>(20% IVA)<\/strong><\/p>\n<p>2. **Carta di credito**: accettiamo tutte le principali carte di credito, garantendo un&#039;esperienza di pagamento semplice e affidabile. <strong>(20% IVA)<\/strong><\/p>\n<p>3. **Bonifico bancario**: per coloro che preferiscono i metodi tradizionali, supportiamo i bonifici bancari come opzione sicura. <strong>(NO IVA)<\/strong><\/p>\n<p>4. **Criptovaluta**: abbraccia la finanza moderna con la nostra opzione di pagamento in criptovaluta. <strong>(NO IVA)<\/strong><\/p>\n<p>5. **Wise Transfer**: approfitta di pagamenti convenienti ed efficienti utilizzando Wise Transfer. <strong>(NO IVA)<\/strong><\/p>\n<p>Se hai domande o richieste specifiche di pagamento, contatta il nostro team di assistenza clienti. Siamo qui per garantire la tua esperienza con <strong>AiviouVape<\/strong> \u00e8 fluido, sicuro e soddisfacente.<\/p>\n<p><strong>Grazie per aver riposto la tua fiducia in AiviouVape come fornitore di prodotti monouso di qualit\u00e0 per lo svapo.<\/strong><\/p>\n\t\t<\/div>\n\t\t\t\t\t<\/div>\n\n\t\n\n\t<div id=\"col-1514712934\" class=\"col medium-6 small-12 large-6\"  >\n\t\t\t\t<div class=\"col-inner\"  >\n\t\t\t\n\t\t\t\n\t<div class=\"img has-hover x md-x lg-x y md-y lg-y\" id=\"image_2139605437\">\n\t\t\t\t\t\t\t\t<div class=\"img-inner dark\" >\n\t\t\t<img loading=\"lazy\" decoding=\"async\" width=\"1020\" height=\"797\" src=\"https:\/\/i0.wp.com\/aiviouvapes.com\/wp-content\/uploads\/2024\/08\/%E5%AE%A3%E4%BC%A0%E5%9B%BE2-2.jpg?fit=1020%2C797&amp;ssl=1\" class=\"attachment-large size-large\" alt=\"Metodo di pagamento\" title=\"\">\t\t\t\t\t\t\n\t\t\t\t\t<\/div>\n\t\t\t\t\t\t\t\t\n<style>\n#image_2139605437 {\n  width: 100%;\n}\n<\/style>\n\t<\/div>\n\t\n\t\t<\/div>\n\t\t\t\t\t<\/div>\n\n\t\n<\/div>\n<div class=\"row align-middle\"  id=\"row-1698254426\">\n\n\t<div id=\"col-1792417053\" class=\"col small-12 large-12\"  >\n\t\t\t\t<div class=\"col-inner text-center\"  >\n\t\t\t\n\t\t\t\n<a href=\"https:\/\/aiviouvapes.com\/it\/shop\/\" class=\"button primary is-shade is-larger box-shadow-4 box-shadow-5-hover\" style=\"border-radius:10px;\">\n\t\t<span>Acquista ora<\/span>\n\t<\/a>\n\n\t\t<\/div>\n\t\t\t\t\n<style>\n#col-1792417053 > .col-inner {\n  padding: 20px 0px 0px 0px;\n}\n<\/style>\n\t<\/div>\n\n\t\n<\/div>","protected":false},"excerpt":{"rendered":"","protected":false},"author":1,"featured_media":0,"parent":0,"menu_order":0,"comment_status":"closed","ping_status":"closed","template":"page-blank-title-center.php","meta":{"footnotes":""},"class_list":["post-4558","page","type-page","status-publish","hentry"],"jetpack_sharing_enabled":true,"_links":{"self":[{"href":"https:\/\/aiviouvapes.com\/it\/wp-json\/wp\/v2\/pages\/4558","targetHints":{"allow":["GET"]}}],"collection":[{"href":"https:\/\/aiviouvapes.com\/it\/wp-json\/wp\/v2\/pages"}],"about":[{"href":"https:\/\/aiviouvapes.com\/it\/wp-json\/wp\/v2\/types\/page"}],"author":[{"embeddable":true,"href":"https:\/\/aiviouvapes.com\/it\/wp-json\/wp\/v2\/users\/1"}],"replies":[{"embeddable":true,"href":"https:\/\/aiviouvapes.com\/it\/wp-json\/wp\/v2\/comments?post=4558"}],"version-history":[{"count":0,"href":"https:\/\/aiviouvapes.com\/it\/wp-json\/wp\/v2\/pages\/4558\/revisions"}],"wp:attachment":[{"href":"https:\/\/aiviouvapes.com\/it\/wp-json\/wp\/v2\/media?parent=4558"}],"curies":[{"name":"wp","href":"https:\/\/api.w.org\/{rel}","templated":true}]}}