{"id":10,"date":"2024-08-12T12:49:21","date_gmt":"2024-08-12T12:49:21","guid":{"rendered":"https:\/\/aiviouvapes.com\/?page_id=10"},"modified":"2024-12-26T09:53:11","modified_gmt":"2024-12-26T01:53:11","slug":"refund_returns","status":"publish","type":"page","link":"https:\/\/aiviouvapes.com\/it\/refund_returns\/","title":{"rendered":"Politica di rimborso e restituzione"},"content":{"rendered":"<h2 class=\"wp-block-heading\">Politica di rimborso di AiviouVape<\/h2>\r\n<p><strong>Politica di restituzione di 7 giorni<\/strong><\/p>\r\n<p>Noi di AiviouVape siamo lieti di offrire una politica di restituzione di 7 giorni. Ci\u00f2 significa che dal giorno in cui si riceve l'articolo, si hanno sette giorni per avviare una richiesta di restituzione se non si \u00e8 soddisfatti dell'acquisto.<\/p>\r\n<p><strong>Idoneit\u00e0 al rientro<\/strong><\/p>\r\n<p>Per poter essere restituito, l'articolo deve essere nelle condizioni in cui \u00e8 stato ricevuto: non usato, con i cartellini attaccati e nella confezione originale. Assicurarsi di avere la ricevuta o la prova d'acquisto per facilitare il processo di restituzione.<\/p>\r\n<p><strong>Come iniziare una restituzione<\/strong><\/p>\r\n<p>Per avviare un reso, contattateci all'indirizzo support@aiviouvape.com. Una volta approvato il reso, vi forniremo un'etichetta prepagata per la spedizione del reso e le istruzioni per l'invio del pacco. I resi inviati senza previa autorizzazione non saranno accettati, pertanto vi preghiamo di contattarci prima.<\/p>\r\n<p><strong>Segnalazione di danni e problemi<\/strong><\/p>\r\n<p>Vi invitiamo a controllare il vostro ordine non appena arriva. Se scoprite che il vostro articolo \u00e8 danneggiato, difettoso o errato, contattateci immediatamente per risolvere il problema.<\/p>\r\n<p><strong>Articoli non idonei alla restituzione<\/strong><\/p>\r\n<p>Alcuni prodotti non possono essere restituiti, tra cui merci deperibili, articoli personalizzati, articoli per la cura della persona, materiali pericolosi e liquidi o gas infiammabili. Se non siete sicuri dell'ammissibilit\u00e0 di un articolo specifico, contattateci per avere chiarimenti.<\/p>\r\n<p><strong>Processo di scambio<\/strong><\/p>\r\n<p>Per i cambi, si consiglia di restituire prima l'articolo originale. Una volta approvato il reso, \u00e8 possibile effettuare un ordine separato per il nuovo articolo, per garantire una rapida elaborazione.<\/p>\r\n<p><strong>Periodo di riflessione di 14 giorni per i clienti UE<\/strong><\/p>\r\n<p>Per i clienti dell'Unione Europea \u00e8 previsto un periodo di ripensamento di 14 giorni. Ci\u00f2 significa che \u00e8 possibile annullare o restituire l'ordine entro 14 giorni dal ricevimento, senza dover fornire una motivazione. Gli articoli devono essere nelle condizioni originali, non utilizzati, con i cartellini attaccati e nella confezione originale. \u00c8 inoltre necessario presentare la ricevuta o la prova d'acquisto.<\/p>\r\n<p><strong>Processo di rimborso<\/strong><\/p>\r\n<p>Dopo aver ricevuto e ispezionato il reso, vi informeremo sullo stato di approvazione del rimborso. Se approvato, il rimborso verr\u00e0 effettuato con il metodo di pagamento originale entro 10 giorni lavorativi. Si prega di notare che la banca o il fornitore della carta di credito potrebbero richiedere ulteriore tempo per completare il rimborso. Se non avete ricevuto il rimborso entro 15 giorni lavorativi dall'approvazione, contattateci all'indirizzo support@aiviouvape.com.<\/p>\r\n<p><strong>Grazie per aver scelto AiviouVape. La vostra soddisfazione rimane la nostra massima priorit\u00e0.<\/strong><\/p>\r\n\r\n<div class=\"row align-middle\"  id=\"row-1505997869\"> \n\t<div id=\"col-1632912486\" class=\"col small-12 large-12\"  >\n\t\t\t\t<div class=\"col-inner text-center\"  >\n\t\t\t\n\t\t\t <a href=\"https:\/\/aiviouvapes.com\/it\/shop\/\" class=\"button primary is-shade is-larger box-shadow-4 box-shadow-5-hover\" style=\"border-radius:10px;\">\n\t\t<span>Acquista ora<\/span>\n\t<\/a>\n \t\t<\/div>\n\t\t\t\t\n<style>\n#col-1632912486 > .col-inner {\n  padding: 20px 0px 0px 0px;\n}\n<\/style>\n\t<\/div>\n\n\t <\/div>","protected":false},"excerpt":{"rendered":"<p>AiviouVape Refund Policy 7-Day Return Policy We at AiviouVape are pleased to offer a 7-day return policy. This means that from the day you receive your item, you have seven days to initiate a return request if you are unsatisfied with your purchase. Return Eligibility To qualify for a return, your item must remain in [&#8230;]\n","protected":false},"author":1,"featured_media":0,"parent":0,"menu_order":0,"comment_status":"closed","ping_status":"closed","template":"page-blank-title-center.php","meta":{"footnotes":""},"class_list":["post-10","page","type-page","status-publish","hentry"],"jetpack_sharing_enabled":true,"_links":{"self":[{"href":"https:\/\/aiviouvapes.com\/it\/wp-json\/wp\/v2\/pages\/10","targetHints":{"allow":["GET"]}}],"collection":[{"href":"https:\/\/aiviouvapes.com\/it\/wp-json\/wp\/v2\/pages"}],"about":[{"href":"https:\/\/aiviouvapes.com\/it\/wp-json\/wp\/v2\/types\/page"}],"author":[{"embeddable":true,"href":"https:\/\/aiviouvapes.com\/it\/wp-json\/wp\/v2\/users\/1"}],"replies":[{"embeddable":true,"href":"https:\/\/aiviouvapes.com\/it\/wp-json\/wp\/v2\/comments?post=10"}],"version-history":[{"count":0,"href":"https:\/\/aiviouvapes.com\/it\/wp-json\/wp\/v2\/pages\/10\/revisions"}],"wp:attachment":[{"href":"https:\/\/aiviouvapes.com\/it\/wp-json\/wp\/v2\/media?parent=10"}],"curies":[{"name":"wp","href":"https:\/\/api.w.org\/{rel}","templated":true}]}}