{"id":96754,"date":"2025-12-30T15:04:39","date_gmt":"2025-12-30T07:04:39","guid":{"rendered":"https:\/\/aiviouvapes.com\/?post_type=product&#038;p=96754"},"modified":"2026-03-17T10:08:57","modified_gmt":"2026-03-17T02:08:57","slug":"bang-king-triple-100k","status":"publish","type":"product","link":"https:\/\/aiviouvapes.com\/hu\/product\/bang-king-triple-100k\/","title":{"rendered":"Bang King Triple 100K | 3 az 1-ben 100000 puff, tripla \u00edz, \u00fajrat\u00f6lthet\u0151, hossz\u00fa \u00e9lettartam\u00fa eldobhat\u00f3 vape"},"content":{"rendered":"<p><strong>Bang King Triple 100000 puff eldobhat\u00f3 vape<\/strong> azok sz\u00e1m\u00e1ra k\u00e9sz\u00fclt, akik nagyobb teljes\u00edtm\u00e9nyt, gazdagabb \u00edzt \u00e9s jobb \u00e1r-\u00e9rt\u00e9k ar\u00e1nyt keresnek. H\u00e1rom be\u00e9p\u00edtett \u00edztart\u00e1llyal, forgathat\u00f3 \u00edzv\u00e1laszt\u00f3val \u00e9s rendk\u00edv\u00fcl magas puffsz\u00e1mmal ez a pr\u00e9mium eldobhat\u00f3 term\u00e9k rugalmas \u00e9s izgalmas vaping \u00e9lm\u00e9nyt ny\u00fajt mind a kiskereskedelmi, mind a nagykereskedelmi v\u00e1s\u00e1rl\u00f3k sz\u00e1m\u00e1ra.<\/p>\n<h2>Mi\u00e9rt v\u00e1lassza az Bang King Triple 100K-t?<\/h2>\n<ul>\n<li>\ud83d\udca8 Ak\u00e1r <strong>100 000 sz\u00edv\u00e1s<\/strong> extra hossz\u00fa haszn\u00e1latra<\/li>\n<li>\ud83c\udfa1 <strong>3 az 1-ben forg\u00f3 \u00edzrendszer<\/strong> \u2013 b\u00e1rmikor v\u00e1lthatsz \u00edzeket<\/li>\n<li>\ud83c\udf6c <strong>H\u00e1romszoros h\u00e1l\u00f3s tekercsek<\/strong> sima g\u0151z \u00e9s er\u0151teljes \u00edz \u00e9rdek\u00e9ben<\/li>\n<li>\ud83d\udd0b <strong>650mAh \u00fajrat\u00f6lthet\u0151 akkumul\u00e1tor<\/strong> stabil, eg\u00e9sz napos teljes\u00edtm\u00e9ny\u00e9rt<\/li>\n<li>\u26a1 <strong>C-t\u00edpus\u00fa gyors t\u00f6lt\u00e9s<\/strong> gyors \u00e9s egyszer\u0171 \u00fajrat\u00f6lt\u00e9shez<\/li>\n<li>\ud83e\uddc3 <strong>54 ml e-folyad\u00e9k kapacit\u00e1s<\/strong> (3 \u00d7 18 ml-es tart\u00e1lyok)<\/li>\n<li>\ud83d\udce6 Ide\u00e1lis <strong>vape \u00fczletek, forgalmaz\u00f3k \u00e9s nagykereskedelmi megrendel\u00e9sek<\/strong><\/li>\n<\/ul>\n<h2>Bang King Triple 100K m\u0171szaki adatok<\/h2>\n<table>\n<tbody>\n<tr>\n<td>Puff sz\u00e1m<\/td>\n<td>Ak\u00e1r 100 000 sz\u00edv\u00e1s<\/td>\n<\/tr>\n<tr>\n<td>E-folyad\u00e9k kapacit\u00e1s<\/td>\n<td>54 ml (3 \u00d7 18 ml)<\/td>\n<\/tr>\n<tr>\n<td>Nikotin er\u0151ss\u00e9ge<\/td>\n<td>2% \/ 3% \/ 5%<\/td>\n<\/tr>\n<tr>\n<td>Az akkumul\u00e1tor kapacit\u00e1sa<\/td>\n<td>650mAh \u00fajrat\u00f6lthet\u0151<\/td>\n<\/tr>\n<tr>\n<td>Tekercs t\u00edpusa<\/td>\n<td>H\u00e1rmas 1,0 \u03a9-os h\u00e1l\u00f3s tekercsek<\/td>\n<\/tr>\n<tr>\n<td>T\u00f6lt\u0151port<\/td>\n<td>C t\u00edpus\u00fa gyorst\u00f6lt\u00e9s<\/td>\n<\/tr>\n<tr>\n<td>\u00cdzes\u00edt\u0151 rendszer<\/td>\n<td>3 az 1-ben forg\u00f3 \u00edzv\u00e1laszt\u00f3<\/td>\n<\/tr>\n<tr>\n<td>\u00cdzv\u00e1laszt\u00e1si lehet\u0151s\u00e9gek<\/td>\n<td>10 h\u00e1rom \u00edz\u0171 kever\u00e9k<\/td>\n<\/tr>\n<tr>\n<td>Csomagol\u00e1s<\/td>\n<td>10 darab\/doboz<\/td>\n<\/tr>\n<\/tbody>\n<\/table>\n<h2>Bang King Triple 100K \u00edzv\u00e1laszt\u00e9k<\/h2>\n<ul>\n<li>\ud83c\udf49 G\u00f6r\u00f6gdinnye + Red Bull + Eper-kivi \u2013 \u00e9des, energikus \u00e9s gy\u00fcm\u00f6lcs\u00f6s<\/li>\n<li>\ud83c\udf4b Citrom-lime + eper-g\u00f6r\u00f6gdinnye + \u00e1fonya-j\u00e9g \u2013 friss, jeges ut\u00f3\u00edzzel<\/li>\n<li>\ud83c\udf53 Eper-ban\u00e1n + m\u00e1lna-g\u00f6r\u00f6gdinnye + citrom-lime \u2013 kr\u00e9mes \u00e9s fanyar kever\u00e9k<\/li>\n<li>\ud83e\udd6d Eper-kivi + savany\u00fa mang\u00f3-anan\u00e1sz + Red Bull \u2013 mer\u00e9sz tr\u00f3pusi kokt\u00e9l<\/li>\n<li>\ud83c\udf34 Tr\u00f3pusi gy\u00fcm\u00f6lcs + eper-g\u00f6r\u00f6gdinnye + citrom-\u0151szibarack \u2013 kr\u00e9mes \u00e9s l\u00e9d\u00fas kever\u00e9k<\/li>\n<li>\ud83c\udf4d Anan\u00e1sz-k\u00f3kusz + eper-ban\u00e1n + k\u00e9k m\u00e1lna \u2013 sziget st\u00edlus\u00fa \u00e9dess\u00e9g<\/li>\n<li>\ud83c\udf52 Eper-m\u00e1lna + h\u00e1rmas dinnye + savany\u00fa mang\u00f3-anan\u00e1sz \u2013 gazdag gy\u00fcm\u00f6lcs\u00f6s r\u00e9tegek<\/li>\n<li>\ud83c\udf51 M\u00e1lna-g\u00f6r\u00f6gdinnye + mang\u00f3-\u0151szibarack + eper-kivi \u2013 kiegyens\u00falyozott gy\u00fcm\u00f6lcs\u00f6s kever\u00e9k<\/li>\n<li>\ud83e\udd64 Eper-van\u00edlia k\u00f3la + \u00e1fonya-m\u00e1lna + citrom-lime \u2013 \u00e9des \u00fcd\u00edt\u0151 \u00edzvil\u00e1g<\/li>\n<li>\ud83c\udf66 G\u00f6r\u00f6gdinnye + eperfagylalt + h\u00e1rmas dinnye \u2013 kr\u00e9mes \u00e9s friss\u00edt\u0151<\/li>\n<\/ul>\n<h2>Kinek sz\u00f3l a Bang King Triple 100K?<\/h2>\n<p>Az Bang King Triple 100K eldobhat\u00f3 vape t\u00f6k\u00e9letes <strong>gyakori felhaszn\u00e1l\u00f3k<\/strong> akik tart\u00f3s teljes\u00edtm\u00e9nyt szeretn\u00e9nek, <strong>\u00edzvad\u00e1szok<\/strong> akik szeretik v\u00e1ltogatni az \u00edzeket, \u00e9s <strong>vape \u00fczletek<\/strong> pr\u00e9mium, nagy kereslet\u0171 term\u00e9ket keres. Kiv\u00e1l\u00f3 v\u00e1laszt\u00e1s tov\u00e1bb\u00e1 <strong>nagykereskedelmi forgalmaz\u00e1s<\/strong> er\u0151s m\u00e1rkan\u00e9vnek, nagy kiszerel\u00e9s\u0171 csomagol\u00e1snak \u00e9s sz\u00e9les \u00edzv\u00e1laszt\u00e9knak k\u00f6sz\u00f6nhet\u0151en.<\/p>\n<h2>Bang King Triple 100K GYIK<\/h2>\n<p><strong>K: V\u00e1lthatok \u00edzeket a vaporiz\u00e1l\u00e1s k\u00f6zben?<\/strong><br \/>\nIgen \ud83d\udc4d Egyszer\u0171en forgassa el a sz\u00e1jr\u00e9szt, hogy v\u00e1lthasson a h\u00e1rom be\u00e9p\u00edtett \u00edz k\u00f6z\u00f6tt.<\/p>\n<p><strong>K: \u00dajrat\u00f6lthet\u0151 a k\u00e9sz\u00fcl\u00e9k?<\/strong><br \/>\nIgen \ud83d\udd0b 650 mAh-s \u00fajrat\u00f6lthet\u0151 akkumul\u00e1torral \u00e9s Type-C gyors t\u00f6lt\u00e9ssel rendelkezik.<\/p>\n<p><strong>K: Ez alkalmas kezd\u0151knek?<\/strong><br \/>\nTerm\u00e9szetesen \ud83d\ude0a T\u00f6bbf\u00e9le nikotintartalommal rendelkezik, \u00edgy mind az \u00faj, mind a tapasztalt felhaszn\u00e1l\u00f3k \u00e9lvezhetik.<\/p>\n<p><strong>K: Ez a term\u00e9k alkalmas nagykereskedelmi \u00e9rt\u00e9kes\u00edt\u00e9sre?<\/strong><br \/>\nIgen \ud83d\udce6 Minden display doboz 10 darabot tartalmaz, \u00edgy ide\u00e1lis kiskeresked\u0151k \u00e9s forgalmaz\u00f3k sz\u00e1m\u00e1ra.<\/p>\n<p><strong>Bang King Triple 100000 puff eldobhat\u00f3 vape<\/strong> teljes\u00edtm\u00e9nyt, \u00edzv\u00e1laszt\u00e9kot \u00e9s pr\u00e9mium min\u0151s\u00e9get k\u00edn\u00e1l egy eszk\u00f6zben \ud83d\ude80 Okos v\u00e1laszt\u00e1s a modern e-cigaretta-haszn\u00e1l\u00f3k \u00e9s a professzion\u00e1lis e-cigaretta-gy\u00e1rt\u00f3k sz\u00e1m\u00e1ra.<\/p>","protected":false},"excerpt":{"rendered":"<p>\u00c9lvezze a hatalmas 100 000 slukkot az Bang King Triple 100K eldobhat\u00f3 vape-vel \ud83d\udd25 3 az 1-ben forg\u00f3 \u00edzekkel, \u00fajrat\u00f6lthet\u0151 akkumul\u00e1torral \u00e9s gazdag h\u00e1l\u00f3s tekercs \u00edzzel a tart\u00f3s \u00e9lvezet\u00e9rt.<\/p>","protected":false},"featured_media":96763,"comment_status":"open","ping_status":"closed","template":"","meta":[],"product_brand":[239],"product_cat":[37,336],"product_tag":[479,480,456,331,466],"class_list":{"0":"post-96754","1":"product","2":"type-product","3":"status-publish","4":"has-post-thumbnail","6":"product_brand-bang","7":"product_cat-bang","8":"product_cat-100k-puffs-disposable-vape","9":"product_tag-100k-puffs-vape","10":"product_tag-bulk-vape-wholesale","11":"product_tag-disposable-vape","12":"product_tag-rechargeable-disposable-vape","13":"product_tag-triple-flavor-disposable-vape","15":"first","16":"instock","17":"shipping-taxable","18":"purchasable","19":"product-type-variable","20":"has-default-attributes"},"jetpack_sharing_enabled":true,"tiered_pricing_type":"fixed","tiered_pricing_fixed_rules":{"30":8.1699999999999999289457264239899814128875732421875,"50":6.61000000000000031974423109204508364200592041015625,"100":6.089999999999999857891452847979962825775146484375,"200":5.70000000000000017763568394002504646778106689453125,"400":5.12000000000000010658141036401502788066864013671875},"tiered_pricing_product_settings":{"layout":"default","base_unit_name":{"singular":null,"plural":null},"default_variation":null},"tiered_pricing_minimum_quantity":10,"tiered_pricing_roles_data":[],"tiered_pricing_percentage_rules":[],"tiered_pricing_maximum_quantity":null,"tiered_pricing_quantity_step":"10","_links":{"self":[{"href":"https:\/\/aiviouvapes.com\/hu\/wp-json\/wp\/v2\/product\/96754","targetHints":{"allow":["GET"]}}],"collection":[{"href":"https:\/\/aiviouvapes.com\/hu\/wp-json\/wp\/v2\/product"}],"about":[{"href":"https:\/\/aiviouvapes.com\/hu\/wp-json\/wp\/v2\/types\/product"}],"replies":[{"embeddable":true,"href":"https:\/\/aiviouvapes.com\/hu\/wp-json\/wp\/v2\/comments?post=96754"}],"wp:featuredmedia":[{"embeddable":true,"href":"https:\/\/aiviouvapes.com\/hu\/wp-json\/wp\/v2\/media\/96763"}],"wp:attachment":[{"href":"https:\/\/aiviouvapes.com\/hu\/wp-json\/wp\/v2\/media?parent=96754"}],"wp:term":[{"taxonomy":"product_brand","embeddable":true,"href":"https:\/\/aiviouvapes.com\/hu\/wp-json\/wp\/v2\/product_brand?post=96754"},{"taxonomy":"product_cat","embeddable":true,"href":"https:\/\/aiviouvapes.com\/hu\/wp-json\/wp\/v2\/product_cat?post=96754"},{"taxonomy":"product_tag","embeddable":true,"href":"https:\/\/aiviouvapes.com\/hu\/wp-json\/wp\/v2\/product_tag?post=96754"}],"curies":[{"name":"wp","href":"https:\/\/api.w.org\/{rel}","templated":true}]}}