{"id":96564,"date":"2025-12-30T15:20:04","date_gmt":"2025-12-30T07:20:04","guid":{"rendered":"https:\/\/aiviouvapes.com\/?post_type=product&#038;p=96564"},"modified":"2026-03-17T10:01:26","modified_gmt":"2026-03-17T02:01:26","slug":"bang-legend-140k","status":"publish","type":"product","link":"https:\/\/aiviouvapes.com\/hu\/product\/bang-legend-140k\/","title":{"rendered":"BANG LEGEND 140K | tripla opci\u00f3k 140000 puff, dual mesh, \u00fajrat\u00f6lthet\u0151, \u00f6mlesztett eldobhat\u00f3 vape"},"content":{"rendered":"<h2>\ud83d\udd25 Mi\u00e9rt v\u00e1lassza a BANG LEGEND 140K-t?<\/h2>\n<ul>\n<li>\ud83d\udca5 Hatalmas <strong>140 000 puff kapacit\u00e1s<\/strong> \u2013 az egyik legnagyobb eldobhat\u00f3 e-cigaretta a piacon<\/li>\n<li>\ud83c\udfa8 <strong>H\u00e1rmas opci\u00f3k (3 az 1-ben)<\/strong> \u2013 h\u00e1rom \u00edz k\u00f6z\u00f6tt v\u00e1lthat egy eszk\u00f6z\u00f6n bel\u00fcl<\/li>\n<li>\u2601\ufe0f <strong>Dual Mesh tekercs<\/strong> \u2013 sima sl\u00e1gerek, s\u0171r\u0171 felh\u0151k \u00e9s stabil \u00edz<\/li>\n<li>\ud83d\udd0b <strong>\u00dajrat\u00f6lthet\u0151 550 mAh-s akkumul\u00e1tor<\/strong> modern Type-C gyors t\u00f6lt\u00e9ssel<\/li>\n<li>\ud83d\udcb0 <strong>T\u00f6k\u00e9letes nagykereskedelmi \u00e9s nagy mennyis\u00e9g\u0171 megrendel\u00e9sekhez<\/strong> \u2013 ide\u00e1lis vape \u00fczletek \u00e9s forgalmaz\u00f3k sz\u00e1m\u00e1ra<\/li>\n<li>\ud83d\uded2 Magas \u00fcgyf\u00e9lmegtart\u00e1s \u2013 kevesebb csere, nagyobb el\u00e9gedetts\u00e9g<\/li>\n<\/ul>\n<hr \/>\n<h3>\ud83d\udccb BANG LEGEND 140K m\u0171szaki adatok<\/h3>\n<table>\n<tbody>\n<tr>\n<td><strong>Term\u00e9k neve<\/strong><\/td>\n<td>BANG LEGEND Triple Options eldobhat\u00f3 e-cigaretta<\/td>\n<\/tr>\n<tr>\n<td><strong>Teljes puffan\u00e1s<\/strong><\/td>\n<td>Ak\u00e1r 140 000 slukk<\/td>\n<\/tr>\n<tr>\n<td><strong>\u00cdzes\u00edt\u0151 rendszer<\/strong><\/td>\n<td>3 az 1-ben h\u00e1rmas opci\u00f3k<\/td>\n<\/tr>\n<tr>\n<td><strong>Tekercs t\u00edpusa<\/strong><\/td>\n<td>1,0 \u03a9 kett\u0151s h\u00e1l\u00f3s tekercs<\/td>\n<\/tr>\n<tr>\n<td><strong>Az akkumul\u00e1tor kapacit\u00e1sa<\/strong><\/td>\n<td>550mAh \u00fajrat\u00f6lthet\u0151<\/td>\n<\/tr>\n<tr>\n<td><strong>T\u00f6lt\u0151port<\/strong><\/td>\n<td>C t\u00edpus\u00fa gyorst\u00f6lt\u00e9s<\/td>\n<\/tr>\n<tr>\n<td><strong>Nikotin er\u0151ss\u00e9ge<\/strong><\/td>\n<td>T\u00f6bbf\u00e9le v\u00e1ltozatban kaphat\u00f3 (nagykereskedelmi forgalmaz\u00e1shoz testreszabhat\u00f3)<\/td>\n<\/tr>\n<tr>\n<td><strong>C\u00e9lpiac<\/strong><\/td>\n<td>B2B nagykereskedelem, e-cigaretta \u00fczletek, forgalmaz\u00f3k<\/td>\n<\/tr>\n<\/tbody>\n<\/table>\n<hr \/>\n<h3>\ud83c\udf08 BANG LEGEND 140K h\u00e1romf\u00e9le \u00edzv\u00e1laszt\u00e9k (\u00edzismertet\u0151)<\/h3>\n<p><strong>Els\u0151 lehet\u0151s\u00e9g \ud83c\udf49\ud83c\udf6d<\/strong><br \/>\n\u00c9des \u00e9s j\u00e1t\u00e9kos kever\u00e9k h\u0171t\u00f6tt g\u00f6r\u00f6gdinny\u00e9vel, l\u00e1gy r\u00f3zsasz\u00edn gy\u00fcm\u00f6lcs\u00f6kkel \u00e9s cukork\u00e1s \u00e9dess\u00e9ggel.<\/p>\n<p><strong>M\u00e1sodik lehet\u0151s\u00e9g \ud83c\udf51\ud83c\udf4b<\/strong><br \/>\nPuha \u0151szibarackos j\u00e9g, friss\u00edt\u0151 bogy\u00f3s-dinnye \u00e9s \u00e9l\u00e9nk citrus, h\u0171v\u00f6s ut\u00f3\u00edzzel.<\/p>\n<p><strong>Harmadik lehet\u0151s\u00e9g \ud83c\udf47\ud83e\udd6d<\/strong><br \/>\nS\u00f6t\u00e9t sz\u0151l\u0151 j\u00e9g, tr\u00f3pusi mang\u00f3 \u00e9s vegyes bogy\u00f3s gy\u00fcm\u00f6lcs\u00f6k egy mer\u00e9sz gy\u00fcm\u00f6lcs\u00f6s utaz\u00e1shoz.<\/p>\n<p><strong>Negyedik lehet\u0151s\u00e9g \ud83e\uded0\ud83c\udfdd\ufe0f<\/strong><br \/>\nJ\u00e9gk\u00e9k bogy\u00f3s gy\u00fcm\u00f6lcs\u00f6k, tr\u00f3pusi gy\u00fcm\u00f6lcs\u00f6k \u00e9s a h\u00edres Love66 kever\u00e9k.<\/p>\n<p><strong>\u00d6t\u00f6dik lehet\u0151s\u00e9g \ud83e\udd65\ud83c\udf4d<\/strong><br \/>\nK\u00e9k-piros bogy\u00f3k, tr\u00f3pusi s\u00e1rga gy\u00fcm\u00f6lcs\u00f6k \u00e9s kr\u00e9mes k\u00f3kusz-anan\u00e1sz \u00edz.<\/p>\n<p><strong>Hatodik lehet\u0151s\u00e9g \ud83c\udf53\ud83c\udf4d<\/strong><br \/>\nEper-dinnye, \u00e1fonya-\u0151szibarack \u00e9s m\u00e9ly bogy\u00f3s gy\u00fcm\u00f6lcs\u00f6s anan\u00e1sz j\u00e9gkr\u00e9m.<\/p>\n<p><strong>Hetedik lehet\u0151s\u00e9g \ud83e\udd5d\ud83c\udf52<\/strong><br \/>\nKivi-bogy\u00f3s gy\u00fcm\u00f6lcskever\u00e9k, sz\u00e9nsavas dinnye \u00e9s \u00e1fonya-cseresznye kever\u00e9k.<\/p>\n<p><strong>Nyolcadik lehet\u0151s\u00e9g \ud83d\udc09\ud83c\udf47<\/strong><br \/>\nFekete s\u00e1rk\u00e1ny j\u00e9g, vegyes bogy\u00f3s gy\u00fcm\u00f6lcs\u00f6k \u00e9s sz\u0151l\u0151bogy\u00f3 er\u0151.<\/p>\n<p><strong>9. lehet\u0151s\u00e9g \u26a1\ud83e\udd6d<\/strong><br \/>\nNarancss\u00e1rga gy\u00fcm\u00f6lcs, energikus k\u00e9k bogy\u00f3s gy\u00fcm\u00f6lcs \u00e9s ropog\u00f3s z\u00f6ld-lila gy\u00fcm\u00f6lcs kever\u00e9k.<\/p>\n<p><strong>Tizedik lehet\u0151s\u00e9g \u2600\ufe0f\ud83c\udf4a<\/strong><br \/>\nH\u00e1rmas citrusos \u00edz, bogy\u00f3s gy\u00fcm\u00f6lcs\u00f6kkel \u00e9s m\u00e9lyk\u00e9k gy\u00fcm\u00f6lcs\u00f6s jegyekkel.<\/p>\n<p><strong>Tizenegyedik lehet\u0151s\u00e9g \ud83c\udf4b\ud83c\udf48<\/strong><br \/>\nFriss citrus, gy\u00f3gyn\u00f6v\u00e9nyes dinnye \u00e9s r\u00f3zsasz\u00edn s\u00e1rk\u00e1nygy\u00fcm\u00f6lcs-dinnye kombin\u00e1ci\u00f3.<\/p>\n<p><strong>Tizenkettedik lehet\u0151s\u00e9g \ud83c\udf4c\ud83c\udf66<\/strong><br \/>\nH\u0171s s\u00e1rga gy\u00fcm\u00f6lcs, kr\u00e9mes r\u00f3zsasz\u00edn desszert t\u00f3nusok \u00e9s bogy\u00f3s dinnye ut\u00f3\u00edz.<\/p>\n<hr \/>\n<h3>\u2753 Gyakran ism\u00e9telt k\u00e9rd\u00e9sek (GYIK) a BANG LEGEND 140K-r\u00f3l<\/h3>\n<p><strong>K: Mi k\u00fcl\u00f6nb\u00f6zteti meg a BANG LEGEND 140K-t a hagyom\u00e1nyos eldobhat\u00f3 term\u00e9kekt\u0151l?<\/strong><br \/>\nV: Egy eszk\u00f6zben ak\u00e1r 140 000 slukkot \u00e9s h\u00e1rom \u00edzt k\u00edn\u00e1l, m\u00edg a legt\u00f6bb eldobhat\u00f3 term\u00e9k csak n\u00e9h\u00e1ny napig tart.<\/p>\n<p><strong>K: Ez a vaporiz\u00e1tor alkalmas intenz\u00edv haszn\u00e1latra?<\/strong><br \/>\nA: Igen \ud83d\udc4d Olyan intenz\u00edv felhaszn\u00e1l\u00f3k sz\u00e1m\u00e1ra k\u00e9sz\u00fclt, akik hossz\u00fa \u00e9lettartamot \u00e9s ritka cser\u00e9t szeretn\u00e9nek.<\/p>\n<p><strong>K: A vape \u00fczletek nagy t\u00e9telben rendelhetik ezt?<\/strong><br \/>\nV: Term\u00e9szetesen. Ez a term\u00e9k nagykereskedelmi, nagy mennyis\u00e9g\u0171 v\u00e1s\u00e1rl\u00e1sra \u00e9s nagy volumen\u0171 forgalmaz\u00e1sra van optimaliz\u00e1lva.<\/p>\n<p><strong>K: Neh\u00e9z haszn\u00e1lni?<\/strong><br \/>\nV: Egy\u00e1ltal\u00e1n nem. Egyszer\u0171en csak bel\u00e9legezzen, hogy elsz\u00edvja. Ha az akkumul\u00e1tor lemer\u00fcl, t\u00f6ltse fel egy Type-C k\u00e1bellel.<\/p>\n<p><strong>K: A B2B megrendel\u00e9sek eset\u00e9ben testreszabhat\u00f3ak-e az \u00edzek \u00e9s a nikotin er\u0151ss\u00e9ge?<\/strong><br \/>\nV: Igen. Nagykereskedelmi v\u00e1s\u00e1rl\u00f3k megbesz\u00e9lhetik az \u00edzek \u00e9s nikotinszintek testreszab\u00e1si lehet\u0151s\u00e9geit.<\/p>\n<hr \/>\n<p><strong>BANG LEGEND 140K h\u00e1romf\u00e9le opci\u00f3val rendelkez\u0151 eldobhat\u00f3 e-cigaretta<\/strong> A term\u00e9k intenz\u00edv felhaszn\u00e1l\u00f3k, \u00edzvad\u00e1szok \u00e9s professzion\u00e1lis e-cigaretta-keresked\u0151k sz\u00e1m\u00e1ra k\u00e9sz\u00fclt. Rendk\u00edv\u00fcl magas puffsz\u00e1mmal, h\u00e1rmas \u00edzv\u00e1laszt\u00e9kkal \u00e9s \u00fajrat\u00f6lthet\u0151 akkumul\u00e1torral rendelkezik, \u00edgy kiv\u00e1l\u00f3 v\u00e1laszt\u00e1s azoknak az e-cigaretta-\u00fczleteknek, nagykeresked\u0151knek \u00e9s forgalmaz\u00f3knak, akik egy val\u00f3di cs\u00facsmin\u0151s\u00e9g\u0171 eldobhat\u00f3 eszk\u00f6zt szeretn\u00e9nek k\u00edn\u00e1lni. \ud83d\udca8\ud83d\udcbc<\/p>\n<p><strong>Nagyon sokat v\u00e1s\u00e1rolj. Okosan adj el. Legenda legy\u00e9l.<\/strong> \ud83c\udfc6<\/p>\n<p><img data-recalc-dims=\"1\" loading=\"lazy\" decoding=\"async\" class=\"alignnone size-full wp-image-96630\" src=\"https:\/\/i0.wp.com\/aiviouvapes.com\/wp-content\/uploads\/2025\/12\/BANG-LEGEND-140K-13.jpg?resize=1020%2C1637&#038;ssl=1\" alt=\"BANG LEGEND 140K | h\u00e1rmas opci\u00f3k 140 000 slukk kett\u0151s h\u00e1l\u00f3s \u00fajrat\u00f6lthet\u0151 nagy mennyis\u00e9g\u0171 eldobhat\u00f3 vape\" width=\"1020\" height=\"1637\" title=\"\" srcset=\"https:\/\/i0.wp.com\/aiviouvapes.com\/wp-content\/uploads\/2025\/12\/BANG-LEGEND-140K-13.jpg?w=1196&amp;ssl=1 1196w, https:\/\/i0.wp.com\/aiviouvapes.com\/wp-content\/uploads\/2025\/12\/BANG-LEGEND-140K-13.jpg?resize=187%2C300&amp;ssl=1 187w, https:\/\/i0.wp.com\/aiviouvapes.com\/wp-content\/uploads\/2025\/12\/BANG-LEGEND-140K-13.jpg?resize=638%2C1024&amp;ssl=1 638w, https:\/\/i0.wp.com\/aiviouvapes.com\/wp-content\/uploads\/2025\/12\/BANG-LEGEND-140K-13.jpg?resize=768%2C1233&amp;ssl=1 768w, https:\/\/i0.wp.com\/aiviouvapes.com\/wp-content\/uploads\/2025\/12\/BANG-LEGEND-140K-13.jpg?resize=957%2C1536&amp;ssl=1 957w, https:\/\/i0.wp.com\/aiviouvapes.com\/wp-content\/uploads\/2025\/12\/BANG-LEGEND-140K-13.jpg?resize=7%2C12&amp;ssl=1 7w, https:\/\/i0.wp.com\/aiviouvapes.com\/wp-content\/uploads\/2025\/12\/BANG-LEGEND-140K-13.jpg?resize=800%2C1284&amp;ssl=1 800w\" sizes=\"auto, (max-width: 1020px) 100vw, 1020px\" \/><\/p>","protected":false},"excerpt":{"rendered":"<p>140 000 slukk. 3 \u00edz 1 eszk\u00f6zben. A BANG LEGEND 140K egy \u00faj gener\u00e1ci\u00f3s, h\u00e1romf\u00e9le \u00edzzel rendelkez\u0151 eldobhat\u00f3 e-cigaretta, amelyet tart\u00f3s teljes\u00edtm\u00e9ny, gazdag \u00edz \u00e9s magas \u00e1rr\u00e9s\u0171 nagykereskedelmi \u00e9rt\u00e9kes\u00edt\u00e9s c\u00e9lj\u00e1b\u00f3l terveztek. \ud83d\ude80<\/p>","protected":false},"featured_media":96621,"comment_status":"open","ping_status":"closed","template":"","meta":[],"product_brand":[239],"product_cat":[37],"product_tag":[467,465,468,466,396],"class_list":{"0":"post-96564","1":"product","2":"type-product","3":"status-publish","4":"has-post-thumbnail","6":"product_brand-bang","7":"product_cat-bang","8":"product_tag-140000-puffs-vape","9":"product_tag-bang-legend-140k-disposable-vape","10":"product_tag-rechargeable-bulk-disposable-vape","11":"product_tag-triple-flavor-disposable-vape","12":"product_tag-wholesale-disposable-vape","14":"first","15":"instock","16":"shipping-taxable","17":"purchasable","18":"product-type-variable","19":"has-default-attributes"},"jetpack_sharing_enabled":true,"tiered_pricing_type":"fixed","tiered_pricing_fixed_rules":{"30":8.1699999999999999289457264239899814128875732421875,"50":6.61000000000000031974423109204508364200592041015625,"100":6.089999999999999857891452847979962825775146484375,"200":5.70000000000000017763568394002504646778106689453125,"400":5.12000000000000010658141036401502788066864013671875},"tiered_pricing_product_settings":{"layout":"default","base_unit_name":{"singular":null,"plural":null},"default_variation":null},"tiered_pricing_minimum_quantity":10,"tiered_pricing_roles_data":[],"tiered_pricing_percentage_rules":[],"tiered_pricing_maximum_quantity":null,"tiered_pricing_quantity_step":"10","_links":{"self":[{"href":"https:\/\/aiviouvapes.com\/hu\/wp-json\/wp\/v2\/product\/96564","targetHints":{"allow":["GET"]}}],"collection":[{"href":"https:\/\/aiviouvapes.com\/hu\/wp-json\/wp\/v2\/product"}],"about":[{"href":"https:\/\/aiviouvapes.com\/hu\/wp-json\/wp\/v2\/types\/product"}],"replies":[{"embeddable":true,"href":"https:\/\/aiviouvapes.com\/hu\/wp-json\/wp\/v2\/comments?post=96564"}],"wp:featuredmedia":[{"embeddable":true,"href":"https:\/\/aiviouvapes.com\/hu\/wp-json\/wp\/v2\/media\/96621"}],"wp:attachment":[{"href":"https:\/\/aiviouvapes.com\/hu\/wp-json\/wp\/v2\/media?parent=96564"}],"wp:term":[{"taxonomy":"product_brand","embeddable":true,"href":"https:\/\/aiviouvapes.com\/hu\/wp-json\/wp\/v2\/product_brand?post=96564"},{"taxonomy":"product_cat","embeddable":true,"href":"https:\/\/aiviouvapes.com\/hu\/wp-json\/wp\/v2\/product_cat?post=96564"},{"taxonomy":"product_tag","embeddable":true,"href":"https:\/\/aiviouvapes.com\/hu\/wp-json\/wp\/v2\/product_tag?post=96564"}],"curies":[{"name":"wp","href":"https:\/\/api.w.org\/{rel}","templated":true}]}}