{"id":96529,"date":"2025-12-30T15:24:17","date_gmt":"2025-12-30T07:24:17","guid":{"rendered":"https:\/\/aiviouvapes.com\/?post_type=product&#038;p=96529"},"modified":"2026-03-05T16:52:52","modified_gmt":"2026-03-05T08:52:52","slug":"vopk-btc-35k","status":"publish","type":"product","link":"https:\/\/aiviouvapes.com\/hu\/product\/vopk-btc-35k\/","title":{"rendered":"VOPK BTC 35K | intelligens k\u00e9perny\u0151, 35000 puff, kett\u0151s h\u00e1l\u00f3, \u00e1ll\u00edthat\u00f3 l\u00e9g\u00e1raml\u00e1s, \u00f6mlesztett eldobhat\u00f3 vape"},"content":{"rendered":"<p><strong>VOPK BTC 35000 puff eldobhat\u00f3 vape<\/strong> olyan felhaszn\u00e1l\u00f3k sz\u00e1m\u00e1ra k\u00e9sz\u00fclt, akik teljes\u00edtm\u00e9nyt, st\u00edlust \u00e9s ir\u00e1ny\u00edt\u00e1st szeretn\u00e9nek egy fejlett eszk\u00f6zben. A mer\u00e9sz Bitcoin-st\u00edlus\u00fa kialak\u00edt\u00e1s ihlette, \u00fajrat\u00f6lthet\u0151 eldobhat\u00f3 eszk\u00f6z nagy interakt\u00edv k\u00e9perny\u0151vel, kett\u0151s h\u00e1l\u00f3s tekercsrendszerrel \u00e9s \u00e1ll\u00edthat\u00f3 l\u00e9g\u00e1raml\u00e1ssal rendelkezik. Mind a gyakori felhaszn\u00e1l\u00f3k, mind a professzion\u00e1lis vape-forgalmaz\u00f3k sz\u00e1m\u00e1ra k\u00e9sz\u00fclt, \u00e1lland\u00f3 \u00edzt, hatalmas felh\u0151ket \u00e9s kiv\u00e1l\u00f3 polcvonzer\u0151t biztos\u00edt a kiskereskedelemben.<\/p>\n<h2>Mi\u00e9rt v\u00e1lassza az VOPK BTC 35000 Puffs term\u00e9ket?<\/h2>\n<ul>\n<li>\ud83d\udca8 Ak\u00e1r <strong>35 000 slukk<\/strong> hosszabb haszn\u00e1lat \u00e9s nagyobb \u00fcgyf\u00e9l-el\u00e9gedetts\u00e9g \u00e9rdek\u00e9ben<\/li>\n<li>\ud83d\udcf1 <strong>Teljes okos k\u00e9perny\u0151<\/strong> vil\u00e1gosan mutatja az akkumul\u00e1tor \u00e9s az e-folyad\u00e9k szintj\u00e9t<\/li>\n<li>\ud83c\udf2c\ufe0f <strong>Kett\u0151s h\u00e1l\u00f3s tekercsrendszer<\/strong> er\u0151sebb \u00edz\u00e9rt \u00e9s sim\u00e1bb g\u0151z\u00e9rt<\/li>\n<li>\ud83c\udf9b\ufe0f <strong>\u00c1ll\u00edthat\u00f3 l\u00e9g\u00e1raml\u00e1s \u00e9s teljes\u00edtm\u00e9ny m\u00f3dok<\/strong> szem\u00e9lyre szabott g\u0151z\u00f6l\u00e9shez<\/li>\n<li>\ud83d\udd0b <strong>850mAh \u00fajrat\u00f6lthet\u0151 akkumul\u00e1tor<\/strong> gyors Type-C t\u00f6lt\u00e9ssel<\/li>\n<li>\ud83d\udc41\ufe0f L\u00e1that\u00f3 e-liquid tart\u00e1ly \u2013 nincs tal\u00e1lgat\u00e1s, nyugodtan sz\u00edvhat<\/li>\n<li>\ud83d\udce6 Ide\u00e1lis <strong>nagykereskedelmi megrendel\u00e9sek, e-cigaretta \u00fczletek \u00e9s nagykereskedelmi forgalmaz\u00e1s<\/strong><\/li>\n<\/ul>\n<figure class=\"wp-block-videopress-video wp-block-jetpack-videopress jetpack-videopress-player\"><div class=\"jetpack-videopress-player__wrapper\"><iframe title=\"VideoPress vide\u00f3 lej\u00e1tsz\u00f3\" aria-label=\"VideoPress vide\u00f3 lej\u00e1tsz\u00f3\" src=\"https:\/\/videopress.com\/embed\/uWXiLczv?at=0&#038;controls=1&#038;preloadContent=metadata\" width=\"640\"height=\"360\" frameborder=\"0\" allowfullscreen data-resize-to-parent=\"true\" allow=\"clipboard-write\"><\/iframe><\/div><\/figure>\n<h3>VOPK BTC 35K m\u0171szaki adatok<\/h3>\n<table>\n<tbody>\n<tr>\n<th>Jellemz\u0151<\/th>\n<th>R\u00e9szletek<\/th>\n<\/tr>\n<tr>\n<td>Maxim\u00e1lis sz\u00edv\u00e1sok sz\u00e1ma<\/td>\n<td>35 000 slukk<\/td>\n<\/tr>\n<tr>\n<td>E-folyad\u00e9k kapacit\u00e1s<\/td>\n<td>22 ml (l\u00e1that\u00f3 tart\u00e1ly)<\/td>\n<\/tr>\n<tr>\n<td>Akkumul\u00e1tor<\/td>\n<td>850mAh \u00fajrat\u00f6lthet\u0151<\/td>\n<\/tr>\n<tr>\n<td>T\u00f6lt\u00e9s<\/td>\n<td>C-t\u00edpus\u00fa gyors t\u00f6lt\u00e9s<\/td>\n<\/tr>\n<tr>\n<td>Tekercs t\u00edpusa<\/td>\n<td>0,8 \u03a9-os kett\u0151s h\u00e1l\u00f3s tekercs<\/td>\n<\/tr>\n<tr>\n<td>L\u00e9g\u00e1raml\u00e1s<\/td>\n<td>\u00c1ll\u00edthat\u00f3<\/td>\n<\/tr>\n<tr>\n<td>Megjelen\u00edt\u00e9s<\/td>\n<td>3D intelligens k\u00e9perny\u0151 (akkumul\u00e1tor \u00e9s kapacit\u00e1s)<\/td>\n<\/tr>\n<tr>\n<td>Csomagol\u00e1s<\/td>\n<td>150 db kartononk\u00e9nt (kb. 17,5 kg)<\/td>\n<\/tr>\n<\/tbody>\n<\/table>\n<h3>VOPK BTC 35K El\u00e9rhet\u0151 \u00edzek<\/h3>\n<ul>\n<li>\ud83c\udf49 <strong>G\u00f6r\u00f6gdinnye j\u00e9g<\/strong> \u2013 l\u00e9d\u00fas g\u00f6r\u00f6gdinnye h\u0171s, jeges ut\u00f3\u00edzzel<\/li>\n<li>\ud83e\uded0 <strong>K\u00e9k Razz j\u00e9g<\/strong> \u2013 \u00e9des k\u00e9k m\u00e1lna friss\u00edt\u0151 h\u0171s\u00e9ggel<\/li>\n<li>\ud83c\udf53 <strong>Eper robban\u00e1s<\/strong> \u2013 mer\u00e9sz \u00e9s \u00e9des eper \u00edz<\/li>\n<li>\ud83c\udf51 <strong>Georgia Peach<\/strong> \u2013 sima, \u00e9rett \u0151szibarack \u00edz<\/li>\n<li>\ud83e\udd5d <strong>Passion Kiwi<\/strong> \u2013 tr\u00f3pusi passi\u00f3gy\u00fcm\u00f6lcs keverve kivi gy\u00fcm\u00f6lccsel<\/li>\n<li>\ud83c\udf4a <strong>Narancsos \u00e1fonya-lime j\u00e9gkr\u00e9m<\/strong> \u2013 citrusf\u00e9l\u00e9k kever\u00e9ke jeges frissess\u00e9ggel<\/li>\n<li>\ud83c\udf3f <strong>H\u0171v\u00f6s Menta<\/strong> \u2013 tiszta \u00e9s friss\u00edt\u0151 menta g\u0151z<\/li>\n<li>\ud83e\udd6d <strong>Savany\u00fa mang\u00f3 anan\u00e1sz<\/strong> \u2013 fanyar mang\u00f3 \u00e9des anan\u00e1sszal<\/li>\n<li>\ud83c\udf51 <strong>Feh\u00e9r barack m\u00e1lna<\/strong> \u2013 l\u00e1gy \u0151szibarack, m\u00e1ln\u00e1val kiegyens\u00falyozva<\/li>\n<li>\ud83c\udf4c <strong>Ban\u00e1n karamell\u00e1s fagyi<\/strong> \u2013 kr\u00e9mes ban\u00e1n cukorka jeges \u00edzzel<\/li>\n<\/ul>\n<h3>VOPK BTC 35K Pro tipp \ud83d\udca1<\/h3>\n<p>V\u00e1ltson az egy- \u00e9s k\u00e9ttekercses m\u00f3dok k\u00f6z\u00f6tt, hogy szab\u00e1lyozza az \u00e9lm\u00e9nyt. A kett\u0151s m\u00f3d er\u0151sebb felh\u0151ket \u00e9s \u00edzt biztos\u00edt, m\u00edg az egytekercses m\u00f3d seg\u00edt meghosszabb\u00edtani az akkumul\u00e1tor \u00e9lettartam\u00e1t \u00e9s az e-folyad\u00e9k felhaszn\u00e1l\u00e1s\u00e1t.<\/p>\n<h3>Gyakran ism\u00e9telt k\u00e9rd\u00e9sek (GYIK) a VOPK BTC 35K-r\u00f3l<\/h3>\n<p><strong>K: Honnan tudom, hogy a vaporiz\u00e1tor lemer\u00fcl?<\/strong><br \/>\nAz intelligens 3D-k\u00e9perny\u0151n l\u00e1that\u00f3 az akkumul\u00e1tor \u00e9s az e-folyad\u00e9k sz\u00e1zal\u00e9kos t\u00f6lt\u00f6tts\u00e9gi szintje, a \u00e1tl\u00e1tsz\u00f3 tart\u00e1ly pedig lehet\u0151v\u00e9 teszi, hogy k\u00f6nnyen l\u00e1thassa a marad\u00e9k folyad\u00e9k mennyis\u00e9g\u00e9t.<\/p>\n<p><strong>K: Ez az eszk\u00f6z alkalmas nagykereskedelmi \u00e9s t\u00f6meges megrendel\u00e9sekre?<\/strong><br \/>\nIgen. Az VOPK BTC 35K-t olyan vape-\u00fczletek, forgalmaz\u00f3k \u00e9s nagykereskedelmi v\u00e1s\u00e1rl\u00f3k sz\u00e1m\u00e1ra tervezt\u00e9k, akik nagy kereslet\u0171 eldobhat\u00f3 vape-eket keresnek.<\/p>\n<p><strong>K: Mennyi ideig tart a t\u00f6lt\u00e9s?<\/strong><br \/>\nA Type-C gyors t\u00f6lt\u0151portnak k\u00f6sz\u00f6nhet\u0151en a k\u00e9sz\u00fcl\u00e9k gyorsan felt\u00f6lt\u0151dik, \u00edgy a felhaszn\u00e1l\u00f3k minim\u00e1lis le\u00e1ll\u00e1si id\u0151vel \u00fajra haszn\u00e1lhatj\u00e1k a vaporiz\u00e1tort.<\/p>\n<p><strong>K: Kinek aj\u00e1nlott ez a vaporiz\u00e1tor?<\/strong><br \/>\nIde\u00e1lis azoknak a gyakori felhaszn\u00e1l\u00f3knak, \u00edzvad\u00e1szoknak, e-cigaretta-kiskeresked\u0151knek \u00e9s nagykeresked\u0151knek, akik pr\u00e9mium min\u0151s\u00e9g\u0171, hossz\u00fa \u00e9lettartam\u00fa eldobhat\u00f3 e-cigarett\u00e1t keresnek.<\/p>\n<hr \/>\n<p><strong>VOPK BTC 35000 puff eldobhat\u00f3 vape<\/strong> fejlett technol\u00f3gi\u00e1t, mer\u00e9sz diz\u00e1jnt \u00e9s hatalmas puff kapacit\u00e1st \u00f6tv\u00f6z egy er\u0151teljes eszk\u00f6zben. Ak\u00e1r a vape boltodat t\u00f6lt\u00f6d fel, ak\u00e1r nagykereskedelmi forgalmaz\u00e1sra sz\u00e1nt term\u00e9keket szerzel be, ez a modell \u00fagy lett kialak\u00edtva, hogy leny\u0171g\u00f6zze a v\u00e1s\u00e1rl\u00f3kat \u00e9s \u00f6szt\u00f6n\u00f6zze a visszat\u00e9r\u0151 v\u00e1s\u00e1rl\u00e1sokat \ud83d\ude80<\/p>\n<p><img data-recalc-dims=\"1\" loading=\"lazy\" decoding=\"async\" class=\"alignnone size-full wp-image-96547\" src=\"https:\/\/i0.wp.com\/aiviouvapes.com\/wp-content\/uploads\/2025\/12\/VOPK-BTC-35K-16.jpg?resize=1020%2C1549&#038;ssl=1\" alt=\"VOPK BTC 35K\" width=\"1020\" height=\"1549\" title=\"\" srcset=\"https:\/\/i0.wp.com\/aiviouvapes.com\/wp-content\/uploads\/2025\/12\/VOPK-BTC-35K-16.jpg?w=1200&amp;ssl=1 1200w, https:\/\/i0.wp.com\/aiviouvapes.com\/wp-content\/uploads\/2025\/12\/VOPK-BTC-35K-16.jpg?resize=198%2C300&amp;ssl=1 198w, https:\/\/i0.wp.com\/aiviouvapes.com\/wp-content\/uploads\/2025\/12\/VOPK-BTC-35K-16.jpg?resize=674%2C1024&amp;ssl=1 674w, https:\/\/i0.wp.com\/aiviouvapes.com\/wp-content\/uploads\/2025\/12\/VOPK-BTC-35K-16.jpg?resize=768%2C1166&amp;ssl=1 768w, https:\/\/i0.wp.com\/aiviouvapes.com\/wp-content\/uploads\/2025\/12\/VOPK-BTC-35K-16.jpg?resize=1012%2C1536&amp;ssl=1 1012w, https:\/\/i0.wp.com\/aiviouvapes.com\/wp-content\/uploads\/2025\/12\/VOPK-BTC-35K-16.jpg?resize=8%2C12&amp;ssl=1 8w, https:\/\/i0.wp.com\/aiviouvapes.com\/wp-content\/uploads\/2025\/12\/VOPK-BTC-35K-16.jpg?resize=800%2C1215&amp;ssl=1 800w\" sizes=\"auto, (max-width: 1020px) 100vw, 1020px\" \/><\/p>","protected":false},"excerpt":{"rendered":"<p>High-tech 35 000 puff VOPK BTC 35K eldobhat\u00f3 vape intelligens k\u00e9perny\u0151vel, kett\u0151s h\u00e1l\u00f3s tekercsel\u00e9ssel \u00e9s \u00e1ll\u00edthat\u00f3 l\u00e9g\u00e1raml\u00e1ssal. T\u00f6k\u00e9letes v\u00e1laszt\u00e1s vape \u00fczletek \u00e9s nagykereskedelmi v\u00e1s\u00e1rl\u00f3k sz\u00e1m\u00e1ra, akik pr\u00e9mium min\u0151s\u00e9g\u0171, tart\u00f3s eszk\u00f6z\u00f6ket keresnek.<\/p>","protected":false},"featured_media":96534,"comment_status":"open","ping_status":"closed","template":"","meta":[],"product_brand":[245],"product_cat":[131,219,39],"product_tag":[462,463,456,331,464],"class_list":{"0":"post-96529","1":"product","2":"type-product","3":"status-publish","4":"has-post-thumbnail","6":"product_brand-vopk","7":"product_cat-30000-puffs-disposable-vape","8":"product_cat-40000-puffs-disposable-vape","9":"product_cat-vopk","10":"product_tag-35000-puffs-vape","11":"product_tag-bulk-disposable-vape-wholesale","12":"product_tag-disposable-vape","13":"product_tag-rechargeable-disposable-vape","14":"product_tag-smart-screen-vape","16":"first","17":"instock","18":"shipping-taxable","19":"purchasable","20":"product-type-variable","21":"has-default-attributes"},"jetpack_sharing_enabled":true,"tiered_pricing_type":"fixed","tiered_pricing_fixed_rules":[],"tiered_pricing_product_settings":{"layout":"default","base_unit_name":{"singular":null,"plural":null},"default_variation":null},"tiered_pricing_minimum_quantity":1000,"tiered_pricing_roles_data":[],"tiered_pricing_percentage_rules":[],"tiered_pricing_maximum_quantity":null,"tiered_pricing_quantity_step":"10","_links":{"self":[{"href":"https:\/\/aiviouvapes.com\/hu\/wp-json\/wp\/v2\/product\/96529","targetHints":{"allow":["GET"]}}],"collection":[{"href":"https:\/\/aiviouvapes.com\/hu\/wp-json\/wp\/v2\/product"}],"about":[{"href":"https:\/\/aiviouvapes.com\/hu\/wp-json\/wp\/v2\/types\/product"}],"replies":[{"embeddable":true,"href":"https:\/\/aiviouvapes.com\/hu\/wp-json\/wp\/v2\/comments?post=96529"}],"wp:featuredmedia":[{"embeddable":true,"href":"https:\/\/aiviouvapes.com\/hu\/wp-json\/wp\/v2\/media\/96534"}],"wp:attachment":[{"href":"https:\/\/aiviouvapes.com\/hu\/wp-json\/wp\/v2\/media?parent=96529"}],"wp:term":[{"taxonomy":"product_brand","embeddable":true,"href":"https:\/\/aiviouvapes.com\/hu\/wp-json\/wp\/v2\/product_brand?post=96529"},{"taxonomy":"product_cat","embeddable":true,"href":"https:\/\/aiviouvapes.com\/hu\/wp-json\/wp\/v2\/product_cat?post=96529"},{"taxonomy":"product_tag","embeddable":true,"href":"https:\/\/aiviouvapes.com\/hu\/wp-json\/wp\/v2\/product_tag?post=96529"}],"curies":[{"name":"wp","href":"https:\/\/api.w.org\/{rel}","templated":true}]}}