{"id":94480,"date":"2025-12-27T15:47:32","date_gmt":"2025-12-27T07:47:32","guid":{"rendered":"https:\/\/aiviouvapes.com\/?post_type=product&#038;p=94480"},"modified":"2026-03-17T23:49:10","modified_gmt":"2026-03-17T15:49:10","slug":"mrvi-becoming-100k","status":"publish","type":"product","link":"https:\/\/aiviouvapes.com\/hu\/product\/mrvi-becoming-100k\/","title":{"rendered":"MRVI BECOMING 100K | 5 az 1-ben 100 000 sz\u00edv\u00e1sos \u00e9rint\u0151k\u00e9perny\u0151s, nagy kiszerel\u00e9s\u0171 eldobhat\u00f3 e-cigaretta"},"content":{"rendered":"<p><strong>MRVI BECOMING 100K<\/strong> a k\u00f6vetkez\u0151 gener\u00e1ci\u00f3s, nagy kapacit\u00e1s\u00fa eldobhat\u00f3 vape eszk\u00f6z\u00f6k, olyan felhaszn\u00e1l\u00f3k sz\u00e1m\u00e1ra tervezve, akik <strong>maxim\u00e1lis sz\u00edv\u00e1sok, er\u0151s \u00edz \u00e9s intelligens vez\u00e9rl\u00e9s<\/strong>.<br \/>\nFejlett \u00e9rint\u0151k\u00e9perny\u0151j\u00e9vel, kett\u0151s h\u00e1l\u00f3s tekercs\u00e9vel \u00e9s 5 az 1-ben \u00edzrendszer\u00e9vel ez az eszk\u00f6z pr\u00e9mium \u00e9lm\u00e9nyt ny\u00fajt, mik\u00f6zben egyszer\u0171en haszn\u00e1lhat\u00f3.<br \/>\nKiv\u00e1l\u00f3 v\u00e1laszt\u00e1s mind a kiskereskedelmi \u00fcgyfelek, mind a B2B v\u00e1s\u00e1rl\u00f3k, p\u00e9ld\u00e1ul a vaporiz\u00e1tor-\u00fczletek, forgalmaz\u00f3k \u00e9s nagykeresked\u0151k sz\u00e1m\u00e1ra.<\/p>\n<h2>Mi\u00e9rt v\u00e1lassza az MRVI BECOMING 100K-t?<\/h2>\n<ul>\n<li>\ud83d\udd25 <strong>Ak\u00e1r 100 000 sz\u00edv\u00e1s<\/strong> ultra-hossz\u00fa haszn\u00e1latra<\/li>\n<li>\ud83c\udf53 <strong>5 az 1-ben \u00edzrendszer<\/strong> \u2013 \u00edzek v\u00e1lt\u00e1sa egy eszk\u00f6z\u00f6n<\/li>\n<li>\ud83d\udcf1 <strong>Intelligens \u00e9rint\u0151k\u00e9perny\u0151<\/strong> e-folyad\u00e9kkal \u00e9s teljes\u00edtm\u00e9nykijelz\u0151vel<\/li>\n<li>\ud83d\udd12 <strong>Gyermekz\u00e1r v\u00e9delem<\/strong> a biztons\u00e1gosabb haszn\u00e1lat \u00e9rdek\u00e9ben<\/li>\n<li>\u26a1 <strong>Kett\u0151s h\u00e1l\u00f3s tekercs<\/strong> gazdagabb \u00edz \u00e9s nagyobb felh\u0151k \u00e9rdek\u00e9ben<\/li>\n<li>\ud83d\udd0b <strong>650mAh \u00fajrat\u00f6lthet\u0151 akkumul\u00e1tor<\/strong> C t\u00edpus\u00fa gyors t\u00f6lt\u00e9ssel<\/li>\n<li>\ud83c\udf9b <strong>ECO PLUS \u00e9s PRO MAX \u00fczemm\u00f3dok<\/strong> a teljes\u00edtm\u00e9ny testreszab\u00e1sa<\/li>\n<li>\ud83d\udcbc <strong>T\u00f6k\u00e9letes nagykereskedelmi \u00e9s nagykereskedelmi forgalmaz\u00e1shoz<\/strong> csomagol\u00e1s<\/li>\n<\/ul>\n<h2>MRVI BECOMING 100K M\u0171szaki adatok<\/h2>\n<table>\n<tbody>\n<tr>\n<td><strong>Puff sz\u00e1m<\/strong><\/td>\n<td>Ak\u00e1r 100 000 sz\u00edv\u00e1s<\/td>\n<\/tr>\n<tr>\n<td><strong>E-folyad\u00e9k kapacit\u00e1s<\/strong><\/td>\n<td>75 ml<\/td>\n<\/tr>\n<tr>\n<td><strong>Az akkumul\u00e1tor kapacit\u00e1sa<\/strong><\/td>\n<td>650 mAh (\u00fajrat\u00f6lthet\u0151)<\/td>\n<\/tr>\n<tr>\n<td><strong>Nikotin er\u0151ss\u00e9ge<\/strong><\/td>\n<td>5%<\/td>\n<\/tr>\n<tr>\n<td><strong>Tekercs t\u00edpusa<\/strong><\/td>\n<td>Dual Mesh tekercs<\/td>\n<\/tr>\n<tr>\n<td><strong>T\u00f6lt\u0151port<\/strong><\/td>\n<td>C-t\u00edpus\u00fa<\/td>\n<\/tr>\n<tr>\n<td><strong>Megjelen\u00edt\u00e9s<\/strong><\/td>\n<td>\u00c9rint\u0151k\u00e9perny\u0151 e-folyad\u00e9kkal \u00e9s teljes\u00edtm\u00e9nyjelz\u0151vel<\/td>\n<\/tr>\n<tr>\n<td><strong>Teljes\u00edtm\u00e9ny \u00fczemm\u00f3dok<\/strong><\/td>\n<td>ECO PLUS \/ PRO MAX<\/td>\n<\/tr>\n<tr>\n<td><strong>Csomag<\/strong><\/td>\n<td>1 db\/doboz, 10 db\/ki\u00e1ll\u00edt\u00e1si doboz<\/td>\n<\/tr>\n<\/tbody>\n<\/table>\n<h2>MRVI BECOMING 100K El\u00e9rhet\u0151 \u00edzek<\/h2>\n<p><strong>\u00cdzv\u00e1laszt\u00e9k 1:<\/strong><br \/>\nBlueberry Burst \u2013 \u00e9des \u00e9s l\u00e9d\u00fas bogy\u00f3s gy\u00fcm\u00f6lcs \u00edz \ud83c\udf47<br \/>\nLush Ice \u2013 j\u00e9ghideg frissess\u00e9g\u0171 g\u00f6r\u00f6gdinnye \u2744\ufe0f\ud83c\udf49<br \/>\nMenta-dinnye \u2013 h\u0171s menta \u00e9rett dinny\u00e9vel keverve \ud83c\udf3f\ud83c\udf48<br \/>\nVegyes gy\u00fcm\u00f6lcs\u00f6k \u2013 kr\u00e9mes gy\u00fcm\u00f6lcskokt\u00e9l \ud83e\udd6d\ud83c\udf53<br \/>\nTr\u00f3pusi mang\u00f3 \u2013 gazdag \u00e9s egzotikus mang\u00f3 \u00edz \ud83e\udd6d<\/p>\n<p><strong>\u00cdzv\u00e1laszt\u00e9k 2:<\/strong><br \/>\nBlueberry Ice \u2013 jeges \u00e1fonya friss\u00edt\u0151 \u2744\ufe0f<br \/>\nCola Ice \u2013 sz\u00e9nsavas k\u00f3la h\u0171s\u00edt\u0151 ut\u00f3\u00edzzel \ud83e\udd64<br \/>\nS\u00f6t\u00e9t sz\u0151l\u0151 \u2013 m\u00e9ly \u00e9s karakteres sz\u0151l\u0151\u00edz \ud83c\udf47<br \/>\nDouble Apple \u2013 klasszikus \u00e9des almakever\u00e9k \ud83c\udf4e\ud83c\udf4f<br \/>\nZ\u00f6ldbab \u2013 egyed\u00fcl\u00e1ll\u00f3 \u00e9s l\u00e1gy bab \u00edz \ud83c\udf31<\/p>\n<p><strong>\u00cdz k\u00e9szlet 3:<\/strong><br \/>\nBlue Razz Ice \u2013 \u00e9les k\u00e9k m\u00e1lna h\u0171s\u00edt\u0151 \ud83d\udc99\u2744\ufe0f<br \/>\nCitrus Storm \u2013 friss citrusos robban\u00e1s \ud83c\udf4a<br \/>\nJuicy Peach \u2013 l\u00e1gy \u00e9s \u00e9des \u0151szibarack \ud83c\udf51<br \/>\nR\u00f3zsasz\u00edn limon\u00e1d\u00e9 \u2013 \u00e9des \u00e9s savany\u00fa egyens\u00faly \ud83c\udf4b<br \/>\nRainbow Candy \u2013 sz\u00ednes cukorka \u00e9dess\u00e9g \ud83c\udf6c<\/p>\n<p><strong>\u00cdzcsomag 4:<\/strong><br \/>\nBanana Ice \u2013 kr\u00e9mes ban\u00e1n j\u00e9ggel \ud83c\udf4c\u2744\ufe0f<br \/>\n\u00c1fonya-g\u00f6r\u00f6gdinnye \u2013 gy\u00fcm\u00f6lcs\u00f6s \u00e9s friss\u00edt\u0151 kombin\u00e1ci\u00f3 \ud83c\udf49\ud83c\udf47<br \/>\nRed Bull \u2013 klasszikus energiaital \u00edz \u26a1<br \/>\nEperj\u00e9g \u2013 friss eper h\u0171s\u00edt\u0151 \ud83c\udf53\u2744\ufe0f<br \/>\nEper-g\u00f6r\u00f6gdinnye \u2013 \u00e9des ny\u00e1ri kever\u00e9k \ud83c\udf53\ud83c\udf49<\/p>\n<p><strong>\u00cdzcsomag 5:<\/strong><br \/>\nCherry Cola \u2013 sz\u00f3d\u00e1s csereszny\u00e9s k\u00f3la \ud83c\udf52\ud83e\udd64<br \/>\nCitrom-lime \u2013 \u00e9les \u00e9s friss\u00edt\u0151 citrus \ud83c\udf4b<br \/>\nAnan\u00e1sz j\u00e9g \u2013 tr\u00f3pusi anan\u00e1sz h\u0171s\u00edt\u0151 \ud83c\udf4d\u2744\ufe0f<br \/>\nEper \u00e9s sz\u0151l\u0151 \u2013 finom gy\u00fcm\u00f6lcs\u00f6s p\u00e1ros\u00edt\u00e1s \ud83c\udf53\ud83c\udf47<br \/>\nEper-kivi \u2013 \u00e9des \u00e9s fanyar kever\u00e9k \ud83e\udd5d<\/p>\n<h2>Az MRVI BECOMING 100K haszn\u00e1lata<\/h2>\n<ul>\n<li>A bekapcsol\u00e1shoz tartsa lenyomva az als\u00f3 gombot 5 m\u00e1sodpercig.<\/li>\n<li>\u00c9rintse meg h\u00e1romszor az \u00e9rint\u0151k\u00e9perny\u0151t a k\u00e9szenl\u00e9ti v\u00e9delem felold\u00e1s\u00e1hoz.<\/li>\n<li>Egy \u00e9rint\u00e9ssel v\u00e1lthat az energiafogyaszt\u00e1si m\u00f3dok k\u00f6z\u00f6tt (ECO PLUS \/ PRO MAX)<\/li>\n<li>Hosszan nyomja meg az \u00e9rint\u0151k\u00e9perny\u0151t 5 alkalommal a kijelz\u0151 kikapcsol\u00e1s\u00e1hoz, energiatakar\u00e9koss\u00e1gi okokb\u00f3l.<\/li>\n<\/ul>\n<h2>GYIK<\/h2>\n<p><strong>K: \u00dajrat\u00f6lthet\u0151 ez a k\u00e9sz\u00fcl\u00e9k?<\/strong><br \/>\nV: Nem. Ez egy eldobhat\u00f3 e-cigaretta, amelynek el\u0151re felt\u00f6lt\u00f6tt 75 ml-es e-folyad\u00e9k-tart\u00e1lya van.<\/p>\n<p><strong>K: \u00dajrat\u00f6lthetem a k\u00e9sz\u00fcl\u00e9ket?<\/strong><br \/>\nV: Igen. A k\u00f6nny\u0171 \u00fajrat\u00f6lt\u00e9s \u00e9rdek\u00e9ben Type-C t\u00f6lt\u0151porthoz is rendelkezik.<\/p>\n<p><strong>K: Alkalmas kezd\u0151knek?<\/strong><br \/>\nA: Igen. Az egyszer\u0171 \u00e9rint\u00e9svez\u00e9rl\u00e9s kezd\u0151bar\u00e1t, m\u00edg a fejlett m\u00f3dok a tapasztalt felhaszn\u00e1l\u00f3k ig\u00e9nyeit is kiel\u00e9g\u00edtik.<\/p>\n<p><strong>K: Ez a term\u00e9k alkalmas nagykereskedelmi \u00e9rt\u00e9kes\u00edt\u00e9sre?<\/strong><br \/>\nV: Term\u00e9szetesen. A magas puffsz\u00e1m, a n\u00e9pszer\u0171 \u00edzek \u00e9s a display-box csomagol\u00e1s ide\u00e1lis v\u00e1laszt\u00e1ss\u00e1 teszi a vape \u00fczletek \u00e9s forgalmaz\u00f3k sz\u00e1m\u00e1ra.<\/p>\n<p>&nbsp;<\/p>\n<p><strong>MRVI BECOMING 100K eldobhat\u00f3 e-cigaretta<\/strong> neh\u00e9z felhaszn\u00e1l\u00f3k, \u00edzrajong\u00f3k \u00e9s professzion\u00e1lis e-cigaretta-\u00e9rt\u00e9kes\u00edt\u0151k sz\u00e1m\u00e1ra k\u00e9sz\u00fclt.<br \/>\nHatalmas f\u00faj\u00e1si kapacit\u00e1s\u00e1val, intelligens \u00e9rint\u0151k\u00e9perny\u0151j\u00e9vel \u00e9s t\u00f6bbf\u00e9le \u00edz\u0171 rendszer\u00e9vel tart\u00f3s teljes\u00edtm\u00e9nyt \u00e9s er\u0151s kiskereskedelmi vonzer\u0151t biztos\u00edt.<br \/>\nT\u00f6k\u00e9letes v\u00e1laszt\u00e1s vape \u00fczletek, nagykereskedelmi v\u00e1s\u00e1rl\u00f3k \u00e9s nagykereskedelmi forgalmaz\u00f3k sz\u00e1m\u00e1ra, akik pr\u00e9mium min\u0151s\u00e9g\u0171, nagy teljes\u00edtm\u00e9ny\u0171 eldobhat\u00f3 eszk\u00f6zt keresnek \ud83d\udca8\ud83d\udce6<\/p>\n<p>\u00dcdv\u00f6z\u00f6lj\u00fck a megrendel\u00e9sekn\u00e9l!<\/p>","protected":false},"excerpt":{"rendered":"<p>Tapasztalja meg az ultra-hossz\u00fa g\u0151z\u00f6l\u00e9st az MRVI BECOMING 100K eldobhat\u00f3 g\u0151z\u00f6l\u0151vel. 5 az 1-ben \u00edzek, intelligens \u00e9rint\u0151k\u00e9perny\u0151 \u00e9s hatalmas 100 000 p\u00f6f\u00e9k \u2013 nagy felhaszn\u00e1l\u00f3k \u00e9s nagykereskedelmi ell\u00e1t\u00e1s sz\u00e1m\u00e1ra k\u00e9sz\u00fclt \ud83d\ude80<\/p>","protected":false},"featured_media":94483,"comment_status":"open","ping_status":"closed","template":"","meta":[],"product_brand":[229],"product_cat":[33,336],"product_tag":[447,446,448,450,449],"class_list":{"0":"post-94480","1":"product","2":"type-product","3":"status-publish","4":"has-post-thumbnail","6":"product_brand-mrvi","7":"product_cat-mrvi","8":"product_cat-100k-puffs-disposable-vape","9":"product_tag-100000-puffs-vape-wholesale","10":"product_tag-100k-disposable-vape","11":"product_tag-5-in-1-flavor-disposable-vape","12":"product_tag-high-puff-disposable-vape-for-distributors","13":"product_tag-touch-screen-disposable-vape-device","15":"first","16":"instock","17":"shipping-taxable","18":"purchasable","19":"product-type-variable","20":"has-default-attributes"},"jetpack_sharing_enabled":true,"tiered_pricing_type":"fixed","tiered_pricing_fixed_rules":{"100":8.42999999999999971578290569595992565155029296875,"200":8.03999999999999914734871708787977695465087890625,"400":7.2599999999999997868371792719699442386627197265625},"tiered_pricing_product_settings":{"layout":"default","base_unit_name":{"singular":null,"plural":null},"default_variation":null},"tiered_pricing_minimum_quantity":50,"tiered_pricing_roles_data":[],"tiered_pricing_percentage_rules":[],"tiered_pricing_maximum_quantity":null,"tiered_pricing_quantity_step":"10","_links":{"self":[{"href":"https:\/\/aiviouvapes.com\/hu\/wp-json\/wp\/v2\/product\/94480","targetHints":{"allow":["GET"]}}],"collection":[{"href":"https:\/\/aiviouvapes.com\/hu\/wp-json\/wp\/v2\/product"}],"about":[{"href":"https:\/\/aiviouvapes.com\/hu\/wp-json\/wp\/v2\/types\/product"}],"replies":[{"embeddable":true,"href":"https:\/\/aiviouvapes.com\/hu\/wp-json\/wp\/v2\/comments?post=94480"}],"wp:featuredmedia":[{"embeddable":true,"href":"https:\/\/aiviouvapes.com\/hu\/wp-json\/wp\/v2\/media\/94483"}],"wp:attachment":[{"href":"https:\/\/aiviouvapes.com\/hu\/wp-json\/wp\/v2\/media?parent=94480"}],"wp:term":[{"taxonomy":"product_brand","embeddable":true,"href":"https:\/\/aiviouvapes.com\/hu\/wp-json\/wp\/v2\/product_brand?post=94480"},{"taxonomy":"product_cat","embeddable":true,"href":"https:\/\/aiviouvapes.com\/hu\/wp-json\/wp\/v2\/product_cat?post=94480"},{"taxonomy":"product_tag","embeddable":true,"href":"https:\/\/aiviouvapes.com\/hu\/wp-json\/wp\/v2\/product_tag?post=94480"}],"curies":[{"name":"wp","href":"https:\/\/api.w.org\/{rel}","templated":true}]}}