{"id":91105,"date":"2025-12-08T23:17:17","date_gmt":"2025-12-08T15:17:17","guid":{"rendered":"https:\/\/aiviouvapes.com\/?post_type=product&#038;p=91105"},"modified":"2026-03-17T11:24:22","modified_gmt":"2026-03-17T03:24:22","slug":"bang-leader-85k","status":"publish","type":"product","link":"https:\/\/aiviouvapes.com\/hu\/product\/bang-leader-85k\/","title":{"rendered":"Bang Leader 85K | 3 az 1-ben tripla \u00edz, 85000 puff, 70ml, \u00f6mlesztett eldobhat\u00f3 vape"},"content":{"rendered":"<p>Bemutatjuk a <strong>Bang Leader 85000 puff<\/strong>, egy forradalmian \u00faj, eldobhat\u00f3 e-cigaretta azoknak, akik t\u00f6bbet akarnak. Ez nem csak egy \u00e1tlagos e-cigaretta, hanem egy nagy teljes\u00edtm\u00e9ny\u0171, hossz\u00fa \u00e9lettartamra \u00e9s el\u00e9gedetts\u00e9gre tervezett k\u00e9sz\u00fcl\u00e9k. Megd\u00f6bbent\u0151 <strong>70 ml-es e-folyad\u00e9k tart\u00e1ly<\/strong> \u00e9s egy robusztus <strong>850mAh \u00fajrat\u00f6lthet\u0151 akkumul\u00e1tor<\/strong>, Ez az eszk\u00f6z biztos\u00edtja, hogy t\u00f6bb id\u0151t t\u00f6lts\u00f6n a g\u0151z\u00f6l\u00e9ssel, \u00e9s kevesebb id\u0151t az elfogy\u00e1ssal val\u00f3 agg\u00f3d\u00e1ssal. \ud83d\udd0b\u2728<\/p>\n<p>A legkiemelked\u0151bb jellemz\u0151je az innovat\u00edv <strong>3 az 1-ben \u00edzrendszer<\/strong>. Unod m\u00e1r az egyforma \u00edzeket? Egyszer\u0171en v\u00e1ltsd \u00e1t a be\u00e1ll\u00edt\u00e1sokat, \u00e9s \u00e9lvezd a h\u00e1rom k\u00fcl\u00f6nb\u00f6z\u0151 pr\u00e9mium \u00edzt egyetlen eszk\u00f6z\u00f6n! Kifejlesztve a <strong>1,0\u03a9 h\u00e1l\u00f3s tekercs<\/strong>, az els\u0151 slukk\u00e1t\u00f3l az utols\u00f3ig egyenletes, sima \u00e9s gazdag g\u0151zt biztos\u00edt. T\u00f6k\u00e9letes <strong>vape bolt tulajdonosok<\/strong> keresel egy n\u00e9pszer\u0171 term\u00e9ket, vagy sokat sz\u00edv\u00f3 vaper vagy, aki \u00e9rt\u00e9ket keres? \ud83c\udfc6\ud83d\udce6<\/p>\n<h3>\ud83c\udf1f Mi\u00e9rt v\u00e1lassza az Bang Leader 85000-et?<\/h3>\n<ul>\n<li><strong>\ud83d\udd04 3 az 1-ben \u00edztechnol\u00f3gia:<\/strong> \u00c9lvezze h\u00e1rom k\u00fcl\u00f6nb\u00f6z\u0151 \u00edzt egy kompakt eszk\u00f6zben. V\u00e1ltson azonnal, hogy illeszkedjen a hangulat\u00e1hoz!<\/li>\n<li><strong>\ud83d\udca7 Hatalmas 70 ml-es \u0171rtartalom:<\/strong> A piacon el\u00e9rhet\u0151 egyik legnagyobb kapacit\u00e1s, hihetetlen 85 000 sz\u00edv\u00e1ssal.<\/li>\n<li><strong>\u26a1 Type-C \u00fajrat\u00f6lthet\u0151:<\/strong> A Type-C porton kereszt\u00fcl t\u00f6rt\u00e9n\u0151 gyors t\u00f6lt\u00e9s biztos\u00edtja, hogy a 850 mAh-s akkumul\u00e1tor mindig k\u00e9szen \u00e1lljon a haszn\u00e1latra.<\/li>\n<li><strong>\u2601\ufe0f Fejlett h\u00e1l\u00f3s tekercs:<\/strong> Az 1,0 \u03a9-os ellen\u00e1ll\u00e1s\u00fa h\u00e1l\u00f3s tekercs garant\u00e1lja a fokozott \u00edztisztas\u00e1got \u00e9s a s\u0171r\u0171 g\u0151ztermel\u00e9st.<\/li>\n<li><strong>\ud83c\udf9a\ufe0f Rugalmas nikotin opci\u00f3k:<\/strong> 0%, 2%, 3% \u00e9s 5% v\u00e1ltozatokban kaphat\u00f3, hogy minden \u00fcgyf\u00e9l ig\u00e9ny\u00e9t kiel\u00e9g\u00edtse.<\/li>\n<\/ul>\n<h3>\ud83d\udcca Bang Leader 85K m\u0171szaki adatok<\/h3>\n<table>\n<thead>\n<tr>\n<th align=\"left\">Jellemz\u0151<\/th>\n<th align=\"left\">R\u00e9szletek<\/th>\n<\/tr>\n<\/thead>\n<tbody>\n<tr>\n<td><strong>Puff sz\u00e1m<\/strong><\/td>\n<td>Ak\u00e1r 85 000 slukk<\/td>\n<\/tr>\n<tr>\n<td><strong>E-folyad\u00e9k kapacit\u00e1s<\/strong><\/td>\n<td>70 ml<\/td>\n<\/tr>\n<tr>\n<td><strong>\u00cdzes\u00edt\u0151 rendszer<\/strong><\/td>\n<td>3 az 1-ben h\u00e1rmas \u00edzv\u00e1lt\u00f3<\/td>\n<\/tr>\n<tr>\n<td><strong>Akkumul\u00e1tor<\/strong><\/td>\n<td>850 mAh (\u00fajrat\u00f6lthet\u0151)<\/td>\n<\/tr>\n<tr>\n<td><strong>T\u00f6lt\u00e9s<\/strong><\/td>\n<td>C t\u00edpus\u00fa port<\/td>\n<\/tr>\n<tr>\n<td><strong>Tekercs<\/strong><\/td>\n<td>1,0\u03a9 h\u00e1l\u00f3s tekercs<\/td>\n<\/tr>\n<tr>\n<td><strong>Nikotin er\u0151ss\u00e9ge<\/strong><\/td>\n<td>0% (0 mg), 2% (20 mg), 3% (30 mg), 5% (50 mg)<\/td>\n<\/tr>\n<\/tbody>\n<\/table>\n<h3>\ud83c\udf6d Bang Leader 85K \u00edzkombin\u00e1ci\u00f3 (3 \u00edz eszk\u00f6z\u00f6nk\u00e9nt)<\/h3>\n<p>Minden Bang Leader k\u00e9sz\u00fcl\u00e9k h\u00e1rom \u00ednycsikland\u00f3 \u00edzzel van t\u00f6ltve. V\u00e1lassza ki kedvenc kever\u00e9k\u00e9t:<\/p>\n<ul>\n<li>\ud83c\udf4c <strong>1. kever\u00e9k:<\/strong> Ban\u00e1n j\u00e9gkr\u00e9m \/ Eper-g\u00f6r\u00f6gdinnye \/ Medve gumicukorka<\/li>\n<li>\ud83d\udc09 <strong>Kever\u00e9k 2:<\/strong> Fekete S\u00e1rk\u00e1ny J\u00e9g \/ Pillecukor \/ Ny\u00e1ri \u00c1lom<\/li>\n<li>\ud83e\uded0 <strong>3. kever\u00e9k:<\/strong> \u00c1fonya j\u00e9g \/ K\u00e9k m\u00e1lna \/ Illatos k\u00f6rte<\/li>\n<li>\ud83c\udf4d <strong>4. kever\u00e9k:<\/strong> Cseresznye-\u00e1fonya \/ \u0150szibarack-mang\u00f3 \/ Anan\u00e1sz<\/li>\n<li>\ud83e\udd64 <strong>5. kever\u00e9k:<\/strong> Coke Ice \/ Alma-barack \/ R\u00f3zsasz\u00edn limon\u00e1d\u00e9<\/li>\n<li>\ud83e\udd5d <strong>6. kever\u00e9k:<\/strong> Sz\u0151l\u0151 j\u00e9g \/ Eper kiwi \/ Passi\u00f3gy\u00fcm\u00f6lcs guava<\/li>\n<li>\ud83d\udc9c <strong>7. kever\u00e9k:<\/strong> Love 666 \/ \u00c1fonya-m\u00e1lna \/ Vimto<\/li>\n<li>\ud83c\udf79 <strong>8. kever\u00e9k:<\/strong> Vegyes gy\u00fcm\u00f6lcs \/ Mojito \u0151szibarack \/ \u00c1fonya m\u00e1lna<\/li>\n<li>\ud83c\udf53 <strong>Kever\u00e9s 9:<\/strong> Anan\u00e1sz j\u00e9g \/ Eper Red Bull \/ Vegyes bogy\u00f3s gy\u00fcm\u00f6lcs\u00f6k<\/li>\n<li>\ud83c\udf4e <strong>Kever\u00e9s 10:<\/strong> V\u00f6r\u00f6s alma j\u00e9g \/ M\u00e1lna g\u00f6r\u00f6gdinnye \/ Aloe sz\u0151l\u0151<\/li>\n<li>\ud83c\udf66 <strong>Kever\u00e9s 11:<\/strong> Red Bull \/ \u00c1fonya-g\u00f6r\u00f6gdinnye \/ Eper fagylalt<\/li>\n<li>\ud83c\udf4a <strong>Kever\u00e9s 12:<\/strong> Eper j\u00e9gkr\u00e9m \/ Citrom-narancs \/ G\u00f6r\u00f6gdinnye r\u00e1g\u00f3gumi<\/li>\n<li>\ud83c\udf4c <strong>Kever\u00e9s 13:<\/strong> Eper-m\u00e1lna \/ Fekete ribizli \/ Eper-ban\u00e1n<\/li>\n<li>\ud83c\udf52 <strong>Kever\u00e9s 14:<\/strong> Eper-g\u00f6r\u00f6gdinnye \/ Csereszny\u00e9s k\u00f3la \/ Eperkr\u00e9m<\/li>\n<li>\ud83e\udd6d <strong>Kever\u00e9s 15:<\/strong> G\u00f6r\u00f6gdinnye j\u00e9gkr\u00e9m \/ Mang\u00f3-\u0151szibarack \/ Narancs szoda<\/li>\n<\/ul>\n<p><strong>Bang Leader 85000 puff<\/strong> \u00faj szabv\u00e1nyt \u00e1ll\u00edt fel az eldobhat\u00f3 e-cigarett\u00e1k ter\u00e9n. T\u00f6k\u00e9letesen alkalmas <strong>gyakori felhaszn\u00e1l\u00f3k<\/strong> akik kompromisszumok n\u00e9lk\u00fcli k\u00e9nyelmet szeretn\u00e9nek, \u00e9s <strong>\u00edzvad\u00e1szok<\/strong> akik szeretik a v\u00e1ltozatoss\u00e1got. Mert <strong>kis- \u00e9s nagykeresked\u0151k<\/strong>, Ez a nagy teljes\u00edtm\u00e9ny\u0171, t\u00f6bbf\u00e9le \u00edz\u0171 eszk\u00f6z elengedhetetlen k\u00e9szletelem, amely vonzza a legjobb \u00e1r-\u00e9rt\u00e9k ar\u00e1nyt \u00e9s a leg\u00fajabb technol\u00f3gi\u00e1t keres\u0151 v\u00e1s\u00e1rl\u00f3kat. Friss\u00edtse k\u00e9szlet\u00e9t m\u00e9g ma! \ud83d\ude80\ud83d\uded2<\/p>\n<h3>\u2753 Gyakran ism\u00e9telt k\u00e9rd\u00e9sek (GYIK)<\/h3>\n<p><strong>K: Hogyan v\u00e1lthatok \u00edzeket a Bang Leader 85K k\u00e9sz\u00fcl\u00e9ken?<\/strong><br \/>\nV: A k\u00e9sz\u00fcl\u00e9k egyszer\u0171 kapcsol\u00f3mechanizmussal rendelkezik, amely lehet\u0151v\u00e9 teszi a h\u00e1rom k\u00fcl\u00f6n\u00e1ll\u00f3 folyad\u00e9ktart\u00e1ly k\u00f6z\u00f6tti v\u00e1lt\u00e1st. \ud83d\udd00<\/p>\n<p><strong>K: Az akkumul\u00e1tor \u00fajrat\u00f6lthet\u0151?<\/strong><br \/>\nV: Igen! 850 mAh-s akkumul\u00e1torral rendelkezik, amely standard Type-C t\u00f6lt\u0151k\u00e1bel seg\u00edts\u00e9g\u00e9vel k\u00f6nnyen felt\u00f6lthet\u0151. \ud83d\udd0c<\/p>\n<p><strong>K: Ez a term\u00e9k alkalmas nagykereskedelmi forgalmaz\u00e1sra?<\/strong><br \/>\nA: Term\u00e9szetesen. Az egyed\u00fcl\u00e1ll\u00f3 3 az 1-ben \u00e9rt\u00e9kes\u00edt\u00e9si \u00e9rv \u00e9s a magas puffsz\u00e1m miatt ez a term\u00e9k nagyon vonz\u00f3 a B2B v\u00e1s\u00e1rl\u00f3k \u00e9s a vape \u00fczletek sz\u00e1m\u00e1ra. \ud83c\udfed<\/p>\n<p><strong>K: Mennyi ideig tart 85 000 sz\u00edv\u00e1s?<\/strong><br \/>\nV: 70 ml folyad\u00e9kkal ez az eszk\u00f6z a haszn\u00e1lati szok\u00e1sokt\u00f3l f\u00fcgg\u0151en t\u00f6bb h\u00e9tig is kitart, \u00edgy rendk\u00edv\u00fcl k\u00f6lts\u00e9ghat\u00e9kony. \ud83d\uddd3\ufe0f<\/p>","protected":false},"excerpt":{"rendered":"<p>Hatalmas 85 000 sz\u00edv\u00e1s, 3 az 1-ben \u00edzv\u00e1lt\u00e1s \u00e9s 70 ml kapacit\u00e1s! A Bang Leader 85K a v\u00e9gs\u0151, hossz\u00fa \u00e9lettartam\u00fa, \u00fajrat\u00f6lthet\u0151 e-cigaretta nagykeresked\u0151knek \u00e9s \u00edzvad\u00e1szoknak. \ud83c\udf2c\ufe0f\ud83d\udca8<\/p>","protected":false},"featured_media":91116,"comment_status":"open","ping_status":"closed","template":"","meta":[],"product_brand":[239],"product_cat":[336,242,37],"product_tag":[443,444,442,445,433],"class_list":{"0":"post-91105","1":"product","2":"type-product","3":"status-publish","4":"has-post-thumbnail","6":"product_brand-bang","7":"product_cat-100k-puffs-disposable-vape","8":"product_cat-60000-puffs-disposable-vape","9":"product_cat-bang","10":"product_tag-3-in-1-flavor-vape","11":"product_tag-85000-puffs-disposable","12":"product_tag-bang-leader-85000-puffs","13":"product_tag-bang-vape-wholesale","14":"product_tag-rechargeable-vape","16":"first","17":"instock","18":"shipping-taxable","19":"purchasable","20":"product-type-variable","21":"has-default-attributes"},"jetpack_sharing_enabled":true,"tiered_pricing_type":"fixed","tiered_pricing_fixed_rules":{"30":9.07000000000000028421709430404007434844970703125,"50":7.519999999999999573674358543939888477325439453125,"100":7,"200":6.61000000000000031974423109204508364200592041015625,"400":5.8300000000000000710542735760100185871124267578125},"tiered_pricing_product_settings":{"layout":"default","base_unit_name":{"singular":null,"plural":null},"default_variation":null},"tiered_pricing_minimum_quantity":10,"tiered_pricing_roles_data":[],"tiered_pricing_percentage_rules":[],"tiered_pricing_maximum_quantity":null,"tiered_pricing_quantity_step":"10","_links":{"self":[{"href":"https:\/\/aiviouvapes.com\/hu\/wp-json\/wp\/v2\/product\/91105","targetHints":{"allow":["GET"]}}],"collection":[{"href":"https:\/\/aiviouvapes.com\/hu\/wp-json\/wp\/v2\/product"}],"about":[{"href":"https:\/\/aiviouvapes.com\/hu\/wp-json\/wp\/v2\/types\/product"}],"replies":[{"embeddable":true,"href":"https:\/\/aiviouvapes.com\/hu\/wp-json\/wp\/v2\/comments?post=91105"}],"wp:featuredmedia":[{"embeddable":true,"href":"https:\/\/aiviouvapes.com\/hu\/wp-json\/wp\/v2\/media\/91116"}],"wp:attachment":[{"href":"https:\/\/aiviouvapes.com\/hu\/wp-json\/wp\/v2\/media?parent=91105"}],"wp:term":[{"taxonomy":"product_brand","embeddable":true,"href":"https:\/\/aiviouvapes.com\/hu\/wp-json\/wp\/v2\/product_brand?post=91105"},{"taxonomy":"product_cat","embeddable":true,"href":"https:\/\/aiviouvapes.com\/hu\/wp-json\/wp\/v2\/product_cat?post=91105"},{"taxonomy":"product_tag","embeddable":true,"href":"https:\/\/aiviouvapes.com\/hu\/wp-json\/wp\/v2\/product_tag?post=91105"}],"curies":[{"name":"wp","href":"https:\/\/api.w.org\/{rel}","templated":true}]}}