{"id":91088,"date":"2025-12-08T23:36:54","date_gmt":"2025-12-08T15:36:54","guid":{"rendered":"https:\/\/aiviouvapes.com\/?post_type=product&#038;p=91088"},"modified":"2026-03-17T11:23:41","modified_gmt":"2026-03-17T03:23:41","slug":"bang-leader-50k","status":"publish","type":"product","link":"https:\/\/aiviouvapes.com\/hu\/product\/bang-leader-50k\/","title":{"rendered":"Bang Leader 50K | dual pod rendszer 50000 puff, 40ml, nagy kapacit\u00e1s\u00fa, \u00f6mlesztett eldobhat\u00f3 vape"},"content":{"rendered":"<p>\ud83c\udf1f <strong>Bang Leader 50000 puff eldobhat\u00f3 e-cigaretta<\/strong> egy olyan eszk\u00f6z, amelyet azoknak terveztek, akik t\u00f6bbet ig\u00e9nyelnek. A szok\u00e1sos eldobhat\u00f3 eszk\u00f6z\u00f6kt\u0151l elt\u00e9r\u0151en ez a k\u00e9szlet innovat\u00edv <strong>Kett\u0151s kapszul\u00e1s rendszer<\/strong> megd\u00f6bbent\u0151 <strong>40 ml e-folyad\u00e9k (20 ml + 20 ml)<\/strong>. Ak\u00e1r egy kiskereskedelmi e-cigaretta bolt vagy, amely a leg\u00fajabb, legn\u00e9pszer\u0171bb term\u00e9keket keresi, ak\u00e1r egy e-cigaretta haszn\u00e1l\u00f3, aki unja, hogy mindig kifogy a folyad\u00e9k, a Bang Leader p\u00e1ratlan teljes\u00edtm\u00e9nyt ny\u00fajt.<\/p>\n<p>Robusztus 650 mAh-s \u00fajrat\u00f6lthet\u0151 akkumul\u00e1torral \u00e9s \u00e1ll\u00edthat\u00f3 nikotintartalommal (0%-t\u0151l 5%-ig) minden ig\u00e9nyt kiel\u00e9g\u00edt. V\u00e1lasszon a k\u00fcl\u00f6nb\u00f6z\u0151 \u00edzek k\u00f6z\u00fcl, \u00e9lvezze a hatalmas felh\u0151ket, \u00e9s tapasztalja meg egy igaz\u00e1n tart\u00f3s eszk\u00f6z k\u00e9nyelm\u00e9t. \ud83d\udd25<\/p>\n<h2>Mi\u00e9rt v\u00e1lassza az Bang Leader 50000 Puffs term\u00e9ket? \ud83c\udfc6<\/h2>\n<ul>\n<li><strong>\ud83e\udd2f Hatalmas 50 000 puff kapacit\u00e1s:<\/strong> A piacon el\u00e9rhet\u0151 egyik legtart\u00f3sabb eszk\u00f6z, \u00edgy ritk\u00e1bban kell cser\u00e9lni. T\u00f6k\u00e9letes utaz\u00e1shoz vagy hossz\u00fa t\u00e1v\u00fa haszn\u00e1latra.<\/li>\n<li><strong>\ud83d\udd04 Innovat\u00edv kett\u0151s kapszula technol\u00f3gia:<\/strong> Mi\u00e9rt el\u00e9gedj meg egy tart\u00e1llyal? Ez az eszk\u00f6z k\u00e9t 20 ml-es kapszul\u00e1val rendelkezik, \u00f6sszesen 40 ml pr\u00e9mium e-folyad\u00e9kkal. Ez biztos\u00edtja a friss \u00edzt az els\u0151 slukk\u00e1t\u00f3l az \u00f6tvenezeredikig.<\/li>\n<li><strong>\ud83d\udd0b Megb\u00edzhat\u00f3 \u00e9s \u00fajrat\u00f6lthet\u0151:<\/strong> 650 mAh-s akkumul\u00e1torral \u00e9s Type-C t\u00f6lt\u00e9si t\u00e1mogat\u00e1ssal (k\u00e1bel nem tartoz\u00e9k) ell\u00e1tva, \u00edgy biztos\u00edtva, hogy az e-liquid utols\u00f3 cseppj\u00e9ig is haszn\u00e1lhassa a k\u00e9sz\u00fcl\u00e9ket.<\/li>\n<li><strong>\ud83c\udf9a\ufe0f Testreszabott nikotintartalom:<\/strong> 0%, 2%, 3% \u00e9s 5% v\u00e1ltozatokban kaphat\u00f3. Ak\u00e1r a nikotinr\u00f3l szeretne leszokni, ak\u00e1r er\u0151s \u00e9lm\u00e9nyre v\u00e1gyik, n\u00e1lunk megtal\u00e1lja a megfelel\u0151 szintet.<\/li>\n<li><strong>\ud83d\udcbc Legalkalmasabb nagykereskedelmi \u00e9s nagy mennyis\u00e9g\u0171 v\u00e1s\u00e1rl\u00e1sokhoz:<\/strong> A magas puffsz\u00e1m magasabb \u00e9rt\u00e9ket jelent. Ez a term\u00e9k els\u0151rang\u00fa v\u00e1laszt\u00e1s azoknak a forgalmaz\u00f3knak \u00e9s kiskeresked\u0151knek, akik nagy kereslet\u0171 term\u00e9kkel szeretn\u00e9k n\u00f6velni nyeres\u00e9g\u00fcket.<\/li>\n<\/ul>\n<h2>Bang Leader 50K m\u0171szaki adatok \ud83d\udcca<\/h2>\n<table>\n<thead>\n<tr>\n<th>Jellemz\u0151<\/th>\n<th>R\u00e9szletek<\/th>\n<\/tr>\n<\/thead>\n<tbody>\n<tr>\n<td><strong>Puff sz\u00e1m<\/strong><\/td>\n<td>Ak\u00e1r 50,000 puff<\/td>\n<\/tr>\n<tr>\n<td><strong>E-folyad\u00e9k kapacit\u00e1s<\/strong><\/td>\n<td>40 ml \u00f6sszesen (k\u00e9t 20 ml-es kapszula)<\/td>\n<\/tr>\n<tr>\n<td><strong>Az akkumul\u00e1tor kapacit\u00e1sa<\/strong><\/td>\n<td>650 mAh (\u00fajrat\u00f6lthet\u0151)<\/td>\n<\/tr>\n<tr>\n<td><strong>Nikotin er\u0151ss\u00e9ge<\/strong><\/td>\n<td>0%, 2%, 3%, 5% Opci\u00f3k<\/td>\n<\/tr>\n<tr>\n<td><strong>T\u00f6lt\u0151port<\/strong><\/td>\n<td>C t\u00edpus\u00fa USB<\/td>\n<\/tr>\n<tr>\n<td><strong>Tekercs t\u00edpusa<\/strong><\/td>\n<td>Fejlett h\u00e1l\u00f3s tekercs a tiszta \u00edz\u00e9rt<\/td>\n<\/tr>\n<tr>\n<td><strong>L\u00e9g\u00e1raml\u00e1s<\/strong><\/td>\n<td>Be\u00e1ll\u00edthat\u00f3 MTL vagy RDL m\u00f3dra<\/td>\n<\/tr>\n<\/tbody>\n<\/table>\n<h2>Bang Leader 50K \u00cdzv\u00e1laszt\u00e9k \ud83c\udf47\ud83c\udf49<\/h2>\n<p>A Bang Leader 50K nem csak a m\u00e9retr\u0151l sz\u00f3l, hanem az \u00edzr\u0151l is! Minden eszk\u00f6z izgalmas kett\u0151s \u00edz\u00e9lm\u00e9nyt vagy komplex kever\u00e9keket k\u00edn\u00e1l. \u00cdme a legkelend\u0151bb kombin\u00e1ci\u00f3k:<\/p>\n<ul>\n<li><strong>\ud83c\udf53\ud83c\udf52 Eper-m\u00e1lna-cseresznye j\u00e9gkr\u00e9m \u00e9s cseresznye:<\/strong> Bogy\u00f3s gy\u00fcm\u00f6lcs\u00f6k robban\u00e1sa h\u0171v\u00f6s, jeges ut\u00f3\u00edzzel, klasszikus \u00e9des csereszny\u00e9s punccsal p\u00e1ros\u00edtva.<\/li>\n<li><strong>\ud83c\udf49\ud83d\udc02 G\u00f6r\u00f6gdinnye Eper &amp; G\u00f6r\u00f6gdinnye Redbull:<\/strong> A ny\u00e1ri gy\u00fcm\u00f6lcs\u00f6k energiz\u00e1l\u00f3 italokkal p\u00e1rosulnak.<\/li>\n<li><strong>\ud83c\udf47 Fekete sz\u0151l\u0151 \u00e9s z\u00f6ld sz\u0151l\u0151:<\/strong> A sz\u0151l\u0151 v\u00e9gs\u0151 csat\u00e1ja \u2013 m\u00e9ly, gazdag \u00e9dess\u00e9g kontra ropog\u00f3s, fanyar frissess\u00e9g.<\/li>\n<li><strong>\ud83c\udf4f\ud83e\udd5d Alma, k\u00f6rte, kiwi, passi\u00f3gy\u00fcm\u00f6lcs, guava:<\/strong> Az egyik oldalon egy ropog\u00f3s gy\u00fcm\u00f6lcs\u00f6s, a m\u00e1sikon egy tr\u00f3pusi paradicsom.<\/li>\n<li><strong>\ud83c\udf4d\ud83c\udf4b Savany\u00fa anan\u00e1sz limon\u00e1d\u00e9 \u00e9s citrom-lime Redbull:<\/strong> Pik\u00e1ns, citrusos, t\u00f6k\u00e9letes azoknak, akik szeretik a savanyk\u00e1s \u00edzeket.<\/li>\n<li><strong>\ud83c\udf4c\ud83e\udd6d Ban\u00e1n j\u00e9gkr\u00e9m \u00e9s eper-mang\u00f3:<\/strong> Kr\u00e9mes ban\u00e1nfagyi \u00e9s finom tr\u00f3pusi gy\u00fcm\u00f6lcs\u00f6s turmix.<\/li>\n<li><strong>\ud83e\uded0 \u00c1fonya Savany\u00fa m\u00e1lna \u00e9s \u00e1fonya:<\/strong> K\u00e9tszeres adag \u00e1fonya, savanyk\u00e1s m\u00e1lna \u00edzzel.<\/li>\n<li><strong>\ud83e\udd64\ud83c\udf4b Csereszny\u00e9s k\u00f3la \u00e9s r\u00f3zsasz\u00edn limon\u00e1d\u00e9:<\/strong> Fizzy sz\u00f3dab\u00e1r hangulat friss\u00edt\u0151 limon\u00e1d\u00e9val.<\/li>\n<li><strong>\ud83c\udf79 \u00c1fonya-m\u00e1lna limon\u00e1d\u00e9 \u00e9s eper-m\u00e1lna-cseresznye j\u00e9gkr\u00e9m:<\/strong> Bogy\u00f3s gy\u00fcm\u00f6lcs\u00f6k \u00e9s citrusf\u00e9l\u00e9k komplex kever\u00e9ke a kifinomult \u00edzl\u00e9snek.<\/li>\n<li><strong>\ud83c\udf53\ud83e\udd5d Eper-kivi \u00e9s eper j\u00e9gkr\u00e9m:<\/strong> A klasszikus du\u00f3, hideg eper \u00edzzel kieg\u00e9sz\u00edtve.<\/li>\n<li><strong>\ud83c\udf4d\ud83e\uddca Anan\u00e1sz-passi\u00f3gy\u00fcm\u00f6lcs \u00e9s anan\u00e1sz j\u00e9gkr\u00e9m:<\/strong> Tiszta egzotikus arany, \u00e9des passi\u00f3gy\u00fcm\u00f6lcs\u00f6s jegyekkel \u00e9s jeges anan\u00e1sz frissess\u00e9ggel.<\/li>\n<li><strong>\ud83c\udf78 Lime-m\u00e1lna mojito \u00e9s cseresznye-m\u00e1lna-lime:<\/strong> Kokt\u00e9l ihlette kever\u00e9k, amely pik\u00e1ns, mentolos \u00e9s \u00e9des.<\/li>\n<li><strong>\ud83c\udfb2 V\u00e9letlenszer\u0171 \u00edzek:<\/strong> Nem tudsz d\u00f6nteni? V\u00e1laszd ezt az opci\u00f3t a gyors sz\u00e1ll\u00edt\u00e1s \u00e9s egy vid\u00e1m meglepet\u00e9s \u00e9rdek\u00e9ben!<\/li>\n<\/ul>\n<h2>Kinek sz\u00f3l ez a term\u00e9k? \ud83c\udfaf<\/h2>\n<p>A <strong>Bang Leader 50000 puff<\/strong> a v\u00e9gs\u0151 megold\u00e1s <strong>gyakori felhaszn\u00e1l\u00f3k<\/strong> akiknek eleg\u00fck van abb\u00f3l, hogy a vaporiz\u00e1toruk k\u00e9t nap alatt t\u00f6nkremegy. \u00dagy tervezt\u00e9k, hogy <strong>\u00edzvad\u00e1szok<\/strong> akik v\u00e1ltozatoss\u00e1got szeretn\u00e9nek, an\u00e9lk\u00fcl, hogy t\u00f6bb eszk\u00f6zt kellene magukkal cipelni\u00fck.<\/p>\n<p><strong>B2B v\u00e1s\u00e1rl\u00f3k \u00e9s e-cigaretta \u00fczletek sz\u00e1m\u00e1ra:<\/strong> Ez egy dr\u00e1ga term\u00e9k, amely gyorsan elkel a polcokr\u00f3l. Egyed\u00fcl\u00e1ll\u00f3 \u00e9rt\u00e9kes\u00edt\u00e9si pontja (50 000 sz\u00edv\u00e1s + kett\u0151s kapszula) miatt k\u00f6nnyen eladhat\u00f3 a szok\u00e1sos eldobhat\u00f3 term\u00e9kekhez k\u00e9pest. T\u00e1roljon be most nagykereskedelmi forgalmaz\u00e1s c\u00e9lj\u00e1b\u00f3l, \u00e9s k\u00edn\u00e1lja \u00fcgyfeleinek a piacon el\u00e9rhet\u0151 legjobb \u00e1r-\u00e9rt\u00e9k ar\u00e1nyt! \ud83d\udce6\ud83d\ude9b<\/p>\n<h2>Gyakran ism\u00e9telt k\u00e9rd\u00e9sek (GYIK) \u2753<\/h2>\n<h3>1. Hogyan m\u0171k\u00f6dnek a Dual Podok?<\/h3>\n<p>A k\u00e9sz\u00fcl\u00e9k egy egys\u00e9gben k\u00e9t k\u00fcl\u00f6n\u00e1ll\u00f3 20 ml-es tart\u00e1lyt tartalmaz. Ez \u00f6sszesen 40 ml-es hatalmas kapacit\u00e1st biztos\u00edt, \u00edgy a k\u00e9sz\u00fcl\u00e9k l\u00e9nyegesen hosszabb ideig tart, mint a szok\u00e1sos, egy tart\u00e1lyos e-cigarett\u00e1k.<\/p>\n<h3>2. Az Bang Leader 50000 \u00fajrat\u00f6lthet\u0151?<\/h3>\n<p>Igen! Az \u00f3ri\u00e1si 50 000 sz\u00edv\u00e1s sz\u00e1m\u00e1nak t\u00e1mogat\u00e1s\u00e1hoz a k\u00e9sz\u00fcl\u00e9k 650 mAh-s akkumul\u00e1torral rendelkezik, amely Type-C USB porton kereszt\u00fcl t\u00f6lthet\u0151 (a k\u00e1bel \u00e1ltal\u00e1ban k\u00fcl\u00f6n kaphat\u00f3), \u00edgy soha nem pazarol el egy csepp energi\u00e1t sem.<\/p>\n<h3>3. Mi a sz\u00e1momra legmegfelel\u0151bb nikotintartalom?<\/h3>\n<p>Ha teljesen meg akar szabadulni a nikotint\u00f3l, v\u00e1lassza a <strong>0%<\/strong> opci\u00f3. Enyhe hat\u00e1s\u00e9rt v\u00e1lassza a <strong>2%<\/strong>. A doh\u00e1nyosok \u00e1ltal\u00e1ban ink\u00e1bb <strong>5%<\/strong> a maxim\u00e1lis el\u00e9gedetts\u00e9g \u00e9rdek\u00e9ben.<\/p>\n<h3>4. K\u00edn\u00e1lnak nagykereskedelmi \u00e1rakat?<\/h3>\n<p>Igen! Szakter\u00fclet\u00fcnk a nagykereskedelmi megrendel\u00e9sek teljes\u00edt\u00e9se vape \u00fczletek \u00e9s forgalmaz\u00f3k sz\u00e1m\u00e1ra. K\u00e9rj\u00fck, v\u00e1lassza ki a nagykereskedelmi opci\u00f3kat, vagy vegye fel a kapcsolatot \u00e9rt\u00e9kes\u00edt\u00e9si csapatunkkal, hogy versenyk\u00e9pes \u00e1rakat kapjon nagy megrendel\u00e9sek eset\u00e9n.<\/p>","protected":false},"excerpt":{"rendered":"<p>Fedezze fel az 50 000 sz\u00edv\u00e1s erej\u00e9t a Bang Leaderrel. Hatalmas, 40 ml-es kett\u0151s pod rendszer\u00e9vel \u00e9s \u00fajrat\u00f6lthet\u0151 650 mAh-s akkumul\u00e1tor\u00e1val ez a legjobb v\u00e1laszt\u00e1s a hossz\u00fa \u00e9lettartamot \u00e9s \u00edzv\u00e1laszt\u00e9kot keres\u0151 nagykeresked\u0151k \u00e9s gyakori felhaszn\u00e1l\u00f3k sz\u00e1m\u00e1ra. \ud83d\ude80\ud83d\udca8<\/p>","protected":false},"featured_media":91098,"comment_status":"open","ping_status":"closed","template":"","meta":[],"product_brand":[239],"product_cat":[219,242,37],"product_tag":[436,435,434,437,433],"class_list":{"0":"post-91088","1":"product","2":"type-product","3":"status-publish","4":"has-post-thumbnail","6":"product_brand-bang","7":"product_cat-40000-puffs-disposable-vape","8":"product_cat-60000-puffs-disposable-vape","9":"product_cat-bang","10":"product_tag-50000-puffs-vape","11":"product_tag-bang-leader-50000","12":"product_tag-bang-vape","13":"product_tag-dual-pod-disposable","14":"product_tag-rechargeable-vape","16":"first","17":"instock","18":"shipping-taxable","19":"purchasable","20":"product-type-variable","21":"has-default-attributes"},"jetpack_sharing_enabled":true,"tiered_pricing_type":"fixed","tiered_pricing_fixed_rules":{"30":8.5600000000000004973799150320701301097869873046875,"50":7,"100":6.480000000000000426325641456060111522674560546875,"200":6.089999999999999857891452847979962825775146484375,"400":5.5099999999999997868371792719699442386627197265625},"tiered_pricing_product_settings":{"layout":"default","base_unit_name":{"singular":null,"plural":null},"default_variation":null},"tiered_pricing_minimum_quantity":10,"tiered_pricing_roles_data":[],"tiered_pricing_percentage_rules":[],"tiered_pricing_maximum_quantity":null,"tiered_pricing_quantity_step":"10","_links":{"self":[{"href":"https:\/\/aiviouvapes.com\/hu\/wp-json\/wp\/v2\/product\/91088","targetHints":{"allow":["GET"]}}],"collection":[{"href":"https:\/\/aiviouvapes.com\/hu\/wp-json\/wp\/v2\/product"}],"about":[{"href":"https:\/\/aiviouvapes.com\/hu\/wp-json\/wp\/v2\/types\/product"}],"replies":[{"embeddable":true,"href":"https:\/\/aiviouvapes.com\/hu\/wp-json\/wp\/v2\/comments?post=91088"}],"wp:featuredmedia":[{"embeddable":true,"href":"https:\/\/aiviouvapes.com\/hu\/wp-json\/wp\/v2\/media\/91098"}],"wp:attachment":[{"href":"https:\/\/aiviouvapes.com\/hu\/wp-json\/wp\/v2\/media?parent=91088"}],"wp:term":[{"taxonomy":"product_brand","embeddable":true,"href":"https:\/\/aiviouvapes.com\/hu\/wp-json\/wp\/v2\/product_brand?post=91088"},{"taxonomy":"product_cat","embeddable":true,"href":"https:\/\/aiviouvapes.com\/hu\/wp-json\/wp\/v2\/product_cat?post=91088"},{"taxonomy":"product_tag","embeddable":true,"href":"https:\/\/aiviouvapes.com\/hu\/wp-json\/wp\/v2\/product_tag?post=91088"}],"curies":[{"name":"wp","href":"https:\/\/api.w.org\/{rel}","templated":true}]}}