{"id":91074,"date":"2025-12-08T22:54:36","date_gmt":"2025-12-08T14:54:36","guid":{"rendered":"https:\/\/aiviouvapes.com\/?post_type=product&#038;p=91074"},"modified":"2026-03-17T10:09:31","modified_gmt":"2026-03-17T02:09:31","slug":"bang-legend-110k","status":"publish","type":"product","link":"https:\/\/aiviouvapes.com\/hu\/product\/bang-legend-110k\/","title":{"rendered":"Bang Legend 110K | 110000 puffs, 56ml, 3 az 1-ben, ultra hossz\u00fa h\u00e1l\u00f3s tekercs, eldobhat\u00f3 vape"},"content":{"rendered":"<p><!-- \ud83d\ude80 Product Title --><\/p>\n<p><!-- \u2b50 Short Description --><\/p>\n<p><!-- \ud83d\udcd8 Long Description --><\/p>\n<h2>Bang Legend 110000 Puffs 3-in-1 Vape \u2013 \u00dajradefini\u00e1lja az er\u0151t, az \u00edzt \u00e9s a tart\u00f3ss\u00e1got \u26a1<\/h2>\n<p>L\u00e9pjen be a nagy kapacit\u00e1s\u00fa e-cigaretta k\u00f6vetkez\u0151 gener\u00e1ci\u00f3j\u00e1ba a <strong>Bang Legend 110000 Puffs 3 az 1-ben Vape<\/strong> \u2014 egy olyan eszk\u00f6z, amelyet azoknak a felhaszn\u00e1l\u00f3knak k\u00e9sz\u00edtettek, akik nem hajland\u00f3k kompromisszumot k\u00f6tni. Hatalmas <strong>110 000 puff \u00e9lettartam<\/strong>, h\u00e1rom \u00edz\u0171 rendszer \u00e9s sima h\u00e1l\u00f3s tekercs teljes\u00edtm\u00e9ny\u00e9vel ez az el\u0151zetes \u00e9rt\u00e9kes\u00edt\u00e9si kiad\u00e1s egy eleg\u00e1ns eszk\u00f6zben egyes\u00edti a teljes\u00edtm\u00e9nyt, az \u00edzvil\u00e1got \u00e9s a k\u00e9nyelmet.<\/p>\n<p>Hat\u00e9kony <strong>600mAh \u00fajrat\u00f6lthet\u0151 akkumul\u00e1tor<\/strong>, <strong>C-t\u00edpus\u00fa gyors t\u00f6lt\u00e9s<\/strong>, \u00e9s <strong>1.0\u03a9 h\u00e1l\u00f3s tekercs<\/strong> biztos\u00edtja az er\u0151teljes \u00edzt, az egyenletes g\u0151z\u00f6lg\u00e9st \u00e9s a hossz\u00fa \u00e9lettartamot \u2013 ide\u00e1lis mind a kiskereskedelmi v\u00e1s\u00e1rl\u00f3k, mind a nagykereskedelmi forgalmaz\u00f3k sz\u00e1m\u00e1ra.<\/p>\n<p><!-- \u2b50 Why Choose Section --><\/p>\n<h2>Mi\u00e9rt v\u00e1lassza az Bang Legend 110000 Puffs term\u00e9ket? \ud83d\udca1<\/h2>\n<ul>\n<li>\ud83d\udd25 <strong>\u0150r\u00fclt 110 000 sz\u00edv\u00e1s \u00e9lettartam<\/strong> \u2014 haszn\u00e1latt\u00f3l f\u00fcgg\u0151en hetekig vagy ak\u00e1r h\u00f3napokig is kitart<\/li>\n<li>\ud83c\udfaf <strong>3 az 1-ben h\u00e1rmas \u00edz m\u00f3d<\/strong> \u2014 h\u00e1rom finom \u00edz k\u00f6z\u00f6tt azonnal v\u00e1lthat<\/li>\n<li>\ud83d\udca8 <strong>1,0\u03a9 h\u00e1l\u00f3s tekercs<\/strong> \u2014 sim\u00e1bb g\u0151z, gazdagabb \u00edz \u00e9s jobb l\u00e9g\u00e1raml\u00e1s<\/li>\n<li>\ud83d\udd0b <strong>600 mAh \u00fajrat\u00f6lthet\u0151 akkumul\u00e1tor<\/strong> \u2014 optimaliz\u00e1lt energiahat\u00e9konys\u00e1g<\/li>\n<li>\u26a1 <strong>C t\u00edpus\u00fa gyorst\u00f6lt\u00e9s<\/strong> \u2014 gyorsan felt\u00f6lthet\u0151, \u00edgy hamar folytathatja a g\u0151z\u00f6l\u00e9st<\/li>\n<li>\ud83c\udf08 <strong>12 v\u00e1logatott \u00edz-tri\u00f3<\/strong> kezd\u0151knek \u00e9s \u00edzszak\u00e9rt\u0151knek<\/li>\n<li>\ud83e\uddea <strong>T\u00f6bbf\u00e9le nikotin opci\u00f3<\/strong>: 0%, 2%, 3%, 5%<\/li>\n<li>\ud83d\udce6 <strong>T\u00f6k\u00e9letes nagykereskedelemhez<\/strong> \u2014 nagy ig\u00e9nybev\u00e9tel\u0171, hossz\u00fa \u00e9lettartam\u00fa eszk\u00f6z, ide\u00e1lis vape \u00fczletek sz\u00e1m\u00e1ra<\/li>\n<\/ul>\n<p><!-- \ud83d\udd27 Specifications --><\/p>\n<h2>Bang Legend 110K m\u0171szaki adatok \ud83d\udcca<\/h2>\n<table>\n<tbody>\n<tr>\n<td>Puff sz\u00e1m<\/td>\n<td>110 000 sz\u00edv\u00e1s<\/td>\n<\/tr>\n<tr>\n<td>\u00cdzes\u00edt\u0151 rendszer<\/td>\n<td>3 az 1-ben h\u00e1rmas \u00edzv\u00e1lt\u00f3<\/td>\n<\/tr>\n<tr>\n<td>E-folyad\u00e9k kapacit\u00e1s<\/td>\n<td>20 ml<\/td>\n<\/tr>\n<tr>\n<td>Akkumul\u00e1tor<\/td>\n<td>600mAh \u00fajrat\u00f6lthet\u0151<\/td>\n<\/tr>\n<tr>\n<td>T\u00f6lt\u0151port<\/td>\n<td>C-t\u00edpus\u00fa<\/td>\n<\/tr>\n<tr>\n<td>Tekercs t\u00edpusa<\/td>\n<td>1,0\u03a9 h\u00e1l\u00f3s tekercs<\/td>\n<\/tr>\n<tr>\n<td>Nikotin szint<\/td>\n<td>0%, 2%, 3%, 5%<\/td>\n<\/tr>\n<tr>\n<td>Kiad\u00e1s<\/td>\n<td>El\u0151zetes \u00e9rt\u00e9kes\u00edt\u00e9si kiad\u00e1s<\/td>\n<\/tr>\n<\/tbody>\n<\/table>\n<p><!-- \ud83c\udf53 Flavor Section --><\/p>\n<h2>Bang Legend 110K \u00edzv\u00e1laszt\u00e9k \u2013 12 h\u00e1rom \u00edzes kombin\u00e1ci\u00f3 \ud83c\udf6d<\/h2>\n<p>Minden kombin\u00e1ci\u00f3 h\u00e1rom t\u00f6k\u00e9letesen \u00f6sszeill\u0151 \u00edzt tartalmaz, \u00edgy a 3 az 1-ben kialak\u00edt\u00e1s v\u00e9gtelen kombin\u00e1ci\u00f3s lehet\u0151s\u00e9geket k\u00edn\u00e1l.<\/p>\n<ul>\n<li>\ud83c\udf49 G\u00f6r\u00f6gdinnye j\u00e9g \u2022 \ud83c\udf50 Alma-k\u00f6rte \u2022 \ud83d\udc8b Szenved\u00e9lyes cs\u00f3k<\/li>\n<li>\ud83e\uded0 \u00c1fonya j\u00e9g \u2022 \ud83c\udf48 S\u00e1rgadinnye alma \u2022 \ud83c\udf4b Lime Romance<\/li>\n<li>\u26a1 Energiaital \u2022 \ud83c\udf4f Alma-sz\u0151l\u0151 \u2022 \ud83e\udd6d Mang\u00f3-barack-s\u00e1rgabarack<\/li>\n<li>\ud83c\udf53 Eper-mang\u00f3 \u2022 \ud83e\uded0 \u00c1fonya-\u0151szibarack \u2022 \ud83c\udf49 G\u00f6r\u00f6gdinnye-bogy\u00f3s gy\u00fcm\u00f6lcs\u00f6k<\/li>\n<li>\ud83e\uded0 \u00c1fonya-m\u00e1lna \u2022 \ud83d\udc3b Gumicukor \u2022 \ud83c\udf49 G\u00f6r\u00f6gdinnye-pitaya<\/li>\n<li>\ud83c\udf53 Eper-kivi \u2022 \ud83d\udc09 Fekete s\u00e1rk\u00e1ny j\u00e9g \u2022 \ud83c\udf4b Citrom-lime<\/li>\n<li>\ud83e\uded0 \u00c1fonya-g\u00f6r\u00f6gdinnye \u2022 \ud83c\udf47 Sz\u0151l\u0151-j\u00e9g \u2022 \u2744 Fuji-j\u00e9g<\/li>\n<li>\ud83c\udf53 Eper-g\u00f6r\u00f6gdinnye \u2022 \ud83c\udf47 Sz\u0151l\u0151-szeder \u2022 \ud83c\udf4b Lime Romance<\/li>\n<li>\ud83c\udf4c Eper-ban\u00e1n \u2022 \ud83c\udf51 \u0150szibarackos j\u00e9gkr\u00e9m \u2022 \ud83c\udf51 G\u00f6r\u00f6gdinnye-savany\u00fa \u0151szibarack<\/li>\n<li>\ud83e\udd6d \u0150szibarack, mang\u00f3, g\u00f6r\u00f6gdinnye \u2022 \ud83e\udd64 Csereszny\u00e9s k\u00f3la \u2022 \ud83e\udd5d Passi\u00f3gy\u00fcm\u00f6lcs, kiwi, lime<\/li>\n<li>\ud83c\udf6c G\u00f6r\u00f6gdinnye r\u00e1g\u00f3gumi \u2022 \ud83e\udd5d Kivi, passi\u00f3gy\u00fcm\u00f6lcs, guava \u2022 \ud83d\udc0d Mamba<\/li>\n<li>\ud83c\udf53 Vegyes bogy\u00f3s gy\u00fcm\u00f6lcs\u00f6k \u2022 \ud83e\udd6d Passi\u00f3gy\u00fcm\u00f6lcs-mang\u00f3 \u2022 \u2764\ufe0f Love 66<\/li>\n<\/ul>\n<p><!-- \u2753 FAQ --><\/p>\n<h2>GYIK \u2753<\/h2>\n<p><strong>K: Hogyan v\u00e1lthatok a 3 \u00edz k\u00f6z\u00f6tt?<\/strong><br \/>\nEgyszer\u0171en cs\u00fasztassa vagy forgassa el a be\u00e9p\u00edtett v\u00e1laszt\u00f3t, hogy azonnal megv\u00e1ltoztassa az \u00edzeket. Szuper egyszer\u0171! \ud83d\udd04<\/p>\n<p><strong>K: \u00dajrat\u00f6lthet\u0151 a k\u00e9sz\u00fcl\u00e9k?<\/strong><br \/>\nIgen! Tartalmaz egy Type-C t\u00f6lt\u0151portot a gyors \u00e9s hat\u00e9kony \u00fajrat\u00f6lt\u00e9shez. \u26a1<\/p>\n<p><strong>K: Mennyi ideig tart 110 000 sz\u00edv\u00e1s?<\/strong><br \/>\nA legt\u00f6bb felhaszn\u00e1l\u00f3 sz\u00e1m\u00e1ra a napi haszn\u00e1latt\u00f3l f\u00fcgg\u0151en t\u00f6bb h\u00e9tig vagy h\u00f3napig tart. Nagyon gazdas\u00e1gos! \u23f3<\/p>\n<p><strong>K: J\u00f3 a nagykereskedelmi \u00e9rt\u00e9kes\u00edt\u00e9sre?<\/strong><br \/>\nTerm\u00e9szetesen \u2013 rendk\u00edv\u00fcl nagy a kereslet, hossz\u00fa az eltarthat\u00f3s\u00e1gi id\u0151 \u00e9s kiv\u00e1l\u00f3 a haszonkulcs. \ud83d\udce6<\/p>\n<p><strong>K: Sziv\u00e1rog?<\/strong><br \/>\nNem. Z\u00e1rt h\u00e1l\u00f3s tekercs szerkezetet haszn\u00e1l a stabil teljes\u00edtm\u00e9ny \u00e9s a sziv\u00e1rg\u00e1s\u00e1ll\u00f3s\u00e1g \u00e9rdek\u00e9ben. \ud83d\udca7\u274c<\/p>\n<p><!-- \ud83c\udfaf Conclusion --><\/p>\n<h2>T\u00f6k\u00e9letes v\u00e1laszt\u00e1s a nagyfogyaszt\u00f3k, az \u00edzek szerelmesei \u00e9s a nagykereskedelmi v\u00e1s\u00e1rl\u00f3k sz\u00e1m\u00e1ra \ud83d\udcbc<\/h2>\n<p>A <strong>Bang Legend 110K 3 az 1-ben eldobhat\u00f3 e-cigaretta<\/strong> hossz\u00fa haszn\u00e1latra, intenz\u00edv \u00edzekre \u00e9s maxim\u00e1lis k\u00e9nyelemre lett tervezve. Ak\u00e1r gyakori haszn\u00e1l\u00f3ja vagy a vaporiz\u00e1l\u00e1snak, ak\u00e1r az \u00edzek kedvel\u0151je, ak\u00e1r egy vaporiz\u00e1l\u00f3 bolt tulajdonosa, aki a legkelend\u0151bb, nagy kapacit\u00e1s\u00fa modellt keresi, ez a k\u00e9sz\u00fcl\u00e9k kiemelked\u0151 teljes\u00edtm\u00e9nyt \u00e9s \u00e9rt\u00e9ket ny\u00fajt. \u00c9lvezze a v\u00e9gtelen \u00edzvil\u00e1g felfedez\u00e9s\u00e9t \u00e9s az ultra-hossz\u00fa \u00e9lettartamot \u2013 mindezt egy egyetlen, nagy teljes\u00edtm\u00e9ny\u0171 k\u00e9sz\u00fcl\u00e9kben. \ud83d\udd25\ud83d\udca8<\/p>","protected":false},"excerpt":{"rendered":"<p>Tapasztalja meg a rendk\u00edv\u00fcli tart\u00f3ss\u00e1got \u00e9s a h\u00e1rom \u00edz\u0171 \u00e9lm\u00e9nyt a Bang Legend 110K-val, amelyet intenz\u00edv felhaszn\u00e1l\u00f3k, \u00edzrajong\u00f3k \u00e9s nagykereskedelmi v\u00e1s\u00e1rl\u00f3k sz\u00e1m\u00e1ra fejlesztettek ki. Rendk\u00edv\u00fcl hossz\u00fa, 110 000 sz\u00edv\u00e1s + h\u00e1l\u00f3s tekercs + Type-C gyorst\u00f6lt\u00e9s. \ud83d\udca8\u2728<\/p>","protected":false},"featured_media":91087,"comment_status":"open","ping_status":"closed","template":"","meta":[],"product_brand":[239],"product_cat":[336,37],"product_tag":[440,439,441,438,396],"class_list":{"0":"post-91074","1":"product","2":"type-product","3":"status-publish","4":"has-post-thumbnail","6":"product_brand-bang","7":"product_cat-100k-puffs-disposable-vape","8":"product_cat-bang","9":"product_tag-110k-puffs-vape","10":"product_tag-3-in-1-disposable-vape","11":"product_tag-bang-legend","12":"product_tag-bang-legend-110000-puffs","13":"product_tag-wholesale-disposable-vape","15":"first","16":"instock","17":"shipping-taxable","18":"purchasable","19":"product-type-variable","20":"has-default-attributes"},"jetpack_sharing_enabled":true,"tiered_pricing_type":"fixed","tiered_pricing_fixed_rules":{"30":9.199999999999999289457264239899814128875732421875,"50":7.38999999999999968025576890795491635799407958984375,"100":6.87000000000000010658141036401502788066864013671875,"200":6.480000000000000426325641456060111522674560546875,"400":5.95999999999999996447286321199499070644378662109375},"tiered_pricing_product_settings":{"layout":"default","base_unit_name":{"singular":null,"plural":null},"default_variation":null},"tiered_pricing_minimum_quantity":10,"tiered_pricing_roles_data":[],"tiered_pricing_percentage_rules":[],"tiered_pricing_maximum_quantity":null,"tiered_pricing_quantity_step":"10","_links":{"self":[{"href":"https:\/\/aiviouvapes.com\/hu\/wp-json\/wp\/v2\/product\/91074","targetHints":{"allow":["GET"]}}],"collection":[{"href":"https:\/\/aiviouvapes.com\/hu\/wp-json\/wp\/v2\/product"}],"about":[{"href":"https:\/\/aiviouvapes.com\/hu\/wp-json\/wp\/v2\/types\/product"}],"replies":[{"embeddable":true,"href":"https:\/\/aiviouvapes.com\/hu\/wp-json\/wp\/v2\/comments?post=91074"}],"wp:featuredmedia":[{"embeddable":true,"href":"https:\/\/aiviouvapes.com\/hu\/wp-json\/wp\/v2\/media\/91087"}],"wp:attachment":[{"href":"https:\/\/aiviouvapes.com\/hu\/wp-json\/wp\/v2\/media?parent=91074"}],"wp:term":[{"taxonomy":"product_brand","embeddable":true,"href":"https:\/\/aiviouvapes.com\/hu\/wp-json\/wp\/v2\/product_brand?post=91074"},{"taxonomy":"product_cat","embeddable":true,"href":"https:\/\/aiviouvapes.com\/hu\/wp-json\/wp\/v2\/product_cat?post=91074"},{"taxonomy":"product_tag","embeddable":true,"href":"https:\/\/aiviouvapes.com\/hu\/wp-json\/wp\/v2\/product_tag?post=91074"}],"curies":[{"name":"wp","href":"https:\/\/api.w.org\/{rel}","templated":true}]}}