{"id":87881,"date":"2025-11-27T14:59:22","date_gmt":"2025-11-27T06:59:22","guid":{"rendered":"https:\/\/aiviouvapes.com\/?post_type=product&#038;p=87881"},"modified":"2026-04-10T19:09:42","modified_gmt":"2026-04-10T11:09:42","slug":"uzy-tornado-20k","status":"publish","type":"product","link":"https:\/\/aiviouvapes.com\/hu\/product\/uzy-tornado-20k\/","title":{"rendered":"UZY Tornado 20K | 28ml, 20000 puff, LED kijelz\u0151, hossz\u00fa \u00e9lettartam\u00fa, mega tart\u00e1ly, eldobhat\u00f3 vape nagykereskedelem"},"content":{"rendered":"<p><strong>UZY Tornado 20000 puff 20000 puff<\/strong> hatalmas \u00e9lettartamot, mer\u00e9sz \u00edzt \u00e9s pr\u00e9mium min\u0151s\u00e9g\u0171 p\u00e1rol\u00e1si \u00e9lm\u00e9nyt ny\u00fajt egy eleg\u00e1ns, k\u00f6nnyen kezelhet\u0151 kialak\u00edt\u00e1sban. Hatalmas, 28 ml-es e-folyad\u00e9k kapacit\u00e1ssal, 850 mAh-s \u00fajrat\u00f6lthet\u0151 akkumul\u00e1torral, valamint az akkumul\u00e1tor \u00e9s az e-l\u00e9 szintj\u00e9t mutat\u00f3 intelligens LED kijelz\u0151vel a mindennapi felhaszn\u00e1l\u00f3k \u00e9s a neh\u00e9z vaperek sz\u00e1m\u00e1ra egyar\u00e1nt k\u00e9sz\u00fclt, akik a megb\u00edzhat\u00f3s\u00e1got ig\u00e9nylik a gondok n\u00e9lk\u00fcl. \ud83d\udcaf<\/p>\n<h2>Mi\u00e9rt v\u00e1lassza az UZY Tornado 20K-t? \ud83c\udf2a\ufe0f<\/h2>\n<ul>\n<li>\ud83d\udd25 <strong>Ak\u00e1r 20,000 puff<\/strong> - tart\u00f3s teljes\u00edtm\u00e9ny a hosszabb haszn\u00e1lathoz.<\/li>\n<li>\ud83d\udca7 <strong>Nagy 28ml e-folyad\u00e9k kapacit\u00e1s<\/strong> kevesebb cser\u00e9t \u00e9s nagyobb \u00e9rt\u00e9ket biztos\u00edt.<\/li>\n<li>\u26a1 <strong>850mAh \u00fajrat\u00f6lthet\u0151 akkumul\u00e1tor<\/strong> gyors Type-C t\u00f6lt\u00e9ssel.<\/li>\n<li>\ud83d\udcfa <strong>Intelligens LED kijelz\u0151<\/strong> az akkumul\u00e1tor \u00e9s a marad\u00e9k e-l\u00e9 szintj\u00e9t mutatja.<\/li>\n<li>\ud83c\udf6d <strong>12 pr\u00e9mium \u00edz<\/strong> a tiszta, kiel\u00e9g\u00edt\u0151 \u00edz\u00e9rt.<\/li>\n<li>\ud83d\udc4c Kezd\u0151bar\u00e1t \u00e9s t\u00f6k\u00e9letes a gondtalan napi g\u0151z\u00f6l\u00e9shez.<\/li>\n<li>\ud83d\udce6 Nagyszer\u0171 a <strong>nagykeresked\u0151k, forgalmaz\u00f3k \u00e9s vape shopok<\/strong> a nagy kereslet miatt.<\/li>\n<\/ul>\n<h3>UZY Tornado 20K M\u0171szaki adatok<\/h3>\n<table>\n<tbody>\n<tr>\n<td>Puff sz\u00e1m<\/td>\n<td>Ak\u00e1r 20,000 f\u00faj\u00e1s<\/td>\n<\/tr>\n<tr>\n<td>E-folyad\u00e9k kapacit\u00e1s<\/td>\n<td>28mL el\u0151ret\u00f6lt\u00f6tt<\/td>\n<\/tr>\n<tr>\n<td>Nikotin szint<\/td>\n<td>0% \/ 2% \/ 3% \/ 5%<\/td>\n<\/tr>\n<tr>\n<td>Az akkumul\u00e1tor kapacit\u00e1sa<\/td>\n<td>850mAh \u00fajrat\u00f6lthet\u0151<\/td>\n<\/tr>\n<tr>\n<td>T\u00f6lt\u00e9s<\/td>\n<td>C t\u00edpus\u00fa gyorst\u00f6lt\u00e9s<\/td>\n<\/tr>\n<tr>\n<td>Tekercs t\u00edpusa<\/td>\n<td>Fejlett h\u00e1l\u00f3s tekercs<\/td>\n<\/tr>\n<tr>\n<td>Eszk\u00f6z t\u00edpusa<\/td>\n<td>Eldobhat\u00f3 Vape<\/td>\n<\/tr>\n<tr>\n<td>El\u00e9rhet\u0151 \u00edzek<\/td>\n<td>12 \u00edz<\/td>\n<\/tr>\n<\/tbody>\n<\/table>\n<h3>Kaphat\u00f3 \u00edzek \ud83c\udf52\ud83e\uddca\ud83e\uddca<\/h3>\n<ul>\n<li><strong>Eper g\u00f6r\u00f6gdinnye<\/strong> - \u00e9des, l\u00e9d\u00fas, t\u00f6k\u00e9letes egyens\u00faly.<\/li>\n<li><strong>\u00c1fonya j\u00e9gen<\/strong> - h\u0171t\u00f6tt bogy\u00f3s gy\u00fcm\u00f6lcs\u00f6k frissess\u00e9ge.<\/li>\n<li><strong>Barack Mang\u00f3 Anan\u00e1sz<\/strong> - tr\u00f3pusi tri\u00f3 robban\u00e1s.<\/li>\n<li><strong>Sz\u0151l\u0151 j\u00e9g<\/strong> - jeges, mer\u00e9sz sz\u0151l\u0151\u00edz.<\/li>\n<li><strong>G\u00f6r\u00f6gdinnye j\u00e9g<\/strong> - friss\u00edt\u0151 ny\u00e1ri hangulat.<\/li>\n<li><strong>Barack j\u00e9g<\/strong> - sima barack, fagyos csavarral.<\/li>\n<li><strong>Eper Kiwi<\/strong> - gy\u00fcm\u00f6lcs\u00f6s \u00e9des-fanyar kombin\u00e1ci\u00f3.<\/li>\n<li><strong>\u00c1fonya m\u00e1lna<\/strong> - bogy\u00f3s gy\u00fcm\u00f6lcs\u00f6k klasszikus kever\u00e9ke.<\/li>\n<li><strong>Kiwi golgotavir\u00e1g<\/strong> - egzotikus \u00e9s vibr\u00e1l\u00f3.<\/li>\n<li><strong>MR Blue<\/strong> - titokzatos vegyes bogy\u00f3s gy\u00fcm\u00f6lcs \u00edz.<\/li>\n<li><strong>Tripla mang\u00f3 j\u00e9g<\/strong> - r\u00e9teges mang\u00f3 j\u00e9ggel.<\/li>\n<li><strong>Red Energy Ice<\/strong> - energikus ital-st\u00edlus\u00fa \u00edz.<\/li>\n<\/ul>\n<h3>T\u00f6k\u00e9letes \ud83d\udca8<\/h3>\n<p>Ez a k\u00e9sz\u00fcl\u00e9k ide\u00e1lis a k\u00f6vetkez\u0151kh\u00f6z <strong>er\u0151s vaperek, \u00edzek \u00fcld\u00f6z\u0151i, vape shopok, online elad\u00f3k \u00e9s nagykereskedelmi forgalmaz\u00f3k<\/strong> egy hossz\u00fa \u00e9lettartam\u00fa, funkci\u00f3kkal teli vape-t szeretne k\u00edn\u00e1lni, amelyet a v\u00e1s\u00e1rl\u00f3k szeretnek.<\/p>\n<p>\u00d6sszess\u00e9g\u00e9ben,<strong> UZY Tornado 20000 Puffs LED kijelz\u0151 kiad\u00e1s<\/strong> egy er\u0151m\u0171, amelyet a maxim\u00e1lis \u00e9rt\u00e9k, gazdag \u00edz \u00e9s k\u00e9nyelem \u00e9rdek\u00e9ben terveztek. Ak\u00e1r nagy felhaszn\u00e1l\u00f3, ak\u00e1r az \u00edzek felfedez\u0151je, ak\u00e1r egy \u00fczlet tulajdonosa, aki egy pr\u00e9mium, nagy kereslet\u0171 term\u00e9ket szeretne rakt\u00e1rozni, a Tornado 20K a t\u00f6k\u00e9letes v\u00e1laszt\u00e1s. \ud83c\udf2a\ufe0f\ud83d\udd25<\/p>\n<p><strong>Tapasztalja meg a hossz\u00fa t\u00e1v\u00fa teljes\u00edtm\u00e9nyt - v\u00e1lassza az UZY Tornado-t m\u00e9g ma.<\/strong><\/p>\n<h3>GYIK \u2753<\/h3>\n<p><strong>K: Mennyi ideig tart az UZY Tornado 20K?<\/strong><br \/>\nHaszn\u00e1latt\u00f3l f\u00fcgg\u0151en t\u00f6bb napig is kitarthat a 20 000 puff kapacit\u00e1snak k\u00f6sz\u00f6nhet\u0151en.<\/p>\n<p><strong>K: \u00dajrat\u00f6lthet\u0151 a k\u00e9sz\u00fcl\u00e9k?<\/strong><br \/>\nIgen! Gyors Type-C t\u00f6lt\u00e9st haszn\u00e1l.<\/p>\n<p><strong>K: Mutatja az akkumul\u00e1tor \u00e9s az e-folyad\u00e9k szintj\u00e9t?<\/strong><br \/>\nIgen, a LED-k\u00e9perny\u0151 mindkett\u0151t val\u00f3s id\u0151ben jelen\u00edti meg.<\/p>\n<p><strong>K: Alkalmas kezd\u0151knek?<\/strong><br \/>\nAbszol\u00fat - csak bel\u00e9legezni kell az aktiv\u00e1l\u00e1shoz, nincs sz\u00fcks\u00e9g be\u00e1ll\u00edt\u00e1sokra.<\/p>\n<p><strong>K: J\u00f3 ez nagykereskedelmi megrendel\u00e9sekhez?<\/strong><br \/>\nIgen, a Tornado 20K nagyon n\u00e9pszer\u0171 a vape shopok \u00e9s a nagybani v\u00e1s\u00e1rl\u00f3k k\u00f6r\u00e9ben a hossz\u00fa \u00e9lettartama \u00e9s pr\u00e9mium tulajdons\u00e1gai miatt.<\/p>","protected":false},"excerpt":{"rendered":"<p>\u00c9lvezze az UZY Tornado 20K-t hatalmas, 28 ml-es e-folyad\u00e9k kapacit\u00e1ssal, 850 mAh-s \u00fajrat\u00f6lthet\u0151 akkumul\u00e1torral \u00e9s intelligens LED-k\u00e9perny\u0151vel, amely val\u00f3s id\u0151ben mutatja az akkumul\u00e1tor \u00e9s az e-l\u00e9 szintj\u00e9t a teljes k\u00e9nyelem \u00e9rdek\u00e9ben. \u26a1\ud83d\udca8<\/p>","protected":false},"featured_media":87942,"comment_status":"open","ping_status":"closed","template":"","meta":[],"product_brand":[254],"product_cat":[253,129,137,146,138,141,143],"product_tag":[399,400,401,398,396],"class_list":{"0":"post-87881","1":"product","2":"type-product","3":"status-publish","4":"has-post-thumbnail","6":"product_brand-uzy","7":"product_cat-uzy","8":"product_cat-20000-puffs-disposable-vape","9":"product_cat-disposable-vapes-in-germany","10":"product_cat-disposable-vapes-in-hungary","11":"product_cat-disposable-vapes-in-ltaly","12":"product_cat-disposable-vapes-in-poland","13":"product_cat-disposable-vapes-in-spain","14":"product_tag-20k-disposable-vape","15":"product_tag-led-display-vape-pen","16":"product_tag-long-lasting-vape-28ml","17":"product_tag-uzy-tornado-20000-puffs","18":"product_tag-wholesale-disposable-vape","20":"first","21":"instock","22":"shipping-taxable","23":"purchasable","24":"product-type-variable","25":"has-default-attributes"},"jetpack_sharing_enabled":true,"tiered_pricing_type":"fixed","tiered_pricing_fixed_rules":{"30":7.28000000000000024868995751603506505489349365234375,"50":5.92999999999999971578290569595992565155029296875,"100":5.45999999999999996447286321199499070644378662109375,"200":5.160000000000000142108547152020037174224853515625,"400":4.13999999999999968025576890795491635799407958984375},"tiered_pricing_product_settings":{"layout":"default","base_unit_name":{"singular":null,"plural":null},"default_variation":null},"tiered_pricing_minimum_quantity":10,"tiered_pricing_roles_data":[],"tiered_pricing_percentage_rules":[],"tiered_pricing_maximum_quantity":null,"tiered_pricing_quantity_step":"10","_links":{"self":[{"href":"https:\/\/aiviouvapes.com\/hu\/wp-json\/wp\/v2\/product\/87881","targetHints":{"allow":["GET"]}}],"collection":[{"href":"https:\/\/aiviouvapes.com\/hu\/wp-json\/wp\/v2\/product"}],"about":[{"href":"https:\/\/aiviouvapes.com\/hu\/wp-json\/wp\/v2\/types\/product"}],"replies":[{"embeddable":true,"href":"https:\/\/aiviouvapes.com\/hu\/wp-json\/wp\/v2\/comments?post=87881"}],"wp:featuredmedia":[{"embeddable":true,"href":"https:\/\/aiviouvapes.com\/hu\/wp-json\/wp\/v2\/media\/87942"}],"wp:attachment":[{"href":"https:\/\/aiviouvapes.com\/hu\/wp-json\/wp\/v2\/media?parent=87881"}],"wp:term":[{"taxonomy":"product_brand","embeddable":true,"href":"https:\/\/aiviouvapes.com\/hu\/wp-json\/wp\/v2\/product_brand?post=87881"},{"taxonomy":"product_cat","embeddable":true,"href":"https:\/\/aiviouvapes.com\/hu\/wp-json\/wp\/v2\/product_cat?post=87881"},{"taxonomy":"product_tag","embeddable":true,"href":"https:\/\/aiviouvapes.com\/hu\/wp-json\/wp\/v2\/product_tag?post=87881"}],"curies":[{"name":"wp","href":"https:\/\/api.w.org\/{rel}","templated":true}]}}